{"id":1092,"date":"2021-10-08T14:26:31","date_gmt":"2021-10-08T12:26:31","guid":{"rendered":"https:\/\/giellavahkku.org\/?page_id=1092"},"modified":"2021-10-08T14:26:32","modified_gmt":"2021-10-08T12:26:32","slug":"miksi-saamen-kielten-viikko-on-tarkea","status":"publish","type":"page","link":"https:\/\/giellavahkku.org\/fi\/miksi-saamen-kielten-viikko-on-tarkea\/","title":{"rendered":"Miksi Saamen kielten viikko on t\u00e4rke\u00e4?"},"content":{"rendered":"\n<p class=\"has-sizing-medium\">Siit\u00e4 huolimatta, ett\u00e4 saamen kielet on leimattu uhanalaisiksi, jatkavat saamen kielet vahvasti olemassaoloaan. Toivoa on. Saamelaiset ovat yh\u00e4 tietoisempia kielest\u00e4 ja kielivalinnoista. Yh\u00e4 useammat p\u00e4\u00e4tt\u00e4v\u00e4t osallistua kursseille, jotta he voisivat saada takaisin sen kielen, jonka aiemmat sukupolvet ovat menett\u00e4neet. Alueilla, joilla saamea ei ole k\u00e4ytetty sukupolveen tai kahteen, ottavat nyt nuoret aikuiset takaisin saamen kielen ja yritt\u00e4v\u00e4t varovasti v\u00e4litt\u00e4\u00e4 sit\u00e4 lapsilleen. Uusi saamenkielisten lasten sukupolvi on kasvamassa.<\/p>\n\n\n\n<p class=\"has-sizing-medium\">Sek\u00e4 Norjan, Ruotsin ett\u00e4 Suomen puolen Saamenmaalla koetaan, ett\u00e4 yhteiskunta osoittaa suurempaa kiinnostusta ja innokkuutta saamen kieliin, ja saamelaiset n\u00e4iss\u00e4 maissa kokevat suurempaa hyv\u00e4ksynt\u00e4\u00e4 kulttuuriaan ja kielt\u00e4\u00e4n kohtaan. Kiinnostus saamelaista yhteiskuntaa kohtaan on suurta ja ajankohta yhteiselle kielipanostukselle ei olisi voinut olla parempi.<\/p>\n\n\n\n<div class=\"wp-block-columns has-ice-grey-background-color has-background is-layout-flex wp-container-core-columns-is-layout-28f84493 wp-block-columns-is-layout-flex\">\n<div class=\"wp-block-column is-layout-flow wp-block-column-is-layout-flow\">\n<h2 class=\"wp-block-heading\"><strong>Kuinka voit tulla mukaan?<\/strong><\/h2>\n\n\n\n<p class=\"has-sizing-medium\">Suosittelemme katsomaan ohjelmaa l\u00f6yt\u00e4\u00e4ksesi tapahtumia l\u00e4helt\u00e4si. Ota mielell\u00e4\u00e4n yhteytt\u00e4 sinua l\u00e4himp\u00e4\u00e4n kielikeskukseen ja kysy heilt\u00e4 apua l\u00f6yt\u00e4\u00e4ksesi kieliviikon tapahtumia. Suosittelemme my\u00f6s seuraamaan Saamen kielten viikon Facebook-sivu<\/p>\n\n\n\n<p class=\"has-sizing-medium\">\u201dGiellavahkku\/G\u00efelev\u00e5hkoe\/Giellavahkko\/Samisk spr\u00e5kuke\u201d, josta n\u00e4et koko Saamenmaan uutiset. Saamen kielten viikolla on my\u00f6s oma Instagrammi \u201dgiellavahkku\u201d jossa julkaistaan filmej\u00e4, kuvia ja uutisia koko viikon.<\/p>\n\n\n\n<p class=\"has-sizing-medium\">Me toivomme, ett\u00e4 osallistut Saamen kielten viikon j\u00e4nnitt\u00e4viin tapahtumiin, olkoon se fyysinen tai digitaalinen tapahtuma. Kirjoita saameksi sosiaalisessa mediassa koko viikon ajan,&nbsp; tuo sin\u00e4kin n\u00e4kyville meid\u00e4n kultakieli\u00e4.<\/p>\n\n\n\n<p class=\"has-sizing-medium\"><a href=\"#\">L\u00e4het\u00e4 tapahtumasi t\u00e4nne<\/a><\/p>\n<\/div>\n\n\n\n<div class=\"wp-block-column is-layout-flow wp-block-column-is-layout-flow\">\n<figure class=\"wp-block-image size-full is-resized\"><img loading=\"lazy\" decoding=\"async\" src=\"https:\/\/giellavahkku.org\/wp-content\/uploads\/2021\/08\/arrangement-bilde.jpg\" alt=\"\" class=\"wp-image-88\" width=\"483\" height=\"230\"\/><\/figure>\n<\/div>\n<\/div>\n\n\n\n<h2 class=\"wp-block-heading\">Digitaalinen Toolbox \u2013 Lataa!<\/h2>\n\n\n\n<p class=\"has-sizing-medium\">Lataa ja k\u00e4yt\u00e4 tapahtumista ilmoittamisessa!<\/p>\n\n\n\n<ul class=\"wp-block-list\"><li><a href=\"https:\/\/giellavahkku.org\/wp-content\/uploads\/2021\/10\/g21-poster-giellavahkku-final.pdf\">Juliste A3<\/a><\/li><li><a href=\"https:\/\/giellavahkku.org\/wp-content\/uploads\/2021\/10\/g21-deldesignmanual-giellavahku.pdf\">Suunnittelutiedosto<\/a><\/li><li><a href=\"https:\/\/giellavahkku.org\/wp-content\/uploads\/2021\/10\/G21_FB-Omslagsbild-Cover_820x310px.png\">Facebook-otsikko<\/a><\/li><li><a href=\"https:\/\/giellavahkku.org\/wp-content\/uploads\/2021\/10\/g21-fb-evenemangsbild-1920x1080px.png\">Facebook-tapahtuma<\/a><\/li><li><a href=\"https:\/\/giellavahkku.org\/wp-content\/uploads\/2021\/10\/logo.png\">Logo<\/a><\/li><li><a href=\"https:\/\/giellavahkku.org\/wp-content\/uploads\/2021\/10\/G21_Snapchatfilter_1080x2340.png\">Snapchat-filter<\/a><\/li><\/ul>\n\n\n\n<p class=\"has-sizing-medium\">Kaikkia tiedostoja voidaan k\u00e4ytt\u00e4\u00e4 vapaasti Saamen kieliviikon k\u00e4ytt\u00f6\u00f6noton yhteydess\u00e4.<\/p>\n","protected":false},"excerpt":{"rendered":"<p>Siit\u00e4 huolimatta, ett\u00e4 saamen kielet on leimattu uhanalaisiksi, jatkavat saamen kielet vahvasti olemassaoloaan. Toivoa on. Saamelaiset ovat yh\u00e4 tietoisempia kielest\u00e4 ja kielivalinnoista. Yh\u00e4 useammat p\u00e4\u00e4tt\u00e4v\u00e4t osallistua kursseille, jotta he voisivat saada takaisin sen kielen, jonka aiemmat sukupolvet ovat menett\u00e4neet. Alueilla, joilla saamea ei ole k\u00e4ytetty sukupolveen tai kahteen, ottavat nyt nuoret aikuiset takaisin saamen kielen [&hellip;]<\/p>\n","protected":false},"author":1,"featured_media":0,"parent":0,"menu_order":0,"comment_status":"closed","ping_status":"closed","template":"","meta":{"_acf_changed":false,"footnotes":""},"class_list":["post-1092","page","type-page","status-publish","hentry"],"acf":[],"_links":{"self":[{"href":"https:\/\/giellavahkku.org\/fi\/wp-json\/wp\/v2\/pages\/1092","targetHints":{"allow":["GET"]}}],"collection":[{"href":"https:\/\/giellavahkku.org\/fi\/wp-json\/wp\/v2\/pages"}],"about":[{"href":"https:\/\/giellavahkku.org\/fi\/wp-json\/wp\/v2\/types\/page"}],"author":[{"embeddable":true,"href":"https:\/\/giellavahkku.org\/fi\/wp-json\/wp\/v2\/users\/1"}],"replies":[{"embeddable":true,"href":"https:\/\/giellavahkku.org\/fi\/wp-json\/wp\/v2\/comments?post=1092"}],"version-history":[{"count":1,"href":"https:\/\/giellavahkku.org\/fi\/wp-json\/wp\/v2\/pages\/1092\/revisions"}],"predecessor-version":[{"id":1102,"href":"https:\/\/giellavahkku.org\/fi\/wp-json\/wp\/v2\/pages\/1092\/revisions\/1102"}],"wp:attachment":[{"href":"https:\/\/giellavahkku.org\/fi\/wp-json\/wp\/v2\/media?parent=1092"}],"curies":[{"name":"wp","href":"https:\/\/api.w.org\/{rel}","templated":true}]}}