{"id":255,"date":"2021-08-24T14:23:10","date_gmt":"2021-08-24T12:23:10","guid":{"rendered":"https:\/\/giellavahkku.org\/forside\/"},"modified":"2025-11-24T12:58:39","modified_gmt":"2025-11-24T11:58:39","slug":"forside","status":"publish","type":"page","link":"https:\/\/giellavahkku.org\/fi\/","title":{"rendered":"Forside"},"content":{"rendered":"\n<div class=\"wp-block-group is-layout-constrained wp-container-core-group-is-layout-530ec779 wp-block-group-is-layout-constrained\">\n<div class=\"wp-block-group is-layout-constrained wp-container-core-group-is-layout-530ec779 wp-block-group-is-layout-constrained\">\n<div style=\"aspect-ratio:16\/9;min-height:unset;\" class=\"wp-block-cover alignwide is-light languages has-aspect-ratio\"><video class=\"wp-block-cover__video-background intrinsic-ignore\" autoplay muted loop playsinline src=\"https:\/\/giellavahkku.org\/wp-content\/uploads\/2025\/11\/giellavahkku-2026-1.mp4\" data-object-fit=\"cover\"><\/video><span aria-hidden=\"true\" class=\"wp-block-cover__background has-background-dim-0 has-background-dim\" style=\"background-color:#FFF\"><\/span><div class=\"wp-block-cover__inner-container is-layout-flow wp-block-cover-is-layout-flow\">\n<p class=\"has-text-align-center has-large-font-size\"><\/p>\n<\/div><\/div>\n<\/div>\n<\/div>\n\n\n\n<div class=\"wp-block-group is-layout-flow wp-block-group-is-layout-flow\">\n<figure class=\"wp-block-image size-large rotate\"><img loading=\"lazy\" decoding=\"async\" width=\"2303\" height=\"318\" src=\"https:\/\/giellavahkku.org\/wp-content\/uploads\/2025\/08\/banner-demo.svg\" alt=\"\" class=\"wp-image-8093\"\/><\/figure>\n<\/div>\n\n\n\n<div class=\"wp-block-group alignfull is-layout-constrained wp-container-core-group-is-layout-8dd13e6d wp-block-group-is-layout-constrained\" style=\"padding-right:var(--wp--preset--spacing--60);padding-left:var(--wp--preset--spacing--60)\">\n<div class=\"wp-block-group alignwide has-honey-background-color has-background is-layout-flow wp-block-group-is-layout-flow\" style=\"padding-top:var(--wp--preset--spacing--72);padding-right:var(--wp--preset--spacing--72);padding-bottom:var(--wp--preset--spacing--72);padding-left:var(--wp--preset--spacing--72);font-style:normal;font-weight:500\">\n<p class=\"has-text-align-center has-sizing-medium has-custom-10-font-size\" style=\"font-style:normal;font-weight:600;line-height:1.3\">Juuri t\u00e4ll\u00e4 viikolla tulevat saamen kielet kuulumaan ja n\u00e4kym\u00e4\u00e4n kaikkialla.<\/p>\n<\/div>\n\n\n\n<div class=\"wp-block-buttons is-content-justification-center is-layout-flex wp-container-core-buttons-is-layout-a89b3969 wp-block-buttons-is-layout-flex\">\n<div class=\"wp-block-button\"><a class=\"wp-block-button__link wp-element-button\" href=\"https:\/\/giellavahkku.org\/fi\/om-uken\/\">Tarina takana<\/a><\/div>\n<\/div>\n\n\n\n<div class=\"wp-block-group is-layout-constrained wp-container-core-group-is-layout-9e49823d wp-block-group-is-layout-constrained\" style=\"margin-top:var(--wp--preset--spacing--150);margin-bottom:var(--wp--preset--spacing--64)\">\n<h2 class=\"wp-block-heading has-text-align-center has-custom-1-font-size\" style=\"text-transform:uppercase\">Miten osallistua?<\/h2>\n<\/div>\n\n\n\n<div class=\"wp-block-group alignwide is-layout-grid wp-container-core-group-is-layout-ff3d376b wp-block-group-is-layout-grid\"><a\nhref=\"https:\/\/giellavahkku.org\/fi\/kymmenen-vinkkia-paivakoteihin\/\"\ndata-block-name=\"gnist\/link-anything\" style=\"padding-top:var(--wp--preset--spacing--72);padding-bottom:var(--wp--preset--spacing--72);padding-left:var(--wp--preset--spacing--48);padding-right:var(--wp--preset--spacing--48);\" class=\"gc-link-anything alignwide wp-block-gnist-link-anything has-background has-blush-background-color is-layout-flow wp-block-gnist-link-anything-is-layout-flow\" aria-label=\"Go to https:\/\/giellavahkku.org\/fi\/kymmenen-vinkkia-paivakoteihin\/\">\n\t\n\n<h3 class=\"wp-block-heading has-text-align-center has-condensed-bold-font-family has-custom-1-font-size\" style=\"margin-top:var(--wp--preset--spacing--16);margin-bottom:var(--wp--preset--spacing--16);letter-spacing:0px;line-height:1\">P\u00e4iv\u00e4kodit<\/h3>\n\n<\/a>\n\n\n<a\nhref=\"https:\/\/giellavahkku.org\/fi\/om-uken\/10-tips-til-skoler\/\"\ndata-block-name=\"gnist\/link-anything\" style=\"padding-top:var(--wp--preset--spacing--72);padding-bottom:var(--wp--preset--spacing--72);padding-left:var(--wp--preset--spacing--48);padding-right:var(--wp--preset--spacing--48);\" class=\"gc-link-anything alignwide wp-block-gnist-link-anything has-background has-blush-background-color is-layout-flow wp-block-gnist-link-anything-is-layout-flow\" aria-label=\"Go to https:\/\/giellavahkku.org\/fi\/om-uken\/10-tips-til-skoler\/\">\n\t\n\n<h3 class=\"wp-block-heading has-text-align-center has-condensed-bold-font-family has-custom-1-font-size\" style=\"margin-top:var(--wp--preset--spacing--16);margin-bottom:var(--wp--preset--spacing--16);letter-spacing:0px;line-height:1\">Koulut<\/h3>\n\n<\/a>\n\n\n<a\nhref=\"https:\/\/giellavahkku.org\/fi\/om-uken\/10-tips-til-bedrifter-og-institusjoner\/\"\ndata-block-name=\"gnist\/link-anything\" style=\"padding-top:var(--wp--preset--spacing--72);padding-bottom:var(--wp--preset--spacing--72);padding-left:var(--wp--preset--spacing--48);padding-right:var(--wp--preset--spacing--48);\" class=\"gc-link-anything alignwide wp-block-gnist-link-anything has-background has-blush-background-color is-layout-flow wp-block-gnist-link-anything-is-layout-flow\" aria-label=\"Go to https:\/\/giellavahkku.org\/fi\/om-uken\/10-tips-til-bedrifter-og-institusjoner\/\">\n\t\n\n<h3 class=\"wp-block-heading has-text-align-center has-condensed-bold-font-family has-custom-1-font-size\" style=\"margin-top:var(--wp--preset--spacing--16);margin-bottom:var(--wp--preset--spacing--16);letter-spacing:0px;line-height:1\">Yritykset ja instituutiot<\/h3>\n\n<\/a>\n<\/div>\n\n\n\n<div class=\"wp-block-buttons is-content-justification-center is-layout-flex wp-container-core-buttons-is-layout-a89b3969 wp-block-buttons-is-layout-flex\">\n<div class=\"wp-block-button\"><a class=\"wp-block-button__link wp-element-button\" href=\"https:\/\/giellavahkku.org\/fi\/resurssit-2\/\">Lis\u00e4\u00e4 vinkkej\u00e4<\/a><\/div>\n<\/div>\n\n\n\n<div class=\"wp-block-group is-layout-constrained wp-container-core-group-is-layout-9e49823d wp-block-group-is-layout-constrained\" style=\"margin-top:var(--wp--preset--spacing--150);margin-bottom:var(--wp--preset--spacing--64)\">\n<h2 class=\"wp-block-heading has-text-align-center has-custom-1-font-size\" style=\"text-transform:uppercase\">Mit\u00e4 tapahtuu?<\/h2>\n<\/div>\n\n\n\n<div class=\"wp-block-cover is-light\"><img decoding=\"async\" class=\"wp-block-cover__image-background wp-image-9683 size-large\" alt=\"\" src=\"https:\/\/giellavahkku.org\/wp-content\/uploads\/2025\/09\/alle-arrangementer-farge-1024x574.png\" data-object-fit=\"cover\"\/><span aria-hidden=\"true\" class=\"wp-block-cover__background has-beige-background-color has-background-dim-80 has-background-dim\"><\/span><div class=\"wp-block-cover__inner-container is-layout-constrained wp-block-cover-is-layout-constrained\">\n<p class=\"has-text-align-center has-blue-color has-text-color has-link-color wp-elements-74afe7220427ca5970d1d6d696f7b349\" style=\"font-size:clamp(27.894px, 1.743rem + ((1vw - 3.2px) * 2.094), 48px);\"><strong><a href=\"https:\/\/giellavahkku.org\/fi\/ohjelma\/\">Kaikki tapahtumat<\/a><\/strong><\/p>\n<\/div><\/div>\n\n\n\n<div class=\"wp-block-group is-layout-constrained wp-container-core-group-is-layout-9e49823d wp-block-group-is-layout-constrained\" style=\"margin-top:var(--wp--preset--spacing--150);margin-bottom:var(--wp--preset--spacing--64)\">\n<h2 class=\"wp-block-heading has-text-align-center has-custom-1-font-size\" style=\"text-transform:uppercase\">Kielity\u00f6kalut<\/h2>\n<\/div>\n\n\n\n<div class=\"wp-block-group alignwide has-honey-background-color has-background is-layout-flow wp-block-group-is-layout-flow\" style=\"padding-top:var(--wp--preset--spacing--72);padding-right:var(--wp--preset--spacing--72);padding-bottom:var(--wp--preset--spacing--72);padding-left:var(--wp--preset--spacing--72);font-style:normal;font-weight:500\">\n<p class=\"has-text-align-center has-sizing-medium has-custom-3-font-size\">Saamen kielille l\u00f6ytyy useita digitaalisia kielity\u00f6kaluja, kuten oikolukuohjelma Windowsille ja Macille, mobiilin\u00e4pp\u00e4imist\u00f6, jossa on oikoluku sek\u00e4 Androidille ett\u00e4 iOS:lle (iPhone ja iPad), sanakirjoja ja paljon muuta.<\/p>\n<\/div>\n\n\n\n<div class=\"wp-block-buttons is-content-justification-center is-layout-flex wp-container-core-buttons-is-layout-a89b3969 wp-block-buttons-is-layout-flex\">\n<div class=\"wp-block-button\"><a class=\"wp-block-button__link wp-element-button\" href=\"https:\/\/giellavahkku.org\/fi\/om-uken\/sprakverktoy\/\">katso t\u00e4st\u00e4<\/a><\/div>\n<\/div>\n\n\n\n<div class=\"wp-block-group is-layout-constrained wp-container-core-group-is-layout-9e49823d wp-block-group-is-layout-constrained\" style=\"margin-top:var(--wp--preset--spacing--150);margin-bottom:var(--wp--preset--spacing--64)\">\n<h2 class=\"wp-block-heading has-text-align-center has-custom-1-font-size\" style=\"text-transform:uppercase\">Uutiset<\/h2>\n<\/div>\n\n\n\n<div class=\"wp-block-query alignwide is-layout-flow wp-block-query-is-layout-flow\"><ul style=\"border-style:none;border-width:0px;\" class=\"wp-block-post-template is-layout-grid wp-container-core-post-template-is-layout-ccdeb136 wp-block-post-template-is-layout-grid\"><li class=\"wp-block-post post-7060 post type-post status-publish format-standard has-post-thumbnail hentry category-uncategorized-fi\">\n<a\nhref=\"https:\/\/giellavahkku.org\/fi\/sprak-er-helse\/\"\ndata-block-name=\"gnist\/link-anything\" style=\"min-height:100%;\" class=\"gc-link-anything wp-block-gnist-link-anything has-background has-main-background-color is-layout-flow wp-block-gnist-link-anything-is-layout-flow\" aria-label=\"Go to https:\/\/giellavahkku.org\/fi\/sprak-er-helse\/\">\n\t\n<figure style=\"aspect-ratio:3\/2;margin-top:0;margin-bottom:0\" class=\"wp-block-post-featured-image\"><img loading=\"lazy\" decoding=\"async\" width=\"1730\" height=\"1038\" src=\"https:\/\/giellavahkku.org\/wp-content\/uploads\/2024\/09\/anne-lajla-kalstad-1000x600-1.jpg\" class=\"attachment-full size-full wp-post-image\" alt=\"\" style=\"width:100%;height:100%;object-fit:cover\" srcset=\"https:\/\/giellavahkku.org\/wp-content\/uploads\/2024\/09\/anne-lajla-kalstad-1000x600-1.jpg 1730w, https:\/\/giellavahkku.org\/wp-content\/uploads\/2024\/09\/anne-lajla-kalstad-1000x600-1-300x180.jpg 300w, https:\/\/giellavahkku.org\/wp-content\/uploads\/2024\/09\/anne-lajla-kalstad-1000x600-1-1024x614.jpg 1024w, https:\/\/giellavahkku.org\/wp-content\/uploads\/2024\/09\/anne-lajla-kalstad-1000x600-1-768x461.jpg 768w, https:\/\/giellavahkku.org\/wp-content\/uploads\/2024\/09\/anne-lajla-kalstad-1000x600-1-1536x922.jpg 1536w, https:\/\/giellavahkku.org\/wp-content\/uploads\/2024\/09\/anne-lajla-kalstad-1000x600-1-1000x600.jpg 1000w\" sizes=\"auto, (max-width: 1730px) 100vw, 1730px\" \/><\/figure>\n\n<h2 style=\"padding-top:var(--wp--preset--spacing--16);padding-bottom:var(--wp--preset--spacing--16);padding-left:var(--wp--preset--spacing--16);padding-right:var(--wp--preset--spacing--16);margin-top:0;margin-bottom:0\" class=\"wp-block-post-title has-background has-main-background-color has-custom-3-font-size\">-Kieless\u00e4 on terveys\u00a0<\/h2>\n<\/a>\n\n<\/li><li class=\"wp-block-post post-7056 post type-post status-publish format-standard has-post-thumbnail hentry category-uncategorized-fi\">\n<a\nhref=\"https:\/\/giellavahkku.org\/fi\/laerer-samisk-gjennom-musikk\/\"\ndata-block-name=\"gnist\/link-anything\" style=\"min-height:100%;\" class=\"gc-link-anything wp-block-gnist-link-anything has-background has-main-background-color is-layout-flow wp-block-gnist-link-anything-is-layout-flow\" aria-label=\"Go to https:\/\/giellavahkku.org\/fi\/laerer-samisk-gjennom-musikk\/\">\n\t\n<figure style=\"aspect-ratio:3\/2;margin-top:0;margin-bottom:0\" class=\"wp-block-post-featured-image\"><img loading=\"lazy\" decoding=\"async\" width=\"1366\" height=\"2048\" src=\"https:\/\/giellavahkku.org\/wp-content\/uploads\/2024\/09\/cecilia-dyroy-1-scaled-e1725886422980.jpg\" class=\"attachment-full size-full wp-post-image\" alt=\"\" style=\"width:100%;height:100%;object-fit:cover\" \/><\/figure>\n\n<h2 style=\"padding-top:var(--wp--preset--spacing--16);padding-bottom:var(--wp--preset--spacing--16);padding-left:var(--wp--preset--spacing--16);padding-right:var(--wp--preset--spacing--16);margin-top:0;margin-bottom:0\" class=\"wp-block-post-title has-background has-main-background-color has-custom-3-font-size\">Musiikin avulla oppii puhumaan saamea\u00a0<\/h2>\n<\/a>\n\n<\/li><li class=\"wp-block-post post-7064 post type-post status-publish format-standard has-post-thumbnail hentry category-uncategorized-fi\">\n<a\nhref=\"https:\/\/giellavahkku.org\/fi\/vis-at-du-snakker-samisk\/\"\ndata-block-name=\"gnist\/link-anything\" style=\"min-height:100%;\" class=\"gc-link-anything wp-block-gnist-link-anything has-background has-main-background-color is-layout-flow wp-block-gnist-link-anything-is-layout-flow\" aria-label=\"Go to https:\/\/giellavahkku.org\/fi\/vis-at-du-snakker-samisk\/\">\n\t\n<figure style=\"aspect-ratio:3\/2;margin-top:0;margin-bottom:0\" class=\"wp-block-post-featured-image\"><img loading=\"lazy\" decoding=\"async\" width=\"2048\" height=\"1556\" src=\"https:\/\/giellavahkku.org\/wp-content\/uploads\/2024\/08\/bilde-med-buttons-scaled.jpg\" class=\"attachment-full size-full wp-post-image\" alt=\"\" style=\"width:100%;height:100%;object-fit:cover\" srcset=\"https:\/\/giellavahkku.org\/wp-content\/uploads\/2024\/08\/bilde-med-buttons-scaled.jpg 2048w, https:\/\/giellavahkku.org\/wp-content\/uploads\/2024\/08\/bilde-med-buttons-300x228.jpg 300w, https:\/\/giellavahkku.org\/wp-content\/uploads\/2024\/08\/bilde-med-buttons-1024x778.jpg 1024w, https:\/\/giellavahkku.org\/wp-content\/uploads\/2024\/08\/bilde-med-buttons-768x584.jpg 768w, https:\/\/giellavahkku.org\/wp-content\/uploads\/2024\/08\/bilde-med-buttons-1536x1167.jpg 1536w\" sizes=\"auto, (max-width: 2048px) 100vw, 2048px\" \/><\/figure>\n\n<h2 style=\"padding-top:var(--wp--preset--spacing--16);padding-bottom:var(--wp--preset--spacing--16);padding-left:var(--wp--preset--spacing--16);padding-right:var(--wp--preset--spacing--16);margin-top:0;margin-bottom:0\" class=\"wp-block-post-title has-background has-main-background-color has-custom-3-font-size\">N\u00e4yt\u00e4 ett\u00e4 puhut saamea\u00a0<\/h2>\n<\/a>\n\n<\/li><li class=\"wp-block-post post-4396 post type-post status-publish format-standard hentry category-uncategorized-fi\">\n<a\nhref=\"https:\/\/giellavahkku.org\/fi\/kiitos\/\"\ndata-block-name=\"gnist\/link-anything\" style=\"min-height:100%;\" class=\"gc-link-anything wp-block-gnist-link-anything has-background has-main-background-color is-layout-flow wp-block-gnist-link-anything-is-layout-flow\" aria-label=\"Go to https:\/\/giellavahkku.org\/fi\/kiitos\/\">\n\t\n\n\n<h2 style=\"padding-top:var(--wp--preset--spacing--16);padding-bottom:var(--wp--preset--spacing--16);padding-left:var(--wp--preset--spacing--16);padding-right:var(--wp--preset--spacing--16);margin-top:0;margin-bottom:0\" class=\"wp-block-post-title has-background has-main-background-color has-custom-3-font-size\">Kiitos!<\/h2>\n<\/a>\n\n<\/li><\/ul><\/div>\n\n\n\n<div class=\"wp-block-buttons is-horizontal is-content-justification-center is-layout-flex wp-container-core-buttons-is-layout-03627597 wp-block-buttons-is-layout-flex\">\n<div class=\"wp-block-button\"><a class=\"wp-block-button__link wp-element-button\" href=\"https:\/\/giellavahkku.org\/fi\/uutisarkisto\/\">Uutisarkisto<\/a><\/div>\n<\/div>\n<\/div>\n\n\n\n<p><\/p>\n","protected":false},"excerpt":{"rendered":"<p>Juuri t\u00e4ll\u00e4 viikolla tulevat saamen kielet kuulumaan ja n\u00e4kym\u00e4\u00e4n kaikkialla. Saamen kielille l\u00f6ytyy useita digitaalisia kielity\u00f6kaluja, kuten oikolukuohjelma Windowsille ja Macille, mobiilin\u00e4pp\u00e4imist\u00f6, jossa on oikoluku sek\u00e4 Androidille ett\u00e4 iOS:lle (iPhone ja iPad), sanakirjoja ja paljon muuta.<\/p>\n","protected":false},"author":1,"featured_media":0,"parent":0,"menu_order":0,"comment_status":"closed","ping_status":"closed","template":"no-title","meta":{"_acf_changed":false,"footnotes":""},"class_list":["post-255","page","type-page","status-publish","hentry"],"acf":[],"_links":{"self":[{"href":"https:\/\/giellavahkku.org\/fi\/wp-json\/wp\/v2\/pages\/255","targetHints":{"allow":["GET"]}}],"collection":[{"href":"https:\/\/giellavahkku.org\/fi\/wp-json\/wp\/v2\/pages"}],"about":[{"href":"https:\/\/giellavahkku.org\/fi\/wp-json\/wp\/v2\/types\/page"}],"author":[{"embeddable":true,"href":"https:\/\/giellavahkku.org\/fi\/wp-json\/wp\/v2\/users\/1"}],"replies":[{"embeddable":true,"href":"https:\/\/giellavahkku.org\/fi\/wp-json\/wp\/v2\/comments?post=255"}],"version-history":[{"count":5,"href":"https:\/\/giellavahkku.org\/fi\/wp-json\/wp\/v2\/pages\/255\/revisions"}],"predecessor-version":[{"id":11930,"href":"https:\/\/giellavahkku.org\/fi\/wp-json\/wp\/v2\/pages\/255\/revisions\/11930"}],"wp:attachment":[{"href":"https:\/\/giellavahkku.org\/fi\/wp-json\/wp\/v2\/media?parent=255"}],"curies":[{"name":"wp","href":"https:\/\/api.w.org\/{rel}","templated":true}]}}