{"id":439,"date":"2021-08-24T16:22:06","date_gmt":"2021-08-24T14:22:06","guid":{"rendered":"https:\/\/giellavahkku.org\/om-uken\/"},"modified":"2025-09-25T16:49:19","modified_gmt":"2025-09-25T14:49:19","slug":"om-uken","status":"publish","type":"page","link":"https:\/\/giellavahkku.org\/fi\/om-uken\/","title":{"rendered":"Mik\u00e4 on Saamen kielten viikko?"},"content":{"rendered":"\n<div class=\"wp-block-group is-layout-constrained wp-container-core-group-is-layout-ec27dcee wp-block-group-is-layout-constrained\" style=\"margin-bottom:var(--wp--preset--spacing--72)\">\n<h1 class=\"wp-block-heading has-text-align-center has-custom-7-font-size\" style=\"text-transform:uppercase\">tarinan takana<\/h1>\n\n\n\n<p class=\"has-text-align-center has-custom-10-font-size\" style=\"font-style:normal;font-weight:500\">Saamen kielten viikko on Norjan Saamelaisk\u00e4r\u00e4jien aloite, joka on osa heid\u00e4n aloittamaansa Giellalokten (Kielennosto) kielistrategiaa.<\/p>\n<\/div>\n\n\n\n<div class=\"wp-block-group alignwide has-honey-background-color has-background is-layout-flow wp-block-group-is-layout-flow\" style=\"padding-top:var(--wp--preset--spacing--72);padding-right:var(--wp--preset--spacing--72);padding-bottom:var(--wp--preset--spacing--72);padding-left:var(--wp--preset--spacing--72);font-style:normal;font-weight:500\">\n<h2 class=\"wp-block-heading has-text-align-left has-sizing-medium\">Mik\u00e4 on Saamen kielten viikko?<\/h2>\n\n\n\n<p class=\"has-sizing-medium\">Saamen kielten viikon tarkoituksena on nostaa saamen kielten asemaa, ja lis\u00e4t\u00e4 saamen kielten ja kulttuurin tuntemusta koko yhteiskunnassa. Juuri t\u00e4ll\u00e4 viikolla tulevat saamen kielet kuulumaan ja n\u00e4kym\u00e4\u00e4n kaikkialla.<\/p>\n\n\n\n<div class=\"wp-block-columns is-layout-flex wp-container-core-columns-is-layout-28f84493 wp-block-columns-is-layout-flex\">\n<div class=\"wp-block-column is-layout-flow wp-block-column-is-layout-flow\">\n<figure class=\"wp-block-image size-large\"><img loading=\"lazy\" decoding=\"async\" width=\"1024\" height=\"778\" src=\"https:\/\/giellavahkku.org\/wp-content\/uploads\/2024\/08\/bilde-med-buttons-1024x778.jpg\" alt=\"\" class=\"wp-image-6826\" srcset=\"https:\/\/giellavahkku.org\/wp-content\/uploads\/2024\/08\/bilde-med-buttons-1024x778.jpg 1024w, https:\/\/giellavahkku.org\/wp-content\/uploads\/2024\/08\/bilde-med-buttons-300x228.jpg 300w, https:\/\/giellavahkku.org\/wp-content\/uploads\/2024\/08\/bilde-med-buttons-768x584.jpg 768w, https:\/\/giellavahkku.org\/wp-content\/uploads\/2024\/08\/bilde-med-buttons-1536x1167.jpg 1536w, https:\/\/giellavahkku.org\/wp-content\/uploads\/2024\/08\/bilde-med-buttons-scaled.jpg 2048w\" sizes=\"auto, (max-width: 1024px) 100vw, 1024px\" \/><\/figure>\n<\/div>\n\n\n\n<div class=\"wp-block-column is-layout-flow wp-block-column-is-layout-flow\">\n<p>Saamen kielten viikko on yhteishanke, jolla tuodaan esille saamen kieli\u00e4 ja lis\u00e4t\u00e4\u00e4n niiden tuntemusta koko yhteiskunnassa. Yksityisi\u00e4 ja julkisia laitoksia, yrityksi\u00e4, organisaatioita ja muita toimijoita kutsutaan tuomaan esille saamen kieli\u00e4 juuri t\u00e4ll\u00e4 viikolla. Yhdess\u00e4 otamme suuremman vastuun siit\u00e4, ett\u00e4 saamen kielet kuuluvat ja n\u00e4kyv\u00e4t ja ett\u00e4 niit\u00e4 k\u00e4ytet\u00e4\u00e4n kaikilla yhteiskunnan aloilla.<\/p>\n<\/div>\n<\/div>\n\n\n\n<p class=\"has-sizing-medium\">Saamen kielten viikko on Norjan Saamelaisk\u00e4r\u00e4jien aloite, joka on osa heid\u00e4n aloittamaansa Giellalokten (Kielennosto) kielistrategiaa.<\/p>\n\n\n\n<h2 class=\"wp-block-heading\">Miksi Saamen kielten viikko on t\u00e4rke\u00e4?<\/h2>\n\n\n\n<p class=\"has-sizing-medium\">Siit\u00e4 huolimatta, ett\u00e4 saamen kielet on leimattu uhanalaisiksi, jatkavat saamen kielet vahvasti olemassaoloaan. Toivoa on. Saamelaiset ovat yh\u00e4 tietoisempia kielest\u00e4 ja kielivalinnoista. Yh\u00e4 useammat p\u00e4\u00e4tt\u00e4v\u00e4t osallistua kursseille, jotta he voisivat saada takaisin sen kielen, jonka aiemmat sukupolvet ovat menett\u00e4neet. Alueilla, joilla saamea ei ole k\u00e4ytetty sukupolveen tai kahteen, ottavat nyt nuoret aikuiset takaisin saamen kielen ja yritt\u00e4v\u00e4t varovasti v\u00e4litt\u00e4\u00e4 sit\u00e4 lapsilleen. Uusi saamenkielisten lasten sukupolvi on kasvamassa.<\/p>\n\n\n\n<p class=\"has-sizing-medium\">Sek\u00e4 Norjan, Ruotsin ett\u00e4 Suomen puolen Saamenmaalla koetaan, ett\u00e4 yhteiskunta osoittaa suurempaa kiinnostusta ja innokkuutta saamen kieliin, ja saamelaiset n\u00e4iss\u00e4 maissa kokevat suurempaa hyv\u00e4ksynt\u00e4\u00e4 kulttuuriaan ja kielt\u00e4\u00e4n kohtaan. Kiinnostus saamelaista yhteiskuntaa kohtaan on suurta ja ajankohta yhteiselle kielipanostukselle ei olisi voinut olla parempi.<\/p>\n\n\n\n<figure class=\"wp-block-image size-large\"><img decoding=\"async\" src=\"https:\/\/giellavahkku.org\/wp-content\/uploads\/2023\/10\/samediggi-1024x680.jpg\" alt=\"\" class=\"wp-image-5264\"\/><\/figure>\n<\/div>\n\n\n\n<p class=\"has-sizing-medium\"><\/p>\n\n\n\n<p><\/p>\n","protected":false},"excerpt":{"rendered":"<p>Mik\u00e4 on Saamen kielten viikko? Saamen kielten viikon tarkoituksena on nostaa saamen kielten asemaa, ja lis\u00e4t\u00e4 saamen kielten ja kulttuurin tuntemusta koko yhteiskunnassa. Juuri t\u00e4ll\u00e4 viikolla tulevat saamen kielet kuulumaan ja n\u00e4kym\u00e4\u00e4n kaikkialla. Saamen kielten viikko on yhteishanke, jolla tuodaan esille saamen kieli\u00e4 ja lis\u00e4t\u00e4\u00e4n niiden tuntemusta koko yhteiskunnassa. Yksityisi\u00e4 ja julkisia laitoksia, yrityksi\u00e4, organisaatioita [&hellip;]<\/p>\n","protected":false},"author":1,"featured_media":0,"parent":0,"menu_order":0,"comment_status":"closed","ping_status":"closed","template":"wp-custom-template-side-banner","meta":{"_acf_changed":false,"footnotes":""},"class_list":["post-439","page","type-page","status-publish","hentry"],"acf":[],"_links":{"self":[{"href":"https:\/\/giellavahkku.org\/fi\/wp-json\/wp\/v2\/pages\/439","targetHints":{"allow":["GET"]}}],"collection":[{"href":"https:\/\/giellavahkku.org\/fi\/wp-json\/wp\/v2\/pages"}],"about":[{"href":"https:\/\/giellavahkku.org\/fi\/wp-json\/wp\/v2\/types\/page"}],"author":[{"embeddable":true,"href":"https:\/\/giellavahkku.org\/fi\/wp-json\/wp\/v2\/users\/1"}],"replies":[{"embeddable":true,"href":"https:\/\/giellavahkku.org\/fi\/wp-json\/wp\/v2\/comments?post=439"}],"version-history":[{"count":2,"href":"https:\/\/giellavahkku.org\/fi\/wp-json\/wp\/v2\/pages\/439\/revisions"}],"predecessor-version":[{"id":9553,"href":"https:\/\/giellavahkku.org\/fi\/wp-json\/wp\/v2\/pages\/439\/revisions\/9553"}],"wp:attachment":[{"href":"https:\/\/giellavahkku.org\/fi\/wp-json\/wp\/v2\/media?parent=439"}],"curies":[{"name":"wp","href":"https:\/\/api.w.org\/{rel}","templated":true}]}}