{"id":5598,"date":"2023-10-11T15:27:12","date_gmt":"2023-10-11T13:27:12","guid":{"rendered":"https:\/\/giellavahkku.org\/?page_id=5598"},"modified":"2023-10-11T15:27:13","modified_gmt":"2023-10-11T13:27:13","slug":"kymmenen-vinkkia-paivakoteihin","status":"publish","type":"page","link":"https:\/\/giellavahkku.org\/fi\/kymmenen-vinkkia-paivakoteihin\/","title":{"rendered":"Kymmenen vinkki\u00e4 p\u00e4iv\u00e4koteihin"},"content":{"rendered":"\n<figure class=\"wp-block-image size-large\"><img loading=\"lazy\" decoding=\"async\" width=\"1024\" height=\"680\" src=\"https:\/\/giellavahkku.org\/wp-content\/uploads\/2023\/10\/barnehagesak-giellavahkku-1-1024x680.jpg\" alt=\"\" class=\"wp-image-5209\" srcset=\"https:\/\/giellavahkku.org\/wp-content\/uploads\/2023\/10\/barnehagesak-giellavahkku-1-1024x680.jpg 1024w, https:\/\/giellavahkku.org\/wp-content\/uploads\/2023\/10\/barnehagesak-giellavahkku-1-300x199.jpg 300w, https:\/\/giellavahkku.org\/wp-content\/uploads\/2023\/10\/barnehagesak-giellavahkku-1-768x510.jpg 768w, https:\/\/giellavahkku.org\/wp-content\/uploads\/2023\/10\/barnehagesak-giellavahkku-1-1536x1020.jpg 1536w, https:\/\/giellavahkku.org\/wp-content\/uploads\/2023\/10\/barnehagesak-giellavahkku-1.jpg 2048w\" sizes=\"auto, (max-width: 1024px) 100vw, 1024px\" \/><\/figure>\n\n\n\n<ol class=\"wp-block-list\" type=\"1\">\n<li><strong>Saamen kieli teemana koko viikon ajan<\/strong>. Pit\u00e4k\u00e4\u00e4 saamen kieli teemana koko viikon ajan ja laittakaa se kuukausisuunnitelmaan (Kieliviikko on joka vuosi viikolla 43). J\u00e4rjest\u00e4k\u00e4\u00e4 saamen kieleen ja kulttuurin liittyv\u00e4\u00e4\u00a0toimintaa. Laatikaa teille sopiva viikkosuunnitelma alla olevien vinkkien pohjalta.<\/li>\n<\/ol>\n\n\n\n<ol class=\"wp-block-list\" start=\"2\">\n<li><strong>Saamelaiset sadut<\/strong>. Lukekaa saamelaisia satuja lapsille. Saamelaisia lastenkirjoja l\u00f6ytyy sek\u00e4 saameksi ett\u00e4 muilla kielill\u00e4.<\/li>\n<\/ol>\n\n\n\n<ol class=\"wp-block-list\" start=\"3\">\n<li><strong>S\u00e1mi disco<\/strong>. Kuunnelkaa joikuja ja muuta saamelaista musiikkia yhdess\u00e4 lasten kanssa. Luokaa Spotifyihin soittolista, jossa on saamelaista musiikkia ja j\u00e4rjest\u00e4k\u00e4\u00e4 S\u00e1mi disco.<\/li>\n<\/ol>\n\n\n\n<ol class=\"wp-block-list\" start=\"4\">\n<li><strong>Tanssikaa BlimeE!<\/strong> Tanssikaa BlimE-laulun saamelaisille versioille, l\u00f6yd\u00e4tte ne t\u00e4\u00e4lt\u00e4: <a href=\"https:\/\/nrksuper.no\/serie\/blime\/MSUM06001023\/sesong-12\/episode-4\">https:\/\/nrksuper.no\/serie\/blime\/MSUM06001023\/sesong-12\/episode-4<\/a><\/li>\n<\/ol>\n\n\n\n<ol class=\"wp-block-list\" start=\"5\">\n<li><strong>Pelatkaa kielipelej\u00e4<\/strong>. Opettakaa lapsille saamenkielisi\u00e4 sanoja leikkien ja pelien avulla. Yksinkertaiset tervehdykset tai v\u00e4rit voivat olla hyv\u00e4 alku. Jos lapset osaavat saamea, tutustukaa muihin saamen kielen murteisiin.<\/li>\n<\/ol>\n\n\n\n<ol class=\"wp-block-list\" start=\"6\">\n<li><strong>Laulakaa lastenlauluja<\/strong>. Opettakaa helppoja saamelaisia lastenlauluja lapsille. Laulaminen on tehokas tapa v\u00e4litt\u00e4\u00e4 kulttuuria. Voitte my\u00f6s puhua joiusta ja kuunnella erilaisia el\u00e4inten joikuja.<\/li>\n<\/ol>\n\n\n\n<ol class=\"wp-block-list\" start=\"7\">\n<li><strong>Hauskuutelkaa kirjainten kanssa<\/strong>. Kouluryhm\u00e4 voi luoda saamen aakkosjunan tai muita kirjainpelej\u00e4 tutustuttaakseen lapsia saamelaiseen kirjoitukseen.<\/li>\n<\/ol>\n\n\n\n<ol class=\"wp-block-list\" start=\"8\">\n<li><strong>Elokuva- ja kerronta-aika<\/strong>. N\u00e4ytt\u00e4k\u00e4\u00e4 elokuvia tai kirjoja, jotka kuvaavat saamelaista kulttuuria ja el\u00e4m\u00e4\u00e4.<\/li>\n<\/ol>\n\n\n\n<ol class=\"wp-block-list\" start=\"9\">\n<li><strong>Piirt\u00e4k\u00e4\u00e4 saamen lippu<\/strong>. Piirt\u00e4k\u00e4\u00e4 saamen lippu ja opettakaa lapsille saamelaisesta maantieteest\u00e4, murteista ja kielen virallisesta asemasta. Saamen kieless\u00e4 on monta erilaista murretta, keskustellaan lasten kanssa siit\u00e4, millaista murretta p\u00e4iv\u00e4kodissa puhutaan.<\/li>\n<\/ol>\n\n\n\n<ol class=\"wp-block-list\" start=\"10\">\n<li><strong>Tutustukaa saamelaiskulttuuriin<\/strong>. Etsik\u00e4\u00e4 tv-ohjelmia tai elokuvia saamelaiskulttuurissa el\u00e4vist\u00e4 lapsista ja katsokaa n\u00e4it\u00e4 tai kutsukaa vieras, joka voi kertoa jotain saamelaiskulttuurista. Saamelaiskulttuuri on monipuolista, valitkaa jokin osa-alue saamelaiskulttuurista, joka on ajankohtainen teid\u00e4n p\u00e4iv\u00e4kodillinne ja alueellenne jossa olette.<\/li>\n<\/ol>\n","protected":false},"excerpt":{"rendered":"","protected":false},"author":85,"featured_media":0,"parent":0,"menu_order":0,"comment_status":"closed","ping_status":"closed","template":"","meta":{"_acf_changed":false,"footnotes":""},"class_list":["post-5598","page","type-page","status-publish","hentry"],"acf":[],"_links":{"self":[{"href":"https:\/\/giellavahkku.org\/fi\/wp-json\/wp\/v2\/pages\/5598","targetHints":{"allow":["GET"]}}],"collection":[{"href":"https:\/\/giellavahkku.org\/fi\/wp-json\/wp\/v2\/pages"}],"about":[{"href":"https:\/\/giellavahkku.org\/fi\/wp-json\/wp\/v2\/types\/page"}],"author":[{"embeddable":true,"href":"https:\/\/giellavahkku.org\/fi\/wp-json\/wp\/v2\/users\/85"}],"replies":[{"embeddable":true,"href":"https:\/\/giellavahkku.org\/fi\/wp-json\/wp\/v2\/comments?post=5598"}],"version-history":[{"count":1,"href":"https:\/\/giellavahkku.org\/fi\/wp-json\/wp\/v2\/pages\/5598\/revisions"}],"predecessor-version":[{"id":5601,"href":"https:\/\/giellavahkku.org\/fi\/wp-json\/wp\/v2\/pages\/5598\/revisions\/5601"}],"wp:attachment":[{"href":"https:\/\/giellavahkku.org\/fi\/wp-json\/wp\/v2\/media?parent=5598"}],"curies":[{"name":"wp","href":"https:\/\/api.w.org\/{rel}","templated":true}]}}