{"id":5941,"date":"2023-10-03T14:39:43","date_gmt":"2023-10-03T12:39:43","guid":{"rendered":"https:\/\/giellavahkku.org\/10-tips-til-bedrifter-og-institusjoner\/"},"modified":"2025-08-28T16:35:59","modified_gmt":"2025-08-28T14:35:59","slug":"10-tips-til-bedrifter-og-institusjoner","status":"publish","type":"page","link":"https:\/\/giellavahkku.org\/fi\/om-uken\/10-tips-til-bedrifter-og-institusjoner\/","title":{"rendered":"10 vinkki\u00e4 yrityksille ja laitoksille"},"content":{"rendered":"\n<div class=\"wp-block-group alignwide has-honey-background-color has-background is-layout-flow wp-block-group-is-layout-flow\" style=\"padding-top:var(--wp--preset--spacing--72);padding-right:var(--wp--preset--spacing--72);padding-bottom:var(--wp--preset--spacing--72);padding-left:var(--wp--preset--spacing--72);font-style:normal;font-weight:500\">\n<p class=\"has-text-align-center has-sizing-medium has-custom-2-font-size\">Saamen kielten viikolle osallistuminen on hieno tapa kantaa t\u00e4rke\u00e4\u00e4 yhteiskuntavastuuta. Tehk\u00e4\u00e4 se mukavasti ja hauskasti, t\u00e4ss\u00e4 on kymmenen vinkki\u00e4, jotka voivat innoittaa.<\/p>\n<\/div>\n\n\n\n<ol start=\"1\" class=\"wp-block-list\">\n<li><strong>Vuotuinen perinne. <\/strong>Merkitk\u00e4\u00e4 kalenteriin viikko 43! Tehk\u00e4\u00e4 Saamen kielten viikosta vuosittainen tapahtuma teille. Oletko ty\u00f6ntekij\u00e4? Ota vastuuta johdon ja viestint\u00e4osaston muistuttamisesta Saamen kielten viikosta.<\/li>\n<\/ol>\n\n\n\n<ol start=\"2\" class=\"wp-block-list\">\n<li><strong>S\u00e4hk\u00f6postin allekirjoitus. <\/strong>T\u00e4m\u00e4 on juuri se viikko, jolloin sopii tehd\u00e4 ja k\u00e4ytt\u00e4\u00e4 saamenkielisi\u00e4 s\u00e4hk\u00f6postiallekirjoituksia!&nbsp; Katsokaa digitaalisia sanakirjoja verkkosivultamme resurssien alta.<\/li>\n<\/ol>\n\n\n\n<ol start=\"3\" class=\"wp-block-list\">\n<li><strong>Saamenkielinen asiakasyhteyshenkil\u00f6. <\/strong>Tarkistakaa onko teill\u00e4 saamea puhuvia ty\u00f6ntekij\u00f6it\u00e4, jotka haluavat auttaa asiakkaita ja yhteisty\u00f6kumppaneita ottamaan teihin yhteytt\u00e4 saameksi. Jos on, niin jaa tietoa sosiaalisessa mediassa.<\/li>\n<\/ol>\n\n\n\n<ol start=\"4\" class=\"wp-block-list\">\n<li><strong>Saamenkielinen ruokalista. <\/strong>Onko teill\u00e4 kahvila tai ruokala? Nyt on hyv\u00e4 k\u00e4\u00e4nt\u00e4\u00e4 ruokalista saameksi.<\/li>\n<\/ol>\n\n\n\n<ol start=\"5\" class=\"wp-block-list\">\n<li><strong>Saamen yhdist\u00e4minen toimialaan\/ammattialaan. <\/strong>Yhdist\u00e4 saamen kieli siihen toimialaan\/ammattialaan, jolla ty\u00f6skentelet. S\u00e4\u00e4? Toimittakaa s\u00e4\u00e4tiedotus Saameksi. Verkkokauppa? Saatekirje saameksi. N\u00e4in kirjeest\u00e4 tulee merkityksellinen teid\u00e4n kohdeyleis\u00f6llenne.<\/li>\n<\/ol>\n\n\n\n<ol start=\"6\" class=\"wp-block-list\">\n<li><strong>Saamen kieli n\u00e4yt\u00f6ill\u00e4nne. <\/strong>Ladatkaa materiaalia verkkosivuiltamme tai laittakaa saamelaista sis\u00e4lt\u00f6\u00e4 n\u00e4yt\u00f6ille.<\/li>\n<\/ol>\n\n\n\n<ol start=\"7\" class=\"wp-block-list\">\n<li><strong>Bures-p\u00e4iv\u00e4. <\/strong>Kannustakaa tervehtim\u00e4\u00e4n saameksi tai jos saame on \u00e4idinkielesi, niin saamen kielell\u00e4, joka ei ole \u00e4idinkielesi.<\/li>\n<\/ol>\n\n\n\n<ol start=\"8\" class=\"wp-block-list\">\n<li><strong>N\u00e4kyvyys. <\/strong>Olkaa hyvi\u00e4 esimerkkej\u00e4 ja jakakaa sis\u00e4lt\u00f6\u00e4 saameksi kilpailujen yhteydess\u00e4 tai yhteisty\u00f6ss\u00e4 influensserien kanssa.<\/li>\n<\/ol>\n\n\n\n<ol start=\"9\" class=\"wp-block-list\">\n<li><strong>Antakaa saamen kuulua. <\/strong>Tehk\u00e4\u00e4 saamenkielinen \u00e4\u00e4niviesti puhelimeen, puheluj\u00e4rjestelm\u00e4\u00e4n tai johonkin muuhun paikkaan, jossa saamen kieli voi kuulua.<\/li>\n<\/ol>\n\n\n\n<ol start=\"10\" class=\"wp-block-list\">\n<li><strong>Tiedot. <\/strong>&nbsp;Miettik\u00e4\u00e4, millaisia tietoja teill\u00e4 on saameksi asiakkaille\/k\u00e4ytt\u00e4jille tai v\u00e4est\u00f6lle t\u00e4n\u00e4\u00e4n, millaisia tietoja teill\u00e4 pit\u00e4isi olla saameksi ja aloittakaa niiden tekeminen saameksi.&nbsp;<br>&nbsp;<br>Onnea sinulle!<\/li>\n<\/ol>\n","protected":false},"excerpt":{"rendered":"<p>Saamen kielten viikolle osallistuminen on hieno tapa kantaa t\u00e4rke\u00e4\u00e4 yhteiskuntavastuuta. Tehk\u00e4\u00e4 se mukavasti ja hauskasti, t\u00e4ss\u00e4 on kymmenen vinkki\u00e4, jotka voivat innoittaa.<\/p>\n","protected":false},"author":85,"featured_media":5303,"parent":439,"menu_order":0,"comment_status":"closed","ping_status":"closed","template":"","meta":{"_acf_changed":false,"footnotes":""},"class_list":["post-5941","page","type-page","status-publish","has-post-thumbnail","hentry"],"acf":[],"_links":{"self":[{"href":"https:\/\/giellavahkku.org\/fi\/wp-json\/wp\/v2\/pages\/5941","targetHints":{"allow":["GET"]}}],"collection":[{"href":"https:\/\/giellavahkku.org\/fi\/wp-json\/wp\/v2\/pages"}],"about":[{"href":"https:\/\/giellavahkku.org\/fi\/wp-json\/wp\/v2\/types\/page"}],"author":[{"embeddable":true,"href":"https:\/\/giellavahkku.org\/fi\/wp-json\/wp\/v2\/users\/85"}],"replies":[{"embeddable":true,"href":"https:\/\/giellavahkku.org\/fi\/wp-json\/wp\/v2\/comments?post=5941"}],"version-history":[{"count":3,"href":"https:\/\/giellavahkku.org\/fi\/wp-json\/wp\/v2\/pages\/5941\/revisions"}],"predecessor-version":[{"id":8990,"href":"https:\/\/giellavahkku.org\/fi\/wp-json\/wp\/v2\/pages\/5941\/revisions\/8990"}],"up":[{"embeddable":true,"href":"https:\/\/giellavahkku.org\/fi\/wp-json\/wp\/v2\/pages\/439"}],"wp:featuredmedia":[{"embeddable":true,"href":"https:\/\/giellavahkku.org\/fi\/wp-json\/wp\/v2\/media\/5303"}],"wp:attachment":[{"href":"https:\/\/giellavahkku.org\/fi\/wp-json\/wp\/v2\/media?parent=5941"}],"curies":[{"name":"wp","href":"https:\/\/api.w.org\/{rel}","templated":true}]}}