{"id":6114,"date":"2023-10-03T09:08:51","date_gmt":"2023-10-03T07:08:51","guid":{"rendered":"https:\/\/giellavahkku.org\/10-tips-til-barnehager\/"},"modified":"2025-08-28T16:33:49","modified_gmt":"2025-08-28T14:33:49","slug":"10-tips-til-barnehager","status":"publish","type":"page","link":"https:\/\/giellavahkku.org\/fi\/om-uken\/10-tips-til-barnehager\/","title":{"rendered":"Kymmenen vinkki\u00e4 p\u00e4iv\u00e4koteihin"},"content":{"rendered":"\n<ol style=\"list-style-type:1\" class=\"wp-block-list\">\n<li><strong>Saamen kieli teemana koko viikon ajan<\/strong>. Pit\u00e4k\u00e4\u00e4 saamen kieli teemana koko viikon ajan ja laittakaa se kuukausisuunnitelmaan (Kieliviikko on joka vuosi viikolla 43). J\u00e4rjest\u00e4k\u00e4\u00e4 saamen kieleen ja kulttuurin liittyv\u00e4\u00e4&nbsp;toimintaa. Laatikaa teille sopiva viikkosuunnitelma alla olevien vinkkien pohjalta.<\/li>\n<\/ol>\n\n\n\n<ol start=\"2\" class=\"wp-block-list\">\n<li><strong>Saamelaiset sadut<\/strong>. Lukekaa saamelaisia satuja lapsille. Saamelaisia lastenkirjoja l\u00f6ytyy sek\u00e4 saameksi ett\u00e4 muilla kielill\u00e4.<\/li>\n<\/ol>\n\n\n\n<ol start=\"3\" class=\"wp-block-list\">\n<li><strong>S\u00e1mi disco<\/strong>. Kuunnelkaa joikuja ja muuta saamelaista musiikkia yhdess\u00e4 lasten kanssa. Luokaa Spotifyihin soittolista, jossa on saamelaista musiikkia ja j\u00e4rjest\u00e4k\u00e4\u00e4 S\u00e1mi disco.<\/li>\n<\/ol>\n\n\n\n<ol start=\"4\" class=\"wp-block-list\">\n<li><strong>Tanssikaa BlimeE!<\/strong>&nbsp;Tanssikaa BlimE-laulun saamelaisille versioille, l\u00f6yd\u00e4tte ne t\u00e4\u00e4lt\u00e4:&nbsp;<a href=\"https:\/\/nrksuper.no\/serie\/blime\/MSUM06001023\/sesong-12\/episode-4\">https:\/\/nrksuper.no\/serie\/blime\/MSUM06001023\/sesong-12\/episode-4<\/a><\/li>\n<\/ol>\n\n\n\n<ol start=\"5\" class=\"wp-block-list\">\n<li><strong>Pelatkaa kielipelej\u00e4<\/strong>. Opettakaa lapsille saamenkielisi\u00e4 sanoja leikkien ja pelien avulla. Yksinkertaiset tervehdykset tai v\u00e4rit voivat olla hyv\u00e4 alku. Jos lapset osaavat saamea, tutustukaa muihin saamen kielen murteisiin.<\/li>\n<\/ol>\n\n\n\n<ol start=\"6\" class=\"wp-block-list\">\n<li><strong>Laulakaa lastenlauluja<\/strong>. Opettakaa helppoja saamelaisia lastenlauluja lapsille. Laulaminen on tehokas tapa v\u00e4litt\u00e4\u00e4 kulttuuria. Voitte my\u00f6s puhua joiusta ja kuunnella erilaisia el\u00e4inten joikuja.<\/li>\n<\/ol>\n\n\n\n<ol start=\"7\" class=\"wp-block-list\">\n<li><strong>Hauskuutelkaa kirjainten kanssa<\/strong>. Kouluryhm\u00e4 voi luoda saamen aakkosjunan tai muita kirjainpelej\u00e4 tutustuttaakseen lapsia saamelaiseen kirjoitukseen.<\/li>\n<\/ol>\n\n\n\n<ol start=\"8\" class=\"wp-block-list\">\n<li><strong>Elokuva- ja kerronta-aika<\/strong>. N\u00e4ytt\u00e4k\u00e4\u00e4 elokuvia tai kirjoja, jotka kuvaavat saamelaista kulttuuria ja el\u00e4m\u00e4\u00e4.<\/li>\n<\/ol>\n\n\n\n<ol start=\"9\" class=\"wp-block-list\">\n<li><strong>Piirt\u00e4k\u00e4\u00e4 saamen lippu<\/strong>. Piirt\u00e4k\u00e4\u00e4 saamen lippu ja opettakaa lapsille saamelaisesta maantieteest\u00e4, murteista ja kielen virallisesta asemasta. Saamen kieless\u00e4 on monta erilaista murretta, keskustellaan lasten kanssa siit\u00e4, millaista murretta p\u00e4iv\u00e4kodissa puhutaan.<\/li>\n<\/ol>\n\n\n\n<ol start=\"10\" class=\"wp-block-list\">\n<li><strong>Tutustukaa saamelaiskulttuuriin<\/strong>. Etsik\u00e4\u00e4 tv-ohjelmia tai elokuvia saamelaiskulttuurissa el\u00e4vist\u00e4 lapsista ja katsokaa n\u00e4it\u00e4 tai kutsukaa vieras, joka voi kertoa jotain saamelaiskulttuurista. Saamelaiskulttuuri on monipuolista, valitkaa jokin osa-alue saamelaiskulttuurista, joka on ajankohtainen teid\u00e4n p\u00e4iv\u00e4kodillinne ja alueellenne jossa olette.<\/li>\n<\/ol>\n","protected":false},"excerpt":{"rendered":"","protected":false},"author":85,"featured_media":0,"parent":439,"menu_order":0,"comment_status":"closed","ping_status":"closed","template":"","meta":{"_acf_changed":false,"footnotes":""},"class_list":["post-6114","page","type-page","status-publish","hentry"],"acf":[],"_links":{"self":[{"href":"https:\/\/giellavahkku.org\/fi\/wp-json\/wp\/v2\/pages\/6114","targetHints":{"allow":["GET"]}}],"collection":[{"href":"https:\/\/giellavahkku.org\/fi\/wp-json\/wp\/v2\/pages"}],"about":[{"href":"https:\/\/giellavahkku.org\/fi\/wp-json\/wp\/v2\/types\/page"}],"author":[{"embeddable":true,"href":"https:\/\/giellavahkku.org\/fi\/wp-json\/wp\/v2\/users\/85"}],"replies":[{"embeddable":true,"href":"https:\/\/giellavahkku.org\/fi\/wp-json\/wp\/v2\/comments?post=6114"}],"version-history":[{"count":2,"href":"https:\/\/giellavahkku.org\/fi\/wp-json\/wp\/v2\/pages\/6114\/revisions"}],"predecessor-version":[{"id":8987,"href":"https:\/\/giellavahkku.org\/fi\/wp-json\/wp\/v2\/pages\/6114\/revisions\/8987"}],"up":[{"embeddable":true,"href":"https:\/\/giellavahkku.org\/fi\/wp-json\/wp\/v2\/pages\/439"}],"wp:attachment":[{"href":"https:\/\/giellavahkku.org\/fi\/wp-json\/wp\/v2\/media?parent=6114"}],"curies":[{"name":"wp","href":"https:\/\/api.w.org\/{rel}","templated":true}]}}