{"id":8826,"date":"2025-08-01T11:28:11","date_gmt":"2025-08-01T09:28:11","guid":{"rendered":"https:\/\/giellavahkku.org\/om-uken\/sprakverktoy\/"},"modified":"2025-10-09T12:37:07","modified_gmt":"2025-10-09T10:37:07","slug":"sprakverktoy","status":"publish","type":"page","link":"https:\/\/giellavahkku.org\/fi\/resurssit-2\/sprakverktoy\/","title":{"rendered":"Spr\u00e5kverkt\u00f8y"},"content":{"rendered":"\n<p class=\"has-sizing-medium\">Det finnes flere digitale spr\u00e5kverkt\u00f8y som stavekontroll til b\u00e5de Windows og Mac, mobiltastatur med stavekontroll til b\u00e5de Android og iOS (iPhone og iPad), ordb\u00f8ker og mye mer. Sjekk ut siden til&nbsp;<a href=\"http:\/\/divvun.no\/no\/\">Divvun<\/a>&nbsp;for enda mer samisk spr\u00e5kteknologi.<\/p>\n\n\n\n<div class=\"wp-block-group is-layout-constrained wp-container-core-group-is-layout-9e49823d wp-block-group-is-layout-constrained\" style=\"margin-top:var(--wp--preset--spacing--150);margin-bottom:var(--wp--preset--spacing--64)\">\n<h2 class=\"wp-block-heading has-text-align-center has-custom-1-font-size\" style=\"text-transform:uppercase\">Apper<\/h2>\n<\/div>\n\n\n\n<div class=\"wp-block-columns alignwide is-layout-flex wp-container-core-columns-is-layout-0a32c70f wp-block-columns-is-layout-flex\">\n<div class=\"wp-block-column has-honey-background-color has-background is-layout-flow wp-block-column-is-layout-flow\" style=\"padding-top:var(--wp--preset--spacing--32);padding-right:var(--wp--preset--spacing--32);padding-bottom:var(--wp--preset--spacing--32);padding-left:var(--wp--preset--spacing--32)\">\n<figure class=\"wp-block-image size-full is-resized\"><img loading=\"lazy\" decoding=\"async\" width=\"503\" height=\"281\" src=\"https:\/\/giellavahkku.org\/wp-content\/uploads\/2021\/10\/bago.png\" alt=\"10\/20 Bago skjermbilde\" class=\"wp-image-988\" style=\"width:auto;height:190px\" srcset=\"https:\/\/giellavahkku.org\/wp-content\/uploads\/2021\/10\/bago.png 503w, https:\/\/giellavahkku.org\/wp-content\/uploads\/2021\/10\/bago-300x168.png 300w\" sizes=\"auto, (max-width: 503px) 100vw, 503px\" \/><\/figure>\n\n\n\n<h2 class=\"wp-block-heading\">10\/20 b\u00e1go &#8211; App for \u00e5 se, h\u00f8re og lese samiske ord<\/h2>\n\n\n\n<p class=\"has-sizing-medium\">Sametinget i Norge har i forbindelse med Samisk spr\u00e5kuke f\u00e5tt laget appen&nbsp;10\/20 b\u00e1go,&nbsp;som kan lastes til b\u00e5de android og iOS telefon. <\/p>\n\n\n\n<p class=\"has-sizing-medium\">I appen kan man se, h\u00f8re og lese 10\/20 ord b\u00e5de p\u00e5 nord-, lule- og s\u00f8rsamisk. Appen kan brukes p\u00e5 skolen og i barnehagen, men selvf\u00f8lgelig ogs\u00e5 i det private livet.<\/p>\n\n\n\n<h3 class=\"wp-block-heading\">To tilh\u00f8rende plakater<\/h3>\n\n\n\n<p class=\"has-sizing-medium\">Sametinget i Norge har ogs\u00e5 laget to plakater til appen, <a href=\"https:\/\/giellavahkku.org\/wp-content\/uploads\/2021\/08\/10-sani_Plakat-70x100_bhg_korr3.pdf\" target=\"_blank\" rel=\"noreferrer noopener\">en med 10 ord<\/a> p\u00e5 nord-, lule- og s\u00f8rsamisk og <a href=\"https:\/\/giellavahkku.org\/wp-content\/uploads\/2021\/08\/20-sani-plakahta.pdf\" target=\"_blank\" rel=\"noreferrer noopener\">en med 20 ord<\/a>.<\/p>\n<\/div>\n\n\n\n<div class=\"wp-block-column has-honey-background-color has-background is-layout-flow wp-block-column-is-layout-flow\" style=\"padding-top:var(--wp--preset--spacing--32);padding-right:var(--wp--preset--spacing--32);padding-bottom:var(--wp--preset--spacing--32);padding-left:var(--wp--preset--spacing--32)\">\n<figure class=\"wp-block-image size-large is-resized\"><img loading=\"lazy\" decoding=\"async\" width=\"1024\" height=\"670\" src=\"https:\/\/giellavahkku.org\/wp-content\/uploads\/2023\/10\/lommeparlor-nedlasting-1-1024x670.jpg\" alt=\"\" class=\"wp-image-5139\" style=\"object-fit:cover;width:288px;height:190px\" srcset=\"https:\/\/giellavahkku.org\/wp-content\/uploads\/2023\/10\/lommeparlor-nedlasting-1-1024x670.jpg 1024w, https:\/\/giellavahkku.org\/wp-content\/uploads\/2023\/10\/lommeparlor-nedlasting-1-300x196.jpg 300w, https:\/\/giellavahkku.org\/wp-content\/uploads\/2023\/10\/lommeparlor-nedlasting-1-768x503.jpg 768w, https:\/\/giellavahkku.org\/wp-content\/uploads\/2023\/10\/lommeparlor-nedlasting-1.jpg 1276w\" sizes=\"auto, (max-width: 1024px) 100vw, 1024px\" \/><\/figure>\n\n\n\n<h2 class=\"wp-block-heading\">Saemesth! &#8211; en app med ord og fraser<\/h2>\n\n\n\n<p class=\"has-sizing-medium\">I forbindelse med spr\u00e5kkampangen \u00absnakk samisk te`m\u00e6\u00bb lagde Sametinget i Norge i 2013 en lommeparl\u00f8r. Parl\u00f8ren var i hovedsak rettet mot ungdom, og tenkt som en hyggelig invitasjon til \u00e5 snakke samisk ved f\u00f8rste m\u00f8te, i hverdagen og p\u00e5 fest. Parl\u00f8ren ble sv\u00e6rt popul\u00e6r blant folk i alle aldre. Den inneholder ingen tung grammatikk bare mer eller mindre nyttige ord og fraser.<\/p>\n\n\n\n<p class=\"has-sizing-medium\">Parl\u00f8ren ble s\u00e5 popul\u00e6r at Sametinget i Norge i 2019 ogs\u00e5 fikk lagd den som en egen app. Det er lyd til utvalgte ord og fraser, og den kan brukes av de som \u00f8nsker \u00e5 l\u00e6re litt samisk, eller for den som \u00f8nsker \u00e5 l\u00e6re noen ord og setninger p\u00e5 et annet samisk spr\u00e5k. <\/p>\n\n\n\n<p><strong>Lommeparl\u00f8ren er gratis og du finner du p\u00e5 App Store og Google Play.<\/strong><\/p>\n<\/div>\n<\/div>\n\n\n\n<div class=\"wp-block-group is-layout-constrained wp-container-core-group-is-layout-9e49823d wp-block-group-is-layout-constrained\" style=\"margin-top:var(--wp--preset--spacing--150);margin-bottom:var(--wp--preset--spacing--64)\">\n<h2 class=\"wp-block-heading has-text-align-center has-custom-1-font-size\" style=\"text-transform:uppercase\">Til PC\/mac<\/h2>\n<\/div>\n\n\n\n<div class=\"wp-block-columns alignwide is-layout-flex wp-container-core-columns-is-layout-508e71b7 wp-block-columns-is-layout-flex\">\n<div class=\"wp-block-column has-honey-background-color has-background is-layout-flow wp-block-column-is-layout-flow\" style=\"padding-top:var(--wp--preset--spacing--32);padding-right:var(--wp--preset--spacing--32);padding-bottom:var(--wp--preset--spacing--32);padding-left:var(--wp--preset--spacing--32)\">\n<h2 class=\"wp-block-heading\">Ordb\u00f8ker<\/h2>\n\n\n\n<p><a href=\"http:\/\/dicts.uit.no\/\">Hos UiT kan du finne ordb\u00f8ker for flere spr\u00e5k<\/a><\/p>\n\n\n\n<div class=\"wp-block-buttons has-sizing-medium is-horizontal is-content-justification-left is-layout-flex wp-container-core-buttons-is-layout-20be11b6 wp-block-buttons-is-layout-flex\">\n<div class=\"wp-block-button\"><a class=\"wp-block-button__link wp-element-button\" href=\"http:\/\/www.satni.org\/\" target=\"_blank\" rel=\"noreferrer noopener\">Nord-og s\u00f8rsamisk \u2194 Norsk<\/a><\/div>\n\n\n\n<div class=\"wp-block-button is-style-fill\"><a class=\"wp-block-button__link wp-element-button\" href=\"https:\/\/sanit.oahpa.no\/sme\/nob\/\" target=\"_blank\" rel=\"noreferrer noopener\">Nordsamisk \u2194 Norsk<\/a><\/div>\n\n\n\n<div class=\"wp-block-button is-style-fill\"><a class=\"wp-block-button__link wp-element-button\" href=\"https:\/\/baakoeh.oahpa.no\/\" target=\"_blank\" rel=\"noreferrer noopener\">S\u00f8rsamisk \u2194 Norsk<\/a><\/div>\n\n\n\n<div class=\"wp-block-button is-style-fill\"><a class=\"wp-block-button__link wp-element-button\" href=\"http:\/\/julev.no\/\" target=\"_blank\" rel=\"noreferrer noopener\">Lulesamisk \u2194 Norsk<\/a><\/div>\n<\/div>\n<\/div>\n\n\n\n<div class=\"wp-block-column has-honey-background-color has-background is-layout-flow wp-block-column-is-layout-flow\" style=\"padding-top:var(--wp--preset--spacing--32);padding-right:var(--wp--preset--spacing--32);padding-bottom:var(--wp--preset--spacing--32);padding-left:var(--wp--preset--spacing--32)\">\n<h2 class=\"wp-block-heading\">Retteprogram<\/h2>\n\n\n\n<p>Du kan&nbsp;<a href=\"http:\/\/divvun.no\/no\/korrektur\/korrektur.html\" target=\"_blank\" rel=\"noreferrer noopener\">laste ned rettskrivingsverkt\u00f8y<\/a> til MS Office for b\u00e5de Windows og Mac. Den er tilgjengelig for nord-, lule og s\u00f8rsamisk.<\/p>\n\n\n\n<h2 class=\"wp-block-heading has-sizing-medium\">Tastatur<\/h2>\n\n\n\n<p class=\"has-sizing-medium\">Du kan laste ned samiske tastatur til b\u00e5de mobil og datamaskinen. <\/p>\n\n\n\n<ul class=\"wp-block-list\">\n<li>Mer om <a href=\"http:\/\/divvun.no\/no\/keyboards\/mobileindex.html\" target=\"_blank\" rel=\"noreferrer noopener\">mobiltastatur<\/a> <\/li>\n\n\n\n<li>Mer om <a href=\"http:\/\/divvun.no\/no\/keyboards\/desktopindex.html\" target=\"_blank\" rel=\"noreferrer noopener\">datamaskintastatur<\/a><\/li>\n<\/ul>\n<\/div>\n<\/div>\n","protected":false},"excerpt":{"rendered":"<p>Det finnes flere digitale spr\u00e5kverkt\u00f8y som stavekontroll til b\u00e5de Windows og Mac, mobiltastatur med stavekontroll til b\u00e5de Android og iOS (iPhone og iPad), ordb\u00f8ker og mye mer. Sjekk ut siden til&nbsp;Divvun&nbsp;for enda mer samisk spr\u00e5kteknologi. 10\/20 b\u00e1go &#8211; App for \u00e5 se, h\u00f8re og lese samiske ord Sametinget i Norge har i forbindelse med Samisk [&hellip;]<\/p>\n","protected":false},"author":97,"featured_media":10859,"parent":9819,"menu_order":1,"comment_status":"closed","ping_status":"closed","template":"","meta":{"_acf_changed":false,"footnotes":""},"class_list":["post-8826","page","type-page","status-publish","has-post-thumbnail","hentry"],"acf":[],"_links":{"self":[{"href":"https:\/\/giellavahkku.org\/fi\/wp-json\/wp\/v2\/pages\/8826","targetHints":{"allow":["GET"]}}],"collection":[{"href":"https:\/\/giellavahkku.org\/fi\/wp-json\/wp\/v2\/pages"}],"about":[{"href":"https:\/\/giellavahkku.org\/fi\/wp-json\/wp\/v2\/types\/page"}],"author":[{"embeddable":true,"href":"https:\/\/giellavahkku.org\/fi\/wp-json\/wp\/v2\/users\/97"}],"replies":[{"embeddable":true,"href":"https:\/\/giellavahkku.org\/fi\/wp-json\/wp\/v2\/comments?post=8826"}],"version-history":[{"count":2,"href":"https:\/\/giellavahkku.org\/fi\/wp-json\/wp\/v2\/pages\/8826\/revisions"}],"predecessor-version":[{"id":8846,"href":"https:\/\/giellavahkku.org\/fi\/wp-json\/wp\/v2\/pages\/8826\/revisions\/8846"}],"up":[{"embeddable":true,"href":"https:\/\/giellavahkku.org\/fi\/wp-json\/wp\/v2\/pages\/9819"}],"wp:featuredmedia":[{"embeddable":true,"href":"https:\/\/giellavahkku.org\/fi\/wp-json\/wp\/v2\/media\/10859"}],"wp:attachment":[{"href":"https:\/\/giellavahkku.org\/fi\/wp-json\/wp\/v2\/media?parent=8826"}],"curies":[{"name":"wp","href":"https:\/\/api.w.org\/{rel}","templated":true}]}}