{"id":8998,"date":"2025-08-28T16:42:23","date_gmt":"2025-08-28T14:42:23","guid":{"rendered":"https:\/\/giellavahkku.org\/?page_id=8998"},"modified":"2025-09-26T22:50:38","modified_gmt":"2025-09-26T20:50:38","slug":"10-tips-til-skoler","status":"publish","type":"page","link":"https:\/\/giellavahkku.org\/fi\/om-uken\/10-tips-til-skoler\/","title":{"rendered":"10 vinkki\u00e4 kouluille"},"content":{"rendered":"\n<h2 class=\"wp-block-heading\"><strong>Kieliviikko on loistava tilaisuus oppia hieman saamea.<\/strong><\/h2>\n\n\n\n<p>Jos oppilaat ovat saamenkielisi\u00e4, voitte keskitty\u00e4 muiden saamen murteiden oppimiseen. Varmistakaa, ett\u00e4 saamen kielen viikko on hauska ja oppilaiden odottama!<\/p>\n\n\n\n<ol start=\"1\" class=\"wp-block-list\">\n<li><strong>Johdanto.<\/strong> Aloita viikko esittelem\u00e4ll\u00e4 saamen kielen viikko. Kerromme saamen kielten tilasta, miksi se on t\u00e4rke\u00e4\u00e4 ja mit\u00e4 viikolle on suunniteltu.<\/li>\n<\/ol>\n\n\n\n<ol start=\"2\" class=\"wp-block-list\">\n<li><strong>Kielinurkkaus.<\/strong> Varaa kouluun tai luokkahuoneeseen alue, jossa on interaktiivisia pelej\u00e4, julisteita ja oppimateriaaleja p\u00e4ivitt\u00e4isen vuorovaikutuksen edist\u00e4miseksi.<\/li>\n<\/ol>\n\n\n\n<ol start=\"3\" class=\"wp-block-list\">\n<li><strong>Kutsu vieras. <\/strong>Kutsu vieras, jolla on kerrottavanaan henkil\u00f6kohtainen kieleen liittyv\u00e4 tarina. T\u00e4m\u00e4 voi olla joku, joka on ottanut kielen takaisin, joku, joka on kokenut norjalaistumisen, joku, joka laulaa saameksi jne.&nbsp;<\/li>\n<\/ol>\n\n\n\n<ol start=\"4\" class=\"wp-block-list\">\n<li><strong>Historian oppitunti.<\/strong> Tutustu saamelaisten historiaan ja keskity erityisesti kieleen.<\/li>\n<\/ol>\n\n\n\n<ol start=\"5\" class=\"wp-block-list\">\n<li><strong>Musiikkitunti. <\/strong>Omista musiikkitunneille joiku- ja saamelaismusiikkikeskustelu. Esittele sek\u00e4 saamelaista perinteist\u00e4 musiikkia ett\u00e4 popmusiikkia.<\/li>\n<\/ol>\n\n\n\n<ol start=\"6\" class=\"wp-block-list\">\n<li><strong>Saamen kielen oppitunnit.<\/strong> Korvaa \u00e4idinkielesi saamella lukuj\u00e4rjestyksess\u00e4. Opi saamen kielen kirjaimia ja peruslauseita ja keskustele kielen rakenteesta.<\/li>\n<\/ol>\n\n\n\n<ol start=\"7\" class=\"wp-block-list\">\n<li><strong>Elokuva.<\/strong> Katso saamenkielinen elokuva ja tarjoile popcornia elokuvan kanssa. Saamen kielelle on historiallisesti ollut ominaista paljon kielteisyytt\u00e4 laajemmalta yhteiskunnalta. Anna oppilaille positiivinen kokemus saamen kielest\u00e4 ja tee t\u00e4st\u00e4 hauska oppitunti.<\/li>\n<\/ol>\n\n\n\n<ol start=\"8\" class=\"wp-block-list\">\n<li><strong>Kielivisa. <\/strong>J\u00e4rjest\u00e4 kielivisa, jossa oppilaat voivat k\u00e4ytt\u00e4\u00e4 apunaan digitaalisia sanakirjoja.<\/li>\n<\/ol>\n\n\n\n<ol start=\"9\" class=\"wp-block-list\">\n<li><strong>Digitaalinen osaaminen.<\/strong> Pyyd\u00e4 oppilaita luomaan digitaalisia esityksi\u00e4 tai videoita siit\u00e4, mit\u00e4 he ovat oppineet saamen kielen viikolla.<\/li>\n<\/ol>\n\n\n\n<ol start=\"10\" class=\"wp-block-list\">\n<li><strong>Pohdinta ja keskustelu. <\/strong>P\u00e4\u00e4t\u00e4 viikko kirjalliseen teht\u00e4v\u00e4\u00e4n tai suulliseen keskusteluun, jossa oppilaat pohtivat saamen kielen viikon merkityst\u00e4.<br>&nbsp;<br>Onnea!<\/li>\n<\/ol>\n","protected":false},"excerpt":{"rendered":"<p>Kieliviikko on loistava tilaisuus oppia hieman saamea. Jos oppilaat ovat saamenkielisi\u00e4, voitte keskitty\u00e4 muiden saamen murteiden oppimiseen. Varmistakaa, ett\u00e4 saamen kielen viikko on hauska ja oppilaiden odottama!<\/p>\n","protected":false},"author":1,"featured_media":9687,"parent":439,"menu_order":0,"comment_status":"closed","ping_status":"closed","template":"","meta":{"_acf_changed":false,"footnotes":""},"class_list":["post-8998","page","type-page","status-publish","has-post-thumbnail","hentry"],"acf":[],"_links":{"self":[{"href":"https:\/\/giellavahkku.org\/fi\/wp-json\/wp\/v2\/pages\/8998","targetHints":{"allow":["GET"]}}],"collection":[{"href":"https:\/\/giellavahkku.org\/fi\/wp-json\/wp\/v2\/pages"}],"about":[{"href":"https:\/\/giellavahkku.org\/fi\/wp-json\/wp\/v2\/types\/page"}],"author":[{"embeddable":true,"href":"https:\/\/giellavahkku.org\/fi\/wp-json\/wp\/v2\/users\/1"}],"replies":[{"embeddable":true,"href":"https:\/\/giellavahkku.org\/fi\/wp-json\/wp\/v2\/comments?post=8998"}],"version-history":[{"count":3,"href":"https:\/\/giellavahkku.org\/fi\/wp-json\/wp\/v2\/pages\/8998\/revisions"}],"predecessor-version":[{"id":9794,"href":"https:\/\/giellavahkku.org\/fi\/wp-json\/wp\/v2\/pages\/8998\/revisions\/9794"}],"up":[{"embeddable":true,"href":"https:\/\/giellavahkku.org\/fi\/wp-json\/wp\/v2\/pages\/439"}],"wp:featuredmedia":[{"embeddable":true,"href":"https:\/\/giellavahkku.org\/fi\/wp-json\/wp\/v2\/media\/9687"}],"wp:attachment":[{"href":"https:\/\/giellavahkku.org\/fi\/wp-json\/wp\/v2\/media?parent=8998"}],"curies":[{"name":"wp","href":"https:\/\/api.w.org\/{rel}","templated":true}]}}