{"id":9819,"date":"2025-09-27T11:34:36","date_gmt":"2025-09-27T09:34:36","guid":{"rendered":"https:\/\/giellavahkku.org\/?page_id=9819"},"modified":"2025-11-21T14:17:06","modified_gmt":"2025-11-21T13:17:06","slug":"resurssit-2","status":"publish","type":"page","link":"https:\/\/giellavahkku.org\/fi\/resurssit-2\/","title":{"rendered":"Resurssit"},"content":{"rendered":"\n<div class=\"wp-block-group is-layout-constrained wp-container-core-group-is-layout-ec27dcee wp-block-group-is-layout-constrained\" style=\"margin-bottom:var(--wp--preset--spacing--72)\">\n<h1 class=\"wp-block-heading has-text-align-center has-custom-7-font-size\" style=\"text-transform:uppercase\">N\u00e4in voit osallistua<\/h1>\n\n\n\n<p class=\"has-text-align-center has-custom-10-font-size\" style=\"font-style:normal;font-weight:500\">T\u00e4\u00e4lt\u00e4 l\u00f6yd\u00e4t ehdotuksia siit\u00e4, mit\u00e4 voit tehd\u00e4 p\u00e4iv\u00e4kodissa, koulussa, ty\u00f6paikalla ja muualla.<\/p>\n<\/div>\n\n\n\n<figure class=\"wp-block-image size-large\"><img loading=\"lazy\" decoding=\"async\" width=\"1024\" height=\"680\" src=\"https:\/\/giellavahkku.org\/wp-content\/uploads\/2023\/10\/manaidgarddithvit-uten-tekst-lysere-1024x680.jpg\" alt=\"\" class=\"wp-image-5757\" srcset=\"https:\/\/giellavahkku.org\/wp-content\/uploads\/2023\/10\/manaidgarddithvit-uten-tekst-lysere-1024x680.jpg 1024w, https:\/\/giellavahkku.org\/wp-content\/uploads\/2023\/10\/manaidgarddithvit-uten-tekst-lysere-300x199.jpg 300w, https:\/\/giellavahkku.org\/wp-content\/uploads\/2023\/10\/manaidgarddithvit-uten-tekst-lysere-768x510.jpg 768w, https:\/\/giellavahkku.org\/wp-content\/uploads\/2023\/10\/manaidgarddithvit-uten-tekst-lysere-1536x1020.jpg 1536w, https:\/\/giellavahkku.org\/wp-content\/uploads\/2023\/10\/manaidgarddithvit-uten-tekst-lysere.jpg 2048w\" sizes=\"auto, (max-width: 1024px) 100vw, 1024px\" \/><\/figure>\n\n\n\n<div class=\"wp-block-group alignwide is-layout-grid wp-container-core-group-is-layout-ff3d376b wp-block-group-is-layout-grid\"><a\nhref=\"https:\/\/giellavahkku.org\/fi\/kymmenen-vinkkia-paivakoteihin\/\"\ndata-block-name=\"gnist\/link-anything\" style=\"padding-top:var(--wp--preset--spacing--72);padding-bottom:var(--wp--preset--spacing--72);padding-left:var(--wp--preset--spacing--48);padding-right:var(--wp--preset--spacing--48);\" class=\"gc-link-anything alignwide wp-block-gnist-link-anything has-background has-blush-background-color is-layout-flow wp-block-gnist-link-anything-is-layout-flow\" aria-label=\"Go to https:\/\/giellavahkku.org\/fi\/kymmenen-vinkkia-paivakoteihin\/\">\n\t\n\n<h3 class=\"wp-block-heading has-text-align-center has-condensed-bold-font-family has-custom-1-font-size\" style=\"margin-top:var(--wp--preset--spacing--16);margin-bottom:var(--wp--preset--spacing--16);letter-spacing:0px;line-height:1\">P\u00e4iv\u00e4kodit<\/h3>\n\n<\/a>\n\n\n<a\nhref=\"https:\/\/giellavahkku.org\/fi\/opettele-20-sanaa-saameksi\/\"\ndata-block-name=\"gnist\/link-anything\" style=\"padding-top:var(--wp--preset--spacing--72);padding-bottom:var(--wp--preset--spacing--72);padding-left:var(--wp--preset--spacing--48);padding-right:var(--wp--preset--spacing--48);\" class=\"gc-link-anything alignwide wp-block-gnist-link-anything has-background has-blush-background-color is-layout-flow wp-block-gnist-link-anything-is-layout-flow\" aria-label=\"Go to https:\/\/giellavahkku.org\/fi\/opettele-20-sanaa-saameksi\/\">\n\t\n\n<h3 class=\"wp-block-heading has-text-align-center has-condensed-bold-font-family has-custom-1-font-size\" style=\"margin-top:var(--wp--preset--spacing--16);margin-bottom:var(--wp--preset--spacing--16);letter-spacing:0px;line-height:1\">Koulut<\/h3>\n\n<\/a>\n\n\n<a\nhref=\"https:\/\/giellavahkku.org\/fi\/om-uken\/10-tips-til-bedrifter-og-institusjoner\/\"\ndata-block-name=\"gnist\/link-anything\" style=\"padding-top:var(--wp--preset--spacing--72);padding-bottom:var(--wp--preset--spacing--72);padding-left:var(--wp--preset--spacing--48);padding-right:var(--wp--preset--spacing--48);\" class=\"gc-link-anything alignwide wp-block-gnist-link-anything has-background has-blush-background-color is-layout-flow wp-block-gnist-link-anything-is-layout-flow\" aria-label=\"Go to https:\/\/giellavahkku.org\/fi\/om-uken\/10-tips-til-bedrifter-og-institusjoner\/\">\n\t\n\n<h3 class=\"wp-block-heading has-text-align-center has-condensed-bold-font-family has-custom-1-font-size\" style=\"margin-top:var(--wp--preset--spacing--16);margin-bottom:var(--wp--preset--spacing--16);letter-spacing:0px;line-height:1\">Yritykset ja instituutiot<\/h3>\n\n<\/a>\n<\/div>\n\n\n\n<div class=\"wp-block-group alignwide has-honey-background-color has-background is-layout-flow wp-block-group-is-layout-flow\" style=\"padding-top:var(--wp--preset--spacing--72);padding-right:var(--wp--preset--spacing--72);padding-bottom:var(--wp--preset--spacing--72);padding-left:var(--wp--preset--spacing--72);font-style:normal;font-weight:500\">\n<p>Me toivomme, ett\u00e4 osallistut Saamen kielten viikon j\u00e4nnitt\u00e4viin tapahtumiin, olkoon se fyysinen tai digitaalinen tapahtuma. Kirjoita saameksi sosiaalisessa mediassa koko viikon ajan,\u00a0 tuo sin\u00e4kin n\u00e4kyville meid\u00e4n kultakieli\u00e4.<\/p>\n\n\n\n<p>Suosittelemme katsomaan ohjelmaa l\u00f6yt\u00e4\u00e4ksesi tapahtumia l\u00e4helt\u00e4si. Ota mielell\u00e4\u00e4n yhteytt\u00e4 sinua l\u00e4himp\u00e4\u00e4n kielikeskukseen ja kysy heilt\u00e4 apua l\u00f6yt\u00e4\u00e4ksesi kieliviikon tapahtumia. Suosittelemme my\u00f6s seuraamaan Saamen kielten viikon Facebook-sivu<\/p>\n\n\n\n<p>\u201dGiellavahkku\/G\u00efelev\u00e5hkoe\/Giellavahkko\/Samisk spr\u00e5kuke\u201d, josta n\u00e4et koko Saamenmaan uutiset. Saamen kielten viikolla on my\u00f6s oma Instagrammi \u201dgiellavahkku\u201d jossa julkaistaan filmej\u00e4, kuvia ja uutisia koko viikon.<\/p>\n\n\n\n<p class=\"has-text-align-center has-sizing-medium has-custom-2-font-size\"><\/p>\n<\/div>\n\n\n\n<p class=\"has-sizing-medium\"><\/p>\n\n\n\n<div class=\"wp-block-cover is-light\"><img decoding=\"async\" class=\"wp-block-cover__image-background wp-image-990 size-full\" alt=\"10\/20 Bago skjermbilde\" src=\"https:\/\/giellavahkku.org\/wp-content\/uploads\/2021\/10\/bago.png\" data-object-fit=\"cover\"\/><span aria-hidden=\"true\" class=\"wp-block-cover__background has-background-dim\" style=\"background-color:#c3b4cc\"><\/span><div class=\"wp-block-cover__inner-container is-layout-constrained wp-block-cover-is-layout-constrained\">\n<div class=\"wp-block-buttons is-content-justification-center is-layout-flex wp-container-core-buttons-is-layout-a89b3969 wp-block-buttons-is-layout-flex\">\n<div class=\"wp-block-button\"><a class=\"wp-block-button__link wp-element-button\" href=\"https:\/\/giellavahkku.org\/fi\/sprakverktoy\/\">Kielity\u00f6kalut<\/a><\/div>\n<\/div>\n<\/div><\/div>\n\n\n\n<p><\/p>\n","protected":false},"excerpt":{"rendered":"<p>Me toivomme, ett\u00e4 osallistut Saamen kielten viikon j\u00e4nnitt\u00e4viin tapahtumiin, olkoon se fyysinen tai digitaalinen tapahtuma. Kirjoita saameksi sosiaalisessa mediassa koko viikon ajan,\u00a0 tuo sin\u00e4kin n\u00e4kyville meid\u00e4n kultakieli\u00e4. Suosittelemme katsomaan ohjelmaa l\u00f6yt\u00e4\u00e4ksesi tapahtumia l\u00e4helt\u00e4si. Ota mielell\u00e4\u00e4n yhteytt\u00e4 sinua l\u00e4himp\u00e4\u00e4n kielikeskukseen ja kysy heilt\u00e4 apua l\u00f6yt\u00e4\u00e4ksesi kieliviikon tapahtumia. Suosittelemme my\u00f6s seuraamaan Saamen kielten viikon Facebook-sivu \u201dGiellavahkku\/G\u00efelev\u00e5hkoe\/Giellavahkko\/Samisk spr\u00e5kuke\u201d, [&hellip;]<\/p>\n","protected":false},"author":85,"featured_media":0,"parent":0,"menu_order":0,"comment_status":"closed","ping_status":"closed","template":"wp-custom-template-side-banner","meta":{"_acf_changed":false,"footnotes":""},"class_list":["post-9819","page","type-page","status-publish","hentry"],"acf":[],"_links":{"self":[{"href":"https:\/\/giellavahkku.org\/fi\/wp-json\/wp\/v2\/pages\/9819","targetHints":{"allow":["GET"]}}],"collection":[{"href":"https:\/\/giellavahkku.org\/fi\/wp-json\/wp\/v2\/pages"}],"about":[{"href":"https:\/\/giellavahkku.org\/fi\/wp-json\/wp\/v2\/types\/page"}],"author":[{"embeddable":true,"href":"https:\/\/giellavahkku.org\/fi\/wp-json\/wp\/v2\/users\/85"}],"replies":[{"embeddable":true,"href":"https:\/\/giellavahkku.org\/fi\/wp-json\/wp\/v2\/comments?post=9819"}],"version-history":[{"count":2,"href":"https:\/\/giellavahkku.org\/fi\/wp-json\/wp\/v2\/pages\/9819\/revisions"}],"predecessor-version":[{"id":9886,"href":"https:\/\/giellavahkku.org\/fi\/wp-json\/wp\/v2\/pages\/9819\/revisions\/9886"}],"wp:attachment":[{"href":"https:\/\/giellavahkku.org\/fi\/wp-json\/wp\/v2\/media?parent=9819"}],"curies":[{"name":"wp","href":"https:\/\/api.w.org\/{rel}","templated":true}]}}