{"id":446,"date":"2021-08-24T16:22:06","date_gmt":"2021-08-24T14:22:06","guid":{"rendered":"https:\/\/giellavahkku.org\/om-uken\/"},"modified":"2025-09-25T16:58:31","modified_gmt":"2025-09-25T14:58:31","slug":"om-uken","status":"publish","type":"page","link":"https:\/\/giellavahkku.org\/sma\/om-uken\/","title":{"rendered":"Mij G\u00efelev\u00e5hkoe?"},"content":{"rendered":"\n<div class=\"wp-block-group is-layout-constrained wp-container-core-group-is-layout-ec27dcee wp-block-group-is-layout-constrained\" style=\"margin-bottom:var(--wp--preset--spacing--72)\">\n<h1 class=\"wp-block-heading has-text-align-center has-custom-7-font-size\" style=\"text-transform:uppercase\">Mij G\u00efelev\u00e5hkoe?<\/h1>\n\n\n\n<p class=\"has-text-align-center has-custom-10-font-size\" style=\"font-style:normal;font-weight:500\">G\u00efelev\u00e5hkoe akte bielie Saemiedigkien guhkiebasse g\u00efelebarkoste \u2013 G\u00efelelutnjeme.<\/p>\n<\/div>\n\n\n\n<div class=\"wp-block-group alignwide has-honey-background-color has-background is-layout-flow wp-block-group-is-layout-flow\" style=\"padding-top:var(--wp--preset--spacing--72);padding-right:var(--wp--preset--spacing--72);padding-bottom:var(--wp--preset--spacing--72);padding-left:var(--wp--preset--spacing--72);font-style:normal;font-weight:500\">\n<h2 class=\"wp-block-heading\">G\u00efelev\u00e5hkoe<\/h2>\n\n\n\n<p class=\"has-sizing-medium\">Ulmie G\u00efelev\u00e5hkojne lea statusem lutnjedh saemien g\u00efelide, j\u00efh daajroem saemien g\u00efeli j\u00efh kultuvren b\u00efjre lutnjedh abpe seabradahkesne. Raaktan daan v\u00e5hkoen saemien g\u00efelh edtjieh govledh j\u00efh v\u00e5\u00e5jnedh gaajhkem lehkiem.<\/p>\n\n\n\n<div class=\"wp-block-columns is-layout-flex wp-container-core-columns-is-layout-28f84493 wp-block-columns-is-layout-flex\">\n<div class=\"wp-block-column is-layout-flow wp-block-column-is-layout-flow\">\n<figure class=\"wp-block-image size-large\"><img loading=\"lazy\" decoding=\"async\" width=\"1024\" height=\"778\" src=\"https:\/\/giellavahkku.org\/wp-content\/uploads\/2024\/08\/bilde-med-buttons-1024x778.jpg\" alt=\"\" class=\"wp-image-6830\" srcset=\"https:\/\/giellavahkku.org\/wp-content\/uploads\/2024\/08\/bilde-med-buttons-1024x778.jpg 1024w, https:\/\/giellavahkku.org\/wp-content\/uploads\/2024\/08\/bilde-med-buttons-300x228.jpg 300w, https:\/\/giellavahkku.org\/wp-content\/uploads\/2024\/08\/bilde-med-buttons-768x584.jpg 768w, https:\/\/giellavahkku.org\/wp-content\/uploads\/2024\/08\/bilde-med-buttons-1536x1167.jpg 1536w, https:\/\/giellavahkku.org\/wp-content\/uploads\/2024\/08\/bilde-med-buttons-scaled.jpg 2048w\" sizes=\"auto, (max-width: 1024px) 100vw, 1024px\" \/><\/figure>\n<\/div>\n\n\n\n<div class=\"wp-block-column is-layout-flow wp-block-column-is-layout-flow\">\n<p>G\u00efelev\u00e5hkoe lea aktivy\u00f6ki barkoe juktie daajroem saemien g\u00efeli b\u00efjre v\u00e5ajnoes darjodh j\u00efh lissiehtidh abpe seabradahkesne. Privaate j\u00efh by\u00f6gkeles institusjovnh, jieleme, organisasjovnh j\u00efh jeatjah akt\u00f6\u00f6rh b\u00f6\u00f6resuvvieh saemien g\u00efelh v\u00e5ajnoes darjodh raaktan daan v\u00e5hkoen. Ektesne stuerebe d\u00efedtem vaeltebe ihke saemien g\u00efelh govloeh, v\u00e5\u00e5jnoeh j\u00efh \u00e5tnasuvvieh gaajhkine seabradahkesuerkine.<\/p>\n<\/div>\n<\/div>\n\n\n\n<p class=\"has-sizing-medium\">G\u00efelev\u00e5hkoe akte bielie Saemiedigkien guhkiebasse g\u00efelebarkoste \u2013 G\u00efelelutnjeme.<\/p>\n\n\n\n<figure class=\"wp-block-image size-large\"><img decoding=\"async\" src=\"https:\/\/giellavahkku.org\/wp-content\/uploads\/2023\/10\/samediggi-1024x680.jpg\" alt=\"\" class=\"wp-image-5268\"\/><\/figure>\n\n\n\n<h2 class=\"wp-block-heading\">Man \u00e5vteste G\u00efelev\u00e5hkoe vihkele?<\/h2>\n\n\n\n<p class=\"has-sizing-medium\">Jalhts leah vaahresne n\u00e5hkedidh, saemien g\u00efelh j\u00e5erhkieh kreeptjedidh. Nov lea h\u00e5hkoe. Akte sj\u00efdtije voerkesvoete saemiej luvnie g\u00efelen j\u00efh g\u00efeleveeljemen b\u00efjre, j\u00efh ahkedh jienebh veeljieh meatan \u00e5rrodh kuvsjine juktie g\u00efelem b\u00e5\u00e5stede vaeltedh maam aarebi boelvh leah dasseme. Dajvine gusnie saemien ij leah \u00e5tnosne orreme akte jallh g\u00f6\u00f6kte boelvh, noere geerve almetjh daelie g\u00efelem b\u00e5\u00e5stede vaeltieh j\u00efh v\u00e5\u00e5regelaakan pry\u00f6voeh dam guhkiebasse vedtedh sijjen maanide. Orre boelve saamastallije maanajgujmie sj\u00efdtedeminie.<\/p>\n\n\n\n<p class=\"has-sizing-medium\">Dovne Saepmien n\u00f6\u00f6rjen, sveerjen j\u00efh soemen bielesne d\u00e5\u00e5jrebe stoerreseabradahke eantan stuerebe \u00efedtjem j\u00efh eadtjohkevoetem saemien g\u00efelijste vuesehte, j\u00efh saemieh gaajhkine laantine stuerebe j\u00e5\u00e5hkesjimmiem sijjen kultuvrese j\u00efh sijjen g\u00efelide d\u00e5\u00e5jroeh. \u00cfedtje saemien siebriedahkese lea stoerre, j\u00efh t\u00efjje ektie aktivy\u00f6ki g\u00efelebarkoen \u00e5vteste ij lij maahteme buerebe \u00e5rrodh.<\/p>\n<\/div>\n\n\n\n<p class=\"has-sizing-medium\"><\/p>\n","protected":false},"excerpt":{"rendered":"<p>G\u00efelev\u00e5hkoe Ulmie G\u00efelev\u00e5hkojne lea statusem lutnjedh saemien g\u00efelide, j\u00efh daajroem saemien g\u00efeli j\u00efh kultuvren b\u00efjre lutnjedh abpe seabradahkesne. Raaktan daan v\u00e5hkoen saemien g\u00efelh edtjieh govledh j\u00efh v\u00e5\u00e5jnedh gaajhkem lehkiem. G\u00efelev\u00e5hkoe lea aktivy\u00f6ki barkoe juktie daajroem saemien g\u00efeli b\u00efjre v\u00e5ajnoes darjodh j\u00efh lissiehtidh abpe seabradahkesne. Privaate j\u00efh by\u00f6gkeles institusjovnh, jieleme, organisasjovnh j\u00efh jeatjah akt\u00f6\u00f6rh b\u00f6\u00f6resuvvieh saemien [&hellip;]<\/p>\n","protected":false},"author":1,"featured_media":0,"parent":0,"menu_order":0,"comment_status":"closed","ping_status":"closed","template":"wp-custom-template-side-banner","meta":{"_acf_changed":false,"footnotes":""},"class_list":["post-446","page","type-page","status-publish","hentry"],"acf":[],"_links":{"self":[{"href":"https:\/\/giellavahkku.org\/sma\/wp-json\/wp\/v2\/pages\/446","targetHints":{"allow":["GET"]}}],"collection":[{"href":"https:\/\/giellavahkku.org\/sma\/wp-json\/wp\/v2\/pages"}],"about":[{"href":"https:\/\/giellavahkku.org\/sma\/wp-json\/wp\/v2\/types\/page"}],"author":[{"embeddable":true,"href":"https:\/\/giellavahkku.org\/sma\/wp-json\/wp\/v2\/users\/1"}],"replies":[{"embeddable":true,"href":"https:\/\/giellavahkku.org\/sma\/wp-json\/wp\/v2\/comments?post=446"}],"version-history":[{"count":2,"href":"https:\/\/giellavahkku.org\/sma\/wp-json\/wp\/v2\/pages\/446\/revisions"}],"predecessor-version":[{"id":9556,"href":"https:\/\/giellavahkku.org\/sma\/wp-json\/wp\/v2\/pages\/446\/revisions\/9556"}],"wp:attachment":[{"href":"https:\/\/giellavahkku.org\/sma\/wp-json\/wp\/v2\/media?parent=446"}],"curies":[{"name":"wp","href":"https:\/\/api.w.org\/{rel}","templated":true}]}}