{"id":5697,"date":"2023-10-11T18:04:21","date_gmt":"2023-10-11T16:04:21","guid":{"rendered":"https:\/\/giellavahkku.org\/?page_id=5697"},"modified":"2023-10-11T18:04:23","modified_gmt":"2023-10-11T16:04:23","slug":"luhkie-tipsh-maanagiertide","status":"publish","type":"page","link":"https:\/\/giellavahkku.org\/sma\/luhkie-tipsh-maanagiertide\/","title":{"rendered":"Luhkie tipsh maanag\u00efertide"},"content":{"rendered":"\n<figure class=\"wp-block-image size-large\"><img loading=\"lazy\" decoding=\"async\" width=\"1024\" height=\"680\" src=\"https:\/\/giellavahkku.org\/wp-content\/uploads\/2023\/10\/barnehagesak-giellavahkku-1-1024x680.jpg\" alt=\"\" class=\"wp-image-5209\" srcset=\"https:\/\/giellavahkku.org\/wp-content\/uploads\/2023\/10\/barnehagesak-giellavahkku-1-1024x680.jpg 1024w, https:\/\/giellavahkku.org\/wp-content\/uploads\/2023\/10\/barnehagesak-giellavahkku-1-300x199.jpg 300w, https:\/\/giellavahkku.org\/wp-content\/uploads\/2023\/10\/barnehagesak-giellavahkku-1-768x510.jpg 768w, https:\/\/giellavahkku.org\/wp-content\/uploads\/2023\/10\/barnehagesak-giellavahkku-1-1536x1020.jpg 1536w, https:\/\/giellavahkku.org\/wp-content\/uploads\/2023\/10\/barnehagesak-giellavahkku-1.jpg 2048w\" sizes=\"auto, (max-width: 1024px) 100vw, 1024px\" \/><\/figure>\n\n\n\n<ol class=\"wp-block-list\" type=\"1\">\n<li><strong>Saemien g\u00efele goh teema abpe v\u00e5hkoem. <\/strong>Utnede saemieng\u00efelem goh teema abpe v\u00e5hkoem j\u00efh b\u00efejede dam askesoejkesjasse (v\u00e5hkoen 43 f\u00eferhten jaepien). Sj\u00efehteladtede darjoemidie saemien g\u00efelen j\u00efh kultuvren b\u00efjre. Darjode v\u00e5hkoesoejkesjem dej tipsi mietie vuelielisnie mah dijjese sjiehtieh..<\/li>\n<\/ol>\n\n\n\n<ol class=\"wp-block-list\" start=\"2\">\n<li><strong>Saemien heamturh. <\/strong>Lohkede saemien heamturh maanide. Saemien maanag\u00e6rjah dovne saemieng\u00efelesne j\u00efh jeatjah g\u00efeline g\u00e5\u00e5vnesieh.<\/li>\n<\/ol>\n\n\n\n<ol class=\"wp-block-list\" start=\"3\">\n<li><strong>Saemien diskoe. <\/strong>Goltelidie joejkese, vualan j\u00efh jeatjah saemien musihkese maanajgujmie ektine. Darjode sp\u00efelemel\u00e6stoem saemien musihkine Spotifysne j\u00efh utnede saemien diskoem.<\/li>\n<\/ol>\n\n\n\n<ol class=\"wp-block-list\" start=\"4\">\n<li><strong>Daanhtsode bliMe<\/strong>. Daanhtsode dejtie ovmessie saemien BliMe-laavloemidie, datne dejtie daesnie gaavnh: <a href=\"https:\/\/nrksuper.no\/serie\/blime\/MSUM06001023\/sesong-12\/episode-4\">https:\/\/nrksuper.no\/serie\/blime\/MSUM06001023\/sesong-12\/episode-4<\/a><\/li>\n<\/ol>\n\n\n\n<ol class=\"wp-block-list\" start=\"5\">\n<li><strong>Sp\u00efelede g\u00efelesp\u00efelh<\/strong>. \u00c5ehpiedehtede saemien baakoeh maanide st\u00e5\u00e5kedimmien j\u00efh sp\u00efelemen tjirrh. Aelhkie heelsegh jallh klaerieh maehtieh hijven aalkovinie \u00e5rrodh. Jis maanah saemiestieh, baajede dejtie \u00e5ahpenidh dej jeatjah saemien smaarehg\u00efeligujmie.<\/li>\n<\/ol>\n\n\n\n<ol class=\"wp-block-list\" start=\"6\">\n<li><strong>Laavlode maanalaavlomh.<\/strong> Leerede maanide aelhkie saemien maanalaavlomh. Laavlome lea f\u00e5\u00e5mijes vuekie kultuvrem \u00e5ehpiedehtedh. Maehtede aaj vuelien b\u00efjre soptsestidh, j\u00efh ovmessie kreekevuelieh goltelidh.<\/li>\n<\/ol>\n\n\n\n<ol class=\"wp-block-list\" start=\"7\">\n<li><strong>Bokstaavigujmie lustestalleedh. <\/strong>Skuvled\u00e5ehkie maahta saemien alfabeeteraajroem jallh jeatjah bokstaavesp\u00efelh darjodh juktie saemien tjaelemem maanide \u00e5ehpiedehtedh.<\/li>\n<\/ol>\n\n\n\n<ol class=\"wp-block-list\" start=\"8\">\n<li><strong>Filme- j\u00efh soptsesest\u00e5ante<\/strong>. Vuesiehtidie filmh jallh g\u00e6rjah guvviejgujmie mah leah saemien kultuvren j\u00efh jieleden b\u00efjre.<\/li>\n<\/ol>\n\n\n\n<ol class=\"wp-block-list\" start=\"9\">\n<li><strong>Guvviedidie saemien saevegem. <\/strong>Guvviedidie saemien saevegem j\u00efh baajede maanah l\u00eferedh saemiej geografijen, smaarehg\u00efeli j\u00efh g\u00efelen by\u00f6gkeles statusen b\u00efjre. Gellie ovmessie smaarehg\u00efelh saemieng\u00efelesne, soptsestidie maanajgujmie magkeres smaareg\u00efele mij soptses\u00e5vva desnie gusnie maanagierte lea.<\/li>\n<\/ol>\n\n\n\n<ol class=\"wp-block-list\" start=\"10\">\n<li><strong>L\u00eferede saemien kultuvren b\u00efjre. <\/strong>Gaavnede tv-raajroeh jallh filmh maanaj b\u00efjre mah saemien kultuvresne jielieh j\u00efh vuartasjidie dejtie, jallh b\u00f6\u00f6redidie guessiem mij maahta maam akt saemien kultuvren b\u00efjre soptsestidh. Saemien kultuvre gellielaaketje, veeljede maam akt mij sjy\u00f6htehke desnie gusnie dijjieh h\u00f6\u00f6ltestidie. <\/li>\n<\/ol>\n","protected":false},"excerpt":{"rendered":"","protected":false},"author":85,"featured_media":0,"parent":0,"menu_order":0,"comment_status":"closed","ping_status":"closed","template":"","meta":{"_acf_changed":false,"footnotes":""},"class_list":["post-5697","page","type-page","status-publish","hentry"],"acf":[],"_links":{"self":[{"href":"https:\/\/giellavahkku.org\/sma\/wp-json\/wp\/v2\/pages\/5697","targetHints":{"allow":["GET"]}}],"collection":[{"href":"https:\/\/giellavahkku.org\/sma\/wp-json\/wp\/v2\/pages"}],"about":[{"href":"https:\/\/giellavahkku.org\/sma\/wp-json\/wp\/v2\/types\/page"}],"author":[{"embeddable":true,"href":"https:\/\/giellavahkku.org\/sma\/wp-json\/wp\/v2\/users\/85"}],"replies":[{"embeddable":true,"href":"https:\/\/giellavahkku.org\/sma\/wp-json\/wp\/v2\/comments?post=5697"}],"version-history":[{"count":1,"href":"https:\/\/giellavahkku.org\/sma\/wp-json\/wp\/v2\/pages\/5697\/revisions"}],"predecessor-version":[{"id":5704,"href":"https:\/\/giellavahkku.org\/sma\/wp-json\/wp\/v2\/pages\/5697\/revisions\/5704"}],"wp:attachment":[{"href":"https:\/\/giellavahkku.org\/sma\/wp-json\/wp\/v2\/media?parent=5697"}],"curies":[{"name":"wp","href":"https:\/\/api.w.org\/{rel}","templated":true}]}}