{"id":5919,"date":"2023-10-11T13:41:14","date_gmt":"2023-10-11T11:41:14","guid":{"rendered":"https:\/\/giellavahkku.org\/10-tips-til-skoler\/"},"modified":"2025-08-28T16:43:20","modified_gmt":"2025-08-28T14:43:20","slug":"10-tips-til-skoler","status":"publish","type":"page","link":"https:\/\/giellavahkku.org\/sma\/om-uken\/10-tips-til-skoler\/","title":{"rendered":"10 raerieh skuvlide"},"content":{"rendered":"\n<h3 class=\"wp-block-heading\"><strong>Mijjieh 10 raerieh dorjeme goh skraejrie skuvlese. Jis learohkh leah saemieng\u00efeleldh maahta jarngesne utnedh jeatjah saemien smaarehg\u00efeli jallh g\u00efeli b\u00efjre l\u00eferedh, j\u00efh jis saemien ammesg\u00efeline utnieh dellie hijven \u00e5nnetji saemien l\u00eferedh daan v\u00e5hkoen. Sjiehtedh aaltered\u00e5ahkan maam \u00f6\u00f6hpehth j\u00efh hoksh g\u00efelev\u00e5hkoe luste sj\u00e6dta j\u00efh mij akt m\u00efsse learohkh aavoedieh!<\/strong><\/h3>\n\n\n\n<ol start=\"1\" class=\"wp-block-list\">\n<li><strong>\u00c5ehpiedehteme. <\/strong>Aelkieh v\u00e5hkoem \u00e5ehpiedehtieminie g\u00efelev\u00e5hkoste. Saemien g\u00efeli statusen b\u00efjre, mannasinie daate vihkele j\u00efh v\u00e5hkoen soejkesjen b\u00efjre.&nbsp;<\/li>\n<\/ol>\n\n\n\n<ol start=\"2\" class=\"wp-block-list\">\n<li><strong>G\u00efeleroene. <\/strong>Sjiehtedh aktem dajvem skuvlesne jallh klaassetj\u00efehtjelisnie saemien g\u00efelel\u00eferemasse, interaktijve sp\u00efeligujmie, plakaath j\u00efh learoematerijellh gusnie madtjeldahta saemieng\u00efelesne gaskesadtedh f\u00eferhten biejjien.<\/li>\n<\/ol>\n\n\n\n<ol start=\"3\" class=\"wp-block-list\">\n<li><strong>B\u00f6\u00f6redh guessiem. <\/strong>B\u00f6\u00f6redh guessiem gie persovneles histovrijem \u00e5tna soptsestidh. Maahta akte \u00e5rrodh gie g\u00efelem b\u00e5\u00e5stede vaalteme, akte gie daaroedehtemem d\u00e5\u00e5jri, akte gie saemieng\u00efelesne l\u00e5\u00e5vle jnv.<\/li>\n<\/ol>\n\n\n\n<ol start=\"4\" class=\"wp-block-list\">\n<li><strong>Histovrijet\u00e6jmoe. <\/strong>Kraanskode saemien histovrijem j\u00efh utnieh sj\u00efere fokusem g\u00efelese.&nbsp;<\/li>\n<\/ol>\n\n\n\n<ol start=\"5\" class=\"wp-block-list\">\n<li><strong>Musihket\u00e6jmoe. <\/strong>Baajh musihket\u00e6jmoeh vuelien j\u00efh saemien musihken b\u00efjre \u00e5rrodh. \u00c5ehpiedehtieh maaje saemien aerpievuekien musihkem j\u00efh pop-musihkem.<\/li>\n<\/ol>\n\n\n\n<ol start=\"6\" class=\"wp-block-list\">\n<li><strong><strong>Saemient\u00e6jmoeh. <\/strong>M\u00e5lsoeh ietnieng\u00efelem saemieng\u00efeline t\u00e6jmoesoejkesjisnie. L\u00eferh saemien bokstaavh j\u00efh vihkeles raajesh, j\u00efh digkiedidie g\u00efelen struktuvrem.<\/strong><\/li>\n<\/ol>\n\n\n\n<ol start=\"7\" class=\"wp-block-list\">\n<li><strong>Filme. <\/strong>Vuartasjidie saemien filmem j\u00efh g\u00e5assohth popcorn filmese. Histovrijen tjirrh j\u00efjnje negativiteete orreme stoerreseabradahkeste don saemien v\u00f6\u00f6ste, baajh learohkh positijve d\u00e5\u00e5jresem saemien g\u00efeline \u00e5adtjodh, j\u00efh darjoeh guktie daate murreds t\u00e6jmojne sj\u00e6dta.<\/li>\n<\/ol>\n\n\n\n<ol start=\"8\" class=\"wp-block-list\">\n<li><strong>G\u00efelequiz. <\/strong>\u00d6\u00f6rnedh g\u00efelequizem, learohkh maehtieh digitaale baakoeg\u00e6rjah viehkievierhtine nuhtjedh.<\/li>\n<\/ol>\n\n\n\n<ol start=\"9\" class=\"wp-block-list\">\n<li><strong>Digitaale maahtoe. <\/strong>Baajh learoehkidie digitaale \u00e5ehpiedehtemh jallh videjovh darjodh dan b\u00efjre maam leah l\u00efereme G\u00efelev\u00e5hkoen.<\/li>\n<\/ol>\n\n\n\n<ol start=\"10\" class=\"wp-block-list\">\n<li><strong>Ussjedadteme j\u00efh digkiedimmie. <\/strong>Galhkede v\u00e5hkoem tjaaleldh laavenjassine jallh njaalmeldh digkiedimmine gusnie learohkh g\u00efelev\u00e5hkoen vihkelesvoeten bijjelen ussjededtieh.<\/li>\n<\/ol>\n","protected":false},"excerpt":{"rendered":"<p>Mijjieh 10 raerieh dorjeme goh skraejrie skuvlese. Jis learohkh leah saemieng\u00efeleldh maahta jarngesne utnedh jeatjah saemien smaarehg\u00efeli jallh g\u00efeli b\u00efjre l\u00eferedh, j\u00efh jis saemien ammesg\u00efeline utnieh dellie hijven \u00e5nnetji saemien l\u00eferedh daan v\u00e5hkoen. Sjiehtedh aaltered\u00e5ahkan maam \u00f6\u00f6hpehth j\u00efh hoksh g\u00efelev\u00e5hkoe luste sj\u00e6dta j\u00efh mij akt m\u00efsse learohkh aavoedieh!<\/p>\n","protected":false},"author":85,"featured_media":5859,"parent":446,"menu_order":0,"comment_status":"closed","ping_status":"closed","template":"","meta":{"_acf_changed":false,"footnotes":""},"class_list":["post-5919","page","type-page","status-publish","has-post-thumbnail","hentry"],"acf":[],"_links":{"self":[{"href":"https:\/\/giellavahkku.org\/sma\/wp-json\/wp\/v2\/pages\/5919","targetHints":{"allow":["GET"]}}],"collection":[{"href":"https:\/\/giellavahkku.org\/sma\/wp-json\/wp\/v2\/pages"}],"about":[{"href":"https:\/\/giellavahkku.org\/sma\/wp-json\/wp\/v2\/types\/page"}],"author":[{"embeddable":true,"href":"https:\/\/giellavahkku.org\/sma\/wp-json\/wp\/v2\/users\/85"}],"replies":[{"embeddable":true,"href":"https:\/\/giellavahkku.org\/sma\/wp-json\/wp\/v2\/comments?post=5919"}],"version-history":[{"count":2,"href":"https:\/\/giellavahkku.org\/sma\/wp-json\/wp\/v2\/pages\/5919\/revisions"}],"predecessor-version":[{"id":9004,"href":"https:\/\/giellavahkku.org\/sma\/wp-json\/wp\/v2\/pages\/5919\/revisions\/9004"}],"up":[{"embeddable":true,"href":"https:\/\/giellavahkku.org\/sma\/wp-json\/wp\/v2\/pages\/446"}],"wp:featuredmedia":[{"embeddable":true,"href":"https:\/\/giellavahkku.org\/sma\/wp-json\/wp\/v2\/media\/5859"}],"wp:attachment":[{"href":"https:\/\/giellavahkku.org\/sma\/wp-json\/wp\/v2\/media?parent=5919"}],"curies":[{"name":"wp","href":"https:\/\/api.w.org\/{rel}","templated":true}]}}