{"id":5929,"date":"2023-10-03T14:39:43","date_gmt":"2023-10-03T12:39:43","guid":{"rendered":"https:\/\/giellavahkku.org\/10-tips-til-bedrifter-og-institusjoner\/"},"modified":"2025-08-28T16:38:19","modified_gmt":"2025-08-28T14:38:19","slug":"10-tips-til-bedrifter-og-institusjoner","status":"publish","type":"page","link":"https:\/\/giellavahkku.org\/sma\/om-uken\/10-tips-til-bedrifter-og-institusjoner\/","title":{"rendered":"10 raerieh s\u00efeltide j\u00efh institusjovnide"},"content":{"rendered":"\n<div class=\"wp-block-group alignwide has-honey-background-color has-background is-layout-flow wp-block-group-is-layout-flow\" style=\"padding-top:var(--wp--preset--spacing--72);padding-right:var(--wp--preset--spacing--72);padding-bottom:var(--wp--preset--spacing--72);padding-left:var(--wp--preset--spacing--72);font-style:normal;font-weight:500\">\n<p class=\"has-text-align-center has-sizing-medium has-custom-2-font-size\">Meatan \u00e5rrodh g\u00efelev\u00e5hkosne lea hijven vuekie vihkeles seabradahked\u00efedtem vaeltedh. Darjode maam akt murreds j\u00efh luste, daesnie luhkie raerieh mah maehtieh skreejrehtidh.<\/p>\n<\/div>\n\n\n\n<ol start=\"1\" class=\"wp-block-list\">\n<li><strong>F\u00eferhtenjaapetje aerpievuekie. <\/strong>M\u00eferhkh v\u00e5hkoem 43 biejjiel\u00e5hkosne! Darjode G\u00efelev\u00e5hkoem f\u00eferhtenjaapetje heannadimmine dijjen luvnie. Datne desnie barkh? Mujhtieh&nbsp; \u00e5vtehkidie j\u00efh gaskesadtemegoevtesem m\u00e5jhtajehtedh dan b\u00efjre.<\/li>\n<\/ol>\n\n\n\n<ol start=\"2\" class=\"wp-block-list\">\n<li><strong>E-p\u00e5astesignatuvre. <\/strong>Daan v\u00e5hkoen sjeahta e-p\u00e5astesignatuvrem saemieng\u00efelesne darjodh! Vuejnede digitaale baakoeg\u00e6rjine vierhtiej nuelesne mijjen nedtes\u00e6jrojne.<\/li>\n<\/ol>\n\n\n\n<ol start=\"3\" class=\"wp-block-list\">\n<li><strong>Saemien govlehtallije. <\/strong>G\u00efehtjh mejtie dijjen leah barkijh g\u00efeh saemiestieh j\u00efh sijhtieh faalehtidh \u00e5estijh j\u00efh laavenjostoeguejmieh maehtieh dijjine saemieng\u00efelesne gaskesadtedh. Jis jaavoe, juekieh dam sosijaale medijinie.<\/li>\n<\/ol>\n\n\n\n<ol start=\"4\" class=\"wp-block-list\">\n<li><strong>Saemien beapmoekaarhte. <\/strong>Dijjen pr\u00efhtjhg\u00e5etie jallh kantijne? Daelie hijven sjeahta beapmoekaarhtem saemieng\u00efelese jarkoestidh.<\/li>\n<\/ol>\n\n\n\n<ol start=\"5\" class=\"wp-block-list\">\n<li><strong>Saemien faagesuerkesne. <\/strong>Ektiedidie saemieng\u00efelem faagesuerkine mejnie barkede. Vearelde? Soptsestidie veareldem saemieng\u00efelesne. Nedtebovre? Prievie saemieng\u00efelesne. Naemhtie sjy\u00f6htehke sj\u00e6dta dijjen ulmied\u00e5ehkide.<\/li>\n<\/ol>\n\n\n\n<ol start=\"6\" class=\"wp-block-list\">\n<li><strong>Saemien sjeermine. <\/strong>Veedtjede materijellem mijjen nedtes\u00e6jrojste jallh b\u00efejede saemien sisvegem nedtese.<\/li>\n<\/ol>\n\n\n\n<ol start=\"7\" class=\"wp-block-list\">\n<li><strong>Bueriebiejjiebiejjie. <\/strong>Haestede saemieng\u00efelesne jallh jeatjah saemien smaarehg\u00efelesne heelsedh mij ij leah dej ietnieng\u00efele.<\/li>\n<\/ol>\n\n\n\n<ol start=\"8\" class=\"wp-block-list\">\n<li><strong>V\u00e5ajnoesvoete. <\/strong>\u00c5rrode hijven \u00e5vteguvvieh j\u00efh juekede sisvegem saemieng\u00efelesne maaje gaahtjemigujmie jallh laavenjostosne influenserigujmie.<\/li>\n<\/ol>\n\n\n\n<ol start=\"9\" class=\"wp-block-list\">\n<li><strong>Baajede saemien govledh. <\/strong>Darjode saemien tjoejeb\u00efevnesem tellefovnese, gohtjedimmiesysteemese jallh jeatjah sijjide gusnie maahta saemien govledh.<\/li>\n<\/ol>\n\n\n\n<ol start=\"10\" class=\"wp-block-list\">\n<li><strong>B\u00efevnesh. <\/strong>Vuarjasjidie mah b\u00efevnesh saemieng\u00efelesne dijjieh \u00e5estiejidie \/ \u00e5rroejidie utnede daan biejjien, maam lidh by\u00f6reme utnedh j\u00efh aelkede dam saetniedehtedh.<br><br>J\u00efjnjh lahkoeh!<\/li>\n<\/ol>\n","protected":false},"excerpt":{"rendered":"<p>Meatan \u00e5rrodh g\u00efelev\u00e5hkosne lea hijven vuekie vihkeles seabradahked\u00efedtem vaeltedh. Darjode maam akt murreds j\u00efh luste, daesnie luhkie raerieh mah maehtieh skreejrehtidh.<\/p>\n","protected":false},"author":85,"featured_media":5307,"parent":446,"menu_order":0,"comment_status":"closed","ping_status":"closed","template":"","meta":{"_acf_changed":false,"footnotes":""},"class_list":["post-5929","page","type-page","status-publish","has-post-thumbnail","hentry"],"acf":[],"_links":{"self":[{"href":"https:\/\/giellavahkku.org\/sma\/wp-json\/wp\/v2\/pages\/5929","targetHints":{"allow":["GET"]}}],"collection":[{"href":"https:\/\/giellavahkku.org\/sma\/wp-json\/wp\/v2\/pages"}],"about":[{"href":"https:\/\/giellavahkku.org\/sma\/wp-json\/wp\/v2\/types\/page"}],"author":[{"embeddable":true,"href":"https:\/\/giellavahkku.org\/sma\/wp-json\/wp\/v2\/users\/85"}],"replies":[{"embeddable":true,"href":"https:\/\/giellavahkku.org\/sma\/wp-json\/wp\/v2\/comments?post=5929"}],"version-history":[{"count":2,"href":"https:\/\/giellavahkku.org\/sma\/wp-json\/wp\/v2\/pages\/5929\/revisions"}],"predecessor-version":[{"id":8995,"href":"https:\/\/giellavahkku.org\/sma\/wp-json\/wp\/v2\/pages\/5929\/revisions\/8995"}],"up":[{"embeddable":true,"href":"https:\/\/giellavahkku.org\/sma\/wp-json\/wp\/v2\/pages\/446"}],"wp:featuredmedia":[{"embeddable":true,"href":"https:\/\/giellavahkku.org\/sma\/wp-json\/wp\/v2\/media\/5307"}],"wp:attachment":[{"href":"https:\/\/giellavahkku.org\/sma\/wp-json\/wp\/v2\/media?parent=5929"}],"curies":[{"name":"wp","href":"https:\/\/api.w.org\/{rel}","templated":true}]}}