{"id":8830,"date":"2025-08-01T11:28:11","date_gmt":"2025-08-01T09:28:11","guid":{"rendered":"https:\/\/giellavahkku.org\/om-uken\/sprakverktoy\/"},"modified":"2025-10-10T10:55:00","modified_gmt":"2025-10-10T08:55:00","slug":"sprakverktoy","status":"publish","type":"page","link":"https:\/\/giellavahkku.org\/sma\/guktie-maahtah-meatan-sjidtedh\/sprakverktoy\/","title":{"rendered":"G\u00efeled\u00efrregh"},"content":{"rendered":"\n<p class=\"has-sizing-medium\">Jienebh digitaale g\u00efeled\u00efrregh g\u00e5\u00e5vnesieh, goh baakoestimmied\u00efrrege dovne Windowse j\u00efh Macese, mobijletastatuvre baakoestimmied\u00efrreginie dovne Androidese j\u00efh IOS:se (iPhone j\u00efh iPad), baakoeg\u00e6rjah j\u00efh j\u00efjnje vielie. G\u00efehtjh\u00a0<a href=\"https:\/\/divvun.no\/no\/\">Divvun<\/a>-s\u00e6jroem gusnie vielie saemien g\u00efeleteknologije.<\/p>\n\n\n\n<div class=\"wp-block-group is-layout-constrained wp-container-core-group-is-layout-9e49823d wp-block-group-is-layout-constrained\" style=\"margin-top:var(--wp--preset--spacing--150);margin-bottom:var(--wp--preset--spacing--64)\">\n<h2 class=\"wp-block-heading has-text-align-center has-custom-1-font-size\" style=\"text-transform:uppercase\">App<\/h2>\n<\/div>\n\n\n\n<div class=\"wp-block-columns alignwide is-layout-flex wp-container-core-columns-is-layout-0a32c70f wp-block-columns-is-layout-flex\">\n<div class=\"wp-block-column has-honey-background-color has-background is-layout-flow wp-block-column-is-layout-flow\" style=\"padding-top:var(--wp--preset--spacing--32);padding-right:var(--wp--preset--spacing--32);padding-bottom:var(--wp--preset--spacing--32);padding-left:var(--wp--preset--spacing--32)\">\n<figure class=\"wp-block-image size-full is-resized\"><img loading=\"lazy\" decoding=\"async\" width=\"503\" height=\"281\" src=\"https:\/\/giellavahkku.org\/wp-content\/uploads\/2021\/10\/bago.png\" alt=\"10\/20 Bago skjermbilde\" class=\"wp-image-988\" style=\"width:auto;height:190px\" srcset=\"https:\/\/giellavahkku.org\/wp-content\/uploads\/2021\/10\/bago.png 503w, https:\/\/giellavahkku.org\/wp-content\/uploads\/2021\/10\/bago-300x168.png 300w\" sizes=\"auto, (max-width: 503px) 100vw, 503px\" \/><\/figure>\n\n\n\n<h2 class=\"wp-block-heading\">10\/20 b\u00e1go<\/h2>\n\n\n\n<p class=\"has-sizing-medium\">G\u00efelev\u00e5hkoen sj\u00efekenisnie Saemiedigkie N\u00f6\u00f6rjesne appem\u00a0<strong>10\/20 b\u00e1go<\/strong>\u00a0dorjeme, maam maahta android- jallh iOS-tellefovnese veedtjedh. <\/p>\n\n\n\n<p class=\"has-sizing-medium\">Appesne maahta 10\/20 baakoeh vuejnedh, govledh j\u00efh lohkedh dovne noerhte-, julev- j\u00efh \u00e5arjelsaemien g\u00efelesne. Appe maahta \u00e5tnasovvedh skuvlesne j\u00efh maanag\u00efertesne, men h\u00e6vvi aaj privaate jieliedisnie.<\/p>\n\n\n\n<h3 class=\"wp-block-heading\">G\u00f6\u00f6kte plakaath<\/h3>\n\n\n\n<p class=\"has-sizing-medium\">Saemiedigkie N\u00f6\u00f6rjesne g\u00f6\u00f6kte plakaath appese dorjeme, akte\u00a0<a href=\"https:\/\/giellavahkku.org\/wp-content\/uploads\/2021\/08\/10-sani_Plakat-70x100_bhg_korr3.pdf\">10 baakoejgujmie<\/a>\u00a0noerhte-, julev- j\u00efh \u00e5arjelsaemien g\u00efelesne j\u00efh akte\u00a0<a href=\"https:\/\/giellavahkku.org\/wp-content\/uploads\/2021\/08\/20-sani-plakahta.pdf\">20 baakoejgujmie<\/a>. <\/p>\n<\/div>\n\n\n\n<div class=\"wp-block-column has-honey-background-color has-background is-layout-flow wp-block-column-is-layout-flow\" style=\"padding-top:var(--wp--preset--spacing--32);padding-right:var(--wp--preset--spacing--32);padding-bottom:var(--wp--preset--spacing--32);padding-left:var(--wp--preset--spacing--32)\">\n<figure class=\"wp-block-image size-large is-resized\"><img loading=\"lazy\" decoding=\"async\" width=\"1024\" height=\"670\" src=\"https:\/\/giellavahkku.org\/wp-content\/uploads\/2023\/10\/lommeparlor-nedlasting-1-1024x670.jpg\" alt=\"\" class=\"wp-image-5139\" style=\"object-fit:cover;width:288px;height:190px\" srcset=\"https:\/\/giellavahkku.org\/wp-content\/uploads\/2023\/10\/lommeparlor-nedlasting-1-1024x670.jpg 1024w, https:\/\/giellavahkku.org\/wp-content\/uploads\/2023\/10\/lommeparlor-nedlasting-1-300x196.jpg 300w, https:\/\/giellavahkku.org\/wp-content\/uploads\/2023\/10\/lommeparlor-nedlasting-1-768x503.jpg 768w, https:\/\/giellavahkku.org\/wp-content\/uploads\/2023\/10\/lommeparlor-nedlasting-1.jpg 1276w\" sizes=\"auto, (max-width: 1024px) 100vw, 1024px\" \/><\/figure>\n\n\n\n<h2 class=\"wp-block-heading\">Saemesth! <\/h2>\n\n\n\n<p class=\"has-sizing-medium\">G\u00efelekampanjen sj\u00efekenisnie \u00abSaemesth munnjien\u00bb Saemiedigkie N\u00f6\u00f6rjesne l\u00e5ammebaakoeg\u00e6rjetjem darjoeji 2013. Baakoeg\u00e6rjetje lij uvtemes noeride, j\u00efh aajkoe lij d\u00efhte edtji vietseleslaakan b\u00f6\u00f6redidh voestes gaavnedimmesne saemiestidh, aarkebiejjien j\u00efh feestesne. Baakoeg\u00e6rjetje joekoen lyjhkedihks sj\u00efdti almetji luvnie gaajhkine aaltarinie. Desnie ij naan leevles grammatihke, ajve jienebh jallh vaenebh nuhteligs baakoeh j\u00efh jiehtegh. <\/p>\n\n\n\n<p class=\"has-sizing-medium\">Baakoeg\u00e6rjetje dan lyjhkedihks sj\u00efdti guktie Saemiedigkie 2019 aaj dam j\u00efjtse applikasjovnine darjoeji. Tjoeje vaeljehke baakojde j\u00efh jiehtiegidie, j\u00efh gaajhkesh mah sijhtieh maehtieh baakoeg\u00e6rjetjem nuhtjedh, dovne dah mah sijhtieh \u00e5nnetji saemien l\u00eferedh j\u00efh dah mah sijhtieh s\u00e5emies baakoeh j\u00efh raajesh jeatjah saemien g\u00efelesne l\u00eferedh.<\/p>\n<\/div>\n<\/div>\n\n\n\n<div class=\"wp-block-group is-layout-constrained wp-container-core-group-is-layout-9e49823d wp-block-group-is-layout-constrained\" style=\"margin-top:var(--wp--preset--spacing--150);margin-bottom:var(--wp--preset--spacing--64)\">\n<h2 class=\"wp-block-heading has-text-align-center has-custom-1-font-size\" style=\"text-transform:uppercase\">PC\/mac<\/h2>\n<\/div>\n\n\n\n<div class=\"wp-block-columns alignwide is-layout-flex wp-container-core-columns-is-layout-508e71b7 wp-block-columns-is-layout-flex\">\n<div class=\"wp-block-column has-honey-background-color has-background is-layout-flow wp-block-column-is-layout-flow\" style=\"padding-top:var(--wp--preset--spacing--32);padding-right:var(--wp--preset--spacing--32);padding-bottom:var(--wp--preset--spacing--32);padding-left:var(--wp--preset--spacing--32)\">\n<h2 class=\"wp-block-heading\">Baakoeg\u00e6rjah<\/h2>\n\n\n\n<p><a href=\"http:\/\/dicts.uit.no\/\">Datne baakoeg\u00e6rjah jieniebidie g\u00efelide daesnie gaavnh: \u00a0<a href=\"http:\/\/dicts.uit.no\/\">http:\/\/dicts.uit.no\/<\/a><\/a><\/p>\n\n\n\n<div class=\"wp-block-buttons has-sizing-medium is-horizontal is-content-justification-left is-layout-flex wp-container-core-buttons-is-layout-20be11b6 wp-block-buttons-is-layout-flex\">\n<div class=\"wp-block-button\"><a class=\"wp-block-button__link wp-element-button\" href=\"http:\/\/www.satni.org\/\" target=\"_blank\" rel=\"noreferrer noopener\">Nord-og s\u00f8rsamisk \u2194 Norsk<\/a><\/div>\n\n\n\n<div class=\"wp-block-button is-style-fill\"><a class=\"wp-block-button__link wp-element-button\" href=\"https:\/\/sanit.oahpa.no\/sme\/nob\/\" target=\"_blank\" rel=\"noreferrer noopener\">Nordsamisk \u2194 Norsk<\/a><\/div>\n\n\n\n<div class=\"wp-block-button is-style-fill\"><a class=\"wp-block-button__link wp-element-button\" href=\"https:\/\/baakoeh.oahpa.no\/\" target=\"_blank\" rel=\"noreferrer noopener\">S\u00f8rsamisk \u2194 Norsk<\/a><\/div>\n\n\n\n<div class=\"wp-block-button is-style-fill\"><a class=\"wp-block-button__link wp-element-button\" href=\"http:\/\/julev.no\/\" target=\"_blank\" rel=\"noreferrer noopener\">Lulesamisk \u2194 Norsk<\/a><\/div>\n<\/div>\n<\/div>\n\n\n\n<div class=\"wp-block-column has-honey-background-color has-background is-layout-flow wp-block-column-is-layout-flow\" style=\"padding-top:var(--wp--preset--spacing--32);padding-right:var(--wp--preset--spacing--32);padding-bottom:var(--wp--preset--spacing--32);padding-left:var(--wp--preset--spacing--32)\">\n<h2 class=\"wp-block-heading\">Staeriedimmieprogramme<\/h2>\n\n\n\n<p>Maahtah MS Officen\u00a0<a href=\"https:\/\/divvun.no\/no\/korrektur\/korrektur.html\">reaktatjaelemed\u00efrregem<\/a>\u00a0veedtjedh dovne Windowse j\u00efh Macese. G\u00e5\u00e5vnese dovne noerhte-, julev -j\u00efh \u00e5arjelsaemien g\u00efelese.<\/p>\n\n\n\n<h2 class=\"wp-block-heading has-sizing-medium\">Tastatuvre\/B\u00e5aloebuertie<\/h2>\n\n\n\n<p class=\"has-sizing-medium\">Maahtah saemien tastatuvrem veedtjedh dovne mobijlese j\u00efh daatovrese.\u00a0<\/p>\n\n\n\n<ul class=\"wp-block-list\">\n<li>Lohkh vielie daesnie guktie veedtjh j\u00efh\u00a0<a href=\"https:\/\/divvun.no\/no\/keyboards\/mobileindex.html\">\u00e5tnose vaaltah mobijletastatuvrem.<\/a>\u00a0<\/li>\n\n\n\n<li>Lohkh vielie daesnie guktie veedtjh j\u00efh\u00a0<a href=\"https:\/\/divvun.no\/no\/keyboards\/desktopindex.html\">\u00e5tnose vaaltah tastatuvrem daatovrese.<\/a><\/li>\n<\/ul>\n<\/div>\n<\/div>\n","protected":false},"excerpt":{"rendered":"<p>Jienebh digitaale g\u00efeled\u00efrregh g\u00e5\u00e5vnesieh, goh baakoestimmied\u00efrrege dovne Windowse j\u00efh Macese, mobijletastatuvre baakoestimmied\u00efrreginie dovne Androidese j\u00efh IOS:se (iPhone j\u00efh iPad), baakoeg\u00e6rjah j\u00efh j\u00efjnje vielie. G\u00efehtjh\u00a0Divvun-s\u00e6jroem gusnie vielie saemien g\u00efeleteknologije. 10\/20 b\u00e1go G\u00efelev\u00e5hkoen sj\u00efekenisnie Saemiedigkie N\u00f6\u00f6rjesne appem\u00a010\/20 b\u00e1go\u00a0dorjeme, maam maahta android- jallh iOS-tellefovnese veedtjedh. Appesne maahta 10\/20 baakoeh vuejnedh, govledh j\u00efh lohkedh dovne noerhte-, julev- j\u00efh \u00e5arjelsaemien [&hellip;]<\/p>\n","protected":false},"author":97,"featured_media":10863,"parent":9820,"menu_order":1,"comment_status":"closed","ping_status":"closed","template":"","meta":{"_acf_changed":false,"footnotes":""},"class_list":["post-8830","page","type-page","status-publish","has-post-thumbnail","hentry"],"acf":[],"_links":{"self":[{"href":"https:\/\/giellavahkku.org\/sma\/wp-json\/wp\/v2\/pages\/8830","targetHints":{"allow":["GET"]}}],"collection":[{"href":"https:\/\/giellavahkku.org\/sma\/wp-json\/wp\/v2\/pages"}],"about":[{"href":"https:\/\/giellavahkku.org\/sma\/wp-json\/wp\/v2\/types\/page"}],"author":[{"embeddable":true,"href":"https:\/\/giellavahkku.org\/sma\/wp-json\/wp\/v2\/users\/97"}],"replies":[{"embeddable":true,"href":"https:\/\/giellavahkku.org\/sma\/wp-json\/wp\/v2\/comments?post=8830"}],"version-history":[{"count":2,"href":"https:\/\/giellavahkku.org\/sma\/wp-json\/wp\/v2\/pages\/8830\/revisions"}],"predecessor-version":[{"id":10912,"href":"https:\/\/giellavahkku.org\/sma\/wp-json\/wp\/v2\/pages\/8830\/revisions\/10912"}],"up":[{"embeddable":true,"href":"https:\/\/giellavahkku.org\/sma\/wp-json\/wp\/v2\/pages\/9820"}],"wp:featuredmedia":[{"embeddable":true,"href":"https:\/\/giellavahkku.org\/sma\/wp-json\/wp\/v2\/media\/10863"}],"wp:attachment":[{"href":"https:\/\/giellavahkku.org\/sma\/wp-json\/wp\/v2\/media?parent=8830"}],"curies":[{"name":"wp","href":"https:\/\/api.w.org\/{rel}","templated":true}]}}