{"id":9820,"date":"2025-09-27T19:47:21","date_gmt":"2025-09-27T17:47:21","guid":{"rendered":"https:\/\/giellavahkku.org\/?page_id=9820"},"modified":"2025-09-27T19:53:42","modified_gmt":"2025-09-27T17:53:42","slug":"guktie-maahtah-meatan-sjidtedh","status":"publish","type":"page","link":"https:\/\/giellavahkku.org\/sma\/guktie-maahtah-meatan-sjidtedh\/","title":{"rendered":"Guktie maahtah meatan sj\u00efdtedh?"},"content":{"rendered":"\n<div class=\"wp-block-group is-layout-constrained wp-container-core-group-is-layout-ec27dcee wp-block-group-is-layout-constrained\" style=\"margin-bottom:var(--wp--preset--spacing--72)\">\n<h1 class=\"wp-block-heading has-text-align-center has-custom-7-font-size\" style=\"text-transform:uppercase\">Guktie maahtah meatan sj\u00efdtedh?<\/h1>\n\n\n\n<p class=\"has-text-align-center has-custom-10-font-size\" style=\"font-style:normal;font-weight:500\">Mijjieh gegkiestibie datne meatan sj\u00efdth gaajhkine gieltegs heannadimmine, mejtie leah meatan fysiske jallh digitaale \u00f6\u00f6rneminie. <\/p>\n<\/div>\n\n\n\n<figure class=\"wp-block-image size-large\"><img loading=\"lazy\" decoding=\"async\" width=\"1024\" height=\"680\" src=\"https:\/\/giellavahkku.org\/wp-content\/uploads\/2023\/10\/manaidgarddithvit-uten-tekst-lysere-1024x680.jpg\" alt=\"\" class=\"wp-image-5762\" srcset=\"https:\/\/giellavahkku.org\/wp-content\/uploads\/2023\/10\/manaidgarddithvit-uten-tekst-lysere-1024x680.jpg 1024w, https:\/\/giellavahkku.org\/wp-content\/uploads\/2023\/10\/manaidgarddithvit-uten-tekst-lysere-300x199.jpg 300w, https:\/\/giellavahkku.org\/wp-content\/uploads\/2023\/10\/manaidgarddithvit-uten-tekst-lysere-768x510.jpg 768w, https:\/\/giellavahkku.org\/wp-content\/uploads\/2023\/10\/manaidgarddithvit-uten-tekst-lysere-1536x1020.jpg 1536w, https:\/\/giellavahkku.org\/wp-content\/uploads\/2023\/10\/manaidgarddithvit-uten-tekst-lysere.jpg 2048w\" sizes=\"auto, (max-width: 1024px) 100vw, 1024px\" \/><\/figure>\n\n\n\n<div class=\"wp-block-group alignwide is-layout-grid wp-container-core-group-is-layout-211d2e0c wp-block-group-is-layout-grid\"><a\nhref=\"https:\/\/giellavahkku.org\/sma\/luhkie-tipsh-maanagiertide\/\"\ndata-block-name=\"gnist\/link-anything\" style=\"padding-top:var(--wp--preset--spacing--72);padding-bottom:var(--wp--preset--spacing--72);padding-left:var(--wp--preset--spacing--48);padding-right:var(--wp--preset--spacing--48);\" class=\"gc-link-anything alignwide wp-block-gnist-link-anything has-background has-blush-background-color is-layout-flow wp-block-gnist-link-anything-is-layout-flow\" aria-label=\"Go to https:\/\/giellavahkku.org\/sma\/luhkie-tipsh-maanagiertide\/\">\n\t\n\n<h3 class=\"wp-block-heading has-text-align-center has-condensed-bold-font-family has-custom-1-font-size\" style=\"margin-top:var(--wp--preset--spacing--16);margin-bottom:var(--wp--preset--spacing--16);letter-spacing:0px;line-height:1\">Maanag\u00eferth<\/h3>\n\n<\/a>\n\n\n<a\nhref=\"https:\/\/giellavahkku.org\/sma\/10-tips-til-skoler\/\"\ndata-block-name=\"gnist\/link-anything\" style=\"padding-top:var(--wp--preset--spacing--72);padding-bottom:var(--wp--preset--spacing--72);padding-left:var(--wp--preset--spacing--48);padding-right:var(--wp--preset--spacing--48);\" class=\"gc-link-anything alignwide wp-block-gnist-link-anything has-background has-blush-background-color is-layout-flow wp-block-gnist-link-anything-is-layout-flow\" aria-label=\"Go to https:\/\/giellavahkku.org\/sma\/10-tips-til-skoler\/\">\n\t\n\n<h3 class=\"wp-block-heading has-text-align-center has-condensed-bold-font-family has-custom-1-font-size\" style=\"margin-top:var(--wp--preset--spacing--16);margin-bottom:var(--wp--preset--spacing--16);letter-spacing:0px;line-height:1\">Skuvlh<\/h3>\n\n<\/a>\n\n\n<a\nhref=\"https:\/\/giellavahkku.org\/sma\/10-tips-til-bedrifter-og-institusjoner\/\"\ndata-block-name=\"gnist\/link-anything\" style=\"padding-top:var(--wp--preset--spacing--72);padding-bottom:var(--wp--preset--spacing--72);padding-left:var(--wp--preset--spacing--48);padding-right:var(--wp--preset--spacing--48);\" class=\"gc-link-anything alignwide wp-block-gnist-link-anything has-background has-blush-background-color is-layout-flow wp-block-gnist-link-anything-is-layout-flow\" aria-label=\"Go to https:\/\/giellavahkku.org\/sma\/10-tips-til-bedrifter-og-institusjoner\/\">\n\t\n\n<h3 class=\"wp-block-heading has-text-align-center has-condensed-bold-font-family has-custom-1-font-size\" style=\"margin-top:var(--wp--preset--spacing--16);margin-bottom:var(--wp--preset--spacing--16);letter-spacing:0px;line-height:1\">S\u00efelth j\u00efh institusjovnh<\/h3>\n\n<\/a>\n<\/div>\n\n\n\n<div class=\"wp-block-group alignwide has-honey-background-color has-background is-layout-flow wp-block-group-is-layout-flow\" style=\"padding-top:var(--wp--preset--spacing--72);padding-right:var(--wp--preset--spacing--72);padding-bottom:var(--wp--preset--spacing--72);padding-left:var(--wp--preset--spacing--72);font-style:normal;font-weight:500\">\n<p class=\"has-text-align-center has-sizing-medium has-custom-2-font-size\">Mijjieh datnem haestebe programmem vuartasjidh, j\u00efh \u00f6\u00f6rnemh dov l\u00efhke gaavnedh. Gaskesadth maaje dov l\u00efhkemes g\u00efelejarngem juktie darjomh j\u00efh \u00f6\u00f6rnemh gaavnedh don v\u00e5hkoen. <\/p>\n\n\n\n<p class=\"has-text-align-center has-sizing-medium has-custom-2-font-size\">G\u00efelev\u00e5hkoen lea j\u00efjtse facebook-s\u00e6jroe \u00abGiellavahkku\/ G\u00efelev\u00e5hkoe\/ Giellavahkko\/ Samisk spr\u00e5kuke\u00bb, j\u00efh mijjieh datnem haestebe meatan fulkedh desnie juktie saernieh j\u00efh orrestehtemh vuejnedh b\u00efjre jarkan Saepmesne. <\/p>\n\n\n\n<p class=\"has-text-align-center has-sizing-medium has-custom-2-font-size\">Mijjen aaj instagram-konto \u00abgiellavahku\u00bb, j\u00efh daesnie s\u00efjhth filmh, guvvieh j\u00efh orrestehtemh abpe v\u00e5hkoen gaavnedh.<br>Nuhtjh saemien sosijaale medijinie abpe v\u00e5hkoen, \u00e5rroeh meatan mijjen tjaebpies, saemien g\u00efelh v\u00e5ajnoes darjodh.<\/p>\n<\/div>\n\n\n\n<div class=\"wp-block-cover is-light\"><img decoding=\"async\" class=\"wp-block-cover__image-background wp-image-994 size-full\" alt=\"10\/20 Bago skjermbilde\" src=\"https:\/\/giellavahkku.org\/wp-content\/uploads\/2021\/10\/bago.png\" data-object-fit=\"cover\"\/><span aria-hidden=\"true\" class=\"wp-block-cover__background has-background-dim\" style=\"background-color:#c3b4cc\"><\/span><div class=\"wp-block-cover__inner-container is-layout-constrained wp-block-cover-is-layout-constrained\">\n<div class=\"wp-block-buttons is-content-justification-center is-layout-flex wp-container-core-buttons-is-layout-a89b3969 wp-block-buttons-is-layout-flex\">\n<div class=\"wp-block-button\"><a class=\"wp-block-button__link wp-element-button\" href=\"https:\/\/giellavahkku.org\/sma\/guktie-maahtah-meatan-sjidtedh\/sprakverktoy\/\">G\u00efeled\u00efrregh<\/a><\/div>\n<\/div>\n<\/div><\/div>\n\n\n\n<p class=\"has-sizing-medium\"><\/p>\n","protected":false},"excerpt":{"rendered":"<p>Mijjieh datnem haestebe programmem vuartasjidh, j\u00efh \u00f6\u00f6rnemh dov l\u00efhke gaavnedh. Gaskesadth maaje dov l\u00efhkemes g\u00efelejarngem juktie darjomh j\u00efh \u00f6\u00f6rnemh gaavnedh don v\u00e5hkoen. G\u00efelev\u00e5hkoen lea j\u00efjtse facebook-s\u00e6jroe \u00abGiellavahkku\/ G\u00efelev\u00e5hkoe\/ Giellavahkko\/ Samisk spr\u00e5kuke\u00bb, j\u00efh mijjieh datnem haestebe meatan fulkedh desnie juktie saernieh j\u00efh orrestehtemh vuejnedh b\u00efjre jarkan Saepmesne. Mijjen aaj instagram-konto \u00abgiellavahku\u00bb, j\u00efh daesnie s\u00efjhth filmh, guvvieh [&hellip;]<\/p>\n","protected":false},"author":85,"featured_media":0,"parent":0,"menu_order":0,"comment_status":"closed","ping_status":"closed","template":"wp-custom-template-side-banner","meta":{"_acf_changed":false,"footnotes":""},"class_list":["post-9820","page","type-page","status-publish","hentry"],"acf":[],"_links":{"self":[{"href":"https:\/\/giellavahkku.org\/sma\/wp-json\/wp\/v2\/pages\/9820","targetHints":{"allow":["GET"]}}],"collection":[{"href":"https:\/\/giellavahkku.org\/sma\/wp-json\/wp\/v2\/pages"}],"about":[{"href":"https:\/\/giellavahkku.org\/sma\/wp-json\/wp\/v2\/types\/page"}],"author":[{"embeddable":true,"href":"https:\/\/giellavahkku.org\/sma\/wp-json\/wp\/v2\/users\/85"}],"replies":[{"embeddable":true,"href":"https:\/\/giellavahkku.org\/sma\/wp-json\/wp\/v2\/comments?post=9820"}],"version-history":[{"count":3,"href":"https:\/\/giellavahkku.org\/sma\/wp-json\/wp\/v2\/pages\/9820\/revisions"}],"predecessor-version":[{"id":9969,"href":"https:\/\/giellavahkku.org\/sma\/wp-json\/wp\/v2\/pages\/9820\/revisions\/9969"}],"wp:attachment":[{"href":"https:\/\/giellavahkku.org\/sma\/wp-json\/wp\/v2\/media?parent=9820"}],"curies":[{"name":"wp","href":"https:\/\/api.w.org\/{rel}","templated":true}]}}