{"id":258,"date":"2021-08-24T14:23:10","date_gmt":"2021-08-24T12:23:10","guid":{"rendered":"https:\/\/giellavahkku.org\/forside\/"},"modified":"2025-11-24T13:07:06","modified_gmt":"2025-11-24T12:07:06","slug":"forside","status":"publish","type":"page","link":"https:\/\/giellavahkku.org\/sme\/","title":{"rendered":"Forside"},"content":{"rendered":"\n<div class=\"wp-block-group is-layout-constrained wp-container-core-group-is-layout-530ec779 wp-block-group-is-layout-constrained\">\n<div class=\"wp-block-group is-layout-constrained wp-container-core-group-is-layout-530ec779 wp-block-group-is-layout-constrained\">\n<div style=\"aspect-ratio:16\/9;min-height:unset;\" class=\"wp-block-cover alignwide is-light languages has-aspect-ratio\"><video class=\"wp-block-cover__video-background intrinsic-ignore\" autoplay muted loop playsinline src=\"https:\/\/giellavahkku.org\/wp-content\/uploads\/2025\/11\/giellavahkku-2026-3.mp4\" data-object-fit=\"cover\"><\/video><span aria-hidden=\"true\" class=\"wp-block-cover__background has-background-dim-0 has-background-dim\" style=\"background-color:#FFF\"><\/span><div class=\"wp-block-cover__inner-container is-layout-flow wp-block-cover-is-layout-flow\">\n<p class=\"has-text-align-center has-large-font-size\"><\/p>\n<\/div><\/div>\n<\/div>\n<\/div>\n\n\n\n<div class=\"wp-block-group is-layout-flow wp-block-group-is-layout-flow\">\n<figure class=\"wp-block-image size-large rotate\"><img decoding=\"async\" src=\"https:\/\/giellavahkku.org\/wp-content\/uploads\/2025\/11\/2026.svg\" alt=\"\" class=\"wp-image-11884\"\/><\/figure>\n<\/div>\n\n\n\n<figure class=\"wp-block-image size-large\"><img decoding=\"async\" src=\"https:\/\/giellavahkku.org\/wp-content\/uploads\/2025\/10\/bannerbilde-2025-giellvahkku-1024x452.jpg\" alt=\"\" class=\"wp-image-10819\"\/><\/figure>\n\n\n\n<div class=\"wp-block-group alignfull is-layout-constrained wp-container-core-group-is-layout-8dd13e6d wp-block-group-is-layout-constrained\" style=\"padding-right:var(--wp--preset--spacing--60);padding-left:var(--wp--preset--spacing--60)\">\n<div class=\"wp-block-group alignwide has-honey-background-color has-background is-layout-flow wp-block-group-is-layout-flow\" style=\"padding-top:var(--wp--preset--spacing--72);padding-right:var(--wp--preset--spacing--72);padding-bottom:var(--wp--preset--spacing--72);padding-left:var(--wp--preset--spacing--72);font-style:normal;font-weight:500\">\n<p class=\"has-text-align-center has-sizing-medium has-custom-10-font-size\" style=\"font-style:normal;font-weight:600;line-height:1.3\">Juste d\u00e1n vahkus galget s\u00e1megielat gullot ja oidnot juohke sajis.<\/p>\n<\/div>\n\n\n\n<div class=\"wp-block-buttons is-content-justification-center is-layout-flex wp-container-core-buttons-is-layout-a89b3969 wp-block-buttons-is-layout-flex\">\n<div class=\"wp-block-button\"><a class=\"wp-block-button__link wp-element-button\" href=\"https:\/\/giellavahkku.org\/sme\/om-uken\/\">Duog\u00e1\u0161<\/a><\/div>\n<\/div>\n\n\n\n<div class=\"wp-block-group is-layout-constrained wp-container-core-group-is-layout-9e49823d wp-block-group-is-layout-constrained\" style=\"margin-top:var(--wp--preset--spacing--150);margin-bottom:var(--wp--preset--spacing--64)\">\n<h2 class=\"wp-block-heading has-text-align-center has-custom-1-font-size\" style=\"text-transform:uppercase\">Mo searvat?<\/h2>\n<\/div>\n\n\n\n<div class=\"wp-block-group alignwide is-layout-grid wp-container-core-group-is-layout-211d2e0c wp-block-group-is-layout-grid\"><a\nhref=\"https:\/\/giellavahkku.org\/sme\/10-tips-til-barnehager\/\"\ndata-block-name=\"gnist\/link-anything\" style=\"padding-top:var(--wp--preset--spacing--72);padding-bottom:var(--wp--preset--spacing--72);padding-left:var(--wp--preset--spacing--48);padding-right:var(--wp--preset--spacing--48);\" class=\"gc-link-anything alignwide wp-block-gnist-link-anything has-background has-blush-background-color is-layout-flow wp-block-gnist-link-anything-is-layout-flow\" aria-label=\"Go to https:\/\/giellavahkku.org\/sme\/10-tips-til-barnehager\/\">\n\t\n\n<h3 class=\"wp-block-heading has-text-align-center has-condensed-bold-font-family has-custom-1-font-size\" style=\"margin-top:var(--wp--preset--spacing--16);margin-bottom:var(--wp--preset--spacing--16);letter-spacing:0px;line-height:1\">M\u00e1n\u00e1idg\u00e1rddit<\/h3>\n\n<\/a>\n\n\n<a\nhref=\"https:\/\/giellavahkku.org\/sme\/10-tips-til-skoler\/\"\ndata-block-name=\"gnist\/link-anything\" style=\"padding-top:var(--wp--preset--spacing--72);padding-bottom:var(--wp--preset--spacing--72);padding-left:var(--wp--preset--spacing--48);padding-right:var(--wp--preset--spacing--48);\" class=\"gc-link-anything alignwide wp-block-gnist-link-anything has-background has-blush-background-color is-layout-flow wp-block-gnist-link-anything-is-layout-flow\" aria-label=\"Go to https:\/\/giellavahkku.org\/sme\/10-tips-til-skoler\/\">\n\t\n\n<h3 class=\"wp-block-heading has-text-align-center has-condensed-bold-font-family has-custom-1-font-size\" style=\"margin-top:var(--wp--preset--spacing--16);margin-bottom:var(--wp--preset--spacing--16);letter-spacing:0px;line-height:1\">Skuvllat<\/h3>\n\n<\/a>\n\n\n<a\nhref=\"https:\/\/giellavahkku.org\/sme\/10-tips-til-bedrifter-og-institusjoner\/\"\ndata-block-name=\"gnist\/link-anything\" style=\"padding-top:var(--wp--preset--spacing--72);padding-bottom:var(--wp--preset--spacing--72);padding-left:var(--wp--preset--spacing--48);padding-right:var(--wp--preset--spacing--48);\" class=\"gc-link-anything alignwide wp-block-gnist-link-anything has-background has-blush-background-color is-layout-flow wp-block-gnist-link-anything-is-layout-flow\" aria-label=\"Go to https:\/\/giellavahkku.org\/sme\/10-tips-til-bedrifter-og-institusjoner\/\">\n\t\n\n<h3 class=\"wp-block-heading has-text-align-center has-condensed-bold-font-family has-custom-1-font-size\" style=\"margin-top:var(--wp--preset--spacing--16);margin-bottom:var(--wp--preset--spacing--16);letter-spacing:0px;line-height:1\">Fitnodagat ja organisa\u0161uvnnat<\/h3>\n\n<\/a>\n<\/div>\n\n\n\n<div class=\"wp-block-buttons is-content-justification-center is-layout-flex wp-container-core-buttons-is-layout-a89b3969 wp-block-buttons-is-layout-flex\">\n<div class=\"wp-block-button\"><a class=\"wp-block-button__link wp-element-button\" href=\"https:\/\/giellavahkku.org\/sme\/9821-2\/\">Eanet evttohusat<\/a><\/div>\n<\/div>\n\n\n\n<h1 class=\"wp-block-heading has-text-align-center\">Mii d\u00e1hpahuvva?<\/h1>\n\n\n\n<div class=\"wp-block-cover is-light\"><img decoding=\"async\" class=\"wp-block-cover__image-background wp-image-9701 size-large\" alt=\"\" src=\"https:\/\/giellavahkku.org\/wp-content\/uploads\/2025\/09\/alle-arrangementer-farge-1024x574.png\" data-object-fit=\"cover\"\/><span aria-hidden=\"true\" class=\"wp-block-cover__background has-beige-background-color has-background-dim-80 has-background-dim\"><\/span><div class=\"wp-block-cover__inner-container is-layout-constrained wp-block-cover-is-layout-constrained\">\n<p class=\"has-text-align-center has-blue-color has-text-color has-link-color wp-elements-041beb7090f767392d48a82e06504f75\" style=\"font-size:clamp(27.894px, 1.743rem + ((1vw - 3.2px) * 2.094), 48px);\"><a href=\"https:\/\/giellavahkku.org\/sme\/programma\/\"><strong>Visot l\u00e1gideamit<\/strong><\/a><\/p>\n<\/div><\/div>\n\n\n\n<div class=\"wp-block-group is-layout-constrained wp-container-core-group-is-layout-9e49823d wp-block-group-is-layout-constrained\" style=\"margin-top:var(--wp--preset--spacing--150);margin-bottom:var(--wp--preset--spacing--64)\">\n<h2 class=\"wp-block-heading has-text-align-center has-custom-1-font-size\" style=\"text-transform:uppercase\">Giellareaiddut<\/h2>\n<\/div>\n\n\n\n<div class=\"wp-block-group alignwide has-honey-background-color has-background is-layout-flow wp-block-group-is-layout-flow\" style=\"padding-top:var(--wp--preset--spacing--72);padding-right:var(--wp--preset--spacing--72);padding-bottom:var(--wp--preset--spacing--72);padding-left:var(--wp--preset--spacing--72);font-style:normal;font-weight:500\">\n<p class=\"has-text-align-center has-sizing-medium has-custom-3-font-size\">G\u00e1vdnojit m\u00e1\u014bga digit\u00e1la giellareaiddu dego st\u00e1venreaidu sihke Windowsii ja Macii, boallobeavdi mobiilii mas lea st\u00e1venreaidu sihke Androidii ja iOS:ii (iPhone ja iPad), s\u00e1tnegirjjit ja olu ear\u00e1.<\/p>\n<\/div>\n\n\n\n<div class=\"wp-block-buttons is-content-justification-center is-layout-flex wp-container-core-buttons-is-layout-a89b3969 wp-block-buttons-is-layout-flex\">\n<div class=\"wp-block-button\"><a class=\"wp-block-button__link wp-element-button\" href=\"https:\/\/giellavahkku.org\/sme\/om-uken\/sprakverktoy\/\">Geah\u010da<\/a><\/div>\n<\/div>\n\n\n\n<div class=\"wp-block-group is-layout-constrained wp-container-core-group-is-layout-9e49823d wp-block-group-is-layout-constrained\" style=\"margin-top:var(--wp--preset--spacing--150);margin-bottom:var(--wp--preset--spacing--64)\">\n<h2 class=\"wp-block-heading has-text-align-center has-custom-1-font-size\" style=\"text-transform:uppercase\">Leat go lohkan?<\/h2>\n<\/div>\n\n\n\n<div class=\"wp-block-query alignwide is-layout-flow wp-block-query-is-layout-flow\"><ul style=\"border-style:none;border-width:0px;\" class=\"wp-block-post-template is-layout-grid wp-container-core-post-template-is-layout-ccdeb136 wp-block-post-template-is-layout-grid\"><li class=\"wp-block-post post-7078 post type-post status-publish format-standard has-post-thumbnail hentry category-uncategorized-sme\">\n<a\nhref=\"https:\/\/giellavahkku.org\/sme\/en-lysere-fremtid-for-det-lulesamiske-spraket\/\"\ndata-block-name=\"gnist\/link-anything\" style=\"min-height:100%;\" class=\"gc-link-anything wp-block-gnist-link-anything has-background has-main-background-color is-layout-flow wp-block-gnist-link-anything-is-layout-flow\" aria-label=\"Go to https:\/\/giellavahkku.org\/sme\/en-lysere-fremtid-for-det-lulesamiske-spraket\/\">\n\t\n<figure style=\"aspect-ratio:3\/2;margin-top:0;margin-bottom:0\" class=\"wp-block-post-featured-image\"><img loading=\"lazy\" decoding=\"async\" width=\"2048\" height=\"1152\" src=\"https:\/\/giellavahkku.org\/wp-content\/uploads\/2024\/10\/01-dragan-cubrilo-scaled.jpeg\" class=\"attachment-full size-full wp-post-image\" alt=\"\" style=\"width:100%;height:100%;object-fit:cover\" srcset=\"https:\/\/giellavahkku.org\/wp-content\/uploads\/2024\/10\/01-dragan-cubrilo-scaled.jpeg 2048w, https:\/\/giellavahkku.org\/wp-content\/uploads\/2024\/10\/01-dragan-cubrilo-300x169.jpeg 300w, https:\/\/giellavahkku.org\/wp-content\/uploads\/2024\/10\/01-dragan-cubrilo-1024x576.jpeg 1024w, https:\/\/giellavahkku.org\/wp-content\/uploads\/2024\/10\/01-dragan-cubrilo-768x432.jpeg 768w, https:\/\/giellavahkku.org\/wp-content\/uploads\/2024\/10\/01-dragan-cubrilo-1536x864.jpeg 1536w\" sizes=\"auto, (max-width: 2048px) 100vw, 2048px\" \/><\/figure>\n\n<h2 style=\"padding-top:var(--wp--preset--spacing--16);padding-bottom:var(--wp--preset--spacing--16);padding-left:var(--wp--preset--spacing--16);padding-right:var(--wp--preset--spacing--16);margin-top:0;margin-bottom:0\" class=\"wp-block-post-title has-background has-main-background-color has-custom-3-font-size\">-Julevs\u00e1megielas \u010duovgadit boahtte\u00e1igi<\/h2>\n<\/a>\n\n<\/li><li class=\"wp-block-post post-6923 post type-post status-publish format-standard has-post-thumbnail hentry category-uncategorized-sme\">\n<a\nhref=\"https:\/\/giellavahkku.org\/sme\/sprak-er-helse\/\"\ndata-block-name=\"gnist\/link-anything\" style=\"min-height:100%;\" class=\"gc-link-anything wp-block-gnist-link-anything has-background has-main-background-color is-layout-flow wp-block-gnist-link-anything-is-layout-flow\" aria-label=\"Go to https:\/\/giellavahkku.org\/sme\/sprak-er-helse\/\">\n\t\n<figure style=\"aspect-ratio:3\/2;margin-top:0;margin-bottom:0\" class=\"wp-block-post-featured-image\"><img loading=\"lazy\" decoding=\"async\" width=\"1730\" height=\"1038\" src=\"https:\/\/giellavahkku.org\/wp-content\/uploads\/2024\/09\/anne-lajla-kalstad-1000x600-1.jpg\" class=\"attachment-full size-full wp-post-image\" alt=\"\" style=\"width:100%;height:100%;object-fit:cover\" srcset=\"https:\/\/giellavahkku.org\/wp-content\/uploads\/2024\/09\/anne-lajla-kalstad-1000x600-1.jpg 1730w, https:\/\/giellavahkku.org\/wp-content\/uploads\/2024\/09\/anne-lajla-kalstad-1000x600-1-300x180.jpg 300w, https:\/\/giellavahkku.org\/wp-content\/uploads\/2024\/09\/anne-lajla-kalstad-1000x600-1-1024x614.jpg 1024w, https:\/\/giellavahkku.org\/wp-content\/uploads\/2024\/09\/anne-lajla-kalstad-1000x600-1-768x461.jpg 768w, https:\/\/giellavahkku.org\/wp-content\/uploads\/2024\/09\/anne-lajla-kalstad-1000x600-1-1536x922.jpg 1536w, https:\/\/giellavahkku.org\/wp-content\/uploads\/2024\/09\/anne-lajla-kalstad-1000x600-1-1000x600.jpg 1000w\" sizes=\"auto, (max-width: 1730px) 100vw, 1730px\" \/><\/figure>\n\n<h2 style=\"padding-top:var(--wp--preset--spacing--16);padding-bottom:var(--wp--preset--spacing--16);padding-left:var(--wp--preset--spacing--16);padding-right:var(--wp--preset--spacing--16);margin-top:0;margin-bottom:0\" class=\"wp-block-post-title has-background has-main-background-color has-custom-3-font-size\">-Gielas lea dearvva\u0161vuohta\u00a0<\/h2>\n<\/a>\n\n<\/li><li class=\"wp-block-post post-6878 post type-post status-publish format-standard has-post-thumbnail hentry category-uncategorized-sme\">\n<a\nhref=\"https:\/\/giellavahkku.org\/sme\/laerer-samisk-gjennom-musikk\/\"\ndata-block-name=\"gnist\/link-anything\" style=\"min-height:100%;\" class=\"gc-link-anything wp-block-gnist-link-anything has-background has-main-background-color is-layout-flow wp-block-gnist-link-anything-is-layout-flow\" aria-label=\"Go to https:\/\/giellavahkku.org\/sme\/laerer-samisk-gjennom-musikk\/\">\n\t\n<figure style=\"aspect-ratio:3\/2;margin-top:0;margin-bottom:0\" class=\"wp-block-post-featured-image\"><img loading=\"lazy\" decoding=\"async\" width=\"1366\" height=\"2048\" src=\"https:\/\/giellavahkku.org\/wp-content\/uploads\/2024\/09\/cecilia-dyroy-1-scaled-e1725886422980.jpg\" class=\"attachment-full size-full wp-post-image\" alt=\"\" style=\"width:100%;height:100%;object-fit:cover\" \/><\/figure>\n\n<h2 style=\"padding-top:var(--wp--preset--spacing--16);padding-bottom:var(--wp--preset--spacing--16);padding-left:var(--wp--preset--spacing--16);padding-right:var(--wp--preset--spacing--16);margin-top:0;margin-bottom:0\" class=\"wp-block-post-title has-background has-main-background-color has-custom-3-font-size\">Musihka bokte oahppa s\u00e1m\u00e1stit\u00a0\u00a0<\/h2>\n<\/a>\n\n<\/li><li class=\"wp-block-post post-6803 post type-post status-publish format-standard has-post-thumbnail hentry category-uncategorized-sme\">\n<a\nhref=\"https:\/\/giellavahkku.org\/sme\/vis-at-du-snakker-samisk\/\"\ndata-block-name=\"gnist\/link-anything\" style=\"min-height:100%;\" class=\"gc-link-anything wp-block-gnist-link-anything has-background has-main-background-color is-layout-flow wp-block-gnist-link-anything-is-layout-flow\" aria-label=\"Go to https:\/\/giellavahkku.org\/sme\/vis-at-du-snakker-samisk\/\">\n\t\n<figure style=\"aspect-ratio:3\/2;margin-top:0;margin-bottom:0\" class=\"wp-block-post-featured-image\"><img loading=\"lazy\" decoding=\"async\" width=\"2048\" height=\"1556\" src=\"https:\/\/giellavahkku.org\/wp-content\/uploads\/2024\/08\/bilde-med-buttons-scaled.jpg\" class=\"attachment-full size-full wp-post-image\" alt=\"\" style=\"width:100%;height:100%;object-fit:cover\" srcset=\"https:\/\/giellavahkku.org\/wp-content\/uploads\/2024\/08\/bilde-med-buttons-scaled.jpg 2048w, https:\/\/giellavahkku.org\/wp-content\/uploads\/2024\/08\/bilde-med-buttons-300x228.jpg 300w, https:\/\/giellavahkku.org\/wp-content\/uploads\/2024\/08\/bilde-med-buttons-1024x778.jpg 1024w, https:\/\/giellavahkku.org\/wp-content\/uploads\/2024\/08\/bilde-med-buttons-768x584.jpg 768w, https:\/\/giellavahkku.org\/wp-content\/uploads\/2024\/08\/bilde-med-buttons-1536x1167.jpg 1536w\" sizes=\"auto, (max-width: 2048px) 100vw, 2048px\" \/><\/figure>\n\n<h2 style=\"padding-top:var(--wp--preset--spacing--16);padding-bottom:var(--wp--preset--spacing--16);padding-left:var(--wp--preset--spacing--16);padding-right:var(--wp--preset--spacing--16);margin-top:0;margin-bottom:0\" class=\"wp-block-post-title has-background has-main-background-color has-custom-3-font-size\">\u010c\u00e1jet ahte s\u00e1m\u00e1stat<\/h2>\n<\/a>\n\n<\/li><\/ul><\/div>\n\n\n\n<div class=\"wp-block-buttons is-horizontal is-content-justification-center is-layout-flex wp-container-core-buttons-is-layout-03627597 wp-block-buttons-is-layout-flex\">\n<div class=\"wp-block-button\"><a class=\"wp-block-button__link wp-element-button\" href=\"https:\/\/giellavahkku.org\/sme\/siste-nytt\/\">Eanet \u00e1\u0161\u0161it<\/a><\/div>\n<\/div>\n\n\n\n<p class=\"has-sizing-medium\"><\/p>\n<\/div>\n","protected":false},"excerpt":{"rendered":"<p>Juste d\u00e1n vahkus galget s\u00e1megielat gullot ja oidnot juohke sajis. Mii d\u00e1hpahuvva? G\u00e1vdnojit m\u00e1\u014bga digit\u00e1la giellareaiddu dego st\u00e1venreaidu sihke Windowsii ja Macii, boallobeavdi mobiilii mas lea st\u00e1venreaidu sihke Androidii ja iOS:ii (iPhone ja iPad), s\u00e1tnegirjjit ja olu ear\u00e1.<\/p>\n","protected":false},"author":1,"featured_media":0,"parent":0,"menu_order":0,"comment_status":"closed","ping_status":"closed","template":"no-title","meta":{"_acf_changed":false,"footnotes":""},"class_list":["post-258","page","type-page","status-publish","hentry"],"acf":[],"_links":{"self":[{"href":"https:\/\/giellavahkku.org\/sme\/wp-json\/wp\/v2\/pages\/258","targetHints":{"allow":["GET"]}}],"collection":[{"href":"https:\/\/giellavahkku.org\/sme\/wp-json\/wp\/v2\/pages"}],"about":[{"href":"https:\/\/giellavahkku.org\/sme\/wp-json\/wp\/v2\/types\/page"}],"author":[{"embeddable":true,"href":"https:\/\/giellavahkku.org\/sme\/wp-json\/wp\/v2\/users\/1"}],"replies":[{"embeddable":true,"href":"https:\/\/giellavahkku.org\/sme\/wp-json\/wp\/v2\/comments?post=258"}],"version-history":[{"count":4,"href":"https:\/\/giellavahkku.org\/sme\/wp-json\/wp\/v2\/pages\/258\/revisions"}],"predecessor-version":[{"id":11937,"href":"https:\/\/giellavahkku.org\/sme\/wp-json\/wp\/v2\/pages\/258\/revisions\/11937"}],"wp:attachment":[{"href":"https:\/\/giellavahkku.org\/sme\/wp-json\/wp\/v2\/media?parent=258"}],"curies":[{"name":"wp","href":"https:\/\/api.w.org\/{rel}","templated":true}]}}