{"id":5881,"date":"2023-10-11T13:41:14","date_gmt":"2023-10-11T11:41:14","guid":{"rendered":"https:\/\/giellavahkku.org\/10-tips-til-skoler\/"},"modified":"2025-09-26T10:23:07","modified_gmt":"2025-09-26T08:23:07","slug":"10-tips-til-skoler","status":"publish","type":"page","link":"https:\/\/giellavahkku.org\/sme\/om-uken\/10-tips-til-skoler\/","title":{"rendered":"10 r\u00e1vvaga skuvllaide"},"content":{"rendered":"\n<h3 class=\"wp-block-heading\"><strong>Mii leat hutkan logi r\u00e1vvaga inspira\u0161uvdnan skuvllaide. Jus oahppit leat s\u00e1megielagat, de s\u00e1htt\u00e1 bidjat n\u00e1vccaid oahpahit ear\u00e1 s\u00e1megiel suopmaniid dahje s\u00e1megielaid birra ja jus ohppiin lea s\u00e1megiella amasgiellan de lea heivvola\u0161 vahkku oahppat eanet s\u00e1megiela. Heivet oahpahusa ahkejoavkkuid mielde ja bargga dan ovdii ahte Giellavahkku \u0161add\u00e1 som\u00e1 ja lea juoga masa oahppit illudit!<\/strong> <\/h3>\n\n\n\n<ol start=\"1\" class=\"wp-block-list\">\n<li><strong>L\u00e1idesteapmi. <\/strong>\u00c1lggat vahku nu ahte l\u00e1idestat ohppiid Giellavahkkui. Muital maidd\u00e1i makk\u00e1r diliin s\u00e1megielat leat, manne Giellavahkku lea deh\u00e1la\u0161 ja makk\u00e1r pl\u00e1na dis lea d\u00e1n vahkkui.<\/li>\n<\/ol>\n\n\n\n<ol start=\"2\" class=\"wp-block-list\">\n<li><strong>Giella\u010diehka. <\/strong>Heivet dihto b\u00e1ikki skuvllas dahje luohkk\u00e1lanjas giellaoahppamii, interaktiiva spealuiguin, plak\u00e1htaiguin ja oahpponeavvuiguin mat movttiidahttet beaivv\u00e1la\u0161 ovttasdoaibmamii.<\/li>\n<\/ol>\n\n\n\n<ol start=\"3\" class=\"wp-block-list\">\n<li><strong>Bovde guossi. <\/strong>Bovde guossi geas lea persovnnala\u0161 historj\u00e1 gillii maid h\u00e1liida muitalit. S\u00e1htt\u00e1 leat olmmo\u0161 gii lea v\u00e1ld\u00e1n gielas ruovttoluotta, gii v\u00e1sihii d\u00e1ruiduhttima, gii l\u00e1vlu ja nu viid\u00e1sit. &nbsp;<\/li>\n<\/ol>\n\n\n\n<ol start=\"4\" class=\"wp-block-list\">\n<li><strong>Historj\u00e1diibmu. <\/strong>Di\u0111o\u0161tehket ja ohppet s\u00e1mi historjj\u00e1 birra ja atnet giela guovdd\u00e1\u017eis.<\/li>\n<\/ol>\n\n\n\n<ol start=\"5\" class=\"wp-block-list\">\n<li><strong>Musihkkadiibmu. <\/strong>Heivet musihkkadiimmu luoht\u00e1i ja s\u00e1mi musihkkii. Ovdanbuvtte sihke \u00e1rbevirola\u0161 s\u00e1mi musihka ja popmusihka.<\/li>\n<\/ol>\n\n\n\n<ol start=\"6\" class=\"wp-block-list\">\n<li><strong>S\u00e1megieldiibmu. <\/strong>Lonut eatnigiela s\u00e1megielain diibmopl\u00e1nas. Oahpat s\u00e1mi bust\u00e1vaid ja vuo\u0111\u0111ocealkagiid, ja s\u00e1gastala s\u00e1megiela struktuvrra birra.<\/li>\n<\/ol>\n\n\n\n<ol start=\"7\" class=\"wp-block-list\">\n<li><strong>Filbma. <\/strong>Geh\u010d\u010det s\u00e1mi filmma ja guossot popcorn ohppiide. Stuora servvodat lea historjj\u00e1la\u010d\u010dat b\u00e1idnan s\u00e1mi servvodaga negatiivvala\u010d\u010dat. Atte positiiva v\u00e1s\u00e1husa ohppiide giela bokte ja daga d\u00e1n liekkus ja guoibm\u00e1s diibmun. <\/li>\n<\/ol>\n\n\n\n<ol start=\"8\" class=\"wp-block-list\">\n<li><strong>Giellaquiz. <\/strong>L\u00e1git giellaquiza mas oahppit o\u017e\u017eot atnit digit\u00e1la s\u00e1tnegirjjiid veahkkin. <\/li>\n<\/ol>\n\n\n\n<ol start=\"9\" class=\"wp-block-list\">\n<li><strong>Digit\u00e1la gelbbola\u0161vuohta. <\/strong>Divtte ohppiid r\u00e1hkadit digit\u00e1la ovdanbuktimiid dahje videoid maid bokte ovdanbuktet maid sii leat oahppan Giellavahkus.<\/li>\n<\/ol>\n\n\n\n<ol start=\"10\" class=\"wp-block-list\">\n<li><strong>Reflek\u0161uvdna ja s\u00e1gastallan. <\/strong>Loahpat vahku \u010d\u00e1lala\u0161 bargguin dahje nj\u00e1lmm\u00e1la\u0161 s\u00e1gastallamiin mas oahppit besset reflekteret Giellavahku deh\u00e1la\u0161vuo\u0111a birra. <\/li>\n<\/ol>\n","protected":false},"excerpt":{"rendered":"<p>Mii leat hutkan logi r\u00e1vvaga inspira\u0161uvdnan skuvllaide. Jus oahppit leat s\u00e1megielagat, de s\u00e1htt\u00e1 bidjat n\u00e1vccaid oahpahit ear\u00e1 s\u00e1megiel suopmaniid dahje s\u00e1megielaid birra ja jus ohppiin lea s\u00e1megiella amasgiellan de lea heivvola\u0161 vahkku oahppat eanet s\u00e1megiela. Heivet oahpahusa ahkejoavkkuid mielde ja bargga dan ovdii ahte Giellavahkku \u0161add\u00e1 som\u00e1 ja lea juoga masa oahppit illudit!<\/p>\n","protected":false},"author":85,"featured_media":0,"parent":442,"menu_order":0,"comment_status":"closed","ping_status":"closed","template":"","meta":{"_acf_changed":false,"footnotes":""},"class_list":["post-5881","page","type-page","status-publish","hentry"],"acf":[],"_links":{"self":[{"href":"https:\/\/giellavahkku.org\/sme\/wp-json\/wp\/v2\/pages\/5881","targetHints":{"allow":["GET"]}}],"collection":[{"href":"https:\/\/giellavahkku.org\/sme\/wp-json\/wp\/v2\/pages"}],"about":[{"href":"https:\/\/giellavahkku.org\/sme\/wp-json\/wp\/v2\/types\/page"}],"author":[{"embeddable":true,"href":"https:\/\/giellavahkku.org\/sme\/wp-json\/wp\/v2\/users\/85"}],"replies":[{"embeddable":true,"href":"https:\/\/giellavahkku.org\/sme\/wp-json\/wp\/v2\/comments?post=5881"}],"version-history":[{"count":3,"href":"https:\/\/giellavahkku.org\/sme\/wp-json\/wp\/v2\/pages\/5881\/revisions"}],"predecessor-version":[{"id":9003,"href":"https:\/\/giellavahkku.org\/sme\/wp-json\/wp\/v2\/pages\/5881\/revisions\/9003"}],"up":[{"embeddable":true,"href":"https:\/\/giellavahkku.org\/sme\/wp-json\/wp\/v2\/pages\/442"}],"wp:attachment":[{"href":"https:\/\/giellavahkku.org\/sme\/wp-json\/wp\/v2\/media?parent=5881"}],"curies":[{"name":"wp","href":"https:\/\/api.w.org\/{rel}","templated":true}]}}