{"id":5923,"date":"2023-10-03T14:39:43","date_gmt":"2023-10-03T12:39:43","guid":{"rendered":"https:\/\/giellavahkku.org\/10-tips-til-bedrifter-og-institusjoner\/"},"modified":"2025-08-28T16:36:46","modified_gmt":"2025-08-28T14:36:46","slug":"10-tips-til-bedrifter-og-institusjoner","status":"publish","type":"page","link":"https:\/\/giellavahkku.org\/sme\/om-uken\/10-tips-til-bedrifter-og-institusjoner\/","title":{"rendered":"10 r\u00e1vvaga fitnodagaide ja institu\u0161uvnnaide"},"content":{"rendered":"\n<div class=\"wp-block-group alignwide has-honey-background-color has-background is-layout-flow wp-block-group-is-layout-flow\" style=\"padding-top:var(--wp--preset--spacing--72);padding-right:var(--wp--preset--spacing--72);padding-bottom:var(--wp--preset--spacing--72);padding-left:var(--wp--preset--spacing--72);font-style:normal;font-weight:500\">\n<p class=\"has-text-align-center has-sizing-medium has-custom-2-font-size\">Searvat Giellavahkkui lea buorre vuohki v\u00e1ldit deh\u00e1la\u0161 servvodatovddasv\u00e1st\u00e1dusa. Daga dan som\u00e1s vuogi mielde, d\u00e1 leat logi r\u00e1vvaga mat s\u00e1httet movttiidahttet.<\/p>\n<\/div>\n\n\n\n<ol start=\"1\" class=\"wp-block-list\">\n<li><strong>Jahk\u00e1sa\u0161 \u00e1rbevierru. <\/strong>Merkes 43. vahku kaleandarii! Daga Giellavahku jahk\u00e1sa\u0161 d\u00e1hp\u00e1hussan din luhtte. Leatgo bargi? V\u00e1ldde ovddasv\u00e1st\u00e1dusa muittuhit jo\u0111ihangotti ja gulahallanossodaga ahte lea Giellavahkku.<\/li>\n<\/ol>\n\n\n\n<ol start=\"2\" class=\"wp-block-list\">\n<li><strong>E-boastavuoll\u00e1i\u010d\u00e1la. <\/strong>D\u00e1t lea vahkku go heive r\u00e1hkadit e-boastavuoll\u00e1i\u010d\u00e1llaga s\u00e1megillii! Geh\u010d\u010det digit\u00e1la s\u00e1tnegirjjiid min neahttasiiddus resurssaid vuolde.<\/li>\n<\/ol>\n\n\n\n<ol start=\"3\" class=\"wp-block-list\">\n<li><strong>Oktavuohta oastiiguin\/geavaheaddjiiguin s\u00e1megillii. <\/strong>Isket leatgo dis s\u00e1megielat bargit geat h\u00e1liidit v\u00e1ikkuhit dasa ahte oastit\/geavaheaddjit ja ovttasbargoguoimmit s\u00e1httet gulahallat dinguin s\u00e1megillii. Jus lea nu, bidjet die\u0111uid dan birra sosi\u00e1la mediaide!<\/li>\n<\/ol>\n\n\n\n<ol start=\"4\" class=\"wp-block-list\">\n<li><strong>S\u00e1megiel f\u00e1llu. <\/strong>Leago dis kafea dahje kantiina? D\u00e1l heive hui bures jorgalit f\u00e1lu s\u00e1megielaide.&nbsp;<\/li>\n<\/ol>\n\n\n\n<ol start=\"5\" class=\"wp-block-list\">\n<li><strong>Lasihit s\u00e1megiela f\u00e1gasuorg\u00e1i. <\/strong>\u010catnet s\u00e1megiela ie\u017eadet f\u00e1gasuorg\u00e1i. D\u00e1lki? Buktet d\u00e1lkedie\u0111\u00e1husa s\u00e1megillii. Neahttag\u00e1vpi? Mielddus s\u00e1megillii. Dainna vugiin \u0161add\u00e1 relev\u00e1nta din ulbmiljovkui.<\/li>\n<\/ol>\n\n\n\n<ol start=\"6\" class=\"wp-block-list\">\n<li><strong>S\u00e1megiella din \u0161earpmain. &nbsp;<\/strong>Vi\u017e\u017eet materi\u00e1la min neahttasiidduin dahje bidjet s\u00e1mi sisdoalu \u0161earpmaide.<\/li>\n<\/ol>\n\n\n\n<ol start=\"7\" class=\"wp-block-list\">\n<li><strong>Bures-beaivi. &nbsp;<\/strong>\u00c1v\u017e\u017euhehket cealkit dearvvuo\u0111aid s\u00e1megillii dahje s\u00e1megillii mii ii leat du eatnigiella.<\/li>\n<\/ol>\n\n\n\n<ol start=\"8\" class=\"wp-block-list\">\n<li><strong>Oinnola\u0161vuohta. <\/strong>Lehket buorit ovdagovat ja juhket sisdoalu s\u00e1megillii, \u00e1innas gilvvuid oktavuo\u0111as dahje ovttasbarget influeansariin.<\/li>\n<\/ol>\n\n\n\n<ol start=\"9\" class=\"wp-block-list\">\n<li><strong>Gullos s\u00e1megiella. <\/strong>R\u00e1hkadehket s\u00e1megillii jietnadie\u0111u telefovnnas, goh\u010d\u010dunvuog\u00e1dagas&nbsp;dahje ear\u00e1 sajis gos s\u00e1megiella gullo.<\/li>\n<\/ol>\n\n\n\n<ol start=\"10\" class=\"wp-block-list\">\n<li><strong>Die\u0111ut. <\/strong>Jurdilehket makk\u00e1r die\u0111ut dis leat s\u00e1megillii oastiide\/geavaheaddjiide dahje \u00e1lbmogii odne, makk\u00e1r die\u0111ut dis berre\u0161e leat s\u00e1megillii ja \u00e1lget duohtandahkat dan.&nbsp;<br>&nbsp;<br>Ollu lihkku!<\/li>\n<\/ol>\n","protected":false},"excerpt":{"rendered":"<p>Searvat Giellavahkkui lea buorre vuohki v\u00e1ldit deh\u00e1la\u0161 servvodatovddasv\u00e1st\u00e1dusa. Daga dan som\u00e1s vuogi mielde, d\u00e1 leat logi r\u00e1vvaga mat s\u00e1httet movttiidahttet.<\/p>\n","protected":false},"author":85,"featured_media":5305,"parent":442,"menu_order":0,"comment_status":"closed","ping_status":"closed","template":"","meta":{"_acf_changed":false,"footnotes":""},"class_list":["post-5923","page","type-page","status-publish","has-post-thumbnail","hentry"],"acf":[],"_links":{"self":[{"href":"https:\/\/giellavahkku.org\/sme\/wp-json\/wp\/v2\/pages\/5923","targetHints":{"allow":["GET"]}}],"collection":[{"href":"https:\/\/giellavahkku.org\/sme\/wp-json\/wp\/v2\/pages"}],"about":[{"href":"https:\/\/giellavahkku.org\/sme\/wp-json\/wp\/v2\/types\/page"}],"author":[{"embeddable":true,"href":"https:\/\/giellavahkku.org\/sme\/wp-json\/wp\/v2\/users\/85"}],"replies":[{"embeddable":true,"href":"https:\/\/giellavahkku.org\/sme\/wp-json\/wp\/v2\/comments?post=5923"}],"version-history":[{"count":2,"href":"https:\/\/giellavahkku.org\/sme\/wp-json\/wp\/v2\/pages\/5923\/revisions"}],"predecessor-version":[{"id":8993,"href":"https:\/\/giellavahkku.org\/sme\/wp-json\/wp\/v2\/pages\/5923\/revisions\/8993"}],"up":[{"embeddable":true,"href":"https:\/\/giellavahkku.org\/sme\/wp-json\/wp\/v2\/pages\/442"}],"wp:featuredmedia":[{"embeddable":true,"href":"https:\/\/giellavahkku.org\/sme\/wp-json\/wp\/v2\/media\/5305"}],"wp:attachment":[{"href":"https:\/\/giellavahkku.org\/sme\/wp-json\/wp\/v2\/media?parent=5923"}],"curies":[{"name":"wp","href":"https:\/\/api.w.org\/{rel}","templated":true}]}}