{"id":6124,"date":"2023-10-03T09:08:51","date_gmt":"2023-10-03T07:08:51","guid":{"rendered":"https:\/\/giellavahkku.org\/10-tips-til-barnehager\/"},"modified":"2025-10-08T14:31:56","modified_gmt":"2025-10-08T12:31:56","slug":"10-tips-til-barnehager","status":"publish","type":"page","link":"https:\/\/giellavahkku.org\/sme\/om-uken\/10-tips-til-barnehager\/","title":{"rendered":"Logi r\u00e1vvaga m\u00e1n\u00e1idg\u00e1rddiide"},"content":{"rendered":"\n<ol style=\"list-style-type:1\" class=\"wp-block-list\">\n<li><strong>S\u00e1megiella f\u00e1dd\u00e1n olles vahku<\/strong>. Bidjet s\u00e1megiela f\u00e1dd\u00e1n olles vahkkui ja bidjet dan m\u00e1nnopl\u00e1nii (Giellavahkku lea vahkku 43 juohke jagi). L\u00e1gidehket doaimmaid mat \u010datnasit s\u00e1mi gillii ja kultuvrii. R\u00e1hkadehket vahkkopl\u00e1na daid r\u00e1vvagiid vuo\u0111ul mat d\u00e1s vuol\u00e1bealde ovdanbuktojuvvojit ja mat heivejit didjiide.<\/li>\n<\/ol>\n\n\n\n<ol start=\"2\" class=\"wp-block-list\">\n<li><strong>S\u00e1mi m\u00e1idnasat<\/strong>. Lohket s\u00e1mi m\u00e1idnasiid m\u00e1n\u00e1ide. G\u00e1vdnojit s\u00e1mi m\u00e1n\u00e1idgirjjit sihke s\u00e1megillii ja ear\u00e1 gielaide.<\/li>\n<\/ol>\n\n\n\n<ol start=\"3\" class=\"wp-block-list\">\n<li><strong>S\u00e1mi disco<\/strong>. Guldalehket lu\u0111iid ja ear\u00e1 s\u00e1mi musihka m\u00e1n\u00e1iguin. R\u00e1hkadehket \u010duojahanlisttu Spotify:s mas lea s\u00e1mi musihkka ja l\u00e1gidehket s\u00e1mi disco.<\/li>\n<\/ol>\n\n\n\n<ol start=\"4\" class=\"wp-block-list\">\n<li><strong>D\u00e1nsot BlimE!&nbsp;<\/strong>D\u00e1nsot BlimE-l\u00e1vlaga s\u00e1mi vari\u00e1nttaide, g\u00e1vdnojit d\u00e1ppe: <a href=\"https:\/\/nrksuper.no\/serie\/blime\/MSUM06001023\/sesong-12\/episode-4\">https:\/\/nrksuper.no\/serie\/blime\/MSUM06001023\/sesong-12\/episode-4<\/a><\/li>\n<\/ol>\n\n\n\n<ol start=\"5\" class=\"wp-block-list\">\n<li><strong>Speallat giellaspealuid<\/strong>. Oahpahehket m\u00e1n\u00e1ide s\u00e1megiel s\u00e1niid stoahkama ja speallama bokte. \u00c1lkes dearvvahanfr\u00e1sat dahje ivnnit s\u00e1httet leat buorre \u00e1lgu. Jus m\u00e1n\u00e1t m\u00e1httet s\u00e1megiela, de \u010dalmmustahttet ear\u00e1 s\u00e1megiel suopmaniid sidjiide.<\/li>\n<\/ol>\n\n\n\n<ol start=\"6\" class=\"wp-block-list\">\n<li><strong>L\u00e1vlot m\u00e1n\u00e1idl\u00e1vlagiid.<\/strong>&nbsp;Oahpahehket \u00e1lkes s\u00e1mi m\u00e1n\u00e1idl\u00e1vlagiid m\u00e1n\u00e1ide. L\u00e1vlun lea nanu vuohki gaskkustit kultuvrra. Dii s\u00e1httibehtet maid s\u00e1gastallat lu\u0111iid birra ja guldalit ie\u0161gu\u0111etl\u00e1gan elliid lu\u0111iid.<\/li>\n<\/ol>\n\n\n\n<ol start=\"7\" class=\"wp-block-list\">\n<li><strong>Suohtastallat bust\u00e1vaiguin<\/strong>. Skuvlajoavku s\u00e1htt\u00e1 r\u00e1hkadit s\u00e1mi alfabehta toga dahje ear\u00e1 bust\u00e1vvaspealu oahp\u00e1smahttin dihtii m\u00e1n\u00e1id s\u00e1megiela \u010d\u00e1llimii.<\/li>\n<\/ol>\n\n\n\n<ol start=\"8\" class=\"wp-block-list\">\n<li><strong>Filbma- ja muitalus\u00e1igi:&nbsp;<\/strong>\u010c\u00e1jehehket filmmaid dahje girjjiid mat govvidit s\u00e1mi kultuvrra ja eallima.<\/li>\n<\/ol>\n\n\n\n<ol start=\"9\" class=\"wp-block-list\">\n<li><strong>S\u00e1rgot s\u00e1mi leavgga<\/strong>. S\u00e1rgot s\u00e1mi leavgga ja oahpahehket m\u00e1n\u00e1ide s\u00e1mi geografiija, suopmaniid ja s\u00e1megiela virgg\u00e1la\u0161 dili birra. S\u00e1megielas leat m\u00e1\u014bga ie\u0161gu\u0111etl\u00e1gan suopmana, s\u00e1gastallet m\u00e1n\u00e1iguin makk\u00e1r suopman hubmojuvvo m\u00e1n\u00e1idg\u00e1rddis.<\/li>\n<\/ol>\n\n\n\n<ol start=\"10\" class=\"wp-block-list\">\n<li><strong>Oahpahehket s\u00e1mi kultuvrra birra:&nbsp;<\/strong>G\u00e1vdnet tv-r\u00e1idduid dahje filmmaid m\u00e1n\u00e1id birra geat ellet s\u00e1mi kultuvrras ja geh\u010d\u010det daid dahje bovdejehket muhtuma guoss\u00e1i muitalit juoid\u00e1 s\u00e1mi kultuvrra birra. S\u00e1mi kultuvra lea m\u00e1\u014bggabealat, v\u00e1lljejehket oasi s\u00e1mi kultuvrras mii lea \u00e1igeguovdil din m\u00e1n\u00e1idg\u00e1rd\u00e1i ja guvlui gos lehpet.<\/li>\n<\/ol>\n","protected":false},"excerpt":{"rendered":"","protected":false},"author":85,"featured_media":9631,"parent":442,"menu_order":0,"comment_status":"closed","ping_status":"closed","template":"","meta":{"_acf_changed":false,"footnotes":""},"class_list":["post-6124","page","type-page","status-publish","has-post-thumbnail","hentry"],"acf":[],"_links":{"self":[{"href":"https:\/\/giellavahkku.org\/sme\/wp-json\/wp\/v2\/pages\/6124","targetHints":{"allow":["GET"]}}],"collection":[{"href":"https:\/\/giellavahkku.org\/sme\/wp-json\/wp\/v2\/pages"}],"about":[{"href":"https:\/\/giellavahkku.org\/sme\/wp-json\/wp\/v2\/types\/page"}],"author":[{"embeddable":true,"href":"https:\/\/giellavahkku.org\/sme\/wp-json\/wp\/v2\/users\/85"}],"replies":[{"embeddable":true,"href":"https:\/\/giellavahkku.org\/sme\/wp-json\/wp\/v2\/comments?post=6124"}],"version-history":[{"count":2,"href":"https:\/\/giellavahkku.org\/sme\/wp-json\/wp\/v2\/pages\/6124\/revisions"}],"predecessor-version":[{"id":8985,"href":"https:\/\/giellavahkku.org\/sme\/wp-json\/wp\/v2\/pages\/6124\/revisions\/8985"}],"up":[{"embeddable":true,"href":"https:\/\/giellavahkku.org\/sme\/wp-json\/wp\/v2\/pages\/442"}],"wp:featuredmedia":[{"embeddable":true,"href":"https:\/\/giellavahkku.org\/sme\/wp-json\/wp\/v2\/media\/9631"}],"wp:attachment":[{"href":"https:\/\/giellavahkku.org\/sme\/wp-json\/wp\/v2\/media?parent=6124"}],"curies":[{"name":"wp","href":"https:\/\/api.w.org\/{rel}","templated":true}]}}