{"id":8607,"date":"2025-07-31T16:37:56","date_gmt":"2025-07-31T14:37:56","guid":{"rendered":"https:\/\/giellavahkku.org\/merch\/"},"modified":"2025-10-20T22:38:12","modified_gmt":"2025-10-20T20:38:12","slug":"merch","status":"publish","type":"page","link":"https:\/\/giellavahkku.org\/sme\/merch\/","title":{"rendered":"Merch"},"content":{"rendered":"\n<div class=\"wp-block-group is-layout-constrained wp-container-core-group-is-layout-ec27dcee wp-block-group-is-layout-constrained\" style=\"margin-bottom:var(--wp--preset--spacing--72)\">\n<h1 class=\"wp-block-heading has-text-align-center has-custom-7-font-size\" style=\"text-transform:uppercase\">Merch<\/h1>\n\n\n\n<p class=\"has-text-align-center has-custom-10-font-size\" style=\"font-style:normal;font-weight:500\">Synliggj\u00f8r samiske spr\u00e5k, last ned trykkfiler og bestill\u00a0merch.\u00a0<br><br>\u010c\u00e1lmmustahte s\u00e1megielaid, vie\u017e\u017eal fiillaid d\u00e1s ja di\u014bgo t-b\u00e1iddiid.<br><br>(<em>Siidu lea d\u00e1rogillii sihkarastindihte printehussii die\u0111uid.<\/em>)<\/p>\n<\/div>\n\n\n\n<div class=\"wp-block-columns alignwide is-layout-flex wp-container-core-columns-is-layout-28f84493 wp-block-columns-is-layout-flex\">\n<div class=\"wp-block-column is-layout-flow wp-container-core-column-is-layout-6be150da wp-block-column-is-layout-flow\">\n<p class=\"has-text-align-center has-blush-color has-text-color has-link-color has-condensed-bold-font-family has-custom-8-font-size wp-elements-738f028f64df382c71a7d8a1ae54dbd4\">1<\/p>\n\n\n\n<h2 class=\"wp-block-heading has-text-align-center\">Velg T-SKJORTE<br>v\u00e1llje t-b\u00e1iddi<\/h2>\n\n\n\n<p class=\"has-text-align-center\">Klikk og last ned trykkfil.<br>Deaddil Vie\u010d\u010da.<br><br><\/p>\n<\/div>\n\n\n\n<div class=\"wp-block-column is-layout-flow wp-container-core-column-is-layout-6be150da wp-block-column-is-layout-flow\">\n<p class=\"has-text-align-center has-blush-color has-text-color has-link-color has-condensed-bold-font-family has-custom-8-font-size wp-elements-4b6b9793e8eb254a77e6c461cd09bf6c\">2<\/p>\n\n\n\n<h2 class=\"wp-block-heading has-text-align-center\">Velg hvor det skal produseres<br>v\u00e1llje gos galg\u00e1 buvttaduvvot<\/h2>\n\n\n\n<p class=\"has-text-align-center\">Send trykkfilen til ditt lokale trykkeri.<br>S\u00e1dde fiilla maid vi\u017e\u017eet printehussii.<\/p>\n<\/div>\n<\/div>\n\n\n\n<div class=\"wp-block-media-text alignwide is-stacked-on-mobile is-vertically-aligned-center is-image-fill-element has-main-background-color has-background\" style=\"margin-top:var(--wp--preset--spacing--100);grid-template-columns:60% auto\"><figure class=\"wp-block-media-text__media\"><img loading=\"lazy\" decoding=\"async\" width=\"1024\" height=\"683\" src=\"https:\/\/giellavahkku.org\/wp-content\/uploads\/2025\/10\/7-1024x683.jpg\" alt=\"\" class=\"wp-image-10447 size-full\" style=\"object-position:50% 50%\" srcset=\"https:\/\/giellavahkku.org\/wp-content\/uploads\/2025\/10\/7-1024x683.jpg 1024w, https:\/\/giellavahkku.org\/wp-content\/uploads\/2025\/10\/7-300x200.jpg 300w, https:\/\/giellavahkku.org\/wp-content\/uploads\/2025\/10\/7-768x512.jpg 768w, https:\/\/giellavahkku.org\/wp-content\/uploads\/2025\/10\/7-1536x1024.jpg 1536w, https:\/\/giellavahkku.org\/wp-content\/uploads\/2025\/10\/7.jpg 1632w\" sizes=\"auto, (max-width: 1024px) 100vw, 1024px\" \/><\/figure><div class=\"wp-block-media-text__content\">\n<div class=\"wp-block-group is-vertical is-layout-flex wp-container-core-group-is-layout-a8cadb17 wp-block-group-is-layout-flex\" style=\"margin-top:var(--wp--preset--spacing--150);margin-bottom:var(--wp--preset--spacing--150)\">\n<h2 class=\"wp-block-heading\">muinna s\u00e1ht\u00e1t s\u00e1m\u00e1stit Jeg snakker samisk<\/h2>\n\n\n\n<div class=\"wp-block-buttons is-content-justification-center is-layout-flex wp-container-core-buttons-is-layout-a89b3969 wp-block-buttons-is-layout-flex\">\n<div class=\"wp-block-button\"><a class=\"wp-block-button__link has-text-align-center wp-element-button\" href=\"https:\/\/giellavahkku.org\/wp-content\/uploads\/2025\/10\/t-skjorter-jeg-snakker-samisk.pdf\">Last ned \/ vie\u010d\u010da<\/a><\/div>\n<\/div>\n<\/div>\n<\/div><\/div>\n\n\n\n<div class=\"wp-block-media-text alignwide has-media-on-the-right is-stacked-on-mobile is-vertically-aligned-center is-image-fill-element has-main-background-color has-background\" style=\"grid-template-columns:auto 60%\"><div class=\"wp-block-media-text__content\">\n<div class=\"wp-block-group is-vertical is-layout-flex wp-container-core-group-is-layout-a8cadb17 wp-block-group-is-layout-flex\" style=\"margin-top:var(--wp--preset--spacing--150);margin-bottom:var(--wp--preset--spacing--150)\">\n<h2 class=\"wp-block-heading\">Giellavahkku Logo<\/h2>\n\n\n\n<div class=\"wp-block-buttons is-content-justification-center is-layout-flex wp-container-core-buttons-is-layout-a89b3969 wp-block-buttons-is-layout-flex\">\n<div class=\"wp-block-button\"><a class=\"wp-block-button__link has-text-align-center wp-element-button\" href=\"https:\/\/giellavahkku.org\/wp-content\/uploads\/2025\/10\/t-skjorter-logo.pdf\">Last ned \/ vie\u010d\u010da<\/a><\/div>\n<\/div>\n<\/div>\n<\/div><figure class=\"wp-block-media-text__media\"><img loading=\"lazy\" decoding=\"async\" width=\"1024\" height=\"683\" src=\"https:\/\/giellavahkku.org\/wp-content\/uploads\/2025\/10\/9-1024x683.jpg\" alt=\"\" class=\"wp-image-10429 size-full\" style=\"object-position:49% 38%\" srcset=\"https:\/\/giellavahkku.org\/wp-content\/uploads\/2025\/10\/9-1024x683.jpg 1024w, https:\/\/giellavahkku.org\/wp-content\/uploads\/2025\/10\/9-300x200.jpg 300w, https:\/\/giellavahkku.org\/wp-content\/uploads\/2025\/10\/9-768x512.jpg 768w, https:\/\/giellavahkku.org\/wp-content\/uploads\/2025\/10\/9.jpg 1344w\" sizes=\"auto, (max-width: 1024px) 100vw, 1024px\" \/><\/figure><\/div>\n\n\n\n<div class=\"wp-block-media-text alignwide is-stacked-on-mobile is-vertically-aligned-center is-image-fill-element has-main-background-color has-background\" style=\"grid-template-columns:60% auto\"><figure class=\"wp-block-media-text__media\"><img loading=\"lazy\" decoding=\"async\" width=\"1024\" height=\"683\" src=\"https:\/\/giellavahkku.org\/wp-content\/uploads\/2025\/10\/8-1024x683.jpg\" alt=\"\" class=\"wp-image-10408 size-full\" style=\"object-position:49% 28%\" srcset=\"https:\/\/giellavahkku.org\/wp-content\/uploads\/2025\/10\/8-1024x683.jpg 1024w, https:\/\/giellavahkku.org\/wp-content\/uploads\/2025\/10\/8-300x200.jpg 300w, https:\/\/giellavahkku.org\/wp-content\/uploads\/2025\/10\/8-768x512.jpg 768w, https:\/\/giellavahkku.org\/wp-content\/uploads\/2025\/10\/8.jpg 1344w\" sizes=\"auto, (max-width: 1024px) 100vw, 1024px\" \/><\/figure><div class=\"wp-block-media-text__content\">\n<div class=\"wp-block-group is-vertical is-layout-flex wp-container-core-group-is-layout-a8cadb17 wp-block-group-is-layout-flex\" style=\"margin-top:var(--wp--preset--spacing--150);margin-bottom:var(--wp--preset--spacing--150)\">\n<h2 class=\"wp-block-heading\">Jeg kan ikke snakke Samisk, men jeg forst\u00e5r Bures<\/h2>\n\n\n\n<div class=\"wp-block-buttons is-content-justification-center is-layout-flex wp-container-core-buttons-is-layout-a89b3969 wp-block-buttons-is-layout-flex\">\n<div class=\"wp-block-button\"><a class=\"wp-block-button__link has-text-align-center wp-element-button\" href=\"https:\/\/giellavahkku.org\/wp-content\/uploads\/2025\/10\/t-skjorter-jeg-forstar-bures.pdf\">Last ned \/ vie\u010d\u010da<\/a><\/div>\n<\/div>\n<\/div>\n<\/div><\/div>\n\n\n\n<div class=\"wp-block-group is-vertical is-layout-flex wp-container-core-group-is-layout-4b827052 wp-block-group-is-layout-flex\">\n<figure class=\"wp-block-image size-large\"><img loading=\"lazy\" decoding=\"async\" width=\"1024\" height=\"683\" src=\"https:\/\/giellavahkku.org\/wp-content\/uploads\/2025\/10\/headerbilde-web-stedsnavn-1024x683.jpg\" alt=\"\" class=\"wp-image-10365\" srcset=\"https:\/\/giellavahkku.org\/wp-content\/uploads\/2025\/10\/headerbilde-web-stedsnavn-1024x683.jpg 1024w, https:\/\/giellavahkku.org\/wp-content\/uploads\/2025\/10\/headerbilde-web-stedsnavn-300x200.jpg 300w, https:\/\/giellavahkku.org\/wp-content\/uploads\/2025\/10\/headerbilde-web-stedsnavn-768x512.jpg 768w, https:\/\/giellavahkku.org\/wp-content\/uploads\/2025\/10\/headerbilde-web-stedsnavn-1536x1024.jpg 1536w, https:\/\/giellavahkku.org\/wp-content\/uploads\/2025\/10\/headerbilde-web-stedsnavn.jpg 1632w\" sizes=\"auto, (max-width: 1024px) 100vw, 1024px\" \/><\/figure>\n\n\n\n<div class=\"wp-block-group has-main-background-color has-background is-layout-constrained wp-container-core-group-is-layout-36176c20 wp-block-group-is-layout-constrained\" style=\"padding-top:var(--wp--preset--spacing--32);padding-right:var(--wp--preset--spacing--32);padding-bottom:var(--wp--preset--spacing--32);padding-left:var(--wp--preset--spacing--32)\">\n<h2 class=\"wp-block-heading\">Last ned trykkfil med ditt stedsnavn<br>vie\u010d\u010da b\u00e1ikenamma t-b\u00e1idefiilla d\u00c1S<\/h2>\n\n\n\n<div class=\"wp-block-buttons is-content-justification-left is-layout-flex wp-container-core-buttons-is-layout-61f037d7 wp-block-buttons-is-layout-flex\">\n<div class=\"wp-block-button\"><a class=\"wp-block-button__link has-custom-5-font-size has-text-align-center has-custom-font-size wp-element-button\" href=\"https:\/\/giellavahkku.org\/wp-content\/uploads\/2025\/10\/t-skjorter-alta-1.pdf\">\u00c1lt\u00e1 \/ Alta<\/a><\/div>\n\n\n\n<div class=\"wp-block-button\"><a class=\"wp-block-button__link has-custom-5-font-size has-text-align-center has-custom-font-size wp-element-button\" href=\"https:\/\/giellavahkku.org\/wp-content\/uploads\/2025\/10\/t-skjorter-tana.pdf\"><strong>DEATNU<\/strong> \/ <strong>TANA<\/strong><\/a><\/div>\n\n\n\n<div class=\"wp-block-button\"><a class=\"wp-block-button__link has-custom-5-font-size has-text-align-center has-custom-font-size wp-element-button\" href=\"https:\/\/giellavahkku.org\/wp-content\/uploads\/2025\/10\/t-skjorter-nesseby.pdf\"><strong>UNJ\u00c1RGA<\/strong> \/ <strong>NESSEBY<\/strong><\/a><\/div>\n\n\n\n<div class=\"wp-block-button\"><a class=\"wp-block-button__link has-custom-5-font-size has-text-align-center has-custom-font-size wp-element-button\" href=\"https:\/\/giellavahkku.org\/wp-content\/uploads\/2025\/10\/t-skjorter-lakselv.pdf\"><strong>LEAVDNJA<\/strong> \/ <strong>LAKSELV<\/strong><\/a><\/div>\n\n\n\n<div class=\"wp-block-button\"><a class=\"wp-block-button__link has-custom-5-font-size has-text-align-center has-custom-font-size wp-element-button\" href=\"https:\/\/giellavahkku.org\/wp-content\/uploads\/2025\/10\/t-skjorter-kafjord.pdf\"><strong>G\u00c1IVUOTNA<\/strong> \/ <strong>K\u00c5FJORD<\/strong><\/a><\/div>\n\n\n\n<div class=\"wp-block-button\"><a class=\"wp-block-button__link has-custom-5-font-size has-text-align-center has-custom-font-size wp-element-button\" href=\"https:\/\/giellavahkku.org\/wp-content\/uploads\/2025\/10\/t-skjorter-tromso.pdf\"><strong>ROMSA<\/strong> \/ <strong>TROMS\u00d8<\/strong><\/a><\/div>\n\n\n\n<div class=\"wp-block-button\"><a class=\"wp-block-button__link has-custom-5-font-size has-text-align-center has-custom-font-size wp-element-button\" href=\"https:\/\/giellavahkku.org\/wp-content\/uploads\/2025\/10\/t-skjorter-kvaenangen.pdf\"><strong>N\u00c1VUOTNA<\/strong> \/ <strong>KV\u00c6NANGEN<\/strong><\/a><\/div>\n\n\n\n<div class=\"wp-block-button\"><a class=\"wp-block-button__link has-custom-5-font-size has-text-align-center has-custom-font-size wp-element-button\" href=\"https:\/\/giellavahkku.org\/wp-content\/uploads\/2025\/10\/t-skjorter-storfjord.pdf\"><strong>OMASVUOTNA<\/strong> \/ <strong>STORFJORD<\/strong><\/a><\/div>\n\n\n\n<div class=\"wp-block-button\"><a class=\"wp-block-button__link has-custom-5-font-size has-text-align-center has-custom-font-size wp-element-button\" href=\"https:\/\/giellavahkku.org\/wp-content\/uploads\/2025\/10\/t-skjorter-evenes.pdf\"><strong>EVEN\u00c1\u0160\u0160I \/ EVENES<\/strong><\/a><\/div>\n\n\n\n<div class=\"wp-block-button\"><a class=\"wp-block-button__link has-custom-5-font-size has-text-align-center has-custom-font-size wp-element-button\" href=\"https:\/\/giellavahkku.org\/wp-content\/uploads\/2025\/10\/t-skjorter-lavangen.pdf\"><strong><strong>LOAB\u00c1K<\/strong> \/ <strong>LAVANGEN<\/strong><\/strong><\/a><\/div>\n\n\n\n<div class=\"wp-block-button\"><a class=\"wp-block-button__link has-custom-5-font-size has-text-align-center has-custom-font-size wp-element-button\" href=\"https:\/\/giellavahkku.org\/wp-content\/uploads\/2025\/10\/t-skjorter-hamaroy.pdf\"><strong><strong><strong>H\u00c1BMER \/ HAMAR\u00d8Y<\/strong><\/strong><\/strong><\/a><\/div>\n\n\n\n<div class=\"wp-block-button\"><a class=\"wp-block-button__link has-custom-5-font-size has-text-align-center has-custom-font-size wp-element-button\" href=\"https:\/\/giellavahkku.org\/wp-content\/uploads\/2025\/10\/t-skjorter-bodo.pdf\"><strong><strong><strong><strong>B\u00c5D\u00c5DDJO<\/strong> \/ <strong>BOD\u00d8<\/strong><\/strong><\/strong><\/strong><\/a><\/div>\n\n\n\n<div class=\"wp-block-button\"><a class=\"wp-block-button__link has-custom-5-font-size has-text-align-center has-custom-font-size wp-element-button\" href=\"https:\/\/giellavahkku.org\/wp-content\/uploads\/2025\/10\/t-skjorter-royrvik.pdf\"><strong><strong><strong><strong><strong>RAARVIHKE<\/strong> \/ <strong>R\u00d8YRVIK<\/strong><\/strong><\/strong><\/strong><\/strong><\/a><\/div>\n\n\n\n<div class=\"wp-block-button\"><a class=\"wp-block-button__link has-custom-5-font-size has-text-align-center has-custom-font-size wp-element-button\" href=\"https:\/\/giellavahkku.org\/wp-content\/uploads\/2025\/10\/t-skjorter-snasa.pdf\"><strong><strong><strong><strong><strong><strong>SN\u00c5ASE<\/strong> \/ <strong>SN\u00c5SA<\/strong><\/strong><\/strong><\/strong><\/strong><\/strong><\/a><\/div>\n\n\n\n<div class=\"wp-block-button\"><a class=\"wp-block-button__link has-custom-5-font-size has-text-align-center has-custom-font-size wp-element-button\" href=\"https:\/\/giellavahkku.org\/wp-content\/uploads\/2025\/10\/t-skjorter-roros.pdf\"><strong><strong><strong><strong><strong><strong>PLASSJA \/ R\u00d8ROS<\/strong><\/strong><\/strong><\/strong><\/strong><\/strong><\/a><\/div>\n\n\n\n<div class=\"wp-block-button\"><a class=\"wp-block-button__link has-custom-5-font-size has-text-align-center has-custom-font-size wp-element-button\" href=\"https:\/\/giellavahkku.org\/wp-content\/uploads\/2025\/10\/t-skjorter-oslo.pdf\"><strong><strong><strong><strong><strong><strong><strong>OSLOVE \/ OSLO<\/strong><\/strong><\/strong><\/strong><\/strong><\/strong><\/strong><\/a><\/div>\n\n\n\n<div class=\"wp-block-button\"><a class=\"wp-block-button__link has-custom-5-font-size has-text-align-center has-custom-font-size wp-element-button\" href=\"https:\/\/giellavahkku.org\/wp-content\/uploads\/2025\/10\/t-skjorter-oteren.pdf\"><strong><strong><strong><strong><strong><strong><strong><strong>\u010c\u00c1VKKUS<\/strong> \/ <strong>OTEREN<\/strong><\/strong><\/strong><\/strong><\/strong><\/strong><\/strong><\/strong><\/a><\/div>\n\n\n\n<div class=\"wp-block-button\"><a class=\"wp-block-button__link has-custom-5-font-size has-text-align-center has-custom-font-size wp-element-button\" href=\"https:\/\/giellavahkku.org\/wp-content\/uploads\/2025\/10\/t-skjorter-trondheim.pdf\"><strong><strong><strong><strong><strong><strong><strong><strong>TR\u00c5ANTE \/ TRONDHEIM<\/strong><\/strong><\/strong><\/strong><\/strong><\/strong><\/strong><\/strong><\/a><\/div>\n\n\n\n<div class=\"wp-block-button\"><a class=\"wp-block-button__link has-custom-5-font-size has-text-align-center has-custom-font-size wp-element-button\" href=\"https:\/\/giellavahkku.org\/wp-content\/uploads\/2025\/10\/t-skjorter-narvik.pdf\"><strong><strong><strong><strong><strong><strong><strong><strong>\u00c1HK\u00c1NJARGA \/ NARVIK<\/strong><\/strong><\/strong><\/strong><\/strong><\/strong><\/strong><\/strong><\/a><\/div>\n\n\n\n<div class=\"wp-block-button\"><a class=\"wp-block-button__link has-custom-5-font-size has-text-align-center has-custom-font-size wp-element-button\" href=\"https:\/\/giellavahkku.org\/wp-content\/uploads\/2025\/10\/t-skjorter-kirkenes.pdf\"><strong><strong><strong><strong><strong><strong><strong><strong><strong>GIRKONJ\u00c1RGA \/ KIRKENES<\/strong><\/strong><\/strong><\/strong><\/strong><\/strong><\/strong><\/strong><\/strong><\/a><\/div>\n\n\n\n<div class=\"wp-block-button\"><a class=\"wp-block-button__link has-custom-5-font-size has-text-align-center has-custom-font-size wp-element-button\" href=\"https:\/\/giellavahkku.org\/wp-content\/uploads\/2025\/10\/t-skjorter-drag.pdf\" target=\"_blank\" rel=\"noreferrer noopener\"><strong><strong><strong><strong><strong><strong><strong><strong><strong>\u00c1jluokta \/ Drag<\/strong><\/strong><\/strong><\/strong><\/strong><\/strong><\/strong><\/strong><\/strong><\/a><\/div>\n<\/div>\n<\/div>\n<\/div>\n\n\n\n<p><\/p>\n","protected":false},"excerpt":{"rendered":"<p>1 Velg T-SKJORTEv\u00e1llje t-b\u00e1iddi Klikk og last ned trykkfil.Deaddil Vie\u010d\u010da. 2 Velg hvor det skal produseresv\u00e1llje gos galg\u00e1 buvttaduvvot Send trykkfilen til ditt lokale trykkeri.S\u00e1dde fiilla maid vi\u017e\u017eet printehussii. Last ned trykkfil med ditt stedsnavnvie\u010d\u010da b\u00e1ikenamma t-b\u00e1idefiilla d\u00c1S<\/p>\n","protected":false},"author":1,"featured_media":10581,"parent":0,"menu_order":0,"comment_status":"closed","ping_status":"closed","template":"wp-custom-template-no-title-featured-image","meta":{"_acf_changed":false,"footnotes":""},"class_list":["post-8607","page","type-page","status-publish","has-post-thumbnail","hentry"],"acf":[],"_links":{"self":[{"href":"https:\/\/giellavahkku.org\/sme\/wp-json\/wp\/v2\/pages\/8607","targetHints":{"allow":["GET"]}}],"collection":[{"href":"https:\/\/giellavahkku.org\/sme\/wp-json\/wp\/v2\/pages"}],"about":[{"href":"https:\/\/giellavahkku.org\/sme\/wp-json\/wp\/v2\/types\/page"}],"author":[{"embeddable":true,"href":"https:\/\/giellavahkku.org\/sme\/wp-json\/wp\/v2\/users\/1"}],"replies":[{"embeddable":true,"href":"https:\/\/giellavahkku.org\/sme\/wp-json\/wp\/v2\/comments?post=8607"}],"version-history":[{"count":15,"href":"https:\/\/giellavahkku.org\/sme\/wp-json\/wp\/v2\/pages\/8607\/revisions"}],"predecessor-version":[{"id":11764,"href":"https:\/\/giellavahkku.org\/sme\/wp-json\/wp\/v2\/pages\/8607\/revisions\/11764"}],"wp:featuredmedia":[{"embeddable":true,"href":"https:\/\/giellavahkku.org\/sme\/wp-json\/wp\/v2\/media\/10581"}],"wp:attachment":[{"href":"https:\/\/giellavahkku.org\/sme\/wp-json\/wp\/v2\/media?parent=8607"}],"curies":[{"name":"wp","href":"https:\/\/api.w.org\/{rel}","templated":true}]}}