{"id":1095,"date":"2021-10-08T14:27:48","date_gmt":"2021-10-08T12:27:48","guid":{"rendered":"https:\/\/giellavahkku.org\/?page_id=1095"},"modified":"2021-10-08T14:27:50","modified_gmt":"2021-10-08T12:27:50","slug":"manen-la-giellavahkko-ajnas","status":"publish","type":"page","link":"https:\/\/giellavahkku.org\/smj\/manen-la-giellavahkko-ajnas\/","title":{"rendered":"Manen la Giellavahkko \u00e1jnas?"},"content":{"rendered":"\n<p class=\"has-sizing-medium\">V\u00e1jku li \u00e1jteduvvam g\u00e1htomis, de s\u00e1megiela \u00e1jn bissu. Doajvvo le. S\u00e1mij gaskan la diedulasjvuohta giela ja giellav\u00e1lljima g\u00e1ktuj, ja ienep ja ienep ulmutja v\u00e1lljiji s\u00e6brrat kursajda \u00e5ttjudittjat gielav ruoptus mav mij\u00e1 m\u00e1tto li mass\u00e1m. Guovlojn g\u00e5nn\u00e5 s\u00e1megiella ij la m\u00e5ttijt buolvajt aneduvvam, d\u00e1lla nuorra \u00e5llessjattuga s\u00e1megielav ruoptus v\u00e1lldi ja v\u00e1rrogis\u00e1t g\u00e6httjali dav vijdd\u00e1sappo m\u00e1n\u00e1jdis\u00e1jda vaddet. \u00c5d\u00e5 s\u00e1megielak buolvva s\u00e1megielak m\u00e1n\u00e1j li sjaddamin d\u00e1lla.<\/p>\n\n\n\n<p class=\"has-sizing-medium\">Sihke vuona, svieriga ja suoma bielen s\u00e1mes v\u00e1sedip ahte stuorsebrudahka ienebut vuosedij berustimev s\u00e1megielajda, ja s\u00e1me rijkav mieht\u00e1j \u00e5ts\u00e5dalli juhte sij\u00e1 kultuvrra ja giela ienebut d\u00e5hkkiduvvi. Berustibme s\u00e1me sebrudahkaj la stuorre, ja \u00e1jgge goassa aktisasj giellaratj\u00e1stimev dahkat, ij lulu buorep.<\/p>\n\n\n\n<div class=\"wp-block-columns has-ice-grey-background-color has-background is-layout-flex wp-container-core-columns-is-layout-28f84493 wp-block-columns-is-layout-flex\">\n<div class=\"wp-block-column is-layout-flow wp-block-column-is-layout-flow\">\n<h2 class=\"wp-block-heading\"><strong>G\u00e5ktu m\u00e1ht\u00e1 s\u00e6brrat? <\/strong><\/h2>\n\n\n\n<p class=\"has-sizing-medium\">Mij hasodip duv progr\u00e1mmav g\u00e6httjat, g\u00e1vna&nbsp; \u00e1sadimijt ietjada lahkusin. V\u00e1lde aktijvuodav lag\u00e1mus giellaguovd\u00e1tjijn g\u00e1vnatjit d\u00e5jmajt ja \u00e1sadimijt vahko tjad\u00e1. Giellavahkko adn\u00e1 ietjas facebook bielev \u00ab<em>Giellavahkku\/G\u00efelev\u00e5hkoe\/Giellavahkko\/Samisk spr\u00e5kuke<\/em>\u00bb majt hasodip duv tjuovvot jus sid\u00e1 vuojnnet \u00e5d\u00e5sijt ja mij d\u00e1hp\u00e1duvv\u00e1 S\u00e1bmen. Mij\u00e1n la aj Instagram konto \u00abgiellavahkku\u00bb, d\u00e1nna g\u00e1vna filmajt, g\u00e5v\u00e5jt ja \u00e5d\u00e5sijt v\u00e1hkov tjad\u00e1.<\/p>\n\n\n\n<p class=\"has-sizing-medium\">Doajvvop d\u00e5n oass\u00e1lasst\u00e1 geldulasj d\u00e5jmajda, d\u00e5hkki s\u00e6brrat sihke fysalasj jali digit\u00e1la \u00e1sadimijda. Ande s\u00e1megielav sosi\u00e1la median \u00e5lles v\u00e1hko, oass\u00e1laste mij\u00e1 tj\u00e1ppa s\u00e1me gielajt tjalmostit.<\/p>\n\n\n\n<p class=\"has-sizing-medium\"><a href=\"#\">R\u00e1ja ietjat \u00e1sadimev d\u00e1nna<\/a><\/p>\n<\/div>\n\n\n\n<div class=\"wp-block-column is-layout-flow wp-block-column-is-layout-flow\">\n<figure class=\"wp-block-image size-full is-resized\"><img loading=\"lazy\" decoding=\"async\" src=\"https:\/\/giellavahkku.org\/wp-content\/uploads\/2021\/08\/arrangement-bilde.jpg\" alt=\"\" class=\"wp-image-88\" width=\"483\" height=\"230\"\/><\/figure>\n<\/div>\n<\/div>\n\n\n\n<h2 class=\"wp-block-heading\">Digit\u00e1lalasj n\u00e6vo \u2013 viettja!<\/h2>\n\n\n\n<p class=\"has-sizing-medium\">Viettja ja ane bigodimen duv d\u00e5las.<\/p>\n\n\n\n<ul class=\"wp-block-list\"><li><a href=\"https:\/\/giellavahkku.org\/wp-content\/uploads\/2021\/10\/g21-poster-giellavahkku-final.pdf\">Plak\u00e1htta A3<\/a><\/li><li><a href=\"https:\/\/giellavahkku.org\/wp-content\/uploads\/2021\/10\/g21-deldesignmanual-giellavahku.pdf\">H\u00e1bbmimfijlla<\/a><\/li><li><a href=\"https:\/\/giellavahkku.org\/wp-content\/uploads\/2021\/10\/G21_FB-Omslagsbild-Cover_820x310px.png\">Facebook&nbsp;\u00e5vdd\u00e5g\u00e5vv\u00e5<\/a><\/li><li><a href=\"https:\/\/giellavahkku.org\/wp-content\/uploads\/2021\/10\/g21-fb-evenemangsbild-1920x1080px.png\">Facebook-d\u00e5la<\/a><\/li><li><a href=\"https:\/\/giellavahkku.org\/wp-content\/uploads\/2021\/10\/logo.png\">Logo<\/a><\/li><li><a href=\"https:\/\/giellavahkku.org\/wp-content\/uploads\/2021\/10\/G21_Snapchatfilter_1080x2340.png\">Snapchat-filter<\/a><\/li><\/ul>\n\n\n\n<p class=\"has-sizing-medium\">Divna fijlajt m\u00e1hta adnet n\u00e5vku S\u00e1me giellavahkko d\u00e5ladimen.<\/p>\n","protected":false},"excerpt":{"rendered":"<p>V\u00e1jku li \u00e1jteduvvam g\u00e1htomis, de s\u00e1megiela \u00e1jn bissu. Doajvvo le. S\u00e1mij gaskan la diedulasjvuohta giela ja giellav\u00e1lljima g\u00e1ktuj, ja ienep ja ienep ulmutja v\u00e1lljiji s\u00e6brrat kursajda \u00e5ttjudittjat gielav ruoptus mav mij\u00e1 m\u00e1tto li mass\u00e1m. Guovlojn g\u00e5nn\u00e5 s\u00e1megiella ij la m\u00e5ttijt buolvajt aneduvvam, d\u00e1lla nuorra \u00e5llessjattuga s\u00e1megielav ruoptus v\u00e1lldi ja v\u00e1rrogis\u00e1t g\u00e6httjali dav vijdd\u00e1sappo m\u00e1n\u00e1jdis\u00e1jda vaddet. [&hellip;]<\/p>\n","protected":false},"author":1,"featured_media":0,"parent":0,"menu_order":0,"comment_status":"closed","ping_status":"closed","template":"","meta":{"_acf_changed":false,"footnotes":""},"class_list":["post-1095","page","type-page","status-publish","hentry"],"acf":[],"_links":{"self":[{"href":"https:\/\/giellavahkku.org\/smj\/wp-json\/wp\/v2\/pages\/1095","targetHints":{"allow":["GET"]}}],"collection":[{"href":"https:\/\/giellavahkku.org\/smj\/wp-json\/wp\/v2\/pages"}],"about":[{"href":"https:\/\/giellavahkku.org\/smj\/wp-json\/wp\/v2\/types\/page"}],"author":[{"embeddable":true,"href":"https:\/\/giellavahkku.org\/smj\/wp-json\/wp\/v2\/users\/1"}],"replies":[{"embeddable":true,"href":"https:\/\/giellavahkku.org\/smj\/wp-json\/wp\/v2\/comments?post=1095"}],"version-history":[{"count":1,"href":"https:\/\/giellavahkku.org\/smj\/wp-json\/wp\/v2\/pages\/1095\/revisions"}],"predecessor-version":[{"id":1104,"href":"https:\/\/giellavahkku.org\/smj\/wp-json\/wp\/v2\/pages\/1095\/revisions\/1104"}],"wp:attachment":[{"href":"https:\/\/giellavahkku.org\/smj\/wp-json\/wp\/v2\/media?parent=1095"}],"curies":[{"name":"wp","href":"https:\/\/api.w.org\/{rel}","templated":true}]}}