{"id":5727,"date":"2023-10-11T18:20:36","date_gmt":"2023-10-11T16:20:36","guid":{"rendered":"https:\/\/giellavahkku.org\/?page_id=5727"},"modified":"2023-10-11T18:20:46","modified_gmt":"2023-10-11T16:20:46","slug":"lagev-gahtjastusa-avddaskavlajdae","status":"publish","type":"page","link":"https:\/\/giellavahkku.org\/smj\/lagev-gahtjastusa-avddaskavlajdae\/","title":{"rendered":"L\u00e5gev g\u00e4htj\u00e1stus\u00e1 \u00e5vdd\u00e5sk\u00e5vl\u00e5jdae"},"content":{"rendered":"\n<figure class=\"wp-block-image size-large\"><img loading=\"lazy\" decoding=\"async\" width=\"1024\" height=\"680\" src=\"https:\/\/giellavahkku.org\/wp-content\/uploads\/2023\/10\/barnehagesak-giellavahkku-1-1024x680.jpg\" alt=\"\" class=\"wp-image-5209\" srcset=\"https:\/\/giellavahkku.org\/wp-content\/uploads\/2023\/10\/barnehagesak-giellavahkku-1-1024x680.jpg 1024w, https:\/\/giellavahkku.org\/wp-content\/uploads\/2023\/10\/barnehagesak-giellavahkku-1-300x199.jpg 300w, https:\/\/giellavahkku.org\/wp-content\/uploads\/2023\/10\/barnehagesak-giellavahkku-1-768x510.jpg 768w, https:\/\/giellavahkku.org\/wp-content\/uploads\/2023\/10\/barnehagesak-giellavahkku-1-1536x1020.jpg 1536w, https:\/\/giellavahkku.org\/wp-content\/uploads\/2023\/10\/barnehagesak-giellavahkku-1.jpg 2048w\" sizes=\"auto, (max-width: 1024px) 100vw, 1024px\" \/><\/figure>\n\n\n\n<ol class=\"wp-block-list\" type=\"1\">\n<li><strong>S\u00e1megiella degu tebm\u00e1\u00e5lles vahko. <\/strong>Ane s\u00e1megielav degu tebm\u00e1 \u00e5lles vahko ja biedjit dav m\u00e1nopl\u00e1naj (Giellavahkko l vahkko 43 juokka jage). D\u00e1hkit dahkamus\u00e1jt s\u00e1me giela ja kultuvra birra. \u00c1sadihtit vahkkopl\u00e1nav g\u00e4htjastus\u00e1jn ma li danna ja didjij hiehpi.<\/li>\n<\/ol>\n\n\n\n<ol class=\"wp-block-list\" start=\"2\">\n<li><strong>S\u00e1me subtts\u00e1sa. <\/strong>L\u00e5g\u00e5 s\u00e1me subtts\u00e1sijt m\u00e1n\u00e1jda. G\u00e1vnnuji s\u00e1me m\u00e1n\u00e1girje goapp\u00e1tjag\u00e1 s\u00e1megiellaj ja ietj\u00e1 gielajda.<\/li>\n<\/ol>\n\n\n\n<ol class=\"wp-block-list\" start=\"3\">\n<li><strong>S\u00e1me disco. <\/strong>Gulldalihtit vuolijt ja ietj\u00e1 s\u00e1me musijkk\u00e1v m\u00e1n\u00e1jn. Dag\u00e1 spellamlisst\u00e1v Spotify:an g\u00e5nn\u00e5 g\u00e1vnnu s\u00e1me musijkk\u00e1 ja as\u00e1 s\u00e1me discov.<\/li>\n<\/ol>\n\n\n\n<ol class=\"wp-block-list\" start=\"4\">\n<li><strong>D\u00e1nsit BlimE! <\/strong>D\u00e1nsit s\u00e1me vari\u00e1ntav BlimE-l\u00e1vlagij, g\u00e1vna dav danna: <a href=\"https:\/\/nrksuper.no\/serie\/blime\/MSUM06001023\/sesong-12\/episode-4\">https:\/\/nrksuper.no\/serie\/blime\/MSUM06001023\/sesong-12\/episode-4<\/a><\/li>\n<\/ol>\n\n\n\n<ol class=\"wp-block-list\" start=\"5\">\n<li><strong>Spellat giellaspelajt. <\/strong>Oahp\u00e1smahte b\u00e1gojt m\u00e1n\u00e1jda st\u00e5hkama ja spela tjad\u00e1. \u00c1lkkes buorastahttemvuoge ja b\u00e1jno l buorre \u00e1lggo. Jus m\u00e1n\u00e1 m\u00e1htti s\u00e1megielav, tjalmostahtit ietj\u00e1 s\u00e1me giellasuorgijt sidjij.<\/li>\n<\/ol>\n\n\n\n<ol class=\"wp-block-list\" start=\"6\">\n<li><strong>L\u00e1vllot m\u00e1n\u00e1l\u00e1vlagijt. <\/strong>\u00c5hpa m\u00e1n\u00e1jda \u00e1lkkes s\u00e1me m\u00e1n\u00e1l\u00e1vlagijt. L\u00e1vllom la nanus vuohke kultuvrav giehttot. S\u00e1g\u00e1stihtit vuolij birra ja gulldalihtit iesjge\u014bgal\u00e1g\u00e1sj judos vuolijt.<\/li>\n<\/ol>\n\n\n\n<ol class=\"wp-block-list\" start=\"7\">\n<li><strong>Suohtastallat bokst\u00e1v\u00e1j. <\/strong>Sk\u00e5vll\u00e5joavkko m\u00e1htt\u00e1 t\u00e5gav s\u00e1me alfabehtas dahkat vaj ietj\u00e1 spellajt bokst\u00e1vaj ja n\u00e5vti oahp\u00e1smahttet m\u00e1n\u00e1jt s\u00e1me tj\u00e1llemvuogijda.<\/li>\n<\/ol>\n\n\n\n<ol class=\"wp-block-list\" start=\"8\">\n<li><strong>Filmm\u00e1- ja giehttom\u00e1jgge. <\/strong>Vuoseda film\u00e1jt jali girjijt ma g\u00e5vviji s\u00e1me kultuvrav ja iellemav.<\/li>\n<\/ol>\n\n\n\n<ol class=\"wp-block-list\" start=\"9\">\n<li><strong>S\u00e1rggot s\u00e1me sl\u00e1vgav. <\/strong>S\u00e1rggo s\u00e1me sl\u00e1vgav ja \u00e5hpada m\u00e1n\u00e1jda s\u00e1me geografiddjav, giellasuorgijt ja giela virg\u00e1lasj vidjurij birra. G\u00e1vnnuji moadda giellasuorge s\u00e1megielajn, s\u00e1gasta m\u00e1n\u00e1jn makkir giellasuorgge l \u00e5vdd\u00e5sk\u00e5vl\u00e5n.<\/li>\n<\/ol>\n\n\n\n<ol class=\"wp-block-list\" start=\"10\">\n<li><strong>Oahppat s\u00e1me kultuvra birra. <\/strong>G\u00e1vnnit tv-r\u00e1jdov vaj film\u00e1jt ma giehttu m\u00e1n\u00e1j birra ma vieso s\u00e1me kultuvran ja gehtja dajt vaj bivddi sisi guossev gut m\u00e1htt\u00e1 giehttot juojdd\u00e1 s\u00e1me kultuvra birra. S\u00e1me kultuvrra l moattebelak, v\u00e1llji juoga mij la \u00e1jggeguovddel dij\u00e1 \u00e5vdd\u00e5sk\u00e5vll\u00e5j jali dan b\u00e1jken g\u00e5nn\u00e5s lihpit.<\/li>\n<\/ol>\n","protected":false},"excerpt":{"rendered":"","protected":false},"author":85,"featured_media":0,"parent":0,"menu_order":0,"comment_status":"closed","ping_status":"closed","template":"","meta":{"_acf_changed":false,"footnotes":""},"class_list":["post-5727","page","type-page","status-publish","hentry"],"acf":[],"_links":{"self":[{"href":"https:\/\/giellavahkku.org\/smj\/wp-json\/wp\/v2\/pages\/5727","targetHints":{"allow":["GET"]}}],"collection":[{"href":"https:\/\/giellavahkku.org\/smj\/wp-json\/wp\/v2\/pages"}],"about":[{"href":"https:\/\/giellavahkku.org\/smj\/wp-json\/wp\/v2\/types\/page"}],"author":[{"embeddable":true,"href":"https:\/\/giellavahkku.org\/smj\/wp-json\/wp\/v2\/users\/85"}],"replies":[{"embeddable":true,"href":"https:\/\/giellavahkku.org\/smj\/wp-json\/wp\/v2\/comments?post=5727"}],"version-history":[{"count":1,"href":"https:\/\/giellavahkku.org\/smj\/wp-json\/wp\/v2\/pages\/5727\/revisions"}],"predecessor-version":[{"id":5734,"href":"https:\/\/giellavahkku.org\/smj\/wp-json\/wp\/v2\/pages\/5727\/revisions\/5734"}],"wp:attachment":[{"href":"https:\/\/giellavahkku.org\/smj\/wp-json\/wp\/v2\/media?parent=5727"}],"curies":[{"name":"wp","href":"https:\/\/api.w.org\/{rel}","templated":true}]}}