{"id":5949,"date":"2023-10-03T14:39:43","date_gmt":"2023-10-03T12:39:43","guid":{"rendered":"https:\/\/giellavahkku.org\/10-tips-til-bedrifter-og-institusjoner\/"},"modified":"2025-08-28T16:36:25","modified_gmt":"2025-08-28T14:36:25","slug":"10-tips-til-bedrifter-og-institusjoner","status":"publish","type":"page","link":"https:\/\/giellavahkku.org\/smj\/om-uken\/10-tips-til-bedrifter-og-institusjoner\/","title":{"rendered":"10 g\u00e4tj\u00e1stus\u00e1 vidnodag\u00e1jda ja institusj\u00e5vn\u00e5jda"},"content":{"rendered":"\n<div class=\"wp-block-group alignwide has-honey-background-color has-background is-layout-flow wp-block-group-is-layout-flow\" style=\"padding-top:var(--wp--preset--spacing--72);padding-right:var(--wp--preset--spacing--72);padding-bottom:var(--wp--preset--spacing--72);padding-left:var(--wp--preset--spacing--72);font-style:normal;font-weight:500\">\n<p class=\"has-text-align-center has-sizing-medium has-custom-2-font-size\">Oass\u00e1lasstet Giellavahkkoj le buorre vuohke v\u00e1lddet \u00e1jnas sebrudakv\u00e1sstadus\u00e1v. Dag\u00e1 dav suohtas vuoge milta, danna l l\u00e5gev g\u00e4tj\u00e1stus\u00e1 majt m\u00e1htt\u00e1 arvusmahttet.<\/p>\n<\/div>\n\n\n\n<ol start=\"1\" class=\"wp-block-list\">\n<li><strong>Jahk\u00e1sasj \u00e1rbbem\u00e1htto. <\/strong>Mierkki vahkko 43 rijmon! Dag\u00e1 giellavahkkov jahk\u00e1sasj d\u00e1hpaduss\u00e1j dij\u00e1 lunna. Le gus bargge? V\u00e1lde aktavuodav d\u00e5jmaj\u00e5dedimen ja gul\u00e1dallam\u00e5ssudag\u00e1n ja diededa dan birra.<\/li>\n<\/ol>\n\n\n\n<ol start=\"2\" class=\"wp-block-list\">\n<li><strong>E-p\u00e5vsst\u00e5vuoll\u00e1jtj\u00e1llem. <\/strong>D\u00e1t la vahkko g\u00e5 hiehp\u00e1 e-p\u00e5vsst\u00e5vuoll\u00e1jtj\u00e1llemav adnet s\u00e1megiell\u00e1j! G\u00e4httjit digit\u00e1lalasj b\u00e1hkogirjijt mij\u00e1 n\u00e4httabielen resurssa vuollelin.<\/li>\n<\/ol>\n\n\n\n<ol start=\"3\" class=\"wp-block-list\">\n<li><strong>S\u00e1megiella oassteaktavuodajn. <\/strong>\u00c5htsit s\u00e1megielagijt sis\u014b\u00e1tjin jus da sihti viehkedit vaj oasste ja aktisasjbarggoguojme m\u00e1htti valldet aktavuodav s\u00e1megiellaj. Jus g\u00e1vnnuji de almmoda diedon sij\u00e1 birra dij\u00e1 sosi\u00e1la medierin.<\/li>\n<\/ol>\n\n\n\n<ol start=\"4\" class=\"wp-block-list\">\n<li><strong>S\u00e1megiel f\u00e1llo. <\/strong>Le gus dij\u00e1n kafea jali b\u00e5rr\u00e5mladnja? Dal hiehp\u00e1 buoragit f\u00e1lov j\u00e5rgg\u00e5lit s\u00e1megiell\u00e1j.<\/li>\n<\/ol>\n\n\n\n<ol start=\"5\" class=\"wp-block-list\">\n<li><strong>Lasedit s\u00e1megielav viddnosuorgijda. <\/strong>Tjadnit s\u00e1megielav dij\u00e1 viddnosuorgg\u00e1j. D\u00e1lkke? Buktit d\u00e1lkkediedadus\u00e1v s\u00e1megiell\u00e1j. N\u00e4httaoases? R\u00e1djit tjuovvotj\u00e1llagav s\u00e1megiell\u00e1j. Dajna vuogijn sjadd\u00e1 hiebalgis dij\u00e1 ulmmejuohkusij.<\/li>\n<\/ol>\n\n\n\n<ol start=\"6\" class=\"wp-block-list\">\n<li><strong>S\u00e1megiella sjermajn. <\/strong>Viedjit materi\u00e1lav mij\u00e1 n\u00e4httabieles jali biedjit s\u00e1me sisanov sjermajda.<\/li>\n<\/ol>\n\n\n\n<ol start=\"7\" class=\"wp-block-list\">\n<li><strong>Buoris-biejvve. <\/strong>B\u00e1dtjijihtit buor\u00e1stahttemav s\u00e1megiell\u00e1j jali iejt\u00e1 s\u00e1megielsuorgijn mij ij la duv iednegiella.<\/li>\n<\/ol>\n\n\n\n<ol start=\"8\" class=\"wp-block-list\">\n<li><strong>Vuojnosvuohta. <\/strong>\u00c5ro buorre \u00e5vdd\u00e5g\u00e5vv\u00e5 ja juoge sisanov s\u00e1megiell\u00e1j, \u00e1jnnasik gilppusijt jali aktisasjbargov influenserijn.<\/li>\n<\/ol>\n\n\n\n<ol start=\"9\" class=\"wp-block-list\">\n<li><strong>Dibddet s\u00e1megielav gullut. <\/strong>\u00c1ssit s\u00e1megiel jiednadiedov telef\u00e5vn\u00e5jda, g\u00e5httjomvuog\u00e1dahk\u00e1j jali ietj\u00e1 sajijn g\u00e5nn\u00e5 s\u00e1megiella m\u00e1htt\u00e1 gullut.<\/li>\n<\/ol>\n\n\n\n<ol start=\"10\" class=\"wp-block-list\">\n<li><strong>Diededibme. <\/strong>\u00c1j\u00e1dallit makkir diedo dij\u00e1n li s\u00e1megiell\u00e1j oasstijda\/addnijda jali \u00e1lmmugij uddni, makk\u00e1r d\u00e1rbbo li ja \u00e1lggit dajt j\u00e5htuj biedjat.<br>&nbsp;<br>Tjuovvus vuorbbe!<\/li>\n<\/ol>\n","protected":false},"excerpt":{"rendered":"<p>Oass\u00e1lasstet Giellavahkkoj le buorre vuohke v\u00e1lddet \u00e1jnas sebrudakv\u00e1sstadus\u00e1v. Dag\u00e1 dav suohtas vuoge milta, danna l l\u00e5gev g\u00e4tj\u00e1stus\u00e1 majt m\u00e1htt\u00e1 arvusmahttet.<\/p>\n","protected":false},"author":85,"featured_media":5304,"parent":440,"menu_order":0,"comment_status":"closed","ping_status":"closed","template":"","meta":{"_acf_changed":false,"footnotes":""},"class_list":["post-5949","page","type-page","status-publish","has-post-thumbnail","hentry"],"acf":[],"_links":{"self":[{"href":"https:\/\/giellavahkku.org\/smj\/wp-json\/wp\/v2\/pages\/5949","targetHints":{"allow":["GET"]}}],"collection":[{"href":"https:\/\/giellavahkku.org\/smj\/wp-json\/wp\/v2\/pages"}],"about":[{"href":"https:\/\/giellavahkku.org\/smj\/wp-json\/wp\/v2\/types\/page"}],"author":[{"embeddable":true,"href":"https:\/\/giellavahkku.org\/smj\/wp-json\/wp\/v2\/users\/85"}],"replies":[{"embeddable":true,"href":"https:\/\/giellavahkku.org\/smj\/wp-json\/wp\/v2\/comments?post=5949"}],"version-history":[{"count":2,"href":"https:\/\/giellavahkku.org\/smj\/wp-json\/wp\/v2\/pages\/5949\/revisions"}],"predecessor-version":[{"id":8991,"href":"https:\/\/giellavahkku.org\/smj\/wp-json\/wp\/v2\/pages\/5949\/revisions\/8991"}],"up":[{"embeddable":true,"href":"https:\/\/giellavahkku.org\/smj\/wp-json\/wp\/v2\/pages\/440"}],"wp:featuredmedia":[{"embeddable":true,"href":"https:\/\/giellavahkku.org\/smj\/wp-json\/wp\/v2\/media\/5304"}],"wp:attachment":[{"href":"https:\/\/giellavahkku.org\/smj\/wp-json\/wp\/v2\/media?parent=5949"}],"curies":[{"name":"wp","href":"https:\/\/api.w.org\/{rel}","templated":true}]}}