{"id":8827,"date":"2025-08-01T11:28:11","date_gmt":"2025-08-01T09:28:11","guid":{"rendered":"https:\/\/giellavahkku.org\/om-uken\/sprakverktoy\/"},"modified":"2025-10-10T10:40:46","modified_gmt":"2025-10-10T08:40:46","slug":"sprakverktoy","status":"publish","type":"page","link":"https:\/\/giellavahkku.org\/smj\/gaktu-mahta-saebrrat\/sprakverktoy\/","title":{"rendered":"Giellar\u00e6jdo"},"content":{"rendered":"\n<p class=\"has-sizing-medium\">Muhtem digit\u00e1la giellav\u00e6dtsaga g\u00e1vnnuji, duola daga duollatj\u00e1llemd\u00e1rkastus goapp\u00e1tjag\u00e1 Windowsij ja Macaj, mobiltastatuvrra duollatj\u00e1llemd\u00e1rkastus\u00e1jn goapp\u00e1tjag\u00e1 Androidaj ja iOSaj (iPhone ja iPad), b\u00e1hkogirje ja mahku. Gehtja\u00a0<a href=\"http:\/\/divvun.no\/no\/\">Divvuna<\/a>bielev ienep s\u00e1me giellateknologijjaj.<\/p>\n\n\n\n<div class=\"wp-block-group is-layout-constrained wp-container-core-group-is-layout-9e49823d wp-block-group-is-layout-constrained\" style=\"margin-top:var(--wp--preset--spacing--150);margin-bottom:var(--wp--preset--spacing--64)\">\n<h2 class=\"wp-block-heading has-text-align-center has-custom-1-font-size\" style=\"text-transform:uppercase\">App<\/h2>\n<\/div>\n\n\n\n<div class=\"wp-block-columns alignwide is-layout-flex wp-container-core-columns-is-layout-0a32c70f wp-block-columns-is-layout-flex\">\n<div class=\"wp-block-column has-honey-background-color has-background is-layout-flow wp-block-column-is-layout-flow\" style=\"padding-top:var(--wp--preset--spacing--32);padding-right:var(--wp--preset--spacing--32);padding-bottom:var(--wp--preset--spacing--32);padding-left:var(--wp--preset--spacing--32)\">\n<figure class=\"wp-block-image size-full is-resized\"><img loading=\"lazy\" decoding=\"async\" width=\"503\" height=\"281\" src=\"https:\/\/giellavahkku.org\/wp-content\/uploads\/2021\/10\/bago.png\" alt=\"10\/20 Bago skjermbilde\" class=\"wp-image-988\" style=\"width:auto;height:190px\" srcset=\"https:\/\/giellavahkku.org\/wp-content\/uploads\/2021\/10\/bago.png 503w, https:\/\/giellavahkku.org\/wp-content\/uploads\/2021\/10\/bago-300x168.png 300w\" sizes=\"auto, (max-width: 503px) 100vw, 503px\" \/><\/figure>\n\n\n\n<h2 class=\"wp-block-heading\">10\/20 b\u00e1go <\/h2>\n\n\n\n<p class=\"has-sizing-medium\">Vuona S\u00e1medigge le Giellavahko aktijvuodan oadtjum dag\u00e1dum app\u2019av\u00a0<strong>10\/20 b\u00e1go<\/strong>, mij d\u00e5hkki viettjat android ja iOS telef\u00e5vn\u00e5j. <\/p>\n\n\n\n<p class=\"has-sizing-medium\">App\u2019an m\u00e1ht\u00e1 vuojnnet, gullat ja l\u00e5hk\u00e5t 10\/20 b\u00e1go nuortta-, julev- ja oarjjels\u00e1megiellaj. App\u2019a m\u00e1htt\u00e1 aneduvvat sk\u00e5vl\u00e5n ja m\u00e1n\u00e1jg\u00e1rden, valla diedon aj priv\u00e1htaiellemin.<\/p>\n\n\n\n<h3 class=\"wp-block-heading\">Guokta plak\u00e1htajt <\/h3>\n\n\n\n<p class=\"has-sizing-medium\">Vuona S\u00e1medigge le stiellim guokta plak\u00e1htajt app\u2019aj, avtan li\u00a0<a href=\"https:\/\/giellavahkku.org\/wp-content\/uploads\/2021\/08\/10-sani_Plakat-70x100_bhg_korr3.pdf\" target=\"_blank\" rel=\"noreferrer noopener\">10 b\u00e1go<\/a> nuortta-, julev- ja oarjjels\u00e1megiellaj ja nuppen\u00a0<a href=\"https:\/\/giellavahkku.org\/wp-content\/uploads\/2021\/08\/20-sani-plakahta.pdf\" target=\"_blank\" rel=\"noreferrer noopener\">20 b\u00e1go.<\/a><\/p>\n<\/div>\n\n\n\n<div class=\"wp-block-column has-honey-background-color has-background is-layout-flow wp-block-column-is-layout-flow\" style=\"padding-top:var(--wp--preset--spacing--32);padding-right:var(--wp--preset--spacing--32);padding-bottom:var(--wp--preset--spacing--32);padding-left:var(--wp--preset--spacing--32)\">\n<figure class=\"wp-block-image size-large is-resized\"><img loading=\"lazy\" decoding=\"async\" width=\"1024\" height=\"670\" src=\"https:\/\/giellavahkku.org\/wp-content\/uploads\/2023\/10\/lommeparlor-nedlasting-1-1024x670.jpg\" alt=\"\" class=\"wp-image-5139\" style=\"object-fit:cover;width:288px;height:190px\" srcset=\"https:\/\/giellavahkku.org\/wp-content\/uploads\/2023\/10\/lommeparlor-nedlasting-1-1024x670.jpg 1024w, https:\/\/giellavahkku.org\/wp-content\/uploads\/2023\/10\/lommeparlor-nedlasting-1-300x196.jpg 300w, https:\/\/giellavahkku.org\/wp-content\/uploads\/2023\/10\/lommeparlor-nedlasting-1-768x503.jpg 768w, https:\/\/giellavahkku.org\/wp-content\/uploads\/2023\/10\/lommeparlor-nedlasting-1.jpg 1276w\" sizes=\"auto, (max-width: 1024px) 100vw, 1024px\" \/><\/figure>\n\n\n\n<h2 class=\"wp-block-heading\">Saemesth! <\/h2>\n\n\n\n<p class=\"has-sizing-medium\">Giellakamp\u00e1nja \u00abs\u00e1m\u00e1sta mujna\u00bb aktijvuodajn Vuona s\u00e1medigge dag\u00e1j jagen 2013 lommab\u00e1hkogirj\u00e1tjav. B\u00e1hkogirj\u00e1sj lij vuostatjin nuoraj vuosstij, \u00e1j\u00e1dus h\u00e1vsskes g\u00e5httjomij s\u00e1m\u00e1stit vuostasj \u00e6jvvalimen ulmutjij gaskan, \u00e1rkkabiejven ja \u00e1vvudallamin. Ulmutja juohkka \u00e1lldarin B\u00e1hkogirj\u00e1tjij lijkkujin. Danna ij lim l\u00e5ss\u00e5 grametihkka, d\u00e5ssju d\u00e1rbulasj b\u00e1go ja moall\u00e1nag\u00e1. <\/p>\n\n\n\n<p class=\"has-sizing-medium\">Ulmutja nav lijkkujin B\u00e1hkogirj\u00e1sj ahte s\u00e1medigge jagen 2019 dahkin sierra applikasj\u00e5vn\u00e5v dasi.Danna la jiedna muhtem b\u00e1gojda ja moall\u00e1nag\u00e1jda, dat m\u00e1htt\u00e1 aneduvvat dajs gudi sihti oahppat s\u00e1megielav, jali dajda gudi sihti oahppat muhtem b\u00e1gojt ja moall\u00e1nag\u00e1jt ietj\u00e1 s\u00e1me giellaj.<\/p>\n<\/div>\n<\/div>\n\n\n\n<div class=\"wp-block-group is-layout-constrained wp-container-core-group-is-layout-9e49823d wp-block-group-is-layout-constrained\" style=\"margin-top:var(--wp--preset--spacing--150);margin-bottom:var(--wp--preset--spacing--64)\">\n<h2 class=\"wp-block-heading has-text-align-center has-custom-1-font-size\" style=\"text-transform:uppercase\">PC\/mac<\/h2>\n<\/div>\n\n\n\n<div class=\"wp-block-columns alignwide is-layout-flex wp-container-core-columns-is-layout-508e71b7 wp-block-columns-is-layout-flex\">\n<div class=\"wp-block-column has-honey-background-color has-background is-layout-flow wp-block-column-is-layout-flow\" style=\"padding-top:var(--wp--preset--spacing--32);padding-right:var(--wp--preset--spacing--32);padding-bottom:var(--wp--preset--spacing--32);padding-left:var(--wp--preset--spacing--32)\">\n<h2 class=\"wp-block-heading\">B\u00e1hkogirje<\/h2>\n\n\n\n<p><a href=\"http:\/\/dicts.uit.no\/\">G\u00e1vna b\u00e1hkogirjijt ienep gielajda d\u00e1nna: \u00a0<a href=\"http:\/\/dicts.uit.no\/\">http:\/\/dicts.uit.no\/<\/a><\/a><\/p>\n\n\n\n<div class=\"wp-block-buttons has-sizing-medium is-horizontal is-content-justification-left is-layout-flex wp-container-core-buttons-is-layout-20be11b6 wp-block-buttons-is-layout-flex\">\n<div class=\"wp-block-button\"><a class=\"wp-block-button__link wp-element-button\" href=\"http:\/\/www.satni.org\/\" target=\"_blank\" rel=\"noreferrer noopener\">Nord-og s\u00f8rsamisk \u2194 Norsk<\/a><\/div>\n\n\n\n<div class=\"wp-block-button is-style-fill\"><a class=\"wp-block-button__link wp-element-button\" href=\"https:\/\/sanit.oahpa.no\/sme\/nob\/\" target=\"_blank\" rel=\"noreferrer noopener\">Nordsamisk \u2194 Norsk<\/a><\/div>\n\n\n\n<div class=\"wp-block-button is-style-fill\"><a class=\"wp-block-button__link wp-element-button\" href=\"https:\/\/baakoeh.oahpa.no\/\" target=\"_blank\" rel=\"noreferrer noopener\">S\u00f8rsamisk \u2194 Norsk<\/a><\/div>\n\n\n\n<div class=\"wp-block-button is-style-fill\"><a class=\"wp-block-button__link wp-element-button\" href=\"http:\/\/julev.no\/\" target=\"_blank\" rel=\"noreferrer noopener\">Lulesamisk \u2194 Norsk<\/a><\/div>\n<\/div>\n<\/div>\n\n\n\n<div class=\"wp-block-column has-honey-background-color has-background is-layout-flow wp-block-column-is-layout-flow\" style=\"padding-top:var(--wp--preset--spacing--32);padding-right:var(--wp--preset--spacing--32);padding-bottom:var(--wp--preset--spacing--32);padding-left:var(--wp--preset--spacing--32)\">\n<h2 class=\"wp-block-heading\">Duollatj\u00e1llemd\u00e1rkastus<\/h2>\n\n\n\n<p>M\u00e1ht\u00e1\u00a0<a href=\"http:\/\/divvun.no\/no\/korrektur\/korrektur.html\">viedtjat duollatj\u00e1llemv\u00e6dtsagijt<\/a>\u00a0MS Office:ij goapp\u00e1tjag\u00e1 Windowsaj ja Macaj. Dat g\u00e1vnnu nuortta-, julev- ja oarjjels\u00e1megiellaj.<\/p>\n\n\n\n<h2 class=\"wp-block-heading has-sizing-medium\">Tastatuvrra<\/h2>\n\n\n\n<p class=\"has-sizing-medium\">M\u00e1ht\u00e1 viedtjat s\u00e1megielajk tastatuvrav goapp\u00e1tjag\u00e1 mobijllaj ja d\u00e1ht\u00e1masjijnnaj. <\/p>\n\n\n\n<ul class=\"wp-block-list\">\n<li>L\u00e5g\u00e5 ienebuv d\u00e1nna\u00a0<a href=\"http:\/\/divvun.no\/no\/keyboards\/mobileindex.html\">g\u00e5ktu mobiltastatuvrav viettja<\/a>\u00a0ja adnegoad\u00e1<\/li>\n\n\n\n<li>L\u00e5g\u00e5 ienebuv d\u00e1nna\u00a0<a href=\"http:\/\/divvun.no\/no\/keyboards\/desktopindex.html\">g\u00e5ktu d\u00e1ht\u00e1masjijnnatastatuvrav viettja<\/a>\u00a0ja adnegoad\u00e1.<\/li>\n<\/ul>\n<\/div>\n<\/div>\n","protected":false},"excerpt":{"rendered":"<p>Muhtem digit\u00e1la giellav\u00e6dtsaga g\u00e1vnnuji, duola daga duollatj\u00e1llemd\u00e1rkastus goapp\u00e1tjag\u00e1 Windowsij ja Macaj, mobiltastatuvrra duollatj\u00e1llemd\u00e1rkastus\u00e1jn goapp\u00e1tjag\u00e1 Androidaj ja iOSaj (iPhone ja iPad), b\u00e1hkogirje ja mahku. Gehtja\u00a0Divvunabielev ienep s\u00e1me giellateknologijjaj. 10\/20 b\u00e1go Vuona S\u00e1medigge le Giellavahko aktijvuodan oadtjum dag\u00e1dum app\u2019av\u00a010\/20 b\u00e1go, mij d\u00e5hkki viettjat android ja iOS telef\u00e5vn\u00e5j. App\u2019an m\u00e1ht\u00e1 vuojnnet, gullat ja l\u00e5hk\u00e5t 10\/20 b\u00e1go nuortta-, julev- [&hellip;]<\/p>\n","protected":false},"author":97,"featured_media":10860,"parent":9822,"menu_order":1,"comment_status":"closed","ping_status":"closed","template":"","meta":{"_acf_changed":false,"footnotes":""},"class_list":["post-8827","page","type-page","status-publish","has-post-thumbnail","hentry"],"acf":[],"_links":{"self":[{"href":"https:\/\/giellavahkku.org\/smj\/wp-json\/wp\/v2\/pages\/8827","targetHints":{"allow":["GET"]}}],"collection":[{"href":"https:\/\/giellavahkku.org\/smj\/wp-json\/wp\/v2\/pages"}],"about":[{"href":"https:\/\/giellavahkku.org\/smj\/wp-json\/wp\/v2\/types\/page"}],"author":[{"embeddable":true,"href":"https:\/\/giellavahkku.org\/smj\/wp-json\/wp\/v2\/users\/97"}],"replies":[{"embeddable":true,"href":"https:\/\/giellavahkku.org\/smj\/wp-json\/wp\/v2\/comments?post=8827"}],"version-history":[{"count":2,"href":"https:\/\/giellavahkku.org\/smj\/wp-json\/wp\/v2\/pages\/8827\/revisions"}],"predecessor-version":[{"id":10910,"href":"https:\/\/giellavahkku.org\/smj\/wp-json\/wp\/v2\/pages\/8827\/revisions\/10910"}],"up":[{"embeddable":true,"href":"https:\/\/giellavahkku.org\/smj\/wp-json\/wp\/v2\/pages\/9822"}],"wp:featuredmedia":[{"embeddable":true,"href":"https:\/\/giellavahkku.org\/smj\/wp-json\/wp\/v2\/media\/10860"}],"wp:attachment":[{"href":"https:\/\/giellavahkku.org\/smj\/wp-json\/wp\/v2\/media?parent=8827"}],"curies":[{"name":"wp","href":"https:\/\/api.w.org\/{rel}","templated":true}]}}