{"id":9822,"date":"2025-09-27T14:44:13","date_gmt":"2025-09-27T12:44:13","guid":{"rendered":"https:\/\/giellavahkku.org\/?page_id=9822"},"modified":"2025-09-27T19:26:48","modified_gmt":"2025-09-27T17:26:48","slug":"gaktu-mahta-saebrrat","status":"publish","type":"page","link":"https:\/\/giellavahkku.org\/smj\/gaktu-mahta-saebrrat\/","title":{"rendered":"G\u00e5ktu m\u00e1ht\u00e1 s\u00e6brrat"},"content":{"rendered":"\n<div class=\"wp-block-group is-layout-constrained wp-container-core-group-is-layout-ec27dcee wp-block-group-is-layout-constrained\" style=\"margin-bottom:var(--wp--preset--spacing--72)\">\n<h1 class=\"wp-block-heading has-text-align-center has-custom-7-font-size\" style=\"text-transform:uppercase\">G\u00e5ktu m\u00e1ht\u00e1 s\u00e6brrat?<\/h1>\n\n\n\n<p class=\"has-text-align-center has-custom-10-font-size\" style=\"font-style:normal;font-weight:500\">Doajvvop d\u00e5n oass\u00e1lasst\u00e1 geldulasj d\u00e5jmajda, d\u00e5hkki s\u00e6brrat sihke fysalasj jali digit\u00e1la \u00e1sadimijda.<\/p>\n<\/div>\n\n\n\n<figure class=\"wp-block-image size-large\"><img loading=\"lazy\" decoding=\"async\" width=\"1024\" height=\"680\" src=\"https:\/\/giellavahkku.org\/wp-content\/uploads\/2023\/10\/manaidgarddithvit-uten-tekst-lysere-1024x680.jpg\" alt=\"\" class=\"wp-image-5758\" srcset=\"https:\/\/giellavahkku.org\/wp-content\/uploads\/2023\/10\/manaidgarddithvit-uten-tekst-lysere-1024x680.jpg 1024w, https:\/\/giellavahkku.org\/wp-content\/uploads\/2023\/10\/manaidgarddithvit-uten-tekst-lysere-300x199.jpg 300w, https:\/\/giellavahkku.org\/wp-content\/uploads\/2023\/10\/manaidgarddithvit-uten-tekst-lysere-768x510.jpg 768w, https:\/\/giellavahkku.org\/wp-content\/uploads\/2023\/10\/manaidgarddithvit-uten-tekst-lysere-1536x1020.jpg 1536w, https:\/\/giellavahkku.org\/wp-content\/uploads\/2023\/10\/manaidgarddithvit-uten-tekst-lysere.jpg 2048w\" sizes=\"auto, (max-width: 1024px) 100vw, 1024px\" \/><\/figure>\n\n\n\n<div class=\"wp-block-group alignwide is-layout-grid wp-container-core-group-is-layout-211d2e0c wp-block-group-is-layout-grid\"><a\nhref=\"https:\/\/giellavahkku.org\/smj\/lagev-gahtjastusa-avddaskavlajdae\/\"\ndata-block-name=\"gnist\/link-anything\" style=\"padding-top:var(--wp--preset--spacing--72);padding-bottom:var(--wp--preset--spacing--72);padding-left:var(--wp--preset--spacing--48);padding-right:var(--wp--preset--spacing--48);\" class=\"gc-link-anything alignwide wp-block-gnist-link-anything has-background has-blush-background-color is-layout-flow wp-block-gnist-link-anything-is-layout-flow\" aria-label=\"Go to https:\/\/giellavahkku.org\/smj\/lagev-gahtjastusa-avddaskavlajdae\/\">\n\t\n\n<h3 class=\"wp-block-heading has-text-align-center has-condensed-bold-font-family has-custom-1-font-size\" style=\"margin-top:var(--wp--preset--spacing--16);margin-bottom:var(--wp--preset--spacing--16);letter-spacing:0px;line-height:1\">M\u00e1n\u00e1jg\u00e1rde<\/h3>\n\n<\/a>\n\n\n<a\nhref=\"https:\/\/giellavahkku.org\/smj\/10-tips-til-skoler\/\"\ndata-block-name=\"gnist\/link-anything\" style=\"padding-top:var(--wp--preset--spacing--72);padding-bottom:var(--wp--preset--spacing--72);padding-left:var(--wp--preset--spacing--48);padding-right:var(--wp--preset--spacing--48);\" class=\"gc-link-anything alignwide wp-block-gnist-link-anything has-background has-blush-background-color is-layout-flow wp-block-gnist-link-anything-is-layout-flow\" aria-label=\"Go to https:\/\/giellavahkku.org\/smj\/10-tips-til-skoler\/\">\n\t\n\n<h3 class=\"wp-block-heading has-text-align-center has-condensed-bold-font-family has-custom-1-font-size\" style=\"margin-top:var(--wp--preset--spacing--16);margin-bottom:var(--wp--preset--spacing--16);letter-spacing:0px;line-height:1\">Sk\u00e5vl\u00e5<\/h3>\n\n<\/a>\n\n\n<a\nhref=\"https:\/\/giellavahkku.org\/smj\/10-tips-til-bedrifter-og-institusjoner\/\"\ndata-block-name=\"gnist\/link-anything\" style=\"padding-top:var(--wp--preset--spacing--72);padding-bottom:var(--wp--preset--spacing--72);padding-left:var(--wp--preset--spacing--48);padding-right:var(--wp--preset--spacing--48);\" class=\"gc-link-anything alignwide wp-block-gnist-link-anything has-background has-blush-background-color is-layout-flow wp-block-gnist-link-anything-is-layout-flow\" aria-label=\"Go to https:\/\/giellavahkku.org\/smj\/10-tips-til-bedrifter-og-institusjoner\/\">\n\t\n\n<h3 class=\"wp-block-heading has-text-align-center has-condensed-bold-font-family has-custom-1-font-size\" style=\"margin-top:var(--wp--preset--spacing--16);margin-bottom:var(--wp--preset--spacing--16);letter-spacing:0px;line-height:1\">Vidnudag\u00e1 ja institusj\u00e5vn\u00e5<\/h3>\n\n<\/a>\n<\/div>\n\n\n\n<div class=\"wp-block-group alignwide has-honey-background-color has-background is-layout-flow wp-block-group-is-layout-flow\" style=\"padding-top:var(--wp--preset--spacing--72);padding-right:var(--wp--preset--spacing--72);padding-bottom:var(--wp--preset--spacing--72);padding-left:var(--wp--preset--spacing--72);font-style:normal;font-weight:500\">\n<p class=\"has-text-align-center has-sizing-medium has-custom-2-font-size\">Mij hasodip duv progr\u00e1mmav g\u00e6httjat, g\u00e1vna&nbsp; \u00e1sadimijt ietjada lahkusin. V\u00e1lde aktijvuodav lag\u00e1mus giellaguovd\u00e1tjijn g\u00e1vnatjit d\u00e5jmajt ja \u00e1sadimijt vahko tjad\u00e1. Giellavahkko adn\u00e1 ietjas facebook bielev \u00ab<em>Giellavahkku\/G\u00efelev\u00e5hkoe\/Giellavahkko\/Samisk spr\u00e5kuke<\/em>\u00bb majt hasodip duv tjuovvot jus sid\u00e1 vuojnnet \u00e5d\u00e5sijt ja mij d\u00e1hp\u00e1duvv\u00e1 S\u00e1bmen. Mij\u00e1n la aj Instagram konto \u00abgiellavahkku\u00bb, d\u00e1nna g\u00e1vna filmajt, g\u00e5v\u00e5jt ja \u00e5d\u00e5sijt v\u00e1hkov tjad\u00e1.<\/p>\n\n\n\n<p class=\"has-text-align-center has-sizing-medium has-custom-2-font-size\">Ande s\u00e1megielav sosi\u00e1la median \u00e5lles v\u00e1hko, oass\u00e1laste mij\u00e1 tj\u00e1ppa s\u00e1me gielajt tjalmostit.<\/p>\n<\/div>\n\n\n\n<div class=\"wp-block-cover is-light\"><img decoding=\"async\" class=\"wp-block-cover__image-background wp-image-991 size-full\" alt=\"10\/20 Bago skjermbilde\" src=\"https:\/\/giellavahkku.org\/wp-content\/uploads\/2021\/10\/bago.png\" data-object-fit=\"cover\"\/><span aria-hidden=\"true\" class=\"wp-block-cover__background has-background-dim\" style=\"background-color:#c3b4cc\"><\/span><div class=\"wp-block-cover__inner-container is-layout-constrained wp-block-cover-is-layout-constrained\">\n<div class=\"wp-block-buttons is-content-justification-center is-layout-flex wp-container-core-buttons-is-layout-a89b3969 wp-block-buttons-is-layout-flex\">\n<div class=\"wp-block-button\"><a class=\"wp-block-button__link wp-element-button\" href=\"https:\/\/giellavahkku.org\/smj\/gaktu-mahta-saebrrat\/sprakverktoy\/\">Giellar\u00e6jdo<\/a><\/div>\n<\/div>\n<\/div><\/div>\n\n\n\n<p><\/p>\n","protected":false},"excerpt":{"rendered":"<p>Mij hasodip duv progr\u00e1mmav g\u00e6httjat, g\u00e1vna&nbsp; \u00e1sadimijt ietjada lahkusin. V\u00e1lde aktijvuodav lag\u00e1mus giellaguovd\u00e1tjijn g\u00e1vnatjit d\u00e5jmajt ja \u00e1sadimijt vahko tjad\u00e1. Giellavahkko adn\u00e1 ietjas facebook bielev \u00abGiellavahkku\/G\u00efelev\u00e5hkoe\/Giellavahkko\/Samisk spr\u00e5kuke\u00bb majt hasodip duv tjuovvot jus sid\u00e1 vuojnnet \u00e5d\u00e5sijt ja mij d\u00e1hp\u00e1duvv\u00e1 S\u00e1bmen. Mij\u00e1n la aj Instagram konto \u00abgiellavahkku\u00bb, d\u00e1nna g\u00e1vna filmajt, g\u00e5v\u00e5jt ja \u00e5d\u00e5sijt v\u00e1hkov tjad\u00e1. Ande s\u00e1megielav sosi\u00e1la [&hellip;]<\/p>\n","protected":false},"author":85,"featured_media":0,"parent":0,"menu_order":0,"comment_status":"closed","ping_status":"closed","template":"wp-custom-template-side-banner","meta":{"_acf_changed":false,"footnotes":""},"class_list":["post-9822","page","type-page","status-publish","hentry"],"acf":[],"_links":{"self":[{"href":"https:\/\/giellavahkku.org\/smj\/wp-json\/wp\/v2\/pages\/9822","targetHints":{"allow":["GET"]}}],"collection":[{"href":"https:\/\/giellavahkku.org\/smj\/wp-json\/wp\/v2\/pages"}],"about":[{"href":"https:\/\/giellavahkku.org\/smj\/wp-json\/wp\/v2\/types\/page"}],"author":[{"embeddable":true,"href":"https:\/\/giellavahkku.org\/smj\/wp-json\/wp\/v2\/users\/85"}],"replies":[{"embeddable":true,"href":"https:\/\/giellavahkku.org\/smj\/wp-json\/wp\/v2\/comments?post=9822"}],"version-history":[{"count":2,"href":"https:\/\/giellavahkku.org\/smj\/wp-json\/wp\/v2\/pages\/9822\/revisions"}],"predecessor-version":[{"id":9955,"href":"https:\/\/giellavahkku.org\/smj\/wp-json\/wp\/v2\/pages\/9822\/revisions\/9955"}],"wp:attachment":[{"href":"https:\/\/giellavahkku.org\/smj\/wp-json\/wp\/v2\/media?parent=9822"}],"curies":[{"name":"wp","href":"https:\/\/api.w.org\/{rel}","templated":true}]}}