{"id":576,"date":"2021-08-24T16:21:07","date_gmt":"2021-08-24T14:21:07","guid":{"rendered":"https:\/\/giellavahkku.org\/program\/"},"modified":"2025-09-26T06:29:16","modified_gmt":"2025-09-26T04:29:16","slug":"ohjelm","status":"publish","type":"page","link":"https:\/\/giellavahkku.org\/smn\/ohjelm\/","title":{"rendered":"Ohjelm"},"content":{"rendered":"\n<div class=\"wp-block-group is-layout-constrained wp-container-core-group-is-layout-ec27dcee wp-block-group-is-layout-constrained\" style=\"margin-bottom:var(--wp--preset--spacing--72)\">\n<h1 class=\"wp-block-heading has-text-align-center has-custom-7-font-size\" style=\"text-transform:uppercase\">Ohjelm<\/h1>\n\n\n\n<p class=\"has-text-align-center has-custom-10-font-size\" style=\"font-style:normal;font-weight:500\">Tooimah moh u\u00e1rnejuvvojeh oles riijk\u00e2st. Puohah l\u00e1\u00e1 tierv\u00e2 pu\u00e1ttim i\u0161edi\u0111 j\u00e1 u\u00e1s\u00e1listi\u0111.<\/p>\n<\/div>\n\n\n\n<div class=\"wp-block-buttons is-content-justification-center is-layout-flex wp-container-core-buttons-is-layout-a89b3969 wp-block-buttons-is-layout-flex\">\n<div class=\"wp-block-button\"><a class=\"wp-block-button__link wp-element-button\" href=\"https:\/\/giellavahkku.org\/smn\/legg-til-arrangement\/\">Lasseet t\u00e1b\u00e1htus\u00e2d<\/a><\/div>\n<\/div>\n\n\n\n<div class=\"wp-block-columns alignwide program_wrapper is-layout-flex wp-container-core-columns-is-layout-28f84493 wp-block-columns-is-layout-flex\">\n<div class=\"wp-block-column filter_wrapper is-layout-flow wp-block-column-is-layout-flow\" style=\"flex-basis:50%\">\n<div id=\"post-type-archive-69f4b6518dfb1\" class=\"wp-block-post-type-archive\">\n\n\t<form data-sf-form-id='3245' data-is-rtl='0' data-maintain-state='' data-results-url='https:\/\/giellavahkku.org\/smn\/ohjelm\/' data-ajax-form-url='https:\/\/giellavahkku.org\/smn\/?sfid=3245&amp;sf_action=get_data&amp;sf_data=form' data-display-result-method='custom' data-use-history-api='1' data-template-loaded='0' data-lang-code='smn' data-ajax='0' data-init-paged='1' data-auto-update='1' action='https:\/\/giellavahkku.org\/smn\/ohjelm\/' method='post' class='searchandfilter' id='search-filter-form-3245' autocomplete='off' data-instance-count='1'><ul><li class=\"sf-field-taxonomy-ge_tax_country\" data-sf-field-name=\"_sft_ge_tax_country\" data-sf-field-type=\"taxonomy\" data-sf-field-input-type=\"select\">\t\t<label>\n\t\t\t\t   \t\t<select name=\"_sft_ge_tax_country[]\" class=\"sf-input-select\" title=\"\">\n\t\t\t\t\t\t  \t\t\t<option class=\"sf-level-0 sf-item-0 sf-option-active\" selected=\"selected\" data-sf-count=\"0\" data-sf-depth=\"0\" value=\"\">Eenn\u00e2m<\/option>\n\t\t\t\t\t\t\t\t\t\t\t<option class=\"sf-level-0 sf-item-84\" data-sf-count=\"0\" data-sf-depth=\"0\" value=\"norge\">Norge&nbsp;&nbsp;(0)<\/option>\n\t\t\t\t\t\t\t\t\t\t\t<option class=\"sf-level-0 sf-item-85\" data-sf-count=\"0\" data-sf-depth=\"0\" value=\"suomi\">Suomi&nbsp;&nbsp;(0)<\/option>\n\t\t\t\t\t\t\t\t\t\t\t<option class=\"sf-level-0 sf-item-86\" data-sf-count=\"0\" data-sf-depth=\"0\" value=\"sverige\">Sverige&nbsp;&nbsp;(0)<\/option>\n\t\t\t\t\t\t\t\t\t\t\t<option class=\"sf-level-0 sf-item-87\" data-sf-count=\"0\" data-sf-depth=\"0\" value=\"russia\">\u0420\u043e\u0441\u0441\u0438\u044f&nbsp;&nbsp;(0)<\/option>\n\t\t\t\t\t\t\t\t\t\t\t<\/select><\/label>\t\t\t\t\t\t\t\t\t\t<\/li><li class=\"sf-field-post-meta-event_type\" data-sf-field-name=\"_sfm_event_type\" data-sf-field-type=\"post_meta\" data-sf-field-input-type=\"select\" data-sf-meta-type=\"choice\">\t\t<label>\n\t\t\t\t   \t\t<select name=\"_sfm_event_type[]\" class=\"sf-input-select\" title=\"\">\n\t\t\t\t\t\t  \t\t\t<option class=\"sf-level-0 sf-item-0 sf-option-active\" selected=\"selected\" data-sf-depth=\"0\" value=\"\">Valjii tiijp\u00e2<\/option>\n\t\t\t\t\t\t\t\t\t\t\t<option class=\"sf-level-0 \" data-sf-count=\"-1\" data-sf-depth=\"0\" value=\"both\">both<\/option>\n\t\t\t\t\t\t\t\t\t\t\t<option class=\"sf-level-0 \" data-sf-count=\"-1\" data-sf-depth=\"0\" value=\"online\">online<\/option>\n\t\t\t\t\t\t\t\t\t\t\t<option class=\"sf-level-0 \" data-sf-count=\"-1\" data-sf-depth=\"0\" value=\"physical\">physical<\/option>\n\t\t\t\t\t\t\t\t\t\t\t<\/select><\/label>\t\t\t\t\t\t\t\t\t\t<\/li><li class=\"sf-field-post-meta-date_start\" data-sf-field-name=\"_sfm_date_start\" data-sf-field-type=\"post_meta\" data-sf-field-input-type=\"date\" data-sf-meta-type=\"date\"><ul class=\"sf_date_field\" data-date-format=\"dd\/mm\/yy\" data-date-use-year-dropdown='0' data-date-use-month-dropdown='0'><li>\t\t<label>\n\t\t\t\t   <input placeholder=\"Puoh peeivih\" class=\"sf-datepicker sf-input-date sf-input-text\" name=\"_sfm_date_start[]\" type=\"text\" value=\"\" title=\"\"><\/label>\t\t<\/li><\/ul><\/li><\/ul><\/form>\n\t<div id=\"archive_bc_event\" class=\"row row-eq-height justify-content-center row-cols-2\" data-post-type=\"bc_event\" data-columns=\"2\" data-total=\"4\" data-template=\"card-event.twig\">\n\n\t\t\n\t\t\t\t\t\n\t\t\n\t<\/div><!-- \/.row -->\n<\/div><!-- \/.wp-block-* -->\n<\/div>\n\n\n\n<div class=\"wp-block-column is-layout-flow wp-block-column-is-layout-flow\" style=\"flex-basis:50%\">\n<div class=\"wp-block-events-map\"> \t<div id=\"ge-global-map\" style=\"height:500px;\"><\/div>\n<\/div>\n<\/div>\n<\/div>\n","protected":false},"excerpt":{"rendered":"","protected":false},"author":1,"featured_media":0,"parent":0,"menu_order":0,"comment_status":"closed","ping_status":"closed","template":"no-title","meta":{"_acf_changed":false,"footnotes":""},"class_list":["post-576","page","type-page","status-publish","hentry"],"acf":[],"_links":{"self":[{"href":"https:\/\/giellavahkku.org\/smn\/wp-json\/wp\/v2\/pages\/576","targetHints":{"allow":["GET"]}}],"collection":[{"href":"https:\/\/giellavahkku.org\/smn\/wp-json\/wp\/v2\/pages"}],"about":[{"href":"https:\/\/giellavahkku.org\/smn\/wp-json\/wp\/v2\/types\/page"}],"author":[{"embeddable":true,"href":"https:\/\/giellavahkku.org\/smn\/wp-json\/wp\/v2\/users\/1"}],"replies":[{"embeddable":true,"href":"https:\/\/giellavahkku.org\/smn\/wp-json\/wp\/v2\/comments?post=576"}],"version-history":[{"count":3,"href":"https:\/\/giellavahkku.org\/smn\/wp-json\/wp\/v2\/pages\/576\/revisions"}],"predecessor-version":[{"id":9571,"href":"https:\/\/giellavahkku.org\/smn\/wp-json\/wp\/v2\/pages\/576\/revisions\/9571"}],"wp:attachment":[{"href":"https:\/\/giellavahkku.org\/smn\/wp-json\/wp\/v2\/media?parent=576"}],"curies":[{"name":"wp","href":"https:\/\/api.w.org\/{rel}","templated":true}]}}