{"id":5914,"date":"2023-10-03T09:08:51","date_gmt":"2023-10-03T07:08:51","guid":{"rendered":"https:\/\/giellavahkku.org\/10-tips-til-barnehager\/"},"modified":"2025-10-08T14:31:23","modified_gmt":"2025-10-08T12:31:23","slug":"10-tips-til-barnehager","status":"publish","type":"page","link":"https:\/\/giellavahkku.org\/smn\/om-uken\/10-tips-til-barnehager\/","title":{"rendered":"Love onn\u00e2d peiviki\u00e4joid"},"content":{"rendered":"\n<ol style=\"list-style-type:1\" class=\"wp-block-list\">\n<li><strong>S\u00e4mikiel\u00e2 teeman oles oho \u00e4\u00e4igi. <\/strong>Annee\u0111 s\u00e4mikiel\u00e2 teeman oles oho \u00e4\u00e4igi j\u00e1 pieij\u00e2\u0111 tom m\u00e1nuppajevu\u00e1v\u00e1\u00e1m\u00e2n (Kiel\u00e2okko lii jyehi ive ohhoost 43). Orni\u0111 tooim\u00e2 mii loht\u00e2s s\u00e4mikiel\u00e2n j\u00e1 kulttuur\u00e2n. Vu\u00e1v\u00e1\u0111 tijj\u00e2n hi\u00e4ivulii okkovu\u00e1v\u00e1m vyelni orroo oon\u00e2i vu\u00e1\u0111uld.<\/li>\n<\/ol>\n\n\n\n<ol start=\"2\" class=\"wp-block-list\">\n<li><strong>S\u00e4mmiliih main\u00e2seh. <\/strong>Luuh\u00e2\u0111 s\u00e4mmilijd main\u00e2sijd p\u00e1rn\u00e1id. S\u00e4mmiliih p\u00e1rn\u00e1ikirjeh k\u00e1vnojeh sehe s\u00e4mikiel\u00e2n j\u00e1 eres kiel\u00e2n..<\/li>\n<\/ol>\n\n\n\n<ol start=\"3\" class=\"wp-block-list\">\n<li><strong>S\u00e4\u00e4mi disco. <\/strong>Kuld\u00e2li\u0111 liiv\u0111ijd&nbsp; j\u00e1 eres s\u00e4mimuusik oovt\u00e2st p\u00e1rn\u00e1iguin. R\u00e4hti\u0111 Spotify-palv\u00e2lus\u00e2n su\u00e1ittulisto, mast lii s\u00e4mimuusik j\u00e1 orni\u0111 S\u00e4\u00e4mi disco.<\/li>\n<\/ol>\n\n\n\n<ol start=\"4\" class=\"wp-block-list\">\n<li><strong>T\u00e1nss\u00e1\u0111 BlimE! <\/strong>T\u00e1nss\u00e1\u0111 BlimE-lavluu s\u00e4miversioid, kavn\u00e2vette\u0111 taid t\u00e4\u00e4bbin: <a href=\"https:\/\/nrksuper.no\/serie\/blime\/MSUM06001023\/sesong-12\/episode-4\">https:\/\/nrksuper.no\/serie\/blime\/MSUM06001023\/sesong-12\/episode-4<\/a><\/li>\n<\/ol>\n\n\n\n<ol start=\"5\" class=\"wp-block-list\">\n<li><strong>Spell\u00e2\u0111 kiel\u00e2speel\u00e2id. <\/strong>M\u00e1tt\u00e1\u00e1tti\u0111 p\u00e1rn\u00e1id s\u00e4mikiel\u00e2lijd saanijd sier\u00e2i j\u00e1 speel\u00e2i viev\u00e2st. Oovtki\u00e4rd\u00e1neh tierv\u00e2tt\u00e2sah teik\u00e2 ivneh s\u00e4ttih le\u0111e pyeri aalg\u00e2. Jis p\u00e1rn\u00e1\u00e1h m\u00e4ttih s\u00e4mikiel\u00e2, te u\u00e1p\u00e1smu\u0111 s\u00e4mikiel\u00e2 eres ku\u00e1vlukiel\u00e1id.<\/li>\n<\/ol>\n\n\n\n<ol start=\"6\" class=\"wp-block-list\">\n<li><strong>L\u00e1vlu\u0111 p\u00e1rn\u00e1ilavluid. <\/strong>M\u00e1tt\u00e1\u00e1tti\u0111 \u00e4lkkees s\u00e4mmilijd p\u00e1rn\u00e1ilavluid p\u00e1rn\u00e1id. L\u00e1vlum lii pehtilis vyehi sirde\u0111 kulttuur. Pyehtivette\u0111 meid s\u00e1rnu\u0111 liiv\u0111ijn&nbsp; &nbsp;j\u00e1 kuld\u00e2li\u0111 sier\u00e2l\u00e1g\u00e1n ellei liiv\u0111ijd.<\/li>\n<\/ol>\n\n\n\n<ol start=\"7\" class=\"wp-block-list\">\n<li><strong>Suot\u00e2st\u00e2ll\u00e2\u0111 pustavijguin. <\/strong>\u0160kovl\u00e2ju\u00e1vkku pu\u00e1ht\u00e1 r\u00e4hti\u0111 s\u00e4\u00e4mi puustavjun\u00e1 t\u00e2i eres puustavspeel\u00e2id v\u00e2i u\u00e1p\u00e1smiteh p\u00e1rn\u00e1id s\u00e4mmilii \u010d\u00e4lim\u00e2n.<\/li>\n<\/ol>\n\n\n\n<ol start=\"8\" class=\"wp-block-list\">\n<li><strong>Elleekove- j\u00e1 mu\u0161t\u00e2lem\u00e4igi. <\/strong>\u010c\u00e4itti\u0111 elleekuuvijd t\u00e2i kiirjijd, moh kovvejeh s\u00e4mikulttuur j\u00e1 s\u00e4mmilij eellim.<\/li>\n<\/ol>\n\n\n\n<ol start=\"9\" class=\"wp-block-list\">\n<li><strong>S\u00e1rgu\u0111 s\u00e4miliipu. <\/strong>S\u00e1rgu\u0111 s\u00e4miliipu j\u00e1 m\u00e1tt\u00e1\u00e1tti\u0111 p\u00e1rn\u00e1id s\u00e4mmilii eenn\u00e2mtiettust, ku\u00e1vlukiel\u00e2in j\u00e1 kiel\u00e2 virg\u00e1lii sajattuv\u00e2st. S\u00e4mikiel\u00e2st l\u00e1\u00e1 maa\u014bgah sier\u00e2l\u00e1g\u00e1n ku\u00e1vlukielah, sav\u00e2st\u00e2ll\u00e2\u0111 p\u00e1rn\u00e1iguin tast, ete maggaar ku\u00e1vlukiel\u00e2 peiviki\u00e4just s\u00e1rnuh.<\/li>\n<\/ol>\n\n\n\n<ol start=\"10\" class=\"wp-block-list\">\n<li><strong>U\u00e1p\u00e1smu\u0111 s\u00e4mikulttuur\u00e2n. <\/strong>Uucc\u00e2\u0111 tv-ohjelmijd t\u00e2i elleekuuvijd s\u00e4mikulttuur siste ellee p\u00e1rn\u00e1in j\u00e1 ke\u010d\u010d\u00e2\u0111 taid t\u00e2i povdi\u0111 kyesi, kote pu\u00e1ht\u00e1 mu\u0161t\u00e2li\u0111 maidnii s\u00e4mikulttuurist. S\u00e4mikulttuur lii maa\u014bg\u00e2pi\u00e4l\u00e1l\u00e2\u0161, valji\u0111 monnii u\u00e1sisyergi s\u00e4mikulttuurist, mii lii \u00e4igikyevdil tii peiviki\u00e4just j\u00e1 ku\u00e1vlust, kost leppe\u0111.<\/li>\n<\/ol>\n","protected":false},"excerpt":{"rendered":"","protected":false},"author":85,"featured_media":9924,"parent":437,"menu_order":0,"comment_status":"closed","ping_status":"closed","template":"","meta":{"_acf_changed":false,"footnotes":""},"class_list":["post-5914","page","type-page","status-publish","has-post-thumbnail","hentry"],"acf":[],"_links":{"self":[{"href":"https:\/\/giellavahkku.org\/smn\/wp-json\/wp\/v2\/pages\/5914","targetHints":{"allow":["GET"]}}],"collection":[{"href":"https:\/\/giellavahkku.org\/smn\/wp-json\/wp\/v2\/pages"}],"about":[{"href":"https:\/\/giellavahkku.org\/smn\/wp-json\/wp\/v2\/types\/page"}],"author":[{"embeddable":true,"href":"https:\/\/giellavahkku.org\/smn\/wp-json\/wp\/v2\/users\/85"}],"replies":[{"embeddable":true,"href":"https:\/\/giellavahkku.org\/smn\/wp-json\/wp\/v2\/comments?post=5914"}],"version-history":[{"count":3,"href":"https:\/\/giellavahkku.org\/smn\/wp-json\/wp\/v2\/pages\/5914\/revisions"}],"predecessor-version":[{"id":8988,"href":"https:\/\/giellavahkku.org\/smn\/wp-json\/wp\/v2\/pages\/5914\/revisions\/8988"}],"up":[{"embeddable":true,"href":"https:\/\/giellavahkku.org\/smn\/wp-json\/wp\/v2\/pages\/437"}],"wp:featuredmedia":[{"embeddable":true,"href":"https:\/\/giellavahkku.org\/smn\/wp-json\/wp\/v2\/media\/9924"}],"wp:attachment":[{"href":"https:\/\/giellavahkku.org\/smn\/wp-json\/wp\/v2\/media?parent=5914"}],"curies":[{"name":"wp","href":"https:\/\/api.w.org\/{rel}","templated":true}]}}