{"id":5937,"date":"2023-10-03T14:39:43","date_gmt":"2023-10-03T12:39:43","guid":{"rendered":"https:\/\/giellavahkku.org\/10-tips-til-bedrifter-og-institusjoner\/"},"modified":"2025-08-28T16:35:12","modified_gmt":"2025-08-28T14:35:12","slug":"10-tips-til-bedrifter-og-institusjoner","status":"publish","type":"page","link":"https:\/\/giellavahkku.org\/smn\/om-uken\/10-tips-til-bedrifter-og-institusjoner\/","title":{"rendered":"10 onn\u00e2d finnoduvv\u00e1id j\u00e1 l\u00e1j\u00e1d\u00e2ss\u00e1id"},"content":{"rendered":"\n<div class=\"wp-block-group alignwide has-honey-background-color has-background is-layout-flow wp-block-group-is-layout-flow\" style=\"padding-top:var(--wp--preset--spacing--72);padding-right:var(--wp--preset--spacing--72);padding-bottom:var(--wp--preset--spacing--72);padding-left:var(--wp--preset--spacing--72);font-style:normal;font-weight:500\">\n<p class=\"has-text-align-center has-sizing-medium has-custom-2-font-size\">Kiel\u00e2ookon u\u00e1s\u00e1listem lii fijn\u00e2 vyehi kyeddi\u0111 teh\u00e1l\u00e2\u0161 ohts\u00e2\u0161koddeovd\u00e2sv\u00e1st\u00e1d\u00e2s. Tooh\u00e2\u0111 tom su\u00e1miht j\u00e1 h\u00e4\u00e4vskiht, t\u00e4st l\u00e1\u00e1 love onn\u00e2d, moh pyehtih movtijditti\u0111.<\/p>\n<\/div>\n\n\n\n<ol start=\"1\" class=\"wp-block-list\">\n<li><strong>Jyehi-ivv\u00e1\u00e1\u0161 \u00e4rbivyehi. <\/strong>Merkki\u0111 kalender\u00e2n oho 43! Tooh\u00e2\u0111 Kiel\u00e2ohhoost jyehi-ivv\u00e1\u00e1\u0161 t\u00e1b\u00e1htus tijj\u00e2n. Lah-uv tun pargee? V\u00e4\u00e4ldi ovd\u00e2sv\u00e1st\u00e1d\u00e2s njuno\u0161ij j\u00e1 viest\u00e2demu\u00e1s\u00e1duv Kiel\u00e2ohhoost mu\u0161tootmist.<\/li>\n<\/ol>\n\n\n\n<ol start=\"2\" class=\"wp-block-list\">\n<li><strong>\u0160le\u0111g\u00e2poost\u00e2 vu\u00e1l\u00e1\u010daal\u00e2. <\/strong>Taat lii eidu tot okko, ku\u00e1s heivee r\u00e4hti\u0111 s\u00e4mikiel\u00e2lijd \u0161le\u0111g\u00e2post\u00e2vu\u00e1l\u00e1\u010dalluid!&nbsp; Ke\u010d\u010d\u00e2\u0111 digitaallijd s\u00e4nikiirjijd mii nettisiij\u0111oin resursij vyelni.<\/li>\n<\/ol>\n\n\n\n<ol start=\"3\" class=\"wp-block-list\">\n<li><strong>Uucc\u00e2\u0111 s\u00e4mikiel\u00e2 s\u00e1rnoid. <\/strong>Skappu\u0111 almoskove s\u00e4mikiel\u00e2lijn ulmuin tii pargosaajeest j\u00e1 lasetti\u0111 sisk\u00e1ld\u00e2s ti\u00e4\u0111u sist organisaatio nettisij\u0111oid, intraneetin j\u00e1 sosiaallii median. N\u00e1vt sij, ki\u00e4h halijdeh, pyehtih kommunikisti\u0111 s\u00e4mikiel\u00e2n.<\/li>\n<\/ol>\n\n\n\n<ol start=\"4\" class=\"wp-block-list\">\n<li><strong>S\u00e4mikiel\u00e2l\u00e2\u0161 purr\u00e2mu\u0161listo. <\/strong>Lii-uv tist k\u00e4hvivi\u00e4su t\u00e2i pur\u00e2demviste? T\u00e4\u00e4l lii pyeri jurg\u00e2li\u0111 purr\u00e2mu\u0161listo s\u00e4mikiel\u00e2n.<\/li>\n<\/ol>\n\n\n\n<ol start=\"5\" class=\"wp-block-list\">\n<li><strong>S\u00e4mikiel\u00e2 ovd\u00e2stittem toim\u00e2su\u00e1rg\u00e1n\/\u00e1\u00e1mm\u00e1tsu\u00e1rg\u00e1n. <\/strong>Ovt\u00e2stit s\u00e4mikiel\u00e2 ton toim\u00e2su\u00e1rg\u00e1n\/\u00e1\u00e1mm\u00e1tsu\u00e1rg\u00e1n, mast tun poorgah. \u0160o\u014b\u014b\u00e2? R\u00e4\u00e4hti \u0161o\u014b\u014b\u00e2ti\u00e4\u0111\u00e1tt\u00e2s s\u00e4mikiel\u00e2n. Nettik\u00e4vppi? Vuolg\u00e2tt\u00e2sreiv\u00e2 s\u00e4mikiel\u00e2n. N\u00e1vt reeiv\u00e2st \u0161adda merh\u00e2\u0161ittee tii \u010duos\u00e2tt\u00e2haalmug\u00e2n.<\/li>\n<\/ol>\n\n\n\n<ol start=\"6\" class=\"wp-block-list\">\n<li><strong>S\u00e4mikiel\u00e2 tii \u010d\u00e1\u00e1ituin. <\/strong>Luo\u0111i\u0111 materiaal mii nettisiij\u0111oin t\u00e2i pieij\u00e2\u0111 s\u00e4mmilii sisk\u00e1ld\u00e2s \u010d\u00e1ittoid.<\/li>\n<\/ol>\n\n\n\n<ol start=\"7\" class=\"wp-block-list\">\n<li><strong>Tierv\u00e2-peivi.<\/strong> Movtijditti\u0111 tierv\u00e2tti\u0111 s\u00e4mikiel\u00e2n teik\u00e2 jis s\u00e4mikiel\u00e2 lii tuu eenikiel\u00e2, te s\u00e4mikiel\u00e2n, mii ij lah tuu eenikiel\u00e2.<\/li>\n<\/ol>\n\n\n\n<ol start=\"8\" class=\"wp-block-list\">\n<li><strong>Oinumvuot\u00e2. <\/strong>\u010c\u00e4itti\u0111 pyere ovd\u00e2meerh\u00e2 j\u00e1 jyehi\u0111 sisk\u00e1ld\u00e2s s\u00e4mikiel\u00e2n miel\u00e2st ki\u0161toi ooleest teik\u00e2 oovt\u00e2stpargoost influensserijguin.<\/li>\n<\/ol>\n\n\n\n<ol start=\"9\" class=\"wp-block-list\">\n<li><strong>Adeli\u0111 s\u00e4mikiel\u00e2 kullu\u0111. <\/strong>R\u00e4hti\u0111 s\u00e4mikiel\u00e2lii jien\u00e2viest\u00e2 puhelim\u00e2n, su\u00e1ittuvu\u00e1h\u00e1d\u00e2h\u00e2n t\u00e2i monnii eres sajan, mast s\u00e4mikiel\u00e2 pu\u00e1ht\u00e1 kullu\u0111.<\/li>\n<\/ol>\n\n\n\n<ol start=\"10\" class=\"wp-block-list\">\n<li><strong>Ti\u00e4\u0111uh. <\/strong>Smiett\u00e2\u0111, ete magareh ti\u00e4\u0111uh tist l\u00e1\u00e1 s\u00e4mikiel\u00e2n \u00e4\u0161\u0161ig\u00e2ss\u00e1id\/kevtteid teik\u00e2 aalmug\u00e2n onne, maggaar ti\u00e4tu tist kolg\u00e2\u010d\u010dij le\u0111e s\u00e4mikiel\u00e2n j\u00e1 alg\u00e2tti\u0111 tai r\u00e4htim s\u00e4mikiel\u00e2n.<br>&nbsp;<br>Lukko tunjin!<\/li>\n<\/ol>\n","protected":false},"excerpt":{"rendered":"<p>Kiel\u00e2ookon u\u00e1s\u00e1listem lii fijn\u00e2 vyehi kyeddi\u0111 teh\u00e1l\u00e2\u0161 ohts\u00e2\u0161koddeovd\u00e2sv\u00e1st\u00e1d\u00e2s. Tooh\u00e2\u0111 tom su\u00e1miht j\u00e1 h\u00e4\u00e4vskiht, t\u00e4st l\u00e1\u00e1 love onn\u00e2d, moh pyehtih movtijditti\u0111.<\/p>\n","protected":false},"author":85,"featured_media":5302,"parent":437,"menu_order":0,"comment_status":"closed","ping_status":"closed","template":"","meta":{"_acf_changed":false,"footnotes":""},"class_list":["post-5937","page","type-page","status-publish","has-post-thumbnail","hentry"],"acf":[],"_links":{"self":[{"href":"https:\/\/giellavahkku.org\/smn\/wp-json\/wp\/v2\/pages\/5937","targetHints":{"allow":["GET"]}}],"collection":[{"href":"https:\/\/giellavahkku.org\/smn\/wp-json\/wp\/v2\/pages"}],"about":[{"href":"https:\/\/giellavahkku.org\/smn\/wp-json\/wp\/v2\/types\/page"}],"author":[{"embeddable":true,"href":"https:\/\/giellavahkku.org\/smn\/wp-json\/wp\/v2\/users\/85"}],"replies":[{"embeddable":true,"href":"https:\/\/giellavahkku.org\/smn\/wp-json\/wp\/v2\/comments?post=5937"}],"version-history":[{"count":3,"href":"https:\/\/giellavahkku.org\/smn\/wp-json\/wp\/v2\/pages\/5937\/revisions"}],"predecessor-version":[{"id":8989,"href":"https:\/\/giellavahkku.org\/smn\/wp-json\/wp\/v2\/pages\/5937\/revisions\/8989"}],"up":[{"embeddable":true,"href":"https:\/\/giellavahkku.org\/smn\/wp-json\/wp\/v2\/pages\/437"}],"wp:featuredmedia":[{"embeddable":true,"href":"https:\/\/giellavahkku.org\/smn\/wp-json\/wp\/v2\/media\/5302"}],"wp:attachment":[{"href":"https:\/\/giellavahkku.org\/smn\/wp-json\/wp\/v2\/media?parent=5937"}],"curies":[{"name":"wp","href":"https:\/\/api.w.org\/{rel}","templated":true}]}}