{"id":8825,"date":"2025-08-01T11:28:11","date_gmt":"2025-08-01T09:28:11","guid":{"rendered":"https:\/\/giellavahkku.org\/om-uken\/sprakverktoy\/"},"modified":"2025-10-10T13:15:22","modified_gmt":"2025-10-10T11:15:22","slug":"sprakverktoy","status":"publish","type":"page","link":"https:\/\/giellavahkku.org\/smn\/resursehmaht-tun-puavtah-servad\/sprakverktoy\/","title":{"rendered":"Kiel\u00e2ri\u00e4iduh"},"content":{"rendered":"\n<p class=\"has-sizing-medium\">S\u00e4mikiel\u00e2 kiel\u00e2ri\u00e4iduh, tego nju\u00e1lguluuh\u00e2m, k\u00e1vnojeh sehe Windows\u00e2n j\u00e1 Mac\u00e2n, pu\u00e1llupevdi, mast lii nju\u00e1lguluuh\u00e2m sehe Android- j\u00e1 IOS-puhelim\u00e2n (iPhone j\u00e1 iPad), s\u00e4nikirjeh j\u00e1 ennuv eres. Ele&nbsp;<a href=\"http:\/\/divvun.no\/no\/\">Divvun<\/a>\u2013 siij\u0111ost ke\u010d\u010d\u00e2min, mii k\u00e1vnoo s\u00e4mikiel\u00e2 kiel\u00e2teknologiast.<\/p>\n\n\n\n<div class=\"wp-block-group is-layout-constrained wp-container-core-group-is-layout-9e49823d wp-block-group-is-layout-constrained\" style=\"margin-top:var(--wp--preset--spacing--150);margin-bottom:var(--wp--preset--spacing--64)\">\n<h2 class=\"wp-block-heading has-text-align-center has-custom-1-font-size\" style=\"text-transform:uppercase\">App<\/h2>\n<\/div>\n\n\n\n<div class=\"wp-block-columns alignwide is-layout-flex wp-container-core-columns-is-layout-0a32c70f wp-block-columns-is-layout-flex\">\n<div class=\"wp-block-column has-honey-background-color has-background is-layout-flow wp-block-column-is-layout-flow\" style=\"padding-top:var(--wp--preset--spacing--32);padding-right:var(--wp--preset--spacing--32);padding-bottom:var(--wp--preset--spacing--32);padding-left:var(--wp--preset--spacing--32)\">\n<figure class=\"wp-block-image size-full is-resized\"><img loading=\"lazy\" decoding=\"async\" width=\"503\" height=\"281\" src=\"https:\/\/giellavahkku.org\/wp-content\/uploads\/2021\/10\/bago.png\" alt=\"10\/20 Bago skjermbilde\" class=\"wp-image-988\" style=\"width:auto;height:190px\" srcset=\"https:\/\/giellavahkku.org\/wp-content\/uploads\/2021\/10\/bago.png 503w, https:\/\/giellavahkku.org\/wp-content\/uploads\/2021\/10\/bago-300x168.png 300w\" sizes=\"auto, (max-width: 503px) 100vw, 503px\" \/><\/figure>\n\n\n\n<h2 class=\"wp-block-heading\">10\/20 b\u00e1go<\/h2>\n\n\n\n<p class=\"has-sizing-medium\">Kiel\u00e2oho oht\u00e2vuo\u0111\u00e2st lii Taa\u017e\u00e2 S\u00e4mitigge puovt\u00e2d\u00e2m&nbsp;<strong>10\/20 b\u00e1go<\/strong>&nbsp;nomm\u00e2s\u00e2\u0161 moobiilheiviitt\u00e2s, mon pu\u00e1ht\u00e1 vie\u017e\u017e\u00e2\u0111 Android teikk\u00e2 IOS puhelim\u00e2n. <\/p>\n\n\n\n<p class=\"has-sizing-medium\">Moobiilheiviitt\u00e2s\u00e2st tun peesah u\u00e1ini\u0111, kuull\u00e2\u0111 j\u00e1 luuh\u00e2\u0111 10\/20 s\u00e4\u00e4nnid sehe tave-, julev- j\u00e1 maad\u00e2s\u00e4mikiel\u00e2n. Moobiilheiviitt\u00e2s pu\u00e1ht\u00e1 kevtti\u0111 \u0161koovl\u00e2in j\u00e1 p\u00e1rn\u00e1ikaardijn, mut ti\u00e4\u0111ust-uv meiddei priivaat elimist.<\/p>\n\n\n\n<h3 class=\"wp-block-heading\">Kyehti poster<\/h3>\n\n\n\n<p>Moobiilheiviitt\u00e2s\u00e2n lii Taa\u017e\u00e2 S\u00e4mitigge meiddei r\u00e1ht\u00e1m kyehti poster, oht\u00e2 mast l\u00e1\u00e1&nbsp;<a href=\"https:\/\/giellavahkku.org\/wp-content\/uploads\/2021\/08\/10-sani_Plakat-70x100_bhg_korr3.pdf\">10 s\u00e4\u00e4nnid<\/a>&nbsp;tave-, julev- j\u00e1 maad\u00e2s\u00e4mikiel\u00e2n j\u00e1 oht\u00e2 mast l\u00e1\u00e1&nbsp;<a href=\"https:\/\/giellavahkku.org\/wp-content\/uploads\/2021\/08\/20-sani-plakahta.pdf\">20 s\u00e4\u00e4nnid<\/a>. Posterijd tun kaavnah t\u00e4st vyelilist.<\/p>\n<\/div>\n\n\n\n<div class=\"wp-block-column has-honey-background-color has-background is-layout-flow wp-block-column-is-layout-flow\" style=\"padding-top:var(--wp--preset--spacing--32);padding-right:var(--wp--preset--spacing--32);padding-bottom:var(--wp--preset--spacing--32);padding-left:var(--wp--preset--spacing--32)\">\n<figure class=\"wp-block-image size-large is-resized\"><img loading=\"lazy\" decoding=\"async\" width=\"1024\" height=\"670\" src=\"https:\/\/giellavahkku.org\/wp-content\/uploads\/2023\/10\/lommeparlor-nedlasting-1-1024x670.jpg\" alt=\"\" class=\"wp-image-5139\" style=\"object-fit:cover;width:288px;height:190px\" srcset=\"https:\/\/giellavahkku.org\/wp-content\/uploads\/2023\/10\/lommeparlor-nedlasting-1-1024x670.jpg 1024w, https:\/\/giellavahkku.org\/wp-content\/uploads\/2023\/10\/lommeparlor-nedlasting-1-300x196.jpg 300w, https:\/\/giellavahkku.org\/wp-content\/uploads\/2023\/10\/lommeparlor-nedlasting-1-768x503.jpg 768w, https:\/\/giellavahkku.org\/wp-content\/uploads\/2023\/10\/lommeparlor-nedlasting-1.jpg 1276w\" sizes=\"auto, (max-width: 1024px) 100vw, 1024px\" \/><\/figure>\n\n\n\n<h2 class=\"wp-block-heading\">Saemesth! <\/h2>\n\n\n\n<p class=\"has-sizing-medium\">Taa\u017e\u00e2 S\u00e4mitigge raahtij ive 2013 lumm\u00e2s\u00e4nikirj\u00e1\u00e1 kiel\u00e2kampanja \u201dS\u00e1\u00e1m\u00e1st Muin\u201d oht\u00e2vuo\u0111\u00e2st. S\u00e4nikirj\u00e1\u00e1\u0161 l\u00e2i t\u00e1rguttum nuor\u00e1id, j\u00e1 ulmen l\u00e2i suot\u00e2s vyevi mield h\u00e4sti\u0111 nuor\u00e2id s\u00e1m\u00e1sti\u0111 vuosmuu teiv\u00e2dmist, arg\u00e2peeivist j\u00e1 juhleest. Ulmuuh jyehi avveest peerust\u0161kuottii kirj\u00e1\u00e1st. S\u00e4nikirjeest ij lah mu\u00e1lkk\u00e1\u00e1s kiel\u00e2opp\u00e2, peic \u00e4lkkees j\u00e1 \u00e1vh\u00e1l\u00e2\u0161 fraasih. <\/p>\n\n\n\n<p class=\"has-sizing-medium\">Kirj\u00e1\u00e1st \u0161ood\u00e2i nuuvt piivnoh et S\u00e4mitigge ive 2019 raahtij moobiilheiviitt\u00e2s kirj\u00e1\u00e1st. Moobiilheiviitt\u00e2s\u00e2st lii jien\u00e2 motom\u00e1id saanijd j\u00e1 fraasijd. Moobiilheiviitt\u00e2s heivee ulmuid ki\u00e4h halijdeh opp\u00e2\u0111 v\u00e1h\u00e1 s\u00e4mikiel\u00e2 teikk\u00e2 opp\u00e2\u0111 saanijd j\u00e1 fraasijd s\u00e4mikiel\u00e2n.<\/p>\n<\/div>\n<\/div>\n\n\n\n<div class=\"wp-block-group is-layout-constrained wp-container-core-group-is-layout-9e49823d wp-block-group-is-layout-constrained\" style=\"margin-top:var(--wp--preset--spacing--150);margin-bottom:var(--wp--preset--spacing--64)\">\n<h2 class=\"wp-block-heading has-text-align-center has-custom-1-font-size\" style=\"text-transform:uppercase\">PC\/mac<\/h2>\n<\/div>\n\n\n\n<div class=\"wp-block-columns alignwide is-layout-flex wp-container-core-columns-is-layout-508e71b7 wp-block-columns-is-layout-flex\">\n<div class=\"wp-block-column has-honey-background-color has-background is-layout-flow wp-block-column-is-layout-flow\" style=\"padding-top:var(--wp--preset--spacing--32);padding-right:var(--wp--preset--spacing--32);padding-bottom:var(--wp--preset--spacing--32);padding-left:var(--wp--preset--spacing--32)\">\n<h2 class=\"wp-block-heading\">S\u00e4nikirjeh<\/h2>\n\n\n\n<p><a href=\"http:\/\/dicts.uit.no\/\">Tun kaavnah s\u00e4nikiirjijd maa\u014bg\u00e2 kiel\u00e2n t\u00e4\u00e4bbin: &nbsp;<\/a><a href=\"http:\/\/dicts.uit.no\/\">http:\/\/dicts.uit.no\/<\/a><\/p>\n\n\n\n<div class=\"wp-block-buttons is-layout-flex wp-block-buttons-is-layout-flex\">\n<div class=\"wp-block-button\"><a class=\"wp-block-button__link wp-element-button\" href=\"https:\/\/saanih.oahpa.no\/smn\/fin\/\">Anar\u00e2\u0161kiel\u00e2&nbsp;\u2194 Suom\u00e2kiel\u00e2<\/a><\/div>\n\n\n\n<div class=\"wp-block-button\"><a class=\"wp-block-button__link wp-element-button\" href=\"https:\/\/sanit.oahpa.no\/sme\/fin\/\">Taves\u00e4mikiel\u00e2 \u2194 suom\u00e2kiel\u00e2<\/a><\/div>\n\n\n\n<div class=\"wp-block-button\"><a class=\"wp-block-button__link wp-element-button\" href=\"https:\/\/saan.oahpa.no\/sms\/fin\/\">Nuortt\u00e2l\u00e2\u0161kiel\u00e2 \u2194 suom\u00e2kiel\u00e2<\/a><\/div>\n<\/div>\n\n\n\n<div class=\"wp-block-buttons has-sizing-medium is-horizontal is-content-justification-left is-layout-flex wp-container-core-buttons-is-layout-20be11b6 wp-block-buttons-is-layout-flex\">\n<div class=\"wp-block-button\"><a class=\"wp-block-button__link wp-element-button\" href=\"http:\/\/www.satni.org\/\" target=\"_blank\" rel=\"noreferrer noopener\">Nord-og s\u00f8rsamisk \u2194 Norsk<\/a><\/div>\n\n\n\n<div class=\"wp-block-button is-style-fill\"><a class=\"wp-block-button__link wp-element-button\" href=\"https:\/\/sanit.oahpa.no\/sme\/nob\/\" target=\"_blank\" rel=\"noreferrer noopener\">Nordsamisk \u2194 Norsk<\/a><\/div>\n\n\n\n<div class=\"wp-block-button is-style-fill\"><a class=\"wp-block-button__link wp-element-button\" href=\"https:\/\/baakoeh.oahpa.no\/\" target=\"_blank\" rel=\"noreferrer noopener\">S\u00f8rsamisk \u2194 Norsk<\/a><\/div>\n\n\n\n<div class=\"wp-block-button is-style-fill\"><a class=\"wp-block-button__link wp-element-button\" href=\"http:\/\/julev.no\/\" target=\"_blank\" rel=\"noreferrer noopener\">Lulesamisk \u2194 Norsk<\/a><\/div>\n<\/div>\n<\/div>\n\n\n\n<div class=\"wp-block-column has-honey-background-color has-background is-layout-flow wp-block-column-is-layout-flow\" style=\"padding-top:var(--wp--preset--spacing--32);padding-right:var(--wp--preset--spacing--32);padding-bottom:var(--wp--preset--spacing--32);padding-left:var(--wp--preset--spacing--32)\">\n<h2 class=\"wp-block-heading\"><strong>Tivvoomohjelm<\/strong><\/h2>\n\n\n\n<p>Tun pu\u00e1vt\u00e1h&nbsp;<a href=\"http:\/\/divvun.no\/no\/korrektur\/korrektur.html\">vie\u017e\u017e\u00e2\u0111<\/a>&nbsp;\u010d\u00e4\u00e4llimt\u00e4rhistemri\u00e4idu&nbsp;MS Officen sehe Windows\u00e2n j\u00e1 Mac\u00e2n. Tot k\u00e1vnoo sehe tave-, julev- j\u00e1 maad\u00e2s\u00e4mikiel\u00e2n.<\/p>\n\n\n\n<h2 class=\"wp-block-heading has-sizing-medium\"><strong>Pu\u00e1llupevdi<\/strong><\/h2>\n\n\n\n<p class=\"has-sizing-medium\">Sehe telefon\u00e2n j\u00e1 ti\u00e4tuma\u0161in\u00e2n pu\u00e1vt\u00e1h vie\u017e\u017e\u00e2\u0111 s\u00e4mikiel\u00e2 pu\u00e1llupeevdi. <\/p>\n\n\n\n<ul class=\"wp-block-list\">\n<li>T\u00e4st tun u\u00e1in\u00e1h een\u00e2b ti\u00e4\u0111uid, ete maht tun vie\u017eah j\u00e1&nbsp;&nbsp;<a href=\"https:\/\/divvun.no\/no\/keyboards\/mobileindex.html\">ki\u00e4vt\u00e1h puhelinpu\u00e1llupeevdi<\/a>.<\/li>\n\n\n\n<li>T\u00e4st tun u\u00e1in\u00e1h een\u00e2b ti\u00e4\u0111uid maht vie\u017eah j\u00e1&nbsp;<a href=\"https:\/\/divvun.no\/no\/keyboards\/desktopindex.html\">ki\u00e4vt\u00e1h ti\u00e4tumaa\u0161inpu\u00e1llupeevdi<\/a>&nbsp;ki\u00e4vt\u00e1h ti\u00e4tumaa\u0161inpu\u00e1llupeevdi.&nbsp;<\/li>\n<\/ul>\n<\/div>\n<\/div>\n","protected":false},"excerpt":{"rendered":"<p>S\u00e4mikiel\u00e2 kiel\u00e2ri\u00e4iduh, tego nju\u00e1lguluuh\u00e2m, k\u00e1vnojeh sehe Windows\u00e2n j\u00e1 Mac\u00e2n, pu\u00e1llupevdi, mast lii nju\u00e1lguluuh\u00e2m sehe Android- j\u00e1 IOS-puhelim\u00e2n (iPhone j\u00e1 iPad), s\u00e4nikirjeh j\u00e1 ennuv eres. Ele&nbsp;Divvun\u2013 siij\u0111ost ke\u010d\u010d\u00e2min, mii k\u00e1vnoo s\u00e4mikiel\u00e2 kiel\u00e2teknologiast. 10\/20 b\u00e1go Kiel\u00e2oho oht\u00e2vuo\u0111\u00e2st lii Taa\u017e\u00e2 S\u00e4mitigge puovt\u00e2d\u00e2m&nbsp;10\/20 b\u00e1go&nbsp;nomm\u00e2s\u00e2\u0161 moobiilheiviitt\u00e2s, mon pu\u00e1ht\u00e1 vie\u017e\u017e\u00e2\u0111 Android teikk\u00e2 IOS puhelim\u00e2n. Moobiilheiviitt\u00e2s\u00e2st tun peesah u\u00e1ini\u0111, kuull\u00e2\u0111 j\u00e1 luuh\u00e2\u0111 [&hellip;]<\/p>\n","protected":false},"author":97,"featured_media":10858,"parent":9823,"menu_order":1,"comment_status":"closed","ping_status":"closed","template":"","meta":{"_acf_changed":false,"footnotes":""},"class_list":["post-8825","page","type-page","status-publish","has-post-thumbnail","hentry"],"acf":[],"_links":{"self":[{"href":"https:\/\/giellavahkku.org\/smn\/wp-json\/wp\/v2\/pages\/8825","targetHints":{"allow":["GET"]}}],"collection":[{"href":"https:\/\/giellavahkku.org\/smn\/wp-json\/wp\/v2\/pages"}],"about":[{"href":"https:\/\/giellavahkku.org\/smn\/wp-json\/wp\/v2\/types\/page"}],"author":[{"embeddable":true,"href":"https:\/\/giellavahkku.org\/smn\/wp-json\/wp\/v2\/users\/97"}],"replies":[{"embeddable":true,"href":"https:\/\/giellavahkku.org\/smn\/wp-json\/wp\/v2\/comments?post=8825"}],"version-history":[{"count":2,"href":"https:\/\/giellavahkku.org\/smn\/wp-json\/wp\/v2\/pages\/8825\/revisions"}],"predecessor-version":[{"id":10927,"href":"https:\/\/giellavahkku.org\/smn\/wp-json\/wp\/v2\/pages\/8825\/revisions\/10927"}],"up":[{"embeddable":true,"href":"https:\/\/giellavahkku.org\/smn\/wp-json\/wp\/v2\/pages\/9823"}],"wp:featuredmedia":[{"embeddable":true,"href":"https:\/\/giellavahkku.org\/smn\/wp-json\/wp\/v2\/media\/10858"}],"wp:attachment":[{"href":"https:\/\/giellavahkku.org\/smn\/wp-json\/wp\/v2\/media?parent=8825"}],"curies":[{"name":"wp","href":"https:\/\/api.w.org\/{rel}","templated":true}]}}