{"id":937,"date":"2021-08-24T14:23:10","date_gmt":"2021-08-24T12:23:10","guid":{"rendered":"https:\/\/giellavahkku.org\/personvernerklaering\/"},"modified":"2021-10-13T12:33:05","modified_gmt":"2021-10-13T10:33:05","slug":"personvernerklaering","status":"publish","type":"page","link":"https:\/\/giellavahkku.org\/smn\/personvernerklaering\/","title":{"rendered":"Ti\u00e4tusyeji\u010dielgiitt\u00e2s"},"content":{"rendered":"\n<h2 class=\"wp-block-heading\">Ki\u00e4h mij lep<\/h2>\n\n\n\n<p class=\"has-sizing-medium\">Mii viermisiij\u0111oi \u010dujott\u00e2s lii: https:\/\/giellavahkku.org<\/p>\n\n\n\n<h2 class=\"wp-block-heading\">Lasseet jieij\u00e2d t\u00e1b\u00e1htus<\/h2>\n\n\n\n<p class=\"has-sizing-medium\">Ko kevttee lasseet t\u00e1b\u00e1htus siij\u0111on, lu\u00e1m\u00e1tt\u00e2h\u00e2n adelum ti\u00e4\u0111uh sehe kevttee IP-\u010dujott\u00e2s j\u00e1 laa\u0111\u0111\u00e2m versio vyerkkejuvvojeh. N\u00e1vt est\u00e2dep lyenipoost\u00e2 vuolg\u00e2ttem.<\/p>\n\n\n\n<p class=\"has-sizing-medium\">Tuu \u0161le\u0111g\u00e2post\u00e2\u010dujott\u00e2s vu\u00e1\u0111uld rahtum anonym merkk\u00e2r\u00e1\u00e1i\u0111u (\u201chash\u201d) pu\u00e1ht\u00e1 vuolg\u00e2tti\u0111 Gravatar-palv\u00e2lus\u00e2n ton t\u00e4rhistem v\u00e1r\u00e1s, lii-uv tust tili tobbeen. Gravatar-palv\u00e2lus ti\u00e4tusyeji\u010dielgiitt\u00e2s k\u00e1vnoo <a href=\"https:\/\/automattic.com\/privacy\/\">t\u00e4\u00e4bbin<\/a>. Ko t\u00e1b\u00e1htus lii tuhhiittum, tot u\u00e1inoo ki\u00e4s peri ohjelmsiij\u0111o oht\u00e2vuo\u0111\u00e2st.<\/p>\n\n\n\n<h2 class=\"wp-block-heading\">Media<\/h2>\n\n\n\n<p class=\"has-sizing-medium\">Jis tun luo\u0111iih kuuvijd viermisij\u0111oid, ele aain\u00e2s vuolg\u00e2t kuuvijd main l\u00e1\u00e1 ti\u00e4\u0111uh soojijn kost toh l\u00e1\u00e1 valdum (EXIF GPS).<\/p>\n\n\n\n<p class=\"has-sizing-medium\">Siij\u0111oin ku\u00e1llejeijeeh pyehtih luo\u0111i\u0111 j\u00e1 uucc\u00e2\u0111 tagarijd ti\u00e4\u0111uid siij\u0111oin leijee kuuvijn.<\/p>\n\n\n\n<h2 class=\"wp-block-heading\">Ni\u00e4st\u00e1d\u00e2sti\u00e4\u0111uh<\/h2>\n\n\n\n<p class=\"has-sizing-medium\">Ko tun lasettah t\u00e1b\u00e1htus taid viermisij\u0111oid, pu\u00e1vt\u00e1h t\u00e1ttu\u0111 mii mu\u0161te\u0111 noom\u00e2, \u0161le\u0111g\u00e2poost\u00e2 j\u00e1 viermisiij\u0111oid. Taah ti\u00e4\u0111uh vyerkkejuvvojeh ni\u00e4st\u00e1d\u00e2s\u00e2n, j\u00e1 toh helppejeh viermisiij\u0111oi kevttim. Tun jieh taarb\u00e2\u0161 adeli\u0111 taid ti\u00e4\u0111uid u\u0111\u0111\u00e2sist \u010du\u00e1vuv\u00e1\u00e1 tove, ko lasettah t\u00e2i mut\u00e1h t\u00e1b\u00e1htus. Taah ni\u00e4st\u00e1d\u00e2sah pu\u00e1r\u00e1smeh ive ke\u010d\u010din.<\/p>\n\n\n\n<p class=\"has-sizing-medium\">Jis tun kolliih mii \u010d\u00e1l\u00e1d\u00e2tt\u00e2msiij\u0111o, mij r\u00e4htip kosk\u00e2pudd\u00e2sii ni\u00e4st\u00e1d\u00e2s selv\u00e2tti\u0111 tom, ete tuhhit-uv tuu laa\u0111\u0111\u00e2m ni\u00e4st\u00e1d\u00e2s\u00e2id. Taat ni\u00e4st\u00e1d\u00e2s ij siskeeld maiden persovnlijd ti\u00e4\u0111uid j\u00e1 tu\u0161\u0161\u00e2duvvoo t\u00e1ll\u00e1n, ko tun toopah jieij\u00e2d laa\u0111\u0111\u00e2m.<\/p>\n\n\n\n<p class=\"has-sizing-medium\">Siis\u00e2 \u010d\u00e1l\u00e1d\u00e2tt\u00e2m oht\u00e2vuo\u0111\u00e2st r\u00e1htojeh ni\u00e4st\u00e1d\u00e2sah, mon vyerkkejeh tuu \u010d\u00e1l\u00e1d\u00e2tt\u00e2mti\u00e4\u0111uid j\u00e1 tuu tooh\u00e2m valjimijd ton i\u00e4htun, maht sisk\u00e1ld\u00e2s \u010d\u00e1ittoo.<\/p>\n\n\n\n<p class=\"has-sizing-medium\">Ni\u00e4st\u00e1d\u00e2sah \u010d\u00e1l\u00e1d\u00e2tt\u00e2mti\u00e4\u0111uidiskuin pu\u00e1r\u00e1smeh kyevti peeivi ke\u010d\u010din, ko vist \u010d\u00e4ittimmuuls\u00e2i\u00e4htu pi\u0161t\u00e1 oovt\u00e2 ive. Jis tun valjiih \u00abMu\u0161te muu\u00bb, tuu \u010d\u00e1l\u00e1d\u00e2tt\u00e2mti\u00e4\u0111uh si\u00e4iluh kyehti oho. Ko tun \u010d\u00e1l\u00e1d\u00e2\u0111ah olgos tilist\u00e2d, taah ni\u00e4st\u00e1d\u00e2sah tu\u0161\u0161\u00e2duvvojeh.<\/p>\n\n\n\n<p class=\"has-sizing-medium\">Ko tun mut\u00e1h t\u00e2i almostit\u00e1h t\u00e1b\u00e1htus, tuu laa\u0111\u0111\u00e2m\u00e2n vyerkkejuvvoo lijgeni\u00e4st\u00e1d\u00e2s. Taat ni\u00e4st\u00e1d\u00e2s ij siskeeld persovnlijd ti\u00e4\u0111uid, peic tu\u0161e tuu eidu muttem artikk\u00e2l tubd\u00e2lduv. Tot pu\u00e1r\u00e1\u00e1sm oovt\u00e2 peeivi ke\u010d\u010din.<\/p>\n\n\n\n<h2 class=\"wp-block-heading\">Vu\u00e1juttum sisk\u00e1ld\u00e2s eres siij\u0111oin<\/h2>\n\n\n\n<p class=\"has-sizing-medium\">Taan siij\u0111o artikk\u00e2leh pyehtih siskeldi\u0111 vu\u00e1juttum sisk\u00e1ld\u00e2s (om. videoid, kuuvijd, artikk\u00e2lijd jna.). Eres viermisiij\u0111oi vu\u00e1juttum sisk\u00e1ld\u00e2s tu\u00e1im\u00e1 aaib\u00e2s si\u00e4mm\u00e1\u00e1 n\u00e1\u00e1l\u00e1 ko jis ku\u00e1llejeijee li\u010dij i\u00e4ll\u00e1m viermisiij\u0111oin, kost vu\u00e1juttum sisk\u00e1ld\u00e2s pu\u00e1t\u00e1.<\/p>\n\n\n\n<p class=\"has-sizing-medium\">T\u00e1g\u00e1reh viermisiij\u0111oh pyehtih \u010du\u00e1ggi\u0111 tust ti\u00e4\u0111uid, kevtti\u0111 ni\u00e4st\u00e1d\u00e2s\u00e2id, vu\u00e1jutti\u0111 ku\u00e1lm\u00e1d u\u00e1sipele \u010du\u00e1vvummon\u00e2tt\u00e2lmijd j\u00e1 tarkkuust\u00e2ll\u00e2\u0111, maid tun poorgah taam vu\u00e1juttum sisk\u00e1ld\u00e2s peht. Taat siskeeld meiddei tuu tooim\u00e2i \u010du\u00e1vvum vu\u00e1juttum sisk\u00e1ld\u00e2s peht, jis tust lii tili j\u00e1 tun lah \u010d\u00e1l\u00e1d\u00e2tt\u00e2m siis\u00e2 ton viermisiij\u0111on.<\/p>\n\n\n\n<h2 class=\"wp-block-heading\">Ki\u00e4in mij jyehip tuu ti\u00e4\u0111uid<\/h2>\n\n\n\n<p class=\"has-sizing-medium\">Jis tun pivd\u00e1h syelis\u00e4\u00e4ni kuorrim, tuu IP-\u010dujott\u00e2s siskeldittoo \u0161le\u0111g\u00e2poost\u00e2n syelis\u00e4\u00e4ni molsom ooleest.<\/p>\n\n\n\n<h2 class=\"wp-block-heading\">Mon kuhh\u00e1\u00e1 mij si\u00e4iludep ti\u00e4\u0111uid tust<\/h2>\n\n\n\n<p class=\"has-sizing-medium\">Ko tun lasettah t\u00e1b\u00e1htus, taat sehe t\u00e1b\u00e1htus ti\u00e4\u0111uh vyerkkejuvvojeh meerridh\u00e1nn\u00e1\u00e1 \u00e4\u00e4igi.<\/p>\n\n\n\n<p class=\"has-sizing-medium\">Taid viermisij\u0111oid registeristum kevtteid lasettuvvojeh meiddei sii jieij\u00e2s kevtteeprofilist adelem persovnliih ti\u00e4\u0111uh. Puoh kevtteeh pyehtih tarkkuust\u00e2ll\u00e2\u0111, mutte\u0111 j\u00e1 sikko\u0111 jieij\u00e2s persovnlijd ti\u00e4\u0111uid ku\u00e1s peri (eereeb mutte\u0111 kevtteetubd\u00e2lduv). Meiddei viermisiij\u0111oi paijeentu\u00e1lleeh pyehtih tarkkuust\u00e2ll\u00e2\u0111 j\u00e1 mutte\u0111 taid ti\u00e4\u0111uid.<\/p>\n\n\n\n<h2 class=\"wp-block-heading\">Moh l\u00e1\u00e1 tuu vuoig\u00e2dvuo\u0111ah jieij\u00e2d ti\u00e4\u0111ui i\u00e4htun<\/h2>\n\n\n\n<p class=\"has-sizing-medium\">Jis tust lii tili tain siij\u0111oin t\u00e2i tun lah ku\u00e1\u0111\u0111\u00e1m kommentijd, tun pu\u00e1vt\u00e1h t\u00e1ttu\u0111 tu\u00e1lvumti\u00e4tuvu\u00e1rh\u00e1, mii siskeeld toid tuu persovnlijd ti\u00e4\u0111uid moh mist l\u00e1\u00e1. Tot siskeeld puoh tuu mijj\u00e2n adelem ti\u00e4\u0111uid. Tun pu\u00e1vt\u00e1h meiddei t\u00e1ttu\u0111 sikko\u0111 puoh persovnlijd ti\u00e4\u0111uid, moh mist l\u00e1\u00e1 tuu pirr\u00e2. Taat ij siskeeld ti\u00e4\u0111uid, maid mij kolg\u00e2p vuorkki\u0111 hald\u00e2tt\u00e2hlij, laav\u00e2mi\u00e4ld\u00e1sij t\u00e2i torvol\u00e2\u0161vuot\u00e2n lahtojeijee suuj\u00e2i kee\u017eild.<\/p>\n\n\n\n<h2 class=\"wp-block-heading\">Kuus mij vuolg\u00e2ttep ti\u00e4\u0111uid tuu pirr\u00e2<\/h2>\n\n\n\n<p class=\"has-sizing-medium\">Viermisiij\u0111oi editor t\u00e4\u00e4rhist j\u00e1 tuhhit kevttee t\u00e1b\u00e1htus\u00e2id lyenipoost\u00e2 est\u00e2dem v\u00e1r\u00e1s.<\/p>\n","protected":false},"excerpt":{"rendered":"<p>Ki\u00e4h mij lep Mii viermisiij\u0111oi \u010dujott\u00e2s lii: https:\/\/giellavahkku.org Lasseet jieij\u00e2d t\u00e1b\u00e1htus Ko kevttee lasseet t\u00e1b\u00e1htus siij\u0111on, lu\u00e1m\u00e1tt\u00e2h\u00e2n adelum ti\u00e4\u0111uh sehe kevttee IP-\u010dujott\u00e2s j\u00e1 laa\u0111\u0111\u00e2m versio vyerkkejuvvojeh. N\u00e1vt est\u00e2dep lyenipoost\u00e2 vuolg\u00e2ttem. Tuu \u0161le\u0111g\u00e2post\u00e2\u010dujott\u00e2s vu\u00e1\u0111uld rahtum anonym merkk\u00e2r\u00e1\u00e1i\u0111u (\u201chash\u201d) pu\u00e1ht\u00e1 vuolg\u00e2tti\u0111 Gravatar-palv\u00e2lus\u00e2n ton t\u00e4rhistem v\u00e1r\u00e1s, lii-uv tust tili tobbeen. Gravatar-palv\u00e2lus ti\u00e4tusyeji\u010dielgiitt\u00e2s k\u00e1vnoo t\u00e4\u00e4bbin. Ko t\u00e1b\u00e1htus lii tuhhiittum, [&hellip;]<\/p>\n","protected":false},"author":1,"featured_media":0,"parent":0,"menu_order":0,"comment_status":"closed","ping_status":"closed","template":"","meta":{"_acf_changed":false,"footnotes":""},"class_list":["post-937","page","type-page","status-publish","hentry"],"acf":[],"_links":{"self":[{"href":"https:\/\/giellavahkku.org\/smn\/wp-json\/wp\/v2\/pages\/937","targetHints":{"allow":["GET"]}}],"collection":[{"href":"https:\/\/giellavahkku.org\/smn\/wp-json\/wp\/v2\/pages"}],"about":[{"href":"https:\/\/giellavahkku.org\/smn\/wp-json\/wp\/v2\/types\/page"}],"author":[{"embeddable":true,"href":"https:\/\/giellavahkku.org\/smn\/wp-json\/wp\/v2\/users\/1"}],"replies":[{"embeddable":true,"href":"https:\/\/giellavahkku.org\/smn\/wp-json\/wp\/v2\/comments?post=937"}],"version-history":[{"count":2,"href":"https:\/\/giellavahkku.org\/smn\/wp-json\/wp\/v2\/pages\/937\/revisions"}],"predecessor-version":[{"id":1292,"href":"https:\/\/giellavahkku.org\/smn\/wp-json\/wp\/v2\/pages\/937\/revisions\/1292"}],"wp:attachment":[{"href":"https:\/\/giellavahkku.org\/smn\/wp-json\/wp\/v2\/media?parent=937"}],"curies":[{"name":"wp","href":"https:\/\/api.w.org\/{rel}","templated":true}]}}