{"id":1097,"date":"2021-10-08T14:29:09","date_gmt":"2021-10-08T12:29:09","guid":{"rendered":"https:\/\/giellavahkku.org\/?page_id=1097"},"modified":"2021-10-08T14:29:11","modified_gmt":"2021-10-08T12:29:11","slug":"moozz-saa%ca%b9m-%c7%a9ioli-nea%ca%b9ttel-lij-vaaznai","status":"publish","type":"page","link":"https:\/\/giellavahkku.org\/sms\/moozz-saa%ca%b9m-%c7%a9ioli-nea%ca%b9ttel-lij-vaaznai\/","title":{"rendered":"M\u00f5\u00f5zz S\u00e4\u00e4\u02b9m \u01e9i\u00f5li ne\u00e4\u02b9ttel lij v\u00e4\u00e4\u017enai?"},"content":{"rendered":"\n<p class=\"has-sizing-medium\">Hu\u00f5l\u01e9\u00e2ni t\u00f5\u02b9st, \u0161to s\u00e4\u00e4\u02b9m \u01e9i\u00f5l lie vaarrvu\u00e2llsa, \u01e9i\u00f5l jie\u02b9lle n\u00e2nnsanji. Tu\u00e4ivv kuuit\u00e2\u01e5 lij. S\u00e4\u02b9mmlain lij tie\u02b9ttemvu\u00f5tt jii\u02b9jjes \u01e9i\u00f5l\u00e2st da \u01e9i\u00f5llva\u02b9lljumm\u0161in. J\u00e4\u00e4nb\u00f5s oummuin \u00e4\u02b9l\u01e7\u01e7e vu\u00e4ss\u00f5\u00f5tt\u00e2d kuursid, \u0161to sij vu\u00e4it\u010de vu\u00e4\u01ef\u01efad m\u00e5\u00e5usat \u01e9i\u00f5l, koonn \u00e4\u00e4i\u02b9jab pu\u00f5lvv\u00f5\u00f5\u01e5\u01e5 lie m\u00f5\u00f5ntam. Vuu\u02b9din, koin s\u00e4\u00e4\u02b9m\u01e9i\u00f5l ij le\u00e4kku le\u00e4mma\u017e \u00e2\u00e2\u02b9nnmest \u00f5\u00f5ut le\u02b9be kuei\u02b9t pu\u00f5lvv\u00f5\u00f5\u01e5\u01e5 \u00e4i\u02b9\u01e7\u01e7en, v\u00e4\u02b9ldde nu\u00f5r vu\u00f5r\u00e2soummu \u00e5\u00e5\u02b9n s\u00e4\u00e4\u02b9m\u01e9i\u00f5l m\u00e5\u00e5usat da \u01e9i\u010d\u010dle se\u02b9rdded t\u00f5n p\u00e4\u00e4rneez. O\u0111\u0111 s\u00e4\u00e4\u02b9m\u01e9i\u00f5llsa\u017e p\u00e4\u00e4rnai pu\u00f5lvv\u00f5k lij \u0161\u00f5ddmen.<\/p>\n\n\n\n<p class=\"has-sizing-medium\">Taar, Ru\u00f5cc di L\u00e4\u00e4\u02b9d pe\u00e4\u02b9l S\u00e4\u00e4\u02b9mj\u00e2nnmest \u01e9i\u00f5\u010d\u010dl\u00e2\u00e2\u02b9stet, \u0161to \u00f5httsa\u017ek\u00e5\u02b9dd \u010du\u00e4\u02b9jat \u0161uurab perstummu\u017e s\u00e4\u00e4\u02b9m \u01e9i\u00f5lid, da s\u00e4\u02b9mmla t\u00e4in j\u00e2nnmin \u01e9i\u00f5\u010d\u010dl\u00e2\u02b9stte \u0161uurab se\u00e4nnm\u00f5\u00f5\u017e\u017e sij kulttuu\u02b9re da \u01e9i\u00f5\u02b9lle. Perstummu\u0161 s\u00e4\u00e4\u02b9m \u00f5httsa\u017ek\u00e5\u02b9dde lij \u0161urr da \u00e4\u00e4i\u02b9jpodd \u00f5httsa\u017e \u01e9i\u00f5ll\u01e9i\u010d\u010dl\u00f5\u00f5ttm\u00f5\u02b9\u0161\u0161e ij vu\u00e4it\u010di lee\u02b9d pue\u02b9rab.<\/p>\n\n\n\n<div class=\"wp-block-columns has-ice-grey-background-color has-background is-layout-flex wp-container-core-columns-is-layout-28f84493 wp-block-columns-is-layout-flex\">\n<div class=\"wp-block-column is-layout-flow wp-block-column-is-layout-flow\">\n<h2 class=\"wp-block-heading\"><strong>M\u00e4\u02b9htt vu\u00e4itak pue\u02b9tted mie\u02b9ldd? <\/strong><\/h2>\n\n\n\n<p class=\"has-sizing-medium\">Si\u00e2zzt\u00f5\u00f5ll\u00e2p \u01e9i\u00f5\u010d\u010d\u00e2d prograamm, \u0161to kaaunak j\u00e4\u02b9rjstum \u0161\u00f5ddm\u00f5\u00f5\u017e\u017eid tuu \u00e2lddsin. V\u00e4\u00e4\u02b9ld \u00f5httvu\u00f5\u0111 tuu \u00e2\u00e2ldm\u00f5s \u01e9i\u00f5llk\u00f5\u00f5sk\u00f5\u02b9sse da k\u00f5\u00f5jj see\u02b9st vie\u02b9\u01e9\u01e9, \u0161to kaaunak \u01e9i\u00f5llne\u00e4\u02b9ttel \u0161\u00f5ddm\u00f5\u00f5\u017e\u017eid. Si\u00e2zzt\u00f5\u00f5ll\u00e2p \u0161e seu\u02b9rrjed S\u00e4\u00e4\u02b9m \u01e9i\u00f5li ne\u00e4\u02b9ttel Facebook-seeid \u201cGiellavahkku\/ G\u00efelev\u00e5hkoe\/ Giellavahkko\/ Samisk spr\u00e5kuke\u201d, ko\u02b9st vu\u00e4inak obb S\u00e4\u00e4\u02b9mj\u00e2nnam o\u0111\u0111sid. S\u00e4\u00e4\u02b9m \u01e9i\u00f5li ne\u00e4\u02b9ttlest lij \u0161e jii\u02b9jjes Instagram \u201cgiellavahkku\u201d, ko\u02b9st \u00f5lmst\u00e2\u00e2\u02b9ttet fii\u02b9lmid, kaartid da o\u0111\u0111sid ne\u00e4\u02b9ttelp\u00e2\u00e2\u02b9j.<\/p>\n\n\n\n<p class=\"has-sizing-medium\">Tu\u00e4ivvap, \u0161to vu\u00e4ss\u00f5\u00f5\u0111ak S\u00e4\u00e4\u02b9m \u01e9i\u00f5li ne\u00e4\u02b9ttel hervvai \u0161\u00f5ddm\u00f5\u00f5\u017e\u017eid, ju\u02b9n-a fyysla\u017e le\u02b9be digitaal\u02bcla\u017e \u0161\u00f5ddm\u00f5\u00f5\u017e\u017eid. \u01e8ee\u02b9rjet s\u00e4\u00e4\u02b9m\u01e9i\u00f5\u02b9lle sosiaal\u02bcla\u017e mediast obb ne\u00e4\u02b9ttelp\u00e2\u00e2\u02b9j, da puu\u02b9t ton \u0161e mij k\u00e5\u02b9ll\u01e9i\u00f5lid ku\u00e2sttjee\u02b9jen.<\/p>\n\n\n\n<p class=\"has-sizing-medium\"><a href=\"#\">Vu\u00f5ltt\u00e2d jiijjad \u0161\u00f5ddm\u00f5\u00f5\u017e\u017e tii\u02b9\u01e9<\/a><\/p>\n<\/div>\n\n\n\n<div class=\"wp-block-column is-layout-flow wp-block-column-is-layout-flow\">\n<figure class=\"wp-block-image size-full is-resized\"><img loading=\"lazy\" decoding=\"async\" src=\"https:\/\/giellavahkku.org\/wp-content\/uploads\/2021\/08\/arrangement-bilde.jpg\" alt=\"\" class=\"wp-image-88\" width=\"483\" height=\"230\"\/><\/figure>\n<\/div>\n<\/div>\n","protected":false},"excerpt":{"rendered":"<p>Hu\u00f5l\u01e9\u00e2ni t\u00f5\u02b9st, \u0161to s\u00e4\u00e4\u02b9m \u01e9i\u00f5l lie vaarrvu\u00e2llsa, \u01e9i\u00f5l jie\u02b9lle n\u00e2nnsanji. Tu\u00e4ivv kuuit\u00e2\u01e5 lij. S\u00e4\u02b9mmlain lij tie\u02b9ttemvu\u00f5tt jii\u02b9jjes \u01e9i\u00f5l\u00e2st da \u01e9i\u00f5llva\u02b9lljumm\u0161in. J\u00e4\u00e4nb\u00f5s oummuin \u00e4\u02b9l\u01e7\u01e7e vu\u00e4ss\u00f5\u00f5tt\u00e2d kuursid, \u0161to sij vu\u00e4it\u010de vu\u00e4\u01ef\u01efad m\u00e5\u00e5usat \u01e9i\u00f5l, koonn \u00e4\u00e4i\u02b9jab pu\u00f5lvv\u00f5\u00f5\u01e5\u01e5 lie m\u00f5\u00f5ntam. Vuu\u02b9din, koin s\u00e4\u00e4\u02b9m\u01e9i\u00f5l ij le\u00e4kku le\u00e4mma\u017e \u00e2\u00e2\u02b9nnmest \u00f5\u00f5ut le\u02b9be kuei\u02b9t pu\u00f5lvv\u00f5\u00f5\u01e5\u01e5 \u00e4i\u02b9\u01e7\u01e7en, v\u00e4\u02b9ldde nu\u00f5r vu\u00f5r\u00e2soummu \u00e5\u00e5\u02b9n s\u00e4\u00e4\u02b9m\u01e9i\u00f5l m\u00e5\u00e5usat da [&hellip;]<\/p>\n","protected":false},"author":1,"featured_media":0,"parent":0,"menu_order":0,"comment_status":"closed","ping_status":"closed","template":"","meta":{"_acf_changed":false,"footnotes":""},"class_list":["post-1097","page","type-page","status-publish","hentry"],"acf":[],"_links":{"self":[{"href":"https:\/\/giellavahkku.org\/sms\/wp-json\/wp\/v2\/pages\/1097","targetHints":{"allow":["GET"]}}],"collection":[{"href":"https:\/\/giellavahkku.org\/sms\/wp-json\/wp\/v2\/pages"}],"about":[{"href":"https:\/\/giellavahkku.org\/sms\/wp-json\/wp\/v2\/types\/page"}],"author":[{"embeddable":true,"href":"https:\/\/giellavahkku.org\/sms\/wp-json\/wp\/v2\/users\/1"}],"replies":[{"embeddable":true,"href":"https:\/\/giellavahkku.org\/sms\/wp-json\/wp\/v2\/comments?post=1097"}],"version-history":[{"count":1,"href":"https:\/\/giellavahkku.org\/sms\/wp-json\/wp\/v2\/pages\/1097\/revisions"}],"predecessor-version":[{"id":1107,"href":"https:\/\/giellavahkku.org\/sms\/wp-json\/wp\/v2\/pages\/1097\/revisions\/1107"}],"wp:attachment":[{"href":"https:\/\/giellavahkku.org\/sms\/wp-json\/wp\/v2\/media?parent=1097"}],"curies":[{"name":"wp","href":"https:\/\/api.w.org\/{rel}","templated":true}]}}