{"id":444,"date":"2021-08-24T16:22:06","date_gmt":"2021-08-24T14:22:06","guid":{"rendered":"https:\/\/giellavahkku.org\/om-uken\/"},"modified":"2025-09-25T17:08:06","modified_gmt":"2025-09-25T15:08:06","slug":"om-uken","status":"publish","type":"page","link":"https:\/\/giellavahkku.org\/sms\/om-uken\/","title":{"rendered":"Mii lij S\u00e4\u00e4\u02b9m \u01e9i\u00f5li ne\u00e4\u02b9ttel?"},"content":{"rendered":"\n<div class=\"wp-block-group is-layout-constrained wp-container-core-group-is-layout-ec27dcee wp-block-group-is-layout-constrained\" style=\"margin-bottom:var(--wp--preset--spacing--72)\">\n<h1 class=\"wp-block-heading has-text-align-center has-custom-7-font-size\" style=\"text-transform:uppercase\">Mii lij S\u00e4\u00e4\u02b9m \u01e9i\u00f5li ne\u00e4\u02b9ttel?<\/h1>\n\n\n\n<p class=\"has-text-align-center has-custom-10-font-size\" style=\"font-style:normal;font-weight:500\">S\u00e4\u00e4\u02b9m \u01e9i\u00f5li ne\u00e4\u02b9ttel lij Taar S\u00e4\u00e4\u02b9mtee\u02b9\u01e7\u01e7 vu\u00f5ltt\u00f5s, k\u00e5\u00e5tt lij vue\u02b9ssen sij altteem Giellalokten (\u01e8i\u00f5llkagg\u00e2m) \u01e9i\u00f5llstrategia.<\/p>\n<\/div>\n\n\n\n<div class=\"wp-block-group alignwide has-honey-background-color has-background is-layout-flow wp-block-group-is-layout-flow\" style=\"padding-top:var(--wp--preset--spacing--72);padding-right:var(--wp--preset--spacing--72);padding-bottom:var(--wp--preset--spacing--72);padding-left:var(--wp--preset--spacing--72);font-style:normal;font-weight:500\">\n<h2 class=\"wp-block-heading\">S\u00e4\u00e4\u02b9m \u01e9i\u00f5li ne\u00e4\u02b9ttel<\/h2>\n\n\n\n<p class=\"has-sizing-medium\">S\u00e4\u00e4\u02b9m \u01e9i\u00f5li ne\u00e4\u02b9ttel mie\u02b9rren lij kagg\u00e2d s\u00e4\u02b9mmlai \u01e9i\u00f5li statuuzz, da l\u00e2\u00e2\u02b9zzted s\u00e4\u00e4\u02b9m \u01e9i\u00f5li da kulttuur tobddm\u00f5\u00f5\u017e\u017e ceelai \u00f5httsa\u017ek\u00e5\u00e5\u02b9ddest. Je\u00e4\u02b9rben t\u00e4n ne\u00e4\u02b9ttel poodd s\u00e4\u00e4\u02b9m \u01e9i\u00f5l koll\u02bcje da ku\u00e2sttje ju\u00f5\u02b9\u01e9\u01e9s\u00e2\u00e2\u02b9jest.<\/p>\n\n\n\n<div class=\"wp-block-columns is-layout-flex wp-container-core-columns-is-layout-28f84493 wp-block-columns-is-layout-flex\">\n<div class=\"wp-block-column is-layout-flow wp-block-column-is-layout-flow\">\n<figure class=\"wp-block-image size-large\"><img loading=\"lazy\" decoding=\"async\" width=\"1024\" height=\"778\" src=\"https:\/\/giellavahkku.org\/wp-content\/uploads\/2024\/08\/bilde-med-buttons-1024x778.jpg\" alt=\"\" class=\"wp-image-6829\" srcset=\"https:\/\/giellavahkku.org\/wp-content\/uploads\/2024\/08\/bilde-med-buttons-1024x778.jpg 1024w, https:\/\/giellavahkku.org\/wp-content\/uploads\/2024\/08\/bilde-med-buttons-300x228.jpg 300w, https:\/\/giellavahkku.org\/wp-content\/uploads\/2024\/08\/bilde-med-buttons-768x584.jpg 768w, https:\/\/giellavahkku.org\/wp-content\/uploads\/2024\/08\/bilde-med-buttons-1536x1167.jpg 1536w, https:\/\/giellavahkku.org\/wp-content\/uploads\/2024\/08\/bilde-med-buttons-scaled.jpg 2048w\" sizes=\"auto, (max-width: 1024px) 100vw, 1024px\" \/><\/figure>\n<\/div>\n\n\n\n<div class=\"wp-block-column is-layout-flow wp-block-column-is-layout-flow\">\n<p>S\u00e4\u00e4\u02b9m \u01e9i\u00f5li ne\u00e4\u02b9ttel lij \u00f5httsa\u017eha\u02b9\u014b\u01e9\u01e9\u00f5s, koin puu\u02b9tet ti\u00f5ttu s\u00e4\u00e4\u02b9m \u01e9i\u00f5lid da l\u00e2\u00e2\u02b9zzted t\u00f5i tobddm\u00f5\u00f5\u017e\u017e ceelai \u00f5httsa\u017ek\u00e5\u00e5\u02b9ddest. Privatt da \u00f5\u00f5lm\u00e2s stroi\u02b9ttlid, p\u00f5rggsid, organisaatioid da jee\u02b9res toi\u02b9mmjee\u02b9jid k\u00e5\u00e5\u010d\u010dat pu\u02b9htted ti\u00f5ttu s\u00e4\u00e4\u02b9m \u01e9i\u00f5lid je\u00e4\u02b9rben t\u00e4n ne\u00e4\u02b9ttel poodd. \u00d5\u00f5ut\u00e2st v\u00e4\u02b9lddep \u0161uurab va\u02b9stt\u00f5\u00f5zz t\u00f5\u02b9st, \u0161to s\u00e4\u00e4\u02b9m \u01e9i\u00f5l koll\u02bcje da ku\u00e2sttje da t\u00f5k lie \u00e2\u00e2\u02b9nnmest ju\u00f5\u02b9\u01e9\u01e9s\u00e2\u00e2\u02b9jest \u00f5httsa\u017ek\u00e5\u00e5\u02b9dd jee\u02b9res sue\u02b9rjin.<\/p>\n<\/div>\n<\/div>\n\n\n\n<p class=\"has-sizing-medium\">S\u00e4\u00e4\u02b9m \u01e9i\u00f5li ne\u00e4\u02b9ttel lij Taar S\u00e4\u00e4\u02b9mtee\u02b9\u01e7\u01e7 vu\u00f5ltt\u00f5s, k\u00e5\u00e5tt lij vue\u02b9ssen sij altteem Giellalokten (\u01e8i\u00f5llkagg\u00e2m) \u01e9i\u00f5llstrategia.<\/p>\n\n\n\n<figure class=\"wp-block-image size-large\"><img decoding=\"async\" src=\"https:\/\/giellavahkku.org\/wp-content\/uploads\/2023\/10\/samediggi-1024x680.jpg\" alt=\"\" class=\"wp-image-5267\"\/><\/figure>\n\n\n\n<h2 class=\"wp-block-heading\">M\u00f5\u00f5zz S\u00e4\u00e4\u02b9m \u01e9i\u00f5li ne\u00e4\u02b9ttel lij v\u00e4\u00e4\u017enai?<\/h2>\n\n\n\n<p class=\"has-sizing-medium\">Hu\u00f5l\u01e9\u00e2ni t\u00f5\u02b9st, \u0161to s\u00e4\u00e4\u02b9m \u01e9i\u00f5l lie vaarrvu\u00e2llsa, \u01e9i\u00f5l jie\u02b9lle n\u00e2nnsanji. Tu\u00e4ivv kuuit\u00e2\u01e5 lij. S\u00e4\u02b9mmlain lij tie\u02b9ttemvu\u00f5tt jii\u02b9jjes \u01e9i\u00f5l\u00e2st da \u01e9i\u00f5llva\u02b9lljumm\u0161in. J\u00e4\u00e4nb\u00f5s oummuin \u00e4\u02b9l\u01e7\u01e7e vu\u00e4ss\u00f5\u00f5tt\u00e2d kuursid, \u0161to sij vu\u00e4it\u010de vu\u00e4\u01ef\u01efad m\u00e5\u00e5usat \u01e9i\u00f5l, koonn \u00e4\u00e4i\u02b9jab pu\u00f5lvv\u00f5\u00f5\u01e5\u01e5 lie m\u00f5\u00f5ntam. Vuu\u02b9din, koin s\u00e4\u00e4\u02b9m\u01e9i\u00f5l ij le\u00e4kku le\u00e4mma\u017e \u00e2\u00e2\u02b9nnmest \u00f5\u00f5ut le\u02b9be kuei\u02b9t pu\u00f5lvv\u00f5\u00f5\u01e5\u01e5 \u00e4i\u02b9\u01e7\u01e7en, v\u00e4\u02b9ldde nu\u00f5r vu\u00f5r\u00e2soummu \u00e5\u00e5\u02b9n s\u00e4\u00e4\u02b9m\u01e9i\u00f5l m\u00e5\u00e5usat da \u01e9i\u010d\u010dle se\u02b9rdded t\u00f5n p\u00e4\u00e4rneez. O\u0111\u0111 s\u00e4\u00e4\u02b9m\u01e9i\u00f5llsa\u017e p\u00e4\u00e4rnai pu\u00f5lvv\u00f5k lij \u0161\u00f5ddmen.<\/p>\n\n\n\n<p class=\"has-sizing-medium\">Taar, Ru\u00f5cc di L\u00e4\u00e4\u02b9d pe\u00e4\u02b9l S\u00e4\u00e4\u02b9mj\u00e2nnmest \u01e9i\u00f5\u010d\u010dl\u00e2\u00e2\u02b9stet, \u0161to \u00f5httsa\u017ek\u00e5\u02b9dd \u010du\u00e4\u02b9jat \u0161uurab perstummu\u017e s\u00e4\u00e4\u02b9m \u01e9i\u00f5lid, da s\u00e4\u02b9mmla t\u00e4in j\u00e2nnmin \u01e9i\u00f5\u010d\u010dl\u00e2\u02b9stte \u0161uurab se\u00e4nnm\u00f5\u00f5\u017e\u017e sij kulttuu\u02b9re da \u01e9i\u00f5\u02b9lle. Perstummu\u0161 s\u00e4\u00e4\u02b9m \u00f5httsa\u017ek\u00e5\u02b9dde lij \u0161urr da \u00e4\u00e4i\u02b9jpodd \u00f5httsa\u017e \u01e9i\u00f5ll\u01e9i\u010d\u010dl\u00f5\u00f5ttm\u00f5\u02b9\u0161\u0161e ij vu\u00e4it\u010di lee\u02b9d pue\u02b9rab.<\/p>\n<\/div>\n\n\n\n<p class=\"has-sizing-medium\"><\/p>\n","protected":false},"excerpt":{"rendered":"<p>S\u00e4\u00e4\u02b9m \u01e9i\u00f5li ne\u00e4\u02b9ttel S\u00e4\u00e4\u02b9m \u01e9i\u00f5li ne\u00e4\u02b9ttel mie\u02b9rren lij kagg\u00e2d s\u00e4\u02b9mmlai \u01e9i\u00f5li statuuzz, da l\u00e2\u00e2\u02b9zzted s\u00e4\u00e4\u02b9m \u01e9i\u00f5li da kulttuur tobddm\u00f5\u00f5\u017e\u017e ceelai \u00f5httsa\u017ek\u00e5\u00e5\u02b9ddest. Je\u00e4\u02b9rben t\u00e4n ne\u00e4\u02b9ttel poodd s\u00e4\u00e4\u02b9m \u01e9i\u00f5l koll\u02bcje da ku\u00e2sttje ju\u00f5\u02b9\u01e9\u01e9s\u00e2\u00e2\u02b9jest. S\u00e4\u00e4\u02b9m \u01e9i\u00f5li ne\u00e4\u02b9ttel lij \u00f5httsa\u017eha\u02b9\u014b\u01e9\u01e9\u00f5s, koin puu\u02b9tet ti\u00f5ttu s\u00e4\u00e4\u02b9m \u01e9i\u00f5lid da l\u00e2\u00e2\u02b9zzted t\u00f5i tobddm\u00f5\u00f5\u017e\u017e ceelai \u00f5httsa\u017ek\u00e5\u00e5\u02b9ddest. Privatt da \u00f5\u00f5lm\u00e2s stroi\u02b9ttlid, p\u00f5rggsid, organisaatioid da jee\u02b9res [&hellip;]<\/p>\n","protected":false},"author":1,"featured_media":0,"parent":0,"menu_order":0,"comment_status":"closed","ping_status":"closed","template":"wp-custom-template-side-banner","meta":{"_acf_changed":false,"footnotes":""},"class_list":["post-444","page","type-page","status-publish","hentry"],"acf":[],"_links":{"self":[{"href":"https:\/\/giellavahkku.org\/sms\/wp-json\/wp\/v2\/pages\/444","targetHints":{"allow":["GET"]}}],"collection":[{"href":"https:\/\/giellavahkku.org\/sms\/wp-json\/wp\/v2\/pages"}],"about":[{"href":"https:\/\/giellavahkku.org\/sms\/wp-json\/wp\/v2\/types\/page"}],"author":[{"embeddable":true,"href":"https:\/\/giellavahkku.org\/sms\/wp-json\/wp\/v2\/users\/1"}],"replies":[{"embeddable":true,"href":"https:\/\/giellavahkku.org\/sms\/wp-json\/wp\/v2\/comments?post=444"}],"version-history":[{"count":2,"href":"https:\/\/giellavahkku.org\/sms\/wp-json\/wp\/v2\/pages\/444\/revisions"}],"predecessor-version":[{"id":9562,"href":"https:\/\/giellavahkku.org\/sms\/wp-json\/wp\/v2\/pages\/444\/revisions\/9562"}],"wp:attachment":[{"href":"https:\/\/giellavahkku.org\/sms\/wp-json\/wp\/v2\/media?parent=444"}],"curies":[{"name":"wp","href":"https:\/\/api.w.org\/{rel}","templated":true}]}}