{"id":5933,"date":"2023-10-03T14:39:43","date_gmt":"2023-10-03T12:39:43","guid":{"rendered":"https:\/\/giellavahkku.org\/10-tips-til-bedrifter-og-institusjoner\/"},"modified":"2025-08-28T16:37:15","modified_gmt":"2025-08-28T14:37:15","slug":"10-tips-til-bedrifter-og-institusjoner","status":"publish","type":"page","link":"https:\/\/giellavahkku.org\/sms\/om-uken\/10-tips-til-bedrifter-og-institusjoner\/","title":{"rendered":"10 vii\u014bk p\u00f5rggsid da stroi\u02b9ttlid"},"content":{"rendered":"\n<div class=\"wp-block-group alignwide has-honey-background-color has-background is-layout-flow wp-block-group-is-layout-flow\" style=\"padding-top:var(--wp--preset--spacing--72);padding-right:var(--wp--preset--spacing--72);padding-bottom:var(--wp--preset--spacing--72);padding-left:var(--wp--preset--spacing--72);font-style:normal;font-weight:500\">\n<p class=\"has-text-align-center has-sizing-medium has-custom-2-font-size\">\u01e8i\u00f5llne\u00e4ttla vu\u00e4ss\u00f5\u00f5ttm\u00f5\u0161 lij samai fiin n\u00e4\u00e4\u02b9ll kue\u02b9dded t\u00e4\u00e4\u02b9r\u01e9es \u00f5httsa\u017ek\u00e5\u02b9ddvastt\u00f5\u00f5zz. Tue\u02b9jje\u02b9\u01e9ed t\u00f5n ku\u00e4r\u01e5ast da h\u00e4\u00e4\u02b9s\u01e9eld, t\u00e4\u02b9st li\u00e2 l\u00e5\u00e5i vii\u014bk, kook vuei\u02b9tte \u00e4l\u0161m\u00e2\u02b9tted. <\/p>\n<\/div>\n\n\n\n<ol start=\"1\" class=\"wp-block-list\">\n<li><strong>Ee\u01e5\u01e5a\u017e \u00e4\u02b9rbbvu\u00f5tt. <\/strong>Me\u00e4rkkad ka\u02b9lndaa\u02b9re ne\u00e4\u02b9ttel 43! Tue\u02b9jje\u02b9\u01e9ed \u01e8i\u00f5llne\u00e4\u02b9ttlest piiriekksa\u017e podd ti\u02b9jjid. Le\u00e4k-a tu\u00e2jjla\u017e? V\u00e4\u00e4\u02b9ld vastt\u00f5\u00f5zz njonna\u017e da saakkeemju\u00e2kkaz mu\u0161tt\u02bctumm\u0161est \u01e8i\u00f5llne\u00e4\u02b9ttlest.<\/li>\n<\/ol>\n\n\n\n<ol start=\"2\" class=\"wp-block-list\">\n<li><strong>Ne\u02b9ttp\u00e5\u00e5\u02b9\u0161t vu\u00e2lla\u01e9ee\u02b9rjt\u00f5s. <\/strong>T\u00e4t lij samai t\u00f5t ne\u00e4\u02b9ttel, \u01e5u su\u00e4pp tue\u02b9jjeed s\u00e4\u00e4\u02b9m\u01e9i\u00f5llsa\u017e ne\u02b9ttp\u00e5\u00e5\u02b9\u0161tvu\u00e2lla\u01e9ee\u02b9rjt\u00f5\u00f5zzid! \u01e8i\u00f5\u010d\u010d\u00e2d digitaal\u02bcla\u017e s\u00e4\u00e4\u02b9nn\u01e9ii\u02b9rjid ne\u02b9ttseeidain resuursi vue\u02b9lnn.<\/li>\n<\/ol>\n\n\n\n<ol start=\"3\" class=\"wp-block-list\">\n<li><strong>Oocc\u00e2d s\u00e4\u00e4\u02b9m\u01e9i\u00f5l mainstee\u02b9jid. <\/strong>V\u00e4\u02b9ldded \u00f5\u02b9htte\u01e9e\u00e4ssm\u00f5\u0161 s\u00e4\u00e4\u02b9m\u01e9i\u00f5llsain tu\u00e2jjp\u00e4ikka da li\u00e2vte\u02b9\u01e9ed te\u00e2\u0111 see\u02b9st jiijj\u00e2d organisaatio se\u02b9st ne\u02b9ttsijddu, intranetta da sosiaal\u02bcla\u017e mediaa\u02b9je. N\u00e4\u00e4i\u02b9t \u01e9e\u00e4k haa\u02b9lee, vuei\u02b9tte kommunik\u00e2\u02b9stted s\u00e4\u00e4\u02b9m\u01e9i\u00f5\u02b9lle.<\/li>\n<\/ol>\n\n\n\n<ol start=\"4\" class=\"wp-block-list\">\n<li><strong>S\u00e4\u00e4\u02b9m\u01e9i\u00f5llsa\u017e porrm\u00f5\u0161listt. <\/strong>Lij-a tee\u02b9st k\u00e5\u00e5\u02b9ffs\u00e2\u00e2\u02b9jj le\u02b9be poorr\u00e2ms\u00e2\u00e2\u02b9jj? \u00c5\u00e5\u02b9n lij \u0161i\u00f5\u01e5\u01e5 podd j\u00e5\u00e5r\u01e5l\u00e2\u02b9tted porrm\u00f5\u0161liist s\u00e4\u00e4\u02b9m\u01e9i\u00f5\u02b9lle.<\/li>\n<\/ol>\n\n\n\n<ol start=\"5\" class=\"wp-block-list\">\n<li><strong>S\u00e4\u00e4\u02b9m \u00f5httummu\u0161 t\u00e5immsu\u00e2rgga\/\u00e4mmatsu\u00e2rgga. <\/strong>\u00d5htt\u00e2d s\u00e4\u00e4\u02b9m\u01e9i\u00f5l t\u00f5\u00f5zz t\u00e5immsu\u00e2rgga\/\u00e4mmatsu\u00e2rgga, ko\u02b9st tu\u00e2jad tuejj\u00e4\u00e4k. \u0160\u00f5\u014b\u014b? Tue\u02b9jjed \u0161\u00f5\u014b\u014bte\u00e2\u0111t\u00f5\u00f5zz s\u00e4\u00e4\u02b9m\u01e9i\u00f5\u02b9lle. Ne\u02b9ttkaupp? S\u00e4tt\u01e9e\u02b9rjj s\u00e4\u00e4\u02b9m\u01e9i\u00f5\u02b9lle. N\u00e4\u00e4i\u02b9t \u01e9ee\u02b9rjest \u0161\u00e2dd pri\u02b9me\u00e2rla\u017e tij t\u00e4\u00e4vt\u00f5s\u01e9ii\u010d\u010dee\u02b9jid.<\/li>\n<\/ol>\n\n\n\n<ol start=\"6\" class=\"wp-block-list\">\n<li><strong>S\u00e4\u00e4\u02b9m\u01e9i\u00f5ll te\u00e2ttikknin. <\/strong>Se\u02b9rdded materiaalid ne\u02b9ttseeidain le\u02b9be piijj\u00e2d ku\u00e2sttjemnalla s\u00e4\u00e4\u02b9m siisk\u00f5\u00f5zz te\u00e2ttikknid.<\/li>\n<\/ol>\n\n\n\n<ol start=\"7\" class=\"wp-block-list\">\n<li><strong>Ti\u00f5rv-pei\u02b9vv [J\u00e5\u00e5r\u01e5l\u00f5\u00f5\u02b9ttjid: j\u00e5\u00e5r\u01e5l\u00e2\u02b9tted t\u00e4n jiijjad \u01e9i\u00f5\u02b9lle va\u02b9stteei ma\u02b9lle]. <\/strong>Sme\u02b9llk\u00e2\u02b9tted ti\u00f5rvted s\u00e4\u00e4\u02b9m\u01e9i\u00f5\u02b9lle le\u02b9be j\u00f5s le\u00e4k jie\u02b9nn\u01e9i\u00f5llsa\u017e, t\u00e2\u02b9l s\u00e4\u00e4\u02b9m\u01e9i\u00f5\u02b9lle, k\u00e5\u00e5\u02b9tt ij le\u00e4kku jie\u02b9nn\u01e9i\u00f5llad.<\/li>\n<\/ol>\n\n\n\n<ol start=\"8\" class=\"wp-block-list\">\n<li><strong>Ku\u00e2sttjemvu\u00f5tt. <\/strong>Le\u00e4kku pue\u02b9rr ouddmi\u00e2rkid da jue\u02b9\u01e9\u01e9ed siisk\u00f5\u00f5zz s\u00e4\u00e4\u02b9m\u01e9i\u00f5\u02b9lle, kuuit\u00e2\u01e5 \u01e9e\u00e2\u0161tt\u00f5\u00f5ttm\u00f5\u00f5\u017e\u017ei \u00f5httvu\u00f5\u0111\u00e2st le\u02b9be \u00f5httsa\u017etu\u00e2jast influenssee\u02b9rivui\u02b9m.<\/li>\n<\/ol>\n\n\n\n<ol start=\"9\" class=\"wp-block-list\">\n<li><strong>U\u02b9vdded s\u00e4\u00e4\u02b9m\u01e9i\u00f5l koll\u02bcjed. <\/strong>Tue\u02b9jje\u02b9\u01e9ed s\u00e4\u00e4\u02b9m\u01e9i\u00f5llsa\u017e ji\u00f5nnsaa\u01e5\u01e5 te\u02b9lfoo\u02b9ne, te\u02b9lfonri\u00e2\u017eld\u00f5\u02b9\u01e9\u01e9e le\u02b9be koozz-ne jee\u02b9res p\u00e4ikka, ko\u02b9st s\u00e4\u00e4\u02b9m\u01e9i\u00f5ll vu\u00e4itt koll\u02bcjed.<\/li>\n<\/ol>\n\n\n\n<ol start=\"10\" class=\"wp-block-list\">\n<li><strong>Te\u00e2\u0111. <\/strong>Smi\u00f5tt\u00e2d, m\u00e5kam te\u00e2\u0111 tee\u02b9st li\u00e2 s\u00e4\u00e4\u02b9m\u01e9i\u00f5\u02b9lle \u00e4\u02b9\u0161\u0161nii\u02b9\u01e9\u01e9id\/\u00f5\u00f5\u02b9nn\u02bcjid le\u02b9be naroo\u02b9de t\u00e4\u02b9bbe, m\u00e5kam te\u00e2\u0111 tee\u02b9st \u00f5\u00f5l\u01e5\u010di lee\u02b9d s\u00e4\u00e4\u02b9m\u01e9i\u00f5\u02b9lle da altte\u02b9\u01e9ed t\u00f5i tuejjummu\u0161 s\u00e4\u00e4\u02b9m\u01e9i\u00f5\u02b9lle.<br>&nbsp;<br>Leekk tu\u02b9nne!<\/li>\n<\/ol>\n","protected":false},"excerpt":{"rendered":"<p>\u01e8i\u00f5llne\u00e4ttla vu\u00e4ss\u00f5\u00f5ttm\u00f5\u0161 lij samai fiin n\u00e4\u00e4\u02b9ll kue\u02b9dded t\u00e4\u00e4\u02b9r\u01e9es \u00f5httsa\u017ek\u00e5\u02b9ddvastt\u00f5\u00f5zz. Tue\u02b9jje\u02b9\u01e9ed t\u00f5n ku\u00e4r\u01e5ast da h\u00e4\u00e4\u02b9s\u01e9eld, t\u00e4\u02b9st li\u00e2 l\u00e5\u00e5i vii\u014bk, kook vuei\u02b9tte \u00e4l\u0161m\u00e2\u02b9tted.<\/p>\n","protected":false},"author":85,"featured_media":5306,"parent":444,"menu_order":0,"comment_status":"closed","ping_status":"closed","template":"","meta":{"_acf_changed":false,"footnotes":""},"class_list":["post-5933","page","type-page","status-publish","has-post-thumbnail","hentry"],"acf":[],"_links":{"self":[{"href":"https:\/\/giellavahkku.org\/sms\/wp-json\/wp\/v2\/pages\/5933","targetHints":{"allow":["GET"]}}],"collection":[{"href":"https:\/\/giellavahkku.org\/sms\/wp-json\/wp\/v2\/pages"}],"about":[{"href":"https:\/\/giellavahkku.org\/sms\/wp-json\/wp\/v2\/types\/page"}],"author":[{"embeddable":true,"href":"https:\/\/giellavahkku.org\/sms\/wp-json\/wp\/v2\/users\/85"}],"replies":[{"embeddable":true,"href":"https:\/\/giellavahkku.org\/sms\/wp-json\/wp\/v2\/comments?post=5933"}],"version-history":[{"count":2,"href":"https:\/\/giellavahkku.org\/sms\/wp-json\/wp\/v2\/pages\/5933\/revisions"}],"predecessor-version":[{"id":8994,"href":"https:\/\/giellavahkku.org\/sms\/wp-json\/wp\/v2\/pages\/5933\/revisions\/8994"}],"up":[{"embeddable":true,"href":"https:\/\/giellavahkku.org\/sms\/wp-json\/wp\/v2\/pages\/444"}],"wp:featuredmedia":[{"embeddable":true,"href":"https:\/\/giellavahkku.org\/sms\/wp-json\/wp\/v2\/media\/5306"}],"wp:attachment":[{"href":"https:\/\/giellavahkku.org\/sms\/wp-json\/wp\/v2\/media?parent=5933"}],"curies":[{"name":"wp","href":"https:\/\/api.w.org\/{rel}","templated":true}]}}