{"id":6130,"date":"2023-10-03T09:08:51","date_gmt":"2023-10-03T07:08:51","guid":{"rendered":"https:\/\/giellavahkku.org\/10-tips-til-barnehager\/"},"modified":"2025-10-08T14:32:13","modified_gmt":"2025-10-08T12:32:13","slug":"10-tips-til-barnehager","status":"publish","type":"page","link":"https:\/\/giellavahkku.org\/sms\/om-uken\/10-tips-til-barnehager\/","title":{"rendered":"L\u00e5\u00e5i vii\u014bk pei\u02b9vvp\u00f5\u00f5rtid"},"content":{"rendered":"\n<ol style=\"list-style-type:1\" class=\"wp-block-list\">\n<li><strong>S\u00e4\u00e4\u02b9m\u01e9i\u00f5ll teemman ne\u00e4\u02b9ttel \u00e4\u00e4i\u02b9j.<\/strong>&nbsp;\u00c2\u00e2\u02b9nned s\u00e4\u00e4\u02b9m\u01e9i\u00f5l teemman ne\u00e4\u02b9ttel \u00e4\u00e4i\u02b9j da piijj\u00e2d t\u00f5n m\u00e4\u00e4np\u00e2\u00e2\u02b9jjplaa\u02b9ne (\u01e8i\u00f5llne\u00e4\u02b9ttel lij ju\u00f5\u02b9\u01e9\u01e9 ee\u02b9jj ne\u00e4\u02b9ttlest 43). J\u00e4\u02b9rjste\u02b9\u01e9ed s\u00e4\u00e4\u02b9m\u01e9i\u00f5\u02b9lle da kulttuu\u02b9re \u00f5httneei toi\u02b9mmjumm\u0161id. Raajj\u00e2d ti\u02b9jjid su\u00e5vla\u017e ne\u00e4\u02b9ttelplaan vue\u02b9lnn \u00e5\u00e5rrai vii\u014bki vu\u00e2\u0111ald.<\/li>\n<\/ol>\n\n\n\n<ol start=\"2\" class=\"wp-block-list\">\n<li><strong>S\u00e4\u02b9mmlai mainn\u00e2z.<\/strong>&nbsp;Lookk\u00e2d s\u00e4\u00e4\u02b9m-mainnsid p\u00e4\u00e4rnaid. S\u00e4\u00e4\u02b9m p\u00e4\u00e4rnai\u01e9ee\u02b9rj k\u00e4unn\u02bcje nu\u02b9t s\u00e4\u00e4\u02b9m\u01e9i\u00f5\u02b9lle \u01e5u jee\u02b9res \u01e9i\u00f5lin.<\/li>\n<\/ol>\n\n\n\n<ol start=\"3\" class=\"wp-block-list\">\n<li><strong>S\u00e4\u00e4\u02b9m disco.<\/strong>&nbsp;Kuvddle\u02b9\u01e9ed leeu\u02b9did&nbsp; da jee\u02b9res s\u00e4\u00e4\u02b9m-musiikk \u00f5\u00f5uts\u00e2\u00e2\u02b9jest p\u00e4\u00e4rnaivui\u02b9m. Raajj\u00e2d Spotify s\u00e5ittliist, ko\u02b9st li\u00e2 s\u00e4\u00e4\u02b9m-musiikk da j\u00e4\u02b9rjste\u02b9\u01e9ed S\u00e4\u00e4\u02b9m disco.<\/li>\n<\/ol>\n\n\n\n<ol start=\"4\" class=\"wp-block-list\">\n<li><strong>Ta\u02b9nssje\u02b9\u01e9ed BlimeE!<\/strong>&nbsp;Ta\u02b9nssje\u02b9\u01e9ed BlimE-laulli s\u00e4\u00e4\u02b9m versioid, kaunnve\u02b9ted t\u00f5id t\u00e4\u00e4i\u02b9ben: <a href=\"https:\/\/nrksuper.no\/serie\/blime\/MSUM06001023\/sesong-12\/episode-4\">https:\/\/nrksuper.no\/serie\/blime\/MSUM06001023\/sesong-12\/episode-4<\/a><\/li>\n<\/ol>\n\n\n\n<ol start=\"5\" class=\"wp-block-list\">\n<li><strong>Si\u00f5rr\u00e2d \u01e9i\u00f5llsi\u00f5rid.<\/strong>&nbsp;M\u00e4tt\u02bcte\u02b9\u01e9ed p\u00e4\u00e4rnaid s\u00e4\u00e4\u02b9m\u01e9i\u00f5llsa\u017e saa\u02b9nid si\u00f5ree\u02b9l da si\u00f5ri ve\u00e4kka. \u00d5\u00f5ut\u01e9erddsa ti\u00f5rv\u02bcvu\u00f5\u0111 le\u02b9be eeu\u02b9n vuei\u02b9tte lee\u02b9d \u0161i\u00f5\u01e5\u01e5 aal\u01e5. J\u00f5s p\u00e4\u00e4rna mainste s\u00e4\u00e4\u02b9m\u01e9i\u00f5l, tobdst\u00f5\u00f5tt\u00e2d jee\u02b9res s\u00e4\u00e4\u02b9m\u01e9i\u00f5l su\u00f5mid.<\/li>\n<\/ol>\n\n\n\n<ol start=\"6\" class=\"wp-block-list\">\n<li><strong>L\u00e4ullad p\u00e4\u00e4rnailaull\u02bcjid<\/strong>. M\u00e4tt\u02bcte\u02b9\u01e9ed hi\u00e2lpid s\u00e4\u00e4\u02b9m p\u00e4\u00e4rnailaull\u02bcjid p\u00e4\u00e4rnaid. L\u00e4ullm\u00f5\u0161 lij vi\u00f5kk\u0161\u00f5s n\u00e4\u00e4\u02b9ll viikk\u00e2d ooud\u00e2s kulttuur. Vuei\u02b9ttve\u02b9ted \u0161e mainsted leeu\u02b9din da kuvddled jee\u02b9resnall\u0161em jie\u02b9ll\u02bcji leeu\u02b9did.<\/li>\n<\/ol>\n\n\n\n<ol start=\"7\" class=\"wp-block-list\">\n<li><strong>H\u00e4\u00e4\u02b9s\u01e9t\u00f5\u00f5ll\u00e2d bukvaivui\u02b9m.&nbsp;<\/strong>\u0160koouljoukk vu\u00e4itt raajj\u00e2d s\u00e4\u00e4\u02b9malfabe\u02b9ttpojj\u00e2z le\u02b9be jee\u02b9res bukvasi\u00f5rid p\u00e4\u00e4rnaid tobdst\u00f5\u00f5tt\u00e2m di\u00f5tt s\u00e4\u00e4\u02b9m \u01e9ee\u02b9rjtumm\u0161a.&nbsp;<\/li>\n<\/ol>\n\n\n\n<ol start=\"8\" class=\"wp-block-list\">\n<li><strong>Jie\u02b9llikartt- da mainstumm\u0161i \u00e4i\u02b9\u01e7\u01e7.<\/strong>&nbsp;\u010cu\u00e4\u02b9jte\u02b9\u01e9ed jie\u02b9llikaartid le\u02b9be \u01e9ii\u02b9rjid, kook ou\u02b9ddepo\u02b9htte s\u00e4\u00e4\u02b9mkulttuur da jie\u02b9llem.<\/li>\n<\/ol>\n\n\n\n<ol start=\"9\" class=\"wp-block-list\">\n<li><strong>Pirste\u02b9\u01e9ed s\u00e4\u00e4\u02b9mliipp.&nbsp;<\/strong>Pirste\u02b9\u01e9ed s\u00e4\u00e4\u02b9mliipp da m\u00e4tt\u02bcte\u02b9\u01e9ed p\u00e4\u00e4rnaid s\u00e4\u00e4\u02b9m j\u00e2nnmamti\u00f5\u0111 aa\u02b9\u0161\u0161in, su\u00f5min da \u01e9i\u00f5l veer\u01e5la\u017e s\u00e2\u00e2\u02b9jest. S\u00e4\u00e4\u02b9m\u01e9i\u00f5l\u00e2st li\u00e2 m\u00e4\u014bgg jee\u02b9resnall\u0161em su\u00f5m, mainste\u02b9\u01e9ed p\u00e4\u00e4rnaivui\u02b9m t\u00f5\u02b9st, m\u00e5kam su\u00f5m pei\u02b9vvp\u00f5\u00f5rt\u00e2st mainstet.<\/li>\n<\/ol>\n\n\n\n<ol start=\"10\" class=\"wp-block-list\">\n<li><strong>Tobdst\u00f5\u00f5tt\u00e2d s\u00e4\u00e4\u02b9mkulttuu\u02b9re.<\/strong>&nbsp;Oocc\u00e2d tv-prograammid le\u02b9be jie\u02b9llikaartid s\u00e4\u00e4\u02b9mkulttuur mie\u02b9ldd j\u00e4lsteei p\u00e4\u00e4rnain da \u01e9i\u00f5\u010d\u010d\u00e2d t\u00e4id le\u02b9be k\u00e5\u010d\u010dad kue\u02b9ss ku\u00e2ssa, \u01e9ii vu\u00e4itt mainsted m\u00e2id-ne s\u00e4\u00e4\u02b9mkulttuur\u00e2st. S\u00e4\u00e4\u02b9mkulttuur lij m\u00e4\u00e4\u014bgpe\u00e4llsa\u017e, va\u02b9llje\u02b9\u01e9ed koon-ne vue\u02b9ssvuu\u02b9d s\u00e4\u00e4\u02b9mkulttuur\u00e2st, k\u00e5\u00e5\u02b9tt lij \u00e4\u00e4i\u02b9jpoddsa\u017e tij pei\u02b9vvp\u00f5\u02b9rtte da v\u00f5udda ko\u02b9st j\u00e4lste\u02b9ped.<\/li>\n<\/ol>\n","protected":false},"excerpt":{"rendered":"","protected":false},"author":85,"featured_media":9933,"parent":444,"menu_order":0,"comment_status":"closed","ping_status":"closed","template":"","meta":{"_acf_changed":false,"footnotes":""},"class_list":["post-6130","page","type-page","status-publish","has-post-thumbnail","hentry"],"acf":[],"_links":{"self":[{"href":"https:\/\/giellavahkku.org\/sms\/wp-json\/wp\/v2\/pages\/6130","targetHints":{"allow":["GET"]}}],"collection":[{"href":"https:\/\/giellavahkku.org\/sms\/wp-json\/wp\/v2\/pages"}],"about":[{"href":"https:\/\/giellavahkku.org\/sms\/wp-json\/wp\/v2\/types\/page"}],"author":[{"embeddable":true,"href":"https:\/\/giellavahkku.org\/sms\/wp-json\/wp\/v2\/users\/85"}],"replies":[{"embeddable":true,"href":"https:\/\/giellavahkku.org\/sms\/wp-json\/wp\/v2\/comments?post=6130"}],"version-history":[{"count":2,"href":"https:\/\/giellavahkku.org\/sms\/wp-json\/wp\/v2\/pages\/6130\/revisions"}],"predecessor-version":[{"id":8983,"href":"https:\/\/giellavahkku.org\/sms\/wp-json\/wp\/v2\/pages\/6130\/revisions\/8983"}],"up":[{"embeddable":true,"href":"https:\/\/giellavahkku.org\/sms\/wp-json\/wp\/v2\/pages\/444"}],"wp:featuredmedia":[{"embeddable":true,"href":"https:\/\/giellavahkku.org\/sms\/wp-json\/wp\/v2\/media\/9933"}],"wp:attachment":[{"href":"https:\/\/giellavahkku.org\/sms\/wp-json\/wp\/v2\/media?parent=6130"}],"curies":[{"name":"wp","href":"https:\/\/api.w.org\/{rel}","templated":true}]}}