{"id":8650,"date":"2025-08-01T11:35:43","date_gmt":"2025-08-01T09:35:43","guid":{"rendered":"https:\/\/giellavahkku.org\/last-ned-a4-a3-printsaker\/"},"modified":"2025-10-24T00:36:25","modified_gmt":"2025-10-23T22:36:25","slug":"last-ned-a4-a3-printsaker","status":"publish","type":"page","link":"https:\/\/giellavahkku.org\/sms\/download\/last-ned-a4-a3-printsaker\/","title":{"rendered":"last ned \/ DOwnload \/ vie\u010d\u010da"},"content":{"rendered":"\n<h2 class=\"wp-block-heading\">print A5,&nbsp;A4,&nbsp;A3<\/h2>\n\n\n\n<p class=\"has-sizing-medium\"><\/p>\n\n\n\n<ul class=\"wp-block-list\">\n<li><a href=\"https:\/\/giellavahkku.org\/wp-content\/uploads\/2023\/10\/tom-poster.pdf\">Tom\/guoros\/empty poster PDF<\/a><\/li>\n\n\n\n<li><a href=\"https:\/\/giellavahkku.org\/wp-content\/uploads\/2025\/10\/wordmal-giellavahkku.docx\">Tom\/guoros\/empty poster Word<\/a><\/li>\n<\/ul>\n\n\n\n<div class=\"wp-block-columns is-layout-flex wp-container-core-columns-is-layout-28f84493 wp-block-columns-is-layout-flex\">\n<div class=\"wp-block-column is-layout-flow wp-block-column-is-layout-flow\">\n<p><strong>BORDKORT<\/strong><br><strong>BEAVDEKOARTTAT<br>TABLECARDS<\/strong><br><\/p>\n\n\n\n<ul class=\"wp-block-list\">\n<li><a href=\"https:\/\/giellavahkku.org\/wp-content\/uploads\/2024\/10\/a4-bordkort-jeg-snakker-nordsamisk.pdf\">A4 bordkort Muinna s\u00e1ht\u00e1t s\u00e1m\u00e1stit<\/a> (nordsamisk)<\/li>\n\n\n\n<li><a href=\"https:\/\/giellavahkku.org\/wp-content\/uploads\/2024\/10\/a4bordkort-jegsnakker-lulesamisk.pdf\">A4 bordkort &#8211; Mujna m\u00e1ht\u00e1 s\u00e1m\u00e1stit (lulesamisk<\/a>)<\/li>\n\n\n\n<li><a href=\"https:\/\/giellavahkku.org\/wp-content\/uploads\/2024\/10\/a4-bordkort-jeg-snakker-sorsamisk.pdf\">A4 bordkort &#8211; Saemesth amma munnjien<\/a> <a href=\"https:\/\/giellavahkku.org\/wp-content\/uploads\/2024\/10\/a4-bordkort-jeg-snakker-sorsamisk.pdf\">(s\u00f8rsamisk<\/a>)<\/li>\n\n\n\n<li><a href=\"https:\/\/giellavahkku.org\/wp-content\/uploads\/2024\/10\/a5-bordkort-jeg-snakker-nordsamisk.pdf\">A5 bordkort <a href=\"https:\/\/giellavahkku.org\/wp-content\/uploads\/2024\/10\/a4-bordkort-jeg-snakker-nordsamisk.pdf\">Muinna s\u00e1ht\u00e1t s\u00e1m\u00e1stit<\/a> (nordsamisk)<\/a><\/li>\n\n\n\n<li><a href=\"https:\/\/giellavahkku.org\/wp-content\/uploads\/2024\/10\/a5bordkortjeg-snakker-lulesamisk.pdf\">A5 bordkort &#8211; <a href=\"https:\/\/giellavahkku.org\/wp-content\/uploads\/2024\/10\/a4bordkort-jegsnakker-lulesamisk.pdf\">Mujna m\u00e1ht\u00e1 s\u00e1m\u00e1stit (lulesamisk<\/a>)<\/a><\/li>\n\n\n\n<li><a href=\"https:\/\/giellavahkku.org\/wp-content\/uploads\/2024\/10\/a5-bordkort-jeg-snakker-sorsamisk.pdf\">A5 bordkort &#8211; <a href=\"https:\/\/giellavahkku.org\/wp-content\/uploads\/2024\/10\/a4-bordkort-jeg-snakker-sorsamisk.pdf\">Saemesth amma munnjien<\/a> <a href=\"https:\/\/giellavahkku.org\/wp-content\/uploads\/2024\/10\/a4-bordkort-jeg-snakker-sorsamisk.pdf\">(s\u00f8rsamisk<\/a>)<\/a><\/li>\n<\/ul>\n<\/div>\n\n\n\n<div class=\"wp-block-column is-layout-flow wp-block-column-is-layout-flow\">\n<p><strong>PLAKATER<\/strong><br><strong>PL\u00c1KAHTAT<br>POSTERS<\/strong><\/p>\n\n\n\n<ul class=\"wp-block-list\">\n<li><a href=\"https:\/\/giellavahkku.org\/wp-content\/uploads\/2025\/10\/naturbenevnleser-nordsamiskplakata3.pdf\">Naturbenevnelser &#8211; Nordsamisk<\/a><\/li>\n\n\n\n<li><a href=\"https:\/\/giellavahkku.org\/wp-content\/uploads\/2025\/10\/southernsami-nature-terms-poster-a3.pdf\" target=\"_blank\" rel=\"noreferrer noopener\">Naturbenevn<\/a><a href=\"https:\/\/www.dropbox.com\/scl\/fo\/bimlohj87896njuglqz75\/AHreaZyMfqdeUMTwjRmUNhg\/Trykksaker\/Plakat?dl=0&amp;preview=S%C3%B8rsamiskPlakatA3.pdf&amp;rlkey=ik9n2fnejukxqhlirfuq90v9h&amp;subfolder_nav_tracking=1\">elser &#8211; S\u00f8rsamisk<\/a><\/li>\n\n\n\n<li><a href=\"https:\/\/giellavahkku.org\/wp-content\/uploads\/2025\/10\/naturbenevnelser-lulesamiskplakata3.pdf\">Naturbenevnelser &#8211; Lulesamisk<\/a><\/li>\n\n\n\n<li><a href=\"https:\/\/giellavahkku.org\/wp-content\/uploads\/2021\/08\/10-sani_Plakat-70x100_bhg_korr3.pdf\">10 s\u00e1ni\/words\/ord<\/a><\/li>\n\n\n\n<li><a href=\"https:\/\/giellavahkku.org\/wp-content\/uploads\/2021\/08\/20-sani-plakahta.pdf\">20 <a href=\"https:\/\/giellavahkku.org\/wp-content\/uploads\/2021\/08\/10-sani_Plakat-70x100_bhg_korr3.pdf\">s\u00e1ni\/words\/ord<\/a><\/a><\/li>\n\n\n\n<li><a href=\"https:\/\/giellavahkku.org\/wp-content\/uploads\/2022\/05\/poster-a3-print-cmyk.pdf\">Giellavahkku plakat A3<\/a><\/li>\n\n\n\n<li><a href=\"https:\/\/giellavahkku.org\/wp-content\/uploads\/2022\/09\/15-nordsamiske-ord.pdf\">15 nordsamiske ord<\/a><\/li>\n\n\n\n<li><a href=\"https:\/\/giellavahkku.org\/wp-content\/uploads\/2022\/09\/15-lulesamiske-ord.pdf\">15 lulesamiske ord<\/a><\/li>\n\n\n\n<li><a href=\"https:\/\/giellavahkku.org\/wp-content\/uploads\/2022\/09\/15-sorsamiske-ord.pdf\">15 s\u00f8rsamiske ord<\/a><\/li>\n\n\n\n<li><a href=\"https:\/\/giellavahkku.org\/wp-content\/uploads\/2023\/10\/15-pitesamiska-ord-1.pdf\" data-type=\"link\" data-id=\"https:\/\/giellavahkku.org\/wp-content\/uploads\/2023\/10\/15-pitesamiska-ord-1.pdf\" target=\"_blank\" rel=\"noreferrer noopener\">15 pitesamiske ord<\/a><\/li>\n\n\n\n<li><a href=\"https:\/\/giellavahkku.org\/wp-content\/uploads\/2023\/10\/15-umesamiska-ord.pdf\" data-type=\"link\" data-id=\"https:\/\/giellavahkku.org\/wp-content\/uploads\/2023\/10\/15-umesamiska-ord.pdf\">15 umesamiske ord<\/a><\/li>\n\n\n\n<li><a href=\"https:\/\/giellavahkku.org\/wp-content\/uploads\/2022\/09\/15-ord-som-beskriver-vaer-og-fore.pdf\">15 ord ord som beskriver v\u00e6r og f\u00f8re<\/a><\/li>\n\n\n\n<li><a href=\"https:\/\/giellavahkku.org\/wp-content\/uploads\/2022\/09\/15-landskapsord.pdf\">15 landskapsord<\/a><\/li>\n<\/ul>\n<\/div>\n\n\n\n<div class=\"wp-block-column is-layout-flow wp-block-column-is-layout-flow\">\n<p><strong>BORDRYTTER<\/strong><br><strong>BEAVDEG\u00c1LBA<br>TABLE&nbsp;TENT<\/strong><\/p>\n\n\n\n<ul class=\"wp-block-list\">\n<li><a href=\"https:\/\/giellavahkku.org\/wp-content\/uploads\/2023\/02\/bordryttere-2023.pdf\">Bordrytter<\/a>&nbsp;15&nbsp;nord, lule-og s\u00f8rsamiske ord<\/li>\n<\/ul>\n<\/div>\n<\/div>\n","protected":false},"excerpt":{"rendered":"<p>print A5,&nbsp;A4,&nbsp;A3 BORDKORTBEAVDEKOARTTATTABLECARDS PLAKATERPL\u00c1KAHTATPOSTERS BORDRYTTERBEAVDEG\u00c1LBATABLE&nbsp;TENT<\/p>\n","protected":false},"author":97,"featured_media":0,"parent":5120,"menu_order":3,"comment_status":"closed","ping_status":"closed","template":"","meta":{"_acf_changed":false,"footnotes":""},"class_list":["post-8650","page","type-page","status-publish","hentry"],"acf":[],"_links":{"self":[{"href":"https:\/\/giellavahkku.org\/sms\/wp-json\/wp\/v2\/pages\/8650","targetHints":{"allow":["GET"]}}],"collection":[{"href":"https:\/\/giellavahkku.org\/sms\/wp-json\/wp\/v2\/pages"}],"about":[{"href":"https:\/\/giellavahkku.org\/sms\/wp-json\/wp\/v2\/types\/page"}],"author":[{"embeddable":true,"href":"https:\/\/giellavahkku.org\/sms\/wp-json\/wp\/v2\/users\/97"}],"replies":[{"embeddable":true,"href":"https:\/\/giellavahkku.org\/sms\/wp-json\/wp\/v2\/comments?post=8650"}],"version-history":[{"count":13,"href":"https:\/\/giellavahkku.org\/sms\/wp-json\/wp\/v2\/pages\/8650\/revisions"}],"predecessor-version":[{"id":11836,"href":"https:\/\/giellavahkku.org\/sms\/wp-json\/wp\/v2\/pages\/8650\/revisions\/11836"}],"up":[{"embeddable":true,"href":"https:\/\/giellavahkku.org\/sms\/wp-json\/wp\/v2\/pages\/5120"}],"wp:attachment":[{"href":"https:\/\/giellavahkku.org\/sms\/wp-json\/wp\/v2\/media?parent=8650"}],"curies":[{"name":"wp","href":"https:\/\/api.w.org\/{rel}","templated":true}]}}