{"id":8829,"date":"2025-08-01T11:28:11","date_gmt":"2025-08-01T09:28:11","guid":{"rendered":"https:\/\/giellavahkku.org\/om-uken\/sprakverktoy\/"},"modified":"2025-10-10T11:50:42","modified_gmt":"2025-10-10T09:50:42","slug":"sprakverktoy","status":"publish","type":"page","link":"https:\/\/giellavahkku.org\/sms\/ma%ca%b9htt-vuaitak-pue%ca%b9tted-mie%ca%b9ldd\/sprakverktoy\/","title":{"rendered":"\u01e8i\u00f5lltu\u00e2jjne\u00e4vv"},"content":{"rendered":"\n<p class=\"has-sizing-medium\">S\u00e4\u00e4\u02b9m \u01e9i\u00f5lid k\u00e4unnai m\u00e4\u00e4\u014bgnall\u0161em digitaal\u02bcla\u017e \u01e9i\u00f5lltu\u00e2jjne\u00e4vv, di\u01e5u vu\u00f5igglookk\u00e2mprogramm Windows da Android di iOS (iPhone da iPad9) systee\u02b9mid, s\u00e4\u00e4\u02b9nn\u01e9ee\u02b9rj da ji\u00e2nnai jee\u02b9res. Tobdst\u00f5\u00f5\u0111\u00a0<a href=\"http:\/\/divvun.no\/no\/\">Divvun<\/a>-seidda\u00a0, ko\u02b9st k\u00e4unnai l\u00e2\u00e2\u02b9zz s\u00e4\u00e4\u02b9m \u01e9i\u00f5llteknologia.<\/p>\n\n\n\n<div class=\"wp-block-group is-layout-constrained wp-container-core-group-is-layout-9e49823d wp-block-group-is-layout-constrained\" style=\"margin-top:var(--wp--preset--spacing--150);margin-bottom:var(--wp--preset--spacing--64)\">\n<h2 class=\"wp-block-heading has-text-align-center has-custom-1-font-size\" style=\"text-transform:uppercase\">App<\/h2>\n<\/div>\n\n\n\n<div class=\"wp-block-columns alignwide is-layout-flex wp-container-core-columns-is-layout-0a32c70f wp-block-columns-is-layout-flex\">\n<div class=\"wp-block-column has-honey-background-color has-background is-layout-flow wp-block-column-is-layout-flow\" style=\"padding-top:var(--wp--preset--spacing--32);padding-right:var(--wp--preset--spacing--32);padding-bottom:var(--wp--preset--spacing--32);padding-left:var(--wp--preset--spacing--32)\">\n<figure class=\"wp-block-image size-full is-resized\"><img loading=\"lazy\" decoding=\"async\" width=\"503\" height=\"281\" src=\"https:\/\/giellavahkku.org\/wp-content\/uploads\/2021\/10\/bago.png\" alt=\"10\/20 Bago skjermbilde\" class=\"wp-image-988\" style=\"width:auto;height:190px\" srcset=\"https:\/\/giellavahkku.org\/wp-content\/uploads\/2021\/10\/bago.png 503w, https:\/\/giellavahkku.org\/wp-content\/uploads\/2021\/10\/bago-300x168.png 300w\" sizes=\"auto, (max-width: 503px) 100vw, 503px\" \/><\/figure>\n\n\n\n<h2 class=\"wp-block-heading\">10\/20 b\u00e1go <\/h2>\n\n\n\n<p class=\"has-sizing-medium\">S\u00e4\u00e4\u02b9m \u01e9i\u00f5li ne\u00e4\u02b9ttel \u00f5httvu\u00f5\u0111\u00e2st lij Taar S\u00e4\u00e4\u02b9mte\u02b9\u01e7\u01e7 puu\u02b9t\u02bctam\u00a0<strong>10\/20 b\u00e1go<\/strong>\u00a0-n\u00f5mmsa su\u00e5vld\u00f5\u00f5zz, koonn vu\u00e4itt \u0161i\u00f5tteed Android le\u02b9be iOS te\u02b9lfoo\u02b9ne. <\/p>\n\n\n\n<p class=\"has-sizing-medium\">Su\u00e5vld\u00f5\u00f5zzin pi\u00e2zzak vuei\u02b9nned, kuull\u00e2d da lookk\u00e2d 10\/20 s\u00e4\u00e4\u02b9nned t\u00e2\u02b9vv-, juu\u02b9lev- di saujjs\u00e4\u00e4\u02b9m\u01e9i\u00f5\u02b9lle. Su\u00e5vld\u00f5\u00f5zz vu\u00e4itt \u00e2\u00e2\u02b9nned \u0161kooulin da pei\u02b9vvpaai\u02b9\u01e9in, le\u0161a te\u00e2\u0111ast privattjie\u02b9llmest \u0161e.<\/p>\n\n\n\n<h3 class=\"wp-block-heading\">Kue\u02b9htt plakaatt<\/h3>\n\n\n\n<p>SamTaar S\u00e4\u00e4\u02b9mte\u02b9\u01e7\u01e7 lij valm\u0161tam su\u00e5vld\u00f5\u02b9sse kue\u02b9htt plakaatt, \u00f5\u00f5ut ko\u02b9st lij\u00a0<a href=\"https:\/\/giellavahkku.org\/wp-content\/uploads\/2021\/08\/10-sani_Plakat-70x100_bhg_korr3.pdf\">10 s\u00e4\u00e4\u02b9nned<\/a>\u00a0t\u00e2\u02b9vv-, juu\u02b9lev- da saujjs\u00e4\u00e4\u02b9m\u01e9i\u00f5\u02b9lle da \u00f5\u00f5ut, ko\u02b9st lij\u00a0<a href=\"https:\/\/giellavahkku.org\/wp-content\/uploads\/2021\/08\/20-sani-plakahta.pdf\">20 s\u00e4\u00e4\u02b9nned<\/a>. Plakaattid kaaunak t\u00e4\u02b9st vue\u02b9ll\u02bclest<a href=\"https:\/\/giellavahkku-backup.gnist.dev\/wp-content\/uploads\/2021\/08\/10-sani_Plakat-70x100_bhg_korr3.pdf\">.<\/a><\/p>\n<\/div>\n\n\n\n<div class=\"wp-block-column has-honey-background-color has-background is-layout-flow wp-block-column-is-layout-flow\" style=\"padding-top:var(--wp--preset--spacing--32);padding-right:var(--wp--preset--spacing--32);padding-bottom:var(--wp--preset--spacing--32);padding-left:var(--wp--preset--spacing--32)\">\n<figure class=\"wp-block-image size-large is-resized\"><img loading=\"lazy\" decoding=\"async\" width=\"1024\" height=\"670\" src=\"https:\/\/giellavahkku.org\/wp-content\/uploads\/2023\/10\/lommeparlor-nedlasting-1-1024x670.jpg\" alt=\"\" class=\"wp-image-5139\" style=\"object-fit:cover;width:288px;height:190px\" srcset=\"https:\/\/giellavahkku.org\/wp-content\/uploads\/2023\/10\/lommeparlor-nedlasting-1-1024x670.jpg 1024w, https:\/\/giellavahkku.org\/wp-content\/uploads\/2023\/10\/lommeparlor-nedlasting-1-300x196.jpg 300w, https:\/\/giellavahkku.org\/wp-content\/uploads\/2023\/10\/lommeparlor-nedlasting-1-768x503.jpg 768w, https:\/\/giellavahkku.org\/wp-content\/uploads\/2023\/10\/lommeparlor-nedlasting-1.jpg 1276w\" sizes=\"auto, (max-width: 1024px) 100vw, 1024px\" \/><\/figure>\n\n\n\n<h2 class=\"wp-block-heading\">Saemesth! <\/h2>\n\n\n\n<p class=\"has-sizing-medium\"><strong>T<\/strong>aar S\u00e4\u00e4\u02b9mte\u02b9\u01e7\u01e7 raaji 2013 u\u02b9cc s\u00e4\u00e4\u02b9nn\u01e9e\u00e2rja \u01e9i\u00f5llkampanja \u201dS\u00e1m\u00e1s Muinna\u201d (Maain\u00e2st muin s\u00e4\u00e4\u02b9m\u01e9i\u00f5l) \u00f5httvu\u00f5\u0111\u00e2st. S\u00e4\u00e4\u02b9nn\u01e9e\u00e2rja\u017e le\u00e4i jurddum vu\u00f5ss-s\u00e2\u00e2\u02b9jest nu\u00f5rid da jurdd\u00e2n le\u00e4i h\u00e4\u00e4\u02b9s\u01e9esnalla k\u00e5\u010d\u010dad nu\u00f5rid mainsted s\u00e4\u00e4mas vu\u00f5ss vuei\u02b9nnl\u00f5\u00f5ttm\u00f5\u00f5\u017e\u017e\u00e2st arggpeei\u02b9vest da pr\u00e4\u00e4\u02b9zn\u01e9in. \u01e8e\u00e2rjast \u0161\u00f5\u00f5ddi tu\u02b9\u01e9\u01e9uum m\u00e4\u00e4\u014bg ekksai joouk\u00e2st. S\u00e4\u00e4\u02b9nn\u01e9e\u00e2rjast ij le\u00e4kku m\u00e4\u00e4\u014bgm\u00e5kksa\u017e \u01e9i\u00f5llm\u00e4tt, se\u00e2\u0161a hi\u00e2lp da \u00e4ukkai fraas. <\/p>\n\n\n\n<p class=\"has-sizing-medium\">\u01e8e\u00e2rjast \u0161\u00f5\u00f5ddi nu\u02b9tt tu\u02b9\u01e9\u01e9uum, \u0161to Taar S\u00e4\u00e4\u02b9mte\u02b9\u01e7\u01e7 raa\u02b9ji \u01e9e\u00e2rjast 2019 mobiilsu\u00e5vld\u00f5\u00f5zz. Su\u00e5vld\u00f5\u00f5zz\u00e2st lij ji\u00f5nn m\u00e5ttam saa\u02b9nid da fraasid. Su\u00e5vld\u00f5s su\u00e4pp si\u02b9jjid, kookk haa\u02b9lee si\u00f5mmna m\u00e4ttjed s\u00e4\u00e4\u02b9m\u01e9i\u00f5l le\u02b9be su\u02b9nne k\u00e5\u00e5tt haa\u02b9lad m\u00e4ttjed saa\u02b9nid da fraasid s\u00e4\u00e4\u02b9m\u01e9i\u00f5\u02b9lle.<\/p>\n<\/div>\n<\/div>\n\n\n\n<div class=\"wp-block-group is-layout-constrained wp-container-core-group-is-layout-9e49823d wp-block-group-is-layout-constrained\" style=\"margin-top:var(--wp--preset--spacing--150);margin-bottom:var(--wp--preset--spacing--64)\">\n<h2 class=\"wp-block-heading has-text-align-center has-custom-1-font-size\" style=\"text-transform:uppercase\">PC\/mac<\/h2>\n<\/div>\n\n\n\n<div class=\"wp-block-columns alignwide is-layout-flex wp-container-core-columns-is-layout-508e71b7 wp-block-columns-is-layout-flex\">\n<div class=\"wp-block-column has-honey-background-color has-background is-layout-flow wp-block-column-is-layout-flow\" style=\"padding-top:var(--wp--preset--spacing--32);padding-right:var(--wp--preset--spacing--32);padding-bottom:var(--wp--preset--spacing--32);padding-left:var(--wp--preset--spacing--32)\">\n<h2 class=\"wp-block-heading\">S\u00e4\u00e4\u02b9nn\u01e9ee\u02b9rj<\/h2>\n\n\n\n<p><a href=\"http:\/\/dicts.uit.no\/\">Kaaunak s\u00e4\u00e4\u02b9nn\u01e9ii\u02b9rjid jeeres \u01e9i\u00f5lin t\u00e4\u00e4i\u02b9ben: \u00a0<a href=\"http:\/\/dicts.uit.no\/\">http:\/\/dicts.uit.no\/<\/a><\/a><\/p>\n\n\n\n<div class=\"wp-block-buttons is-layout-flex wp-block-buttons-is-layout-flex\">\n<div class=\"wp-block-button\"><a class=\"wp-block-button__link wp-element-button\" href=\"https:\/\/satni.org\/\">T\u00e2\u02b9vv- da saujjs\u00e4\u00e4\u02b9m \u2194 taar\u01e9i\u00f5ll<\/a><\/div>\n\n\n\n<div class=\"wp-block-button\"><a class=\"wp-block-button__link wp-element-button\" href=\"https:\/\/sanit.oahpa.no\/sme\/nob\/\">T\u00e2\u02b9vvs\u00e4\u00e4\u02b9m \u2194 taar\u01e9i\u00f5ll<\/a><\/div>\n\n\n\n<div class=\"wp-block-button\"><a class=\"wp-block-button__link wp-element-button\" href=\"https:\/\/baakoeh.oahpa.no\/\">Saujjs\u00e4\u00e4\u02b9m \u2194 taar\u01e9i\u00f5ll<\/a><\/div>\n\n\n\n<div class=\"wp-block-button\"><a class=\"wp-block-button__link wp-element-button\" href=\"https:\/\/julev.no\/\">Juu\u02b9levs\u00e4\u00e4\u02b9m-taar\u01e9i\u00f5ll<\/a><\/div>\n<\/div>\n\n\n\n<div class=\"wp-block-buttons has-sizing-medium is-horizontal is-content-justification-left is-layout-flex wp-container-core-buttons-is-layout-20be11b6 wp-block-buttons-is-layout-flex\">\n<div class=\"wp-block-button\"><a class=\"wp-block-button__link wp-element-button\" href=\"http:\/\/www.satni.org\/\" target=\"_blank\" rel=\"noreferrer noopener\">Nord-og s\u00f8rsamisk \u2194 Norsk<\/a><\/div>\n\n\n\n<div class=\"wp-block-button is-style-fill\"><a class=\"wp-block-button__link wp-element-button\" href=\"https:\/\/sanit.oahpa.no\/sme\/nob\/\" target=\"_blank\" rel=\"noreferrer noopener\">Nordsamisk \u2194 Norsk<\/a><\/div>\n\n\n\n<div class=\"wp-block-button is-style-fill\"><a class=\"wp-block-button__link wp-element-button\" href=\"https:\/\/baakoeh.oahpa.no\/\" target=\"_blank\" rel=\"noreferrer noopener\">S\u00f8rsamisk \u2194 Norsk<\/a><\/div>\n\n\n\n<div class=\"wp-block-button is-style-fill\"><a class=\"wp-block-button__link wp-element-button\" href=\"http:\/\/julev.no\/\" target=\"_blank\" rel=\"noreferrer noopener\">Lulesamisk \u2194 Norsk<\/a><\/div>\n<\/div>\n<\/div>\n\n\n\n<div class=\"wp-block-column has-honey-background-color has-background is-layout-flow wp-block-column-is-layout-flow\" style=\"padding-top:var(--wp--preset--spacing--32);padding-right:var(--wp--preset--spacing--32);padding-bottom:var(--wp--preset--spacing--32);padding-left:var(--wp--preset--spacing--32)\">\n<h2 class=\"wp-block-heading\"><strong>Divvun-program<\/strong><\/h2>\n\n\n\n<p>Vu\u00e4itak laadd\u00e2d&nbsp;&nbsp;<a href=\"http:\/\/divvun.no\/no\/korrektur\/korrektur.html\">laadd\u00e2d&nbsp; vu\u00f5igglookk\u00e2mprograamm MS Office, Windows di Mac systee\u02b9mid.<\/a><\/p>\n\n\n\n<p>Prograamm lie vu\u00e4\u01ef\u01efamnalla t\u00e2\u02b9vv-, juu\u02b9lev- da saujjs\u00e4\u00e4\u02b9m\u01e9i\u00f5lid.<\/p>\n\n\n\n<h2 class=\"wp-block-heading has-sizing-medium\">Pu\u00e4llp\u00e5\u02b9rdd<\/h2>\n\n\n\n<p class=\"has-sizing-medium\">Vu\u00e4itak laadd\u00e2d\u00a0<a href=\"http:\/\/divvun.no\/no\/korrektur\/korrektur.html\">laadd\u00e2d\u00a0 vu\u00f5igglookk\u00e2mprograamm MS Office, Windows di Mac systee\u02b9mid.<\/a><\/p>\n<\/div>\n<\/div>\n","protected":false},"excerpt":{"rendered":"<p>S\u00e4\u00e4\u02b9m \u01e9i\u00f5lid k\u00e4unnai m\u00e4\u00e4\u014bgnall\u0161em digitaal\u02bcla\u017e \u01e9i\u00f5lltu\u00e2jjne\u00e4vv, di\u01e5u vu\u00f5igglookk\u00e2mprogramm Windows da Android di iOS (iPhone da iPad9) systee\u02b9mid, s\u00e4\u00e4\u02b9nn\u01e9ee\u02b9rj da ji\u00e2nnai jee\u02b9res. Tobdst\u00f5\u00f5\u0111\u00a0Divvun-seidda\u00a0, ko\u02b9st k\u00e4unnai l\u00e2\u00e2\u02b9zz s\u00e4\u00e4\u02b9m \u01e9i\u00f5llteknologia. 10\/20 b\u00e1go S\u00e4\u00e4\u02b9m \u01e9i\u00f5li ne\u00e4\u02b9ttel \u00f5httvu\u00f5\u0111\u00e2st lij Taar S\u00e4\u00e4\u02b9mte\u02b9\u01e7\u01e7 puu\u02b9t\u02bctam\u00a010\/20 b\u00e1go\u00a0-n\u00f5mmsa su\u00e5vld\u00f5\u00f5zz, koonn vu\u00e4itt \u0161i\u00f5tteed Android le\u02b9be iOS te\u02b9lfoo\u02b9ne. Su\u00e5vld\u00f5\u00f5zzin pi\u00e2zzak vuei\u02b9nned, kuull\u00e2d da lookk\u00e2d 10\/20 s\u00e4\u00e4\u02b9nned t\u00e2\u02b9vv-, [&hellip;]<\/p>\n","protected":false},"author":97,"featured_media":10862,"parent":9824,"menu_order":1,"comment_status":"closed","ping_status":"closed","template":"","meta":{"_acf_changed":false,"footnotes":""},"class_list":["post-8829","page","type-page","status-publish","has-post-thumbnail","hentry"],"acf":[],"_links":{"self":[{"href":"https:\/\/giellavahkku.org\/sms\/wp-json\/wp\/v2\/pages\/8829","targetHints":{"allow":["GET"]}}],"collection":[{"href":"https:\/\/giellavahkku.org\/sms\/wp-json\/wp\/v2\/pages"}],"about":[{"href":"https:\/\/giellavahkku.org\/sms\/wp-json\/wp\/v2\/types\/page"}],"author":[{"embeddable":true,"href":"https:\/\/giellavahkku.org\/sms\/wp-json\/wp\/v2\/users\/97"}],"replies":[{"embeddable":true,"href":"https:\/\/giellavahkku.org\/sms\/wp-json\/wp\/v2\/comments?post=8829"}],"version-history":[{"count":2,"href":"https:\/\/giellavahkku.org\/sms\/wp-json\/wp\/v2\/pages\/8829\/revisions"}],"predecessor-version":[{"id":10919,"href":"https:\/\/giellavahkku.org\/sms\/wp-json\/wp\/v2\/pages\/8829\/revisions\/10919"}],"up":[{"embeddable":true,"href":"https:\/\/giellavahkku.org\/sms\/wp-json\/wp\/v2\/pages\/9824"}],"wp:featuredmedia":[{"embeddable":true,"href":"https:\/\/giellavahkku.org\/sms\/wp-json\/wp\/v2\/media\/10862"}],"wp:attachment":[{"href":"https:\/\/giellavahkku.org\/sms\/wp-json\/wp\/v2\/media?parent=8829"}],"curies":[{"name":"wp","href":"https:\/\/api.w.org\/{rel}","templated":true}]}}