{"id":940,"date":"2021-08-24T14:23:10","date_gmt":"2021-08-24T12:23:10","guid":{"rendered":"https:\/\/giellavahkku.org\/personvernerklaering\/"},"modified":"2021-10-13T12:34:24","modified_gmt":"2021-10-13T10:34:24","slug":"personvernerklaering","status":"publish","type":"page","link":"https:\/\/giellavahkku.org\/sms\/personvernerklaering\/","title":{"rendered":"Te\u00e2ttsuejj\u010di\u00f5\u02b9l\u01e7\u01e7\u00f5s"},"content":{"rendered":"\n<h2 class=\"wp-block-heading\">\u01e8e\u00e4k mij le\u00e4\u02b9p<\/h2>\n\n\n\n<p class=\"has-sizing-medium\">Mij ne\u02b9ttseidd\u00f5\u00f5zz addr\u00f5s lij: https:\/\/giellavahkku.org<\/p>\n\n\n\n<h2 class=\"wp-block-heading\">L\u00e2\u00e2\u02b9zzet tuu \u0161\u00f5ddm\u00f5\u00f5\u017e\u017e<\/h2>\n\n\n\n<p class=\"has-sizing-medium\">Ko \u00f5\u00f5\u02b9nni l\u00e2\u00e2\u02b9zzat \u0161\u00f5ddm\u00f5\u00f5\u017e\u017e sijddu, ru\u00f5kk\u00e2t lomaakk ool pijjum te\u00e2\u0111aid di \u00f5\u00f5\u02b9nni IP-addr\u00f5\u00f5zz da plaa\u0111\u00e2nj versio. T\u00e4in vie\u02b9ltet roskkp\u00e5\u00e5\u02b9\u0161t vu\u00f5lttummu\u017e.<\/p>\n\n\n\n<p class=\"has-sizing-medium\">Tuu ne\u02b9ttp\u00e5\u00e5\u02b9\u0161taddr\u00f5\u00f5zz vu\u00e2\u0111ald rajjum anonyym mi\u00e2rkkr\u00e4\u00e4id (\u00abhash\u00bb) vuei\u02b9tet vu\u00f5ltteed Gravatar-k\u00e4\u00e4zzk\u00f5\u02b9sse t\u00e4\u02b9r\u01e9stem di\u00f5tt, lij-a tu\u02b9st till to\u02b9ben. Gravatar-k\u00e4\u00e4zzk\u00f5\u00f5zz te\u00e2ttsuejj\u010di\u00f5\u02b9l\u01e7\u01e7\u00f5s k\u00e4unnai <a href=\"https:\/\/automattic.com\/privacy\/\">t\u00e4\u00e4i\u02b9ben<\/a>. Ko \u0161\u00f5ddm\u00f5\u0161 lij primmum, ku\u00e2sttai t\u00f5t \u01e9e\u00e4zz t\u00e4\u00e4ttas programmseeid \u00f5httvu\u00f5\u0111\u00e2st.<\/p>\n\n\n\n<h2 class=\"wp-block-heading\">Media<\/h2>\n\n\n\n<p class=\"has-sizing-medium\">J\u00f5s laaddak seidd\u00f5\u02b9sse snimld\u00f5\u00f5\u01e5\u01e5id, ji\u00f5k \u00f5\u00f5l\u01e5 laadd\u00e2d tok snimld\u00f5\u00f5\u01e5\u01e5id, kook \u00e2\u02b9nne se\u02b9st te\u00e2\u0111 p\u00e4\u00e4i\u02b9\u01e9est, ko\u02b9st snimld\u00f5\u00f5\u01e5\u01e5 lie snimmum (EXIF GPS). Seidd\u00f5\u00f5zz\u00e2st k\u00f5\u02b9ll\u02bcjeei vu\u00e4i\u02b9tte laadd\u00e2d snimld\u00f5\u00f5\u01e5\u01e5id da noorr\u00e2d n\u00e4kam te\u00e2\u0111aid seeid snimld\u00f5\u00f5\u01e5\u01e5in.<\/p>\n\n\n\n<h2 class=\"wp-block-heading\">Je\u00e4\u02b9vst\u00f5ste\u00e2\u0111<\/h2>\n\n\n\n<p class=\"has-sizing-medium\">Ko l\u00e2\u00e2\u02b9zztak \u0161\u00f5ddm\u00f5\u00f5\u017e\u017e t\u00e4n ne\u02b9ttseidd\u00f5\u02b9sse, vu\u00e4itak raukk\u00e2d mi\u02b9jjid mu\u02b9\u0161tted n\u00f5\u00f5m, ne\u02b9ttp\u00e5\u00e5\u02b9\u0161t da ne\u02b9ttseidd\u00f5\u00f5zz. T\u00e4id te\u00e2\u0111aid ru\u00f5kk\u00e2t je\u00e4\u02b9vst\u00f5\u02b9sse, da t\u00f5k hi\u00e2lpte ne\u02b9ttseeidai \u00e2\u00e2nnm\u00f5\u00f5\u017e\u017e. Tu\u02b9st ij taarb\u00e2\u017e u\u02b9vdded t\u00e4id te\u00e2\u0111aid o\u02b9\u0111\u0111est pue\u02b9tti vu\u00e2ra, ko l\u00e2\u00e2\u02b9zztak le\u02b9be moottak \u0161\u00f5ddm\u00f5\u00f5\u017e\u017e. T\u00e4k je\u00e4\u02b9vst\u00f5\u00f5zz pu\u00e4rsme ee\u02b9jj \u01e9ee\u02b9jjest.<\/p>\n\n\n\n<p class=\"has-sizing-medium\">J\u00f5s k\u00f5\u02b9ll\u02bcjak mij \u01e9ee\u02b9rjt\u00f5\u00f5tt\u00e2mseeidast, raajj\u00e2p k\u00f5skkpoddsa\u017e je\u00e4\u02b9vst\u00f5\u00f5zz se\u02b9lvvtem di\u00f5tt, preemm-a tuu plaa\u0111\u00e2nj je\u00e4\u02b9vst\u00f5\u00f5zzid. T\u00e4t je\u00e4\u02b9vst\u00f5s ij \u00e2\u00e2\u02b9n se\u02b9st ni m\u00e5kam persoonla\u017e te\u00e2\u0111aid da l\u00e4ppai t\u00e2\u02b9lles, ko piijak tuu plaa\u0111\u00e2nj \u01e9idd.<\/p>\n\n\n\n<p class=\"has-sizing-medium\">Ko \u01e9ee\u02b9rjt\u00f5\u00f5\u0111ak sizz, raaj\u00e2t je\u00e4\u02b9vst\u00f5\u00f5zzid, kook rue\u02b9\u01e9\u01e9e tuu \u01e9ee\u02b9rjt\u00f5\u00f5tt\u00e2mte\u00e2\u0111aid da tuejjeem va\u02b9lljumm\u0161id t\u00f5n vue\u02b9zzeld, m\u00e4\u02b9htt siisk\u00f5\u00f5zz \u010du\u00e4\u02b9jtet.<\/p>\n\n\n\n<p class=\"has-sizing-medium\">Je\u00e4\u02b9vst\u00f5\u00f5zz \u01e9ee\u02b9rjt\u00f5\u00f5tt\u00e2mte\u00e2\u0111eezvui\u02b9m pu\u00e4rsme kuei\u02b9t peei\u02b9v \u01e9ee\u02b9jjest, ko d\u00e4s \u010du\u00e4\u02b9jtemvaajt\u00f5sm\u00e4inn pe\u0161tt ee\u02b9jj. J\u00f5s va\u02b9llj\u00e4\u00e4k &#8220;Muu&#8217;\u0161t muu&#8221;, tuu \u01e9ee\u02b9rjt\u00f5\u00f5tt\u00e2mte\u00e2\u0111 seilla kue\u02b9htt ne\u00e4\u02b9ttel. Ko \u01e9ee\u02b9rjt\u00f5\u00f5\u0111ak \u00e5\u00e5l\u01e5as tuu tiill\u00e2st, t\u00e4k je\u00e4\u02b9vst\u00f5\u00f5zz l\u00e4ppje.<\/p>\n\n\n\n<p class=\"has-sizing-medium\">Ko pue\u02b9r\u00f5\u00f5lak le\u02b9be \u00f5lmst\u00e2\u00e2ttak \u0161\u00f5ddm\u00f5\u00f5\u017e\u017e, tuu plaa\u0111nja ru\u00f5kk\u00e2t l\u00e2\u00e2\u02b9ssje\u00e4\u02b9vst\u00f5\u00f5zz. T\u00e4t je\u00e4\u02b9vst\u00f5s ij \u00e2\u00e2\u02b9n se\u02b9st persoonla\u017e te\u00e2\u0111aid, pe\u02b9ce t\u00e5\u02b9l\u01e9 tuu ei\u02b9dde pue\u02b9r\u00f5\u00f5ll\u00e2m artikkee\u02b9l ti\u00f5tt. T\u00f5t pu\u00e4rasm \u00f5\u00f5ut peei\u02b9v \u01e9ee\u02b9jjest.<\/p>\n\n\n\n<h2 class=\"wp-block-heading\">Vu\u00e4jtum siisk\u00f5s jee\u02b9res seidd\u00f5\u00f5zzin<\/h2>\n\n\n\n<p class=\"has-sizing-medium\">T\u00e4n seeid artikkee\u02b9l vu\u00e4i\u02b9tte \u00e2\u00e2\u02b9nned se\u02b9st vu\u00e4jtum siisk\u00f5\u00f5zz (ouddm. videoid, snimld\u00f5\u00f5\u01e5\u01e5id, artikkee\u02b9lid dno.) Jee\u02b9res ne\u02b9ttseidd\u00f5\u00f5zzi vu\u00e4jtum siisk\u00f5s toi\u02b9mmai aivv se\u00e4mmanalla ko j\u00f5s k\u00f5\u02b9ll\u02bcjeei le\u02b9\u010d\u010di je\u00e4llam ne\u02b9ttseidd\u00f5\u00f5zz\u00e2st, ko\u02b9st vu\u00e4jtum siisk\u00f5s pu\u00e4tt.<\/p>\n\n\n\n<p class=\"has-sizing-medium\">N\u00e4kam ne\u02b9ttseidd\u00f5\u00f5zz vu\u00e4i\u02b9tte noorr\u00e2d te\u00e2\u0111aid tu\u02b9st, \u00e2\u00e2\u02b9nned je\u00e4\u02b9vst\u00f5\u00f5zzid, vu\u00e4jted ku\u00e4lmad vue\u02b9sspe\u00e4\u02b9l seu\u02b9rrjem-m\u00f5\u00f5nt\u00f5\u00f5llm\u00f5\u00f5\u017e\u017eid da valvv\u00e2d, m\u00e2id tuejj\u00e4\u00e4k t\u00e4n vu\u00e4jtum siisk\u00f5\u00f5zz p\u00e4\u00e4i\u02b9\u01e9. T\u00e4t \u00e2\u00e2nn se\u02b9st \u0161e tuu t\u00e5\u00e5imai seu\u02b9rrjummu\u017e vu\u00e4jtum siisk\u00f5\u00f5zz p\u00e4\u00e4i\u02b9\u01e9, j\u00f5s tu\u02b9st lij till da le\u00e4k \u01e9ee\u02b9rjt\u00f5\u00f5tt\u00e2m k\u00f5\u00f5\u010d\u010dm\u00f5\u00f5\u017e\u017e\u00e2st \u00e5\u00e5rrai ne\u02b9ttseidd\u00f5\u02b9sse.<\/p>\n\n\n\n<h2 class=\"wp-block-heading\">\u01e8e\u00e4zz jue\u02b9\u01e9\u01e9ep tuu te\u00e2\u0111aid<\/h2>\n\n\n\n<p class=\"has-sizing-medium\">J\u00f5s raaukak peitts\u00e4\u00e4\u02b9n noll\u02bcjummu\u017e, tuu IP-addr\u00f5\u00f5zz sii\u02b9s\u01e9\u00e2\u00e2\u02b9ttet ne\u02b9ttp\u00e5\u00e5\u0161ta peitts\u00e4\u00e4\u02b9n vaajtummu\u017e \u00f5httvu\u00f5\u0111\u00e2st.<\/p>\n\n\n\n<h2 class=\"wp-block-heading\">M\u00f5\u00f5n kuu\u02b9\u01e9\u01e9 seeiltep te\u00e2\u0111aid tu\u02b9st<\/h2>\n\n\n\n<p class=\"has-sizing-medium\">Ko l\u00e2\u00e2\u02b9zztak \u0161\u00f5ddm\u00f5\u00f5\u017e\u017e, t\u00e4n di \u0161\u00f5ddm\u00f5\u00f5\u017e\u017e te\u00e2\u0111aid ru\u00f5kk\u00e2t me\u00e4\u02b9rte\u02b9mes \u00e4i\u02b9\u01e7\u01e7p\u00e2\u00e2\u02b9j \u00e4\u00e4i\u02b9j.<\/p>\n\n\n\n<p class=\"has-sizing-medium\">T\u00e4n ne\u02b9ttseidd\u00f5\u02b9sse rekister\u00f5sttum \u00f5\u00f5\u02b9nn\u02bcjid ru\u00f5kk\u00e2t \u0161e sij \u00f5\u00f5\u02b9nniprofiil\u00e2st u\u02b9vddem persoonla\u017e te\u00e2\u0111aid. Puk \u00f5\u00f5\u02b9nni vu\u00e4i\u02b9tte t\u00e4\u02b9r\u01e9st\u00f5\u00f5ll\u00e2d, pue\u02b9r\u00f5\u00f5ll\u00e2d da jaukkeed jiijj\u00e2s persoonla\u017e te\u00e2\u0111aid ku\u00e4\u02b9ss t\u00e4\u00e4ttas (lokkuv\u00e4\u00e4\u02b9ld\u01e9ani \u00f5\u00f5\u02b9nniti\u00f5tt mottm\u00f5\u00f5\u017e\u017e). Ne\u02b9ttseidd\u00f5\u00f5zz tu\u00f5\u02b9ll\u02bcjeei vu\u00e4i\u02b9tte \u0161e t\u00e4\u02b9r\u01e9st\u00f5\u00f5ll\u00e2d da pue\u02b9r\u00f5\u00f5ll\u00e2d t\u00e4id te\u00e2\u0111aid.<\/p>\n\n\n\n<h2 class=\"wp-block-heading\">M\u00f5\u00f5k lie te\u00e2\u0111\u00e4\u00e4d ku\u00f5skki vu\u00f5igg\u00e2dvu\u00f5\u0111ad<\/h2>\n\n\n\n<p class=\"has-sizing-medium\">J\u00f5s tu\u02b9st lij till t\u00e4n seidd\u00f5\u00f5zz\u00e2st le\u02b9be le\u00e4k ku\u00e2\u0111\u0111am kommee\u02b9ntid, vu\u00e4itak raukk\u00e2d \u00f5\u02b9htte\u01e9ie\u02b9ssemte\u00e2tt\u00f5\u00f5zz, k\u00e5\u00e5\u02b9tt \u00e2\u00e2nn se\u02b9st persoonla\u017e te\u00e2\u0111\u00e4\u00e4d, kook lie mij hu\u00e2\u0111ast. T\u00f5t \u00e2\u00e2nn se\u02b9st puk te\u00e2\u0111aid, koid le\u00e4k ouddam mi\u02b9jjid. Vu\u00e4itak \u0161e raukk\u00e2d jaukkeed puk tuu persoonla\u017e te\u00e2\u0111aid, kook mee\u02b9st lie. T\u00e4t ij \u00e2\u00e2\u02b9n se\u02b9st te\u00e2\u0111aid, koid mij \u00f5lgg\u00e2p ru\u00f5kk\u00e2d vaald\u0161emvu\u00f5\u0111la\u017e, l\u00e4\u00e4\u02b9jjme\u00e2ldla\u017e le\u02b9be staanvu\u00f5\u0111 ku\u00f5skki m\u00e4\u00e4inai di\u00f5tt.<\/p>\n\n\n\n<h2 class=\"wp-block-heading\">Koozz vu\u00f5ltteep te\u00e2\u0111aid tu\u02b9st<\/h2>\n\n\n\n<p class=\"has-sizing-medium\">Ne\u02b9ttseidd\u00f5\u00f5zz editor t\u00e4\u00e4\u02b9r\u01e9ast da preemm k\u00f5\u02b9ll\u02bcjeei \u0161\u00f5ddm\u00f5\u00f5\u017e\u017eid roskkp\u00e5\u00e5\u02b9\u0161t c\u00f5gg\u00e2m di\u00f5tt.<\/p>\n","protected":false},"excerpt":{"rendered":"<p>\u01e8e\u00e4k mij le\u00e4\u02b9p Mij ne\u02b9ttseidd\u00f5\u00f5zz addr\u00f5s lij: https:\/\/giellavahkku.org L\u00e2\u00e2\u02b9zzet tuu \u0161\u00f5ddm\u00f5\u00f5\u017e\u017e Ko \u00f5\u00f5\u02b9nni l\u00e2\u00e2\u02b9zzat \u0161\u00f5ddm\u00f5\u00f5\u017e\u017e sijddu, ru\u00f5kk\u00e2t lomaakk ool pijjum te\u00e2\u0111aid di \u00f5\u00f5\u02b9nni IP-addr\u00f5\u00f5zz da plaa\u0111\u00e2nj versio. T\u00e4in vie\u02b9ltet roskkp\u00e5\u00e5\u02b9\u0161t vu\u00f5lttummu\u017e. Tuu ne\u02b9ttp\u00e5\u00e5\u02b9\u0161taddr\u00f5\u00f5zz vu\u00e2\u0111ald rajjum anonyym mi\u00e2rkkr\u00e4\u00e4id (\u00abhash\u00bb) vuei\u02b9tet vu\u00f5ltteed Gravatar-k\u00e4\u00e4zzk\u00f5\u02b9sse t\u00e4\u02b9r\u01e9stem di\u00f5tt, lij-a tu\u02b9st till to\u02b9ben. Gravatar-k\u00e4\u00e4zzk\u00f5\u00f5zz te\u00e2ttsuejj\u010di\u00f5\u02b9l\u01e7\u01e7\u00f5s k\u00e4unnai t\u00e4\u00e4i\u02b9ben. Ko \u0161\u00f5ddm\u00f5\u0161 lij primmum, [&hellip;]<\/p>\n","protected":false},"author":1,"featured_media":0,"parent":0,"menu_order":0,"comment_status":"closed","ping_status":"closed","template":"","meta":{"_acf_changed":false,"footnotes":""},"class_list":["post-940","page","type-page","status-publish","hentry"],"acf":[],"_links":{"self":[{"href":"https:\/\/giellavahkku.org\/sms\/wp-json\/wp\/v2\/pages\/940","targetHints":{"allow":["GET"]}}],"collection":[{"href":"https:\/\/giellavahkku.org\/sms\/wp-json\/wp\/v2\/pages"}],"about":[{"href":"https:\/\/giellavahkku.org\/sms\/wp-json\/wp\/v2\/types\/page"}],"author":[{"embeddable":true,"href":"https:\/\/giellavahkku.org\/sms\/wp-json\/wp\/v2\/users\/1"}],"replies":[{"embeddable":true,"href":"https:\/\/giellavahkku.org\/sms\/wp-json\/wp\/v2\/comments?post=940"}],"version-history":[{"count":1,"href":"https:\/\/giellavahkku.org\/sms\/wp-json\/wp\/v2\/pages\/940\/revisions"}],"predecessor-version":[{"id":1293,"href":"https:\/\/giellavahkku.org\/sms\/wp-json\/wp\/v2\/pages\/940\/revisions\/1293"}],"wp:attachment":[{"href":"https:\/\/giellavahkku.org\/sms\/wp-json\/wp\/v2\/media?parent=940"}],"curies":[{"name":"wp","href":"https:\/\/api.w.org\/{rel}","templated":true}]}}