{"id":10317,"date":"2023-10-03T10:15:16","date_gmt":"2023-10-03T08:15:16","guid":{"rendered":"https:\/\/giellavahkku.org\/ressurser\/"},"modified":"2025-11-21T14:02:26","modified_gmt":"2025-11-21T13:02:26","slug":"ressurser","status":"publish","type":"page","link":"https:\/\/giellavahkku.org\/sv\/ressurser\/","title":{"rendered":"Download"},"content":{"rendered":"\n<div class=\"wp-block-group is-layout-constrained wp-container-core-group-is-layout-ec27dcee wp-block-group-is-layout-constrained\" style=\"margin-bottom:var(--wp--preset--spacing--72)\">\n<h1 class=\"wp-block-heading has-text-align-center has-custom-7-font-size\" style=\"text-transform:uppercase\">Download <\/h1>\n\n\n\n<p class=\"has-text-align-center has-custom-10-font-size\" style=\"font-style:normal;font-weight:500\">Download ready-to-use materials and take part in the Sami language week.<br>\/<br>Vie\u010d\u010da g\u00e1rvves materialaid ja \u010dalmmustahte Giellavahkku.<\/p>\n<\/div>\n\n\n\n<div class=\"wp-block-group alignwide has-honey-background-color has-background is-layout-flow wp-block-group-is-layout-flow\" style=\"padding-top:var(--wp--preset--spacing--72);padding-right:var(--wp--preset--spacing--72);padding-bottom:var(--wp--preset--spacing--72);padding-left:var(--wp--preset--spacing--72);font-style:normal;font-weight:500\">\n<p class=\"has-text-align-center has-sizing-medium has-custom-3-font-size\"><strong>All files are free to use.<\/strong><br>Geavat visot nu mo h\u00e1lidat.<\/p>\n<\/div>\n\n\n\n<div class=\"wp-block-group alignwide is-layout-grid wp-container-core-group-is-layout-a46246a7 wp-block-group-is-layout-grid\"><a\nhref=\"https:\/\/giellavahkku.org\/download\/last-ned-a4-a3-printsaker\/\"\ndata-block-name=\"gnist\/link-anything\" style=\"min-height:100%;\" class=\"gc-link-anything wp-block-gnist-link-anything has-background has-main-background-color is-layout-flow wp-block-gnist-link-anything-is-layout-flow\" aria-label=\"Go to https:\/\/giellavahkku.org\/download\/last-ned-a4-a3-printsaker\/\">\n\t\n\n<figure class=\"wp-block-image size-large\" style=\"margin-top:0;margin-bottom:0\"><img loading=\"lazy\" decoding=\"async\" width=\"1024\" height=\"576\" src=\"https:\/\/giellavahkku.org\/wp-content\/uploads\/2025\/10\/plakater-1024x576.jpg\" alt=\"\" class=\"wp-image-11084\" style=\"aspect-ratio:16\/9;object-fit:cover\" srcset=\"https:\/\/giellavahkku.org\/wp-content\/uploads\/2025\/10\/plakater-1024x576.jpg 1024w, https:\/\/giellavahkku.org\/wp-content\/uploads\/2025\/10\/plakater-300x169.jpg 300w, https:\/\/giellavahkku.org\/wp-content\/uploads\/2025\/10\/plakater-768x432.jpg 768w, https:\/\/giellavahkku.org\/wp-content\/uploads\/2025\/10\/plakater-1536x864.jpg 1536w, https:\/\/giellavahkku.org\/wp-content\/uploads\/2025\/10\/plakater.jpg 1920w\" sizes=\"auto, (max-width: 1024px) 100vw, 1024px\" \/><\/figure>\n\n\n\n<h2 class=\"wp-block-heading has-text-align-center has-base-color has-main-background-color has-text-color has-background has-link-color has-custom-3-font-size wp-elements-b23eeedec6fd97507dc3afaa440a8285\" style=\"margin-top:0;margin-bottom:0;padding-top:var(--wp--preset--spacing--16);padding-right:var(--wp--preset--spacing--16);padding-bottom:var(--wp--preset--spacing--16);padding-left:var(--wp--preset--spacing--16)\">A4 \/ A3 print <\/h2>\n\n<\/a>\n\n\n<a\nhref=\"https:\/\/giellavahkku.org\/download\/animated-places\/\"\ndata-block-name=\"gnist\/link-anything\" style=\"min-height:100%;\" class=\"gc-link-anything wp-block-gnist-link-anything has-background has-main-background-color is-layout-flow wp-block-gnist-link-anything-is-layout-flow\" aria-label=\"Go to https:\/\/giellavahkku.org\/download\/animated-places\/\">\n\t\n\n<figure class=\"wp-block-image size-large\" style=\"margin-top:0;margin-bottom:0\"><img loading=\"lazy\" decoding=\"async\" width=\"1024\" height=\"576\" src=\"https:\/\/giellavahkku.org\/wp-content\/uploads\/2025\/10\/kart-1024x576.jpg\" alt=\"\" class=\"wp-image-11011\" style=\"aspect-ratio:16\/9;object-fit:cover\" srcset=\"https:\/\/giellavahkku.org\/wp-content\/uploads\/2025\/10\/kart-1024x576.jpg 1024w, https:\/\/giellavahkku.org\/wp-content\/uploads\/2025\/10\/kart-300x169.jpg 300w, https:\/\/giellavahkku.org\/wp-content\/uploads\/2025\/10\/kart-768x432.jpg 768w, https:\/\/giellavahkku.org\/wp-content\/uploads\/2025\/10\/kart.jpg 1400w\" sizes=\"auto, (max-width: 1024px) 100vw, 1024px\" \/><\/figure>\n\n\n\n<h2 class=\"wp-block-heading has-text-align-center has-base-color has-main-background-color has-text-color has-background has-link-color has-custom-3-font-size wp-elements-db93955409ef31300d5f774a065acfe7\" style=\"margin-top:0;margin-bottom:0;padding-top:var(--wp--preset--spacing--16);padding-right:var(--wp--preset--spacing--16);padding-bottom:var(--wp--preset--spacing--16);padding-left:var(--wp--preset--spacing--16)\">video content &#8211; b\u00e1ikenamat<\/h2>\n\n<\/a>\n\n\n<a\nhref=\"https:\/\/giellavahkku.org\/download\/logo-og-designmanual\/\"\ndata-block-name=\"gnist\/link-anything\" style=\"min-height:100%;\" class=\"gc-link-anything wp-block-gnist-link-anything has-background has-main-background-color is-layout-flow wp-block-gnist-link-anything-is-layout-flow\" aria-label=\"Go to https:\/\/giellavahkku.org\/download\/logo-og-designmanual\/\">\n\t\n\n<figure class=\"wp-block-image size-large\" style=\"margin-top:0;margin-bottom:0\"><img loading=\"lazy\" decoding=\"async\" width=\"1024\" height=\"698\" src=\"https:\/\/giellavahkku.org\/wp-content\/uploads\/2025\/08\/logo-designmanual-thumb-1024x698.jpg\" alt=\"\" class=\"wp-image-8225\" style=\"aspect-ratio:16\/9;object-fit:cover\" srcset=\"https:\/\/giellavahkku.org\/wp-content\/uploads\/2025\/08\/logo-designmanual-thumb-1024x698.jpg 1024w, https:\/\/giellavahkku.org\/wp-content\/uploads\/2025\/08\/logo-designmanual-thumb-300x204.jpg 300w, https:\/\/giellavahkku.org\/wp-content\/uploads\/2025\/08\/logo-designmanual-thumb-768x523.jpg 768w, https:\/\/giellavahkku.org\/wp-content\/uploads\/2025\/08\/logo-designmanual-thumb.jpg 1064w\" sizes=\"auto, (max-width: 1024px) 100vw, 1024px\" \/><\/figure>\n\n\n\n<h2 class=\"wp-block-heading has-text-align-center has-base-color has-main-background-color has-text-color has-background has-link-color has-custom-3-font-size wp-elements-b72e51cbfdd9641cf5325da42e3e10ea\" style=\"margin-top:0;margin-bottom:0;padding-top:var(--wp--preset--spacing--16);padding-right:var(--wp--preset--spacing--16);padding-bottom:var(--wp--preset--spacing--16);padding-left:var(--wp--preset--spacing--16)\">Logo &amp; designmanual<\/h2>\n\n<\/a>\n\n\n<a\nhref=\"https:\/\/giellavahkku.org\/download\/kraesjkurs-til-sosiale-medier\/\"\ndata-block-name=\"gnist\/link-anything\" style=\"min-height:100%;\" class=\"gc-link-anything wp-block-gnist-link-anything has-background has-main-background-color is-layout-flow wp-block-gnist-link-anything-is-layout-flow\" aria-label=\"Go to https:\/\/giellavahkku.org\/download\/kraesjkurs-til-sosiale-medier\/\">\n\t\n\n<figure class=\"wp-block-image size-large\" style=\"margin-top:0;margin-bottom:0\"><img loading=\"lazy\" decoding=\"async\" width=\"1024\" height=\"576\" src=\"https:\/\/giellavahkku.org\/wp-content\/uploads\/2025\/10\/bilde-1920-x-1080-kraesjkurs-i-samisk-1024x576.jpg\" alt=\"\" class=\"wp-image-10733\" style=\"aspect-ratio:16\/9;object-fit:cover\" srcset=\"https:\/\/giellavahkku.org\/wp-content\/uploads\/2025\/10\/bilde-1920-x-1080-kraesjkurs-i-samisk-1024x576.jpg 1024w, https:\/\/giellavahkku.org\/wp-content\/uploads\/2025\/10\/bilde-1920-x-1080-kraesjkurs-i-samisk-300x169.jpg 300w, https:\/\/giellavahkku.org\/wp-content\/uploads\/2025\/10\/bilde-1920-x-1080-kraesjkurs-i-samisk-768x432.jpg 768w, https:\/\/giellavahkku.org\/wp-content\/uploads\/2025\/10\/bilde-1920-x-1080-kraesjkurs-i-samisk-1536x864.jpg 1536w, https:\/\/giellavahkku.org\/wp-content\/uploads\/2025\/10\/bilde-1920-x-1080-kraesjkurs-i-samisk.jpg 1920w\" sizes=\"auto, (max-width: 1024px) 100vw, 1024px\" \/><\/figure>\n\n\n\n<h2 class=\"wp-block-heading has-text-align-center has-base-color has-main-background-color has-text-color has-background has-link-color has-custom-3-font-size wp-elements-2001c7ab260c82743adb5f094394dc08\" style=\"margin-top:0;margin-bottom:0;padding-top:var(--wp--preset--spacing--16);padding-right:var(--wp--preset--spacing--16);padding-bottom:var(--wp--preset--spacing--16);padding-left:var(--wp--preset--spacing--16)\">video content &#8211; crashcourse <\/h2>\n\n<\/a>\n\n\n<a\nhref=\"https:\/\/giellavahkku.org\/download\/facebook-header\/\"\ndata-block-name=\"gnist\/link-anything\" style=\"min-height:100%;\" class=\"gc-link-anything wp-block-gnist-link-anything has-background has-main-background-color is-layout-flow wp-block-gnist-link-anything-is-layout-flow\" aria-label=\"Go to https:\/\/giellavahkku.org\/download\/facebook-header\/\">\n\t\n\n<figure class=\"wp-block-image size-full\" style=\"margin-top:0;margin-bottom:0\"><img loading=\"lazy\" decoding=\"async\" width=\"960\" height=\"541\" src=\"https:\/\/giellavahkku.org\/wp-content\/uploads\/2025\/10\/giellavahkku-bannerbilde.jpg\" alt=\"\" class=\"wp-image-10705\" style=\"aspect-ratio:16\/9;object-fit:cover\" srcset=\"https:\/\/giellavahkku.org\/wp-content\/uploads\/2025\/10\/giellavahkku-bannerbilde.jpg 960w, https:\/\/giellavahkku.org\/wp-content\/uploads\/2025\/10\/giellavahkku-bannerbilde-300x169.jpg 300w, https:\/\/giellavahkku.org\/wp-content\/uploads\/2025\/10\/giellavahkku-bannerbilde-768x433.jpg 768w\" sizes=\"auto, (max-width: 960px) 100vw, 960px\" \/><\/figure>\n\n\n\n<h2 class=\"wp-block-heading has-text-align-center has-base-color has-main-background-color has-text-color has-background has-link-color has-custom-3-font-size wp-elements-2dceab9b9b356ced0acf8672bd6d5548\" style=\"margin-top:0;margin-bottom:0;padding-top:var(--wp--preset--spacing--16);padding-right:var(--wp--preset--spacing--16);padding-bottom:var(--wp--preset--spacing--16);padding-left:var(--wp--preset--spacing--16)\">Facebook header<\/h2>\n\n<\/a>\n\n\n<a\nhref=\"https:\/\/giellavahkku.org\/download\/facebook-profile-pictures\/\"\ndata-block-name=\"gnist\/link-anything\" style=\"min-height:100%;\" class=\"gc-link-anything wp-block-gnist-link-anything has-background has-main-background-color is-layout-flow wp-block-gnist-link-anything-is-layout-flow\" aria-label=\"Go to https:\/\/giellavahkku.org\/download\/facebook-profile-pictures\/\">\n\t\n\n<figure class=\"wp-block-image size-full\" style=\"margin-top:0;margin-bottom:0\"><img loading=\"lazy\" decoding=\"async\" width=\"1920\" height=\"1080\" src=\"https:\/\/giellavahkku.org\/wp-content\/uploads\/2025\/10\/profilbilder.jpg\" alt=\"\" class=\"wp-image-11120\" style=\"aspect-ratio:16\/9;object-fit:cover\" srcset=\"https:\/\/giellavahkku.org\/wp-content\/uploads\/2025\/10\/profilbilder.jpg 1920w, https:\/\/giellavahkku.org\/wp-content\/uploads\/2025\/10\/profilbilder-300x169.jpg 300w, https:\/\/giellavahkku.org\/wp-content\/uploads\/2025\/10\/profilbilder-1024x576.jpg 1024w, https:\/\/giellavahkku.org\/wp-content\/uploads\/2025\/10\/profilbilder-768x432.jpg 768w, https:\/\/giellavahkku.org\/wp-content\/uploads\/2025\/10\/profilbilder-1536x864.jpg 1536w\" sizes=\"auto, (max-width: 1920px) 100vw, 1920px\" \/><\/figure>\n\n\n\n<h2 class=\"wp-block-heading has-text-align-center has-base-color has-main-background-color has-text-color has-background has-link-color has-custom-3-font-size wp-elements-7c774dced4f133904029a3e8a9fdfea0\" style=\"margin-top:0;margin-bottom:0;padding-top:var(--wp--preset--spacing--16);padding-right:var(--wp--preset--spacing--16);padding-bottom:var(--wp--preset--spacing--16);padding-left:var(--wp--preset--spacing--16)\">Facebook PROFILE PICTURES<\/h2>\n\n<\/a>\n\n\n<a\nhref=\"https:\/\/giellavahkku.org\/download\/snapchat-filter\/\"\ndata-block-name=\"gnist\/link-anything\" style=\"min-height:100%;\" class=\"gc-link-anything wp-block-gnist-link-anything has-background has-main-background-color is-layout-flow wp-block-gnist-link-anything-is-layout-flow\" aria-label=\"Go to https:\/\/giellavahkku.org\/download\/snapchat-filter\/\">\n\t\n\n<figure class=\"wp-block-image size-large\" style=\"margin-top:0;margin-bottom:0\"><img loading=\"lazy\" decoding=\"async\" width=\"1024\" height=\"645\" src=\"https:\/\/giellavahkku.org\/wp-content\/uploads\/2025\/10\/artboard-21-1024x645.jpg\" alt=\"\" class=\"wp-image-10485\" style=\"aspect-ratio:16\/9;object-fit:cover\" srcset=\"https:\/\/giellavahkku.org\/wp-content\/uploads\/2025\/10\/artboard-21-1024x645.jpg 1024w, https:\/\/giellavahkku.org\/wp-content\/uploads\/2025\/10\/artboard-21-300x189.jpg 300w, https:\/\/giellavahkku.org\/wp-content\/uploads\/2025\/10\/artboard-21-768x483.jpg 768w, https:\/\/giellavahkku.org\/wp-content\/uploads\/2025\/10\/artboard-21-1536x967.jpg 1536w, https:\/\/giellavahkku.org\/wp-content\/uploads\/2025\/10\/artboard-21-2048x1289.jpg 2048w\" sizes=\"auto, (max-width: 1024px) 100vw, 1024px\" \/><\/figure>\n\n\n\n<h2 class=\"wp-block-heading has-text-align-center has-base-color has-main-background-color has-text-color has-background has-link-color has-custom-3-font-size wp-elements-2fc1be68d35e30f0dc0eb1c25c435e16\" style=\"margin-top:0;margin-bottom:0;padding-top:var(--wp--preset--spacing--16);padding-right:var(--wp--preset--spacing--16);padding-bottom:var(--wp--preset--spacing--16);padding-left:var(--wp--preset--spacing--16)\">SNAPCHAT FILTER<\/h2>\n\n<\/a>\n\n\n<a\nhref=\"https:\/\/giellavahkku.org\/download\/instagram-karusell-naturbenevnelser\"\ndata-block-name=\"gnist\/link-anything\" style=\"min-height:100%;\" class=\"gc-link-anything wp-block-gnist-link-anything has-background has-main-background-color is-layout-flow wp-block-gnist-link-anything-is-layout-flow\" aria-label=\"Go to https:\/\/giellavahkku.org\/download\/instagram-karusell-naturbenevnelser\">\n\t\n\n<figure class=\"wp-block-image size-large\" style=\"margin-top:0;margin-bottom:0\"><img loading=\"lazy\" decoding=\"async\" width=\"1024\" height=\"576\" src=\"https:\/\/giellavahkku.org\/wp-content\/uploads\/2025\/10\/instagramkarusell-1024x576.jpg\" alt=\"\" class=\"wp-image-10533\" style=\"aspect-ratio:16\/9;object-fit:cover\" srcset=\"https:\/\/giellavahkku.org\/wp-content\/uploads\/2025\/10\/instagramkarusell-1024x576.jpg 1024w, https:\/\/giellavahkku.org\/wp-content\/uploads\/2025\/10\/instagramkarusell-300x169.jpg 300w, https:\/\/giellavahkku.org\/wp-content\/uploads\/2025\/10\/instagramkarusell-768x432.jpg 768w, https:\/\/giellavahkku.org\/wp-content\/uploads\/2025\/10\/instagramkarusell-1536x864.jpg 1536w, https:\/\/giellavahkku.org\/wp-content\/uploads\/2025\/10\/instagramkarusell.jpg 1920w\" sizes=\"auto, (max-width: 1024px) 100vw, 1024px\" \/><\/figure>\n\n\n\n<h2 class=\"wp-block-heading has-text-align-center has-base-color has-main-background-color has-text-color has-background has-link-color has-custom-3-font-size wp-elements-8c82cd8ac0c2cc43a03d18422a97a4c8\" style=\"margin-top:0;margin-bottom:0;padding-top:var(--wp--preset--spacing--16);padding-right:var(--wp--preset--spacing--16);padding-bottom:var(--wp--preset--spacing--16);padding-left:var(--wp--preset--spacing--16)\">Instagram &#8211; luonddunamahusat<\/h2>\n\n<\/a>\n\n\n<a\nhref=\"https:\/\/giellavahkku.org\/download\/instagram-reels-you-can-speak-sami-with-me\/\"\ndata-block-name=\"gnist\/link-anything\" style=\"min-height:100%;\" class=\"gc-link-anything wp-block-gnist-link-anything has-background has-main-background-color is-layout-flow wp-block-gnist-link-anything-is-layout-flow\" aria-label=\"Go to https:\/\/giellavahkku.org\/download\/instagram-reels-you-can-speak-sami-with-me\/\">\n\t\n\n<figure class=\"wp-block-image size-large\" style=\"margin-top:0;margin-bottom:0\"><img loading=\"lazy\" decoding=\"async\" width=\"1024\" height=\"576\" src=\"https:\/\/giellavahkku.org\/wp-content\/uploads\/2025\/10\/youcanspeaksamiewithme-1024x576.jpg\" alt=\"\" class=\"wp-image-11204\" style=\"aspect-ratio:16\/9;object-fit:cover\" srcset=\"https:\/\/giellavahkku.org\/wp-content\/uploads\/2025\/10\/youcanspeaksamiewithme-1024x576.jpg 1024w, https:\/\/giellavahkku.org\/wp-content\/uploads\/2025\/10\/youcanspeaksamiewithme-300x169.jpg 300w, https:\/\/giellavahkku.org\/wp-content\/uploads\/2025\/10\/youcanspeaksamiewithme-768x432.jpg 768w, https:\/\/giellavahkku.org\/wp-content\/uploads\/2025\/10\/youcanspeaksamiewithme-1536x864.jpg 1536w, https:\/\/giellavahkku.org\/wp-content\/uploads\/2025\/10\/youcanspeaksamiewithme.jpg 1920w\" sizes=\"auto, (max-width: 1024px) 100vw, 1024px\" \/><\/figure>\n\n\n\n<h2 class=\"wp-block-heading has-text-align-center has-base-color has-main-background-color has-text-color has-background has-link-color has-custom-3-font-size wp-elements-7f56b0066897b70ac1bc0179e7d918da\" style=\"margin-top:0;margin-bottom:0;padding-top:var(--wp--preset--spacing--16);padding-right:var(--wp--preset--spacing--16);padding-bottom:var(--wp--preset--spacing--16);padding-left:var(--wp--preset--spacing--16)\">Instagram REELS &#8211; speak sami with me<\/h2>\n\n<\/a>\n\n\n<a\nhref=\"https:\/\/giellavahkku.org\/wp-content\/uploads\/2025\/11\/button-trykkefil-44mm.pdf\"\ntarget=\"_blank\" rel=\"noopener noreferrer\"data-block-name=\"gnist\/link-anything\" style=\"min-height:100%;\" class=\"gc-link-anything wp-block-gnist-link-anything has-background has-main-background-color is-layout-flow wp-block-gnist-link-anything-is-layout-flow\" aria-label=\"Go to https:\/\/giellavahkku.org\/wp-content\/uploads\/2025\/11\/button-trykkefil-44mm.pdf\">\n\t\n\n<figure class=\"wp-block-image size-large\" style=\"margin-top:0;margin-bottom:0\"><img loading=\"lazy\" decoding=\"async\" width=\"1024\" height=\"751\" src=\"https:\/\/giellavahkku.org\/wp-content\/uploads\/2025\/11\/button-1024x751.jpg\" alt=\"\" class=\"wp-image-11847\" style=\"aspect-ratio:16\/9;object-fit:cover\" srcset=\"https:\/\/giellavahkku.org\/wp-content\/uploads\/2025\/11\/button-1024x751.jpg 1024w, https:\/\/giellavahkku.org\/wp-content\/uploads\/2025\/11\/button-300x220.jpg 300w, https:\/\/giellavahkku.org\/wp-content\/uploads\/2025\/11\/button-768x563.jpg 768w, https:\/\/giellavahkku.org\/wp-content\/uploads\/2025\/11\/button-1536x1126.jpg 1536w, https:\/\/giellavahkku.org\/wp-content\/uploads\/2025\/11\/button-2048x1502.jpg 2048w\" sizes=\"auto, (max-width: 1024px) 100vw, 1024px\" \/><\/figure>\n\n\n\n<h2 class=\"wp-block-heading has-text-align-center has-base-color has-main-background-color has-text-color has-background has-link-color has-custom-3-font-size wp-elements-74a8f2cc15cf24e9fd4ab54d6e3a9bf0\" style=\"margin-top:0;margin-bottom:0;padding-top:var(--wp--preset--spacing--16);padding-right:var(--wp--preset--spacing--16);padding-bottom:var(--wp--preset--spacing--16);padding-left:var(--wp--preset--spacing--16)\">Buttons<\/h2>\n\n<\/a>\n<\/div>\n\n\n\n<p><\/p>\n","protected":false},"excerpt":{"rendered":"<p>All files are free to use.Geavat visot nu mo h\u00e1lidat.<\/p>\n","protected":false},"author":85,"featured_media":8208,"parent":0,"menu_order":0,"comment_status":"closed","ping_status":"closed","template":"no-title","meta":{"_acf_changed":false,"footnotes":""},"class_list":["post-10317","page","type-page","status-publish","has-post-thumbnail","hentry"],"acf":[],"_links":{"self":[{"href":"https:\/\/giellavahkku.org\/sv\/wp-json\/wp\/v2\/pages\/10317","targetHints":{"allow":["GET"]}}],"collection":[{"href":"https:\/\/giellavahkku.org\/sv\/wp-json\/wp\/v2\/pages"}],"about":[{"href":"https:\/\/giellavahkku.org\/sv\/wp-json\/wp\/v2\/types\/page"}],"author":[{"embeddable":true,"href":"https:\/\/giellavahkku.org\/sv\/wp-json\/wp\/v2\/users\/85"}],"replies":[{"embeddable":true,"href":"https:\/\/giellavahkku.org\/sv\/wp-json\/wp\/v2\/comments?post=10317"}],"version-history":[{"count":15,"href":"https:\/\/giellavahkku.org\/sv\/wp-json\/wp\/v2\/pages\/10317\/revisions"}],"predecessor-version":[{"id":11870,"href":"https:\/\/giellavahkku.org\/sv\/wp-json\/wp\/v2\/pages\/10317\/revisions\/11870"}],"wp:featuredmedia":[{"embeddable":true,"href":"https:\/\/giellavahkku.org\/sv\/wp-json\/wp\/v2\/media\/8208"}],"wp:attachment":[{"href":"https:\/\/giellavahkku.org\/sv\/wp-json\/wp\/v2\/media?parent=10317"}],"curies":[{"name":"wp","href":"https:\/\/api.w.org\/{rel}","templated":true}]}}