{"id":1098,"date":"2021-10-08T14:30:32","date_gmt":"2021-10-08T12:30:32","guid":{"rendered":"https:\/\/giellavahkku.org\/?page_id=1098"},"modified":"2021-10-08T14:30:34","modified_gmt":"2021-10-08T12:30:34","slug":"varfor-ar-samiska-sprakveckan-viktig","status":"publish","type":"page","link":"https:\/\/giellavahkku.org\/sv\/varfor-ar-samiska-sprakveckan-viktig\/","title":{"rendered":"Varf\u00f6r \u00e4r samiska spr\u00e5kveckan viktig?"},"content":{"rendered":"\n<p class=\"has-sizing-medium\">Trots att de samiska spr\u00e5ken \u00e4r utrotningshotade s\u00e5 forts\u00e4tter de att existera. Det finns hopp. Det finns en v\u00e4xande medvetenhet bland samerna om spr\u00e5k- och spr\u00e5kval, och allt fler v\u00e4ljer att g\u00e5 kurser f\u00f6r att ta tillbaka det spr\u00e5k som generationer innan de f\u00f6rlorade. I omr\u00e5den d\u00e4r samiska inte har anv\u00e4nts p\u00e5 en generation eller tv\u00e5, tar unga vuxna nu sitt spr\u00e5k tillbaka och f\u00f6rsiktigt f\u00f6rs\u00f6ker f\u00f6ra det vidare till sina barn. En ny generation av samisktalande barn v\u00e4xer fram<\/p>\n\n\n\n<p class=\"has-sizing-medium\">P\u00e5 b\u00e5de norsk, svensk och finsk sida av S\u00e1pmi upplever vi att samh\u00e4llet i st\u00f6rre grad visar intresse och engagemang f\u00f6r de samiska spr\u00e5ken, och samer i alla l\u00e4nder upplever st\u00f6rre acceptans f\u00f6r sin kultur och sina spr\u00e5k. Intresset f\u00f6r det samiska samh\u00e4llet \u00e4r stort, och tidpunkten f\u00f6r en gemensam insats f\u00f6r spr\u00e5ket kunde inte vara b\u00e4ttre.<\/p>\n\n\n\n<div class=\"wp-block-columns has-ice-grey-background-color has-background is-layout-flex wp-container-core-columns-is-layout-28f84493 wp-block-columns-is-layout-flex\">\n<div class=\"wp-block-column is-layout-flow wp-block-column-is-layout-flow\">\n<h2 class=\"wp-block-heading\"><strong>Hur kan du vara med? <\/strong><\/h2>\n\n\n\n<p class=\"has-sizing-medium\">Vi uppmuntrar dig att titta p\u00e5 programmet och hitta evenemang n\u00e4ra dig. Kontakta g\u00e4rna ditt n\u00e4rmaste samiska spr\u00e5kcenter f\u00f6r att hitta aktiviteter och evenemang under veckan. Giellavahkku har en egen Facebook sida &#8221;<em>Giellavahkku\/G\u00efelev\u00e5hkoe\/Giellavahkko \/Samisk spr\u00e5kuke<\/em>&#8221; som vi uppmuntrar dig att f\u00f6lja f\u00f6r att se nyheter och uppdateringar runt S\u00e1pmi. Vi har ocks\u00e5 ett instagramkonto \u00ab<em>giellavahkku<\/em>\u00bb, h\u00e4r hittar du filmer, foton och uppdateringar under hela veckan.<\/p>\n\n\n\n<p class=\"has-sizing-medium\">Vi hoppas att du g\u00e5r med p\u00e5 alla sp\u00e4nnande saker som h\u00e4nder, oavsett om det \u00e4r genom deltagande i fysiska evenemang eller digitalt. Anv\u00e4nd samiska p\u00e5 sociala medier hela veckan, hj\u00e4lp att g\u00f6ra v\u00e5ra vackra samiska spr\u00e5k synliga.<\/p>\n\n\n\n<p class=\"has-sizing-medium\"><a href=\"#\">Skicka in ditt arrangemang h\u00e4r<\/a><\/p>\n<\/div>\n\n\n\n<div class=\"wp-block-column is-layout-flow wp-block-column-is-layout-flow\">\n<figure class=\"wp-block-image size-full is-resized\"><img loading=\"lazy\" decoding=\"async\" src=\"https:\/\/giellavahkku.org\/wp-content\/uploads\/2021\/08\/arrangement-bilde.jpg\" alt=\"\" class=\"wp-image-88\" width=\"483\" height=\"230\"\/><\/figure>\n<\/div>\n<\/div>\n\n\n\n<h2 class=\"wp-block-heading\"><strong>Digital Verktygsl\u00e5da \u2013 Ladda ner!<\/strong><\/h2>\n\n\n\n<p class=\"has-sizing-medium\">Ladda ner och anv\u00e4nda i marknadsf\u00f6ring ditt evenemang!<\/p>\n\n\n\n<ul class=\"wp-block-list\"><li><a href=\"https:\/\/giellavahkku.org\/wp-content\/uploads\/2021\/10\/g21-poster-giellavahkku-final.pdf\">Affisch A3<\/a><\/li><li><a href=\"https:\/\/giellavahkku.org\/wp-content\/uploads\/2021\/10\/g21-deldesignmanual-giellavahku.pdf\">Designfil<\/a><\/li><li><a href=\"https:\/\/giellavahkku.org\/wp-content\/uploads\/2021\/10\/G21_FB-Omslagsbild-Cover_820x310px.png\">Facebook header<\/a><\/li><li><a href=\"https:\/\/giellavahkku.org\/wp-content\/uploads\/2021\/10\/g21-fb-evenemangsbild-1920x1080px.png\">Facebook-evenemang<\/a><\/li><li><a href=\"https:\/\/giellavahkku.org\/wp-content\/uploads\/2021\/10\/logo.png\">Logotyp<\/a><\/li><li><a href=\"https:\/\/giellavahkku.org\/wp-content\/uploads\/2021\/10\/G21_Snapchatfilter_1080x2340.png\">Snapchat-filter<\/a><\/li><\/ul>\n\n\n\n<p class=\"has-sizing-medium\">Alla filer kan anv\u00e4ndas fritt i samband med genomf\u00f6randet av samiska spr\u00e5kveckan.<\/p>\n","protected":false},"excerpt":{"rendered":"<p>Trots att de samiska spr\u00e5ken \u00e4r utrotningshotade s\u00e5 forts\u00e4tter de att existera. Det finns hopp. Det finns en v\u00e4xande medvetenhet bland samerna om spr\u00e5k- och spr\u00e5kval, och allt fler v\u00e4ljer att g\u00e5 kurser f\u00f6r att ta tillbaka det spr\u00e5k som generationer innan de f\u00f6rlorade. I omr\u00e5den d\u00e4r samiska inte har anv\u00e4nts p\u00e5 en generation eller [&hellip;]<\/p>\n","protected":false},"author":1,"featured_media":0,"parent":0,"menu_order":0,"comment_status":"closed","ping_status":"closed","template":"","meta":{"_acf_changed":false,"footnotes":""},"class_list":["post-1098","page","type-page","status-publish","hentry"],"acf":[],"_links":{"self":[{"href":"https:\/\/giellavahkku.org\/sv\/wp-json\/wp\/v2\/pages\/1098","targetHints":{"allow":["GET"]}}],"collection":[{"href":"https:\/\/giellavahkku.org\/sv\/wp-json\/wp\/v2\/pages"}],"about":[{"href":"https:\/\/giellavahkku.org\/sv\/wp-json\/wp\/v2\/types\/page"}],"author":[{"embeddable":true,"href":"https:\/\/giellavahkku.org\/sv\/wp-json\/wp\/v2\/users\/1"}],"replies":[{"embeddable":true,"href":"https:\/\/giellavahkku.org\/sv\/wp-json\/wp\/v2\/comments?post=1098"}],"version-history":[{"count":1,"href":"https:\/\/giellavahkku.org\/sv\/wp-json\/wp\/v2\/pages\/1098\/revisions"}],"predecessor-version":[{"id":1109,"href":"https:\/\/giellavahkku.org\/sv\/wp-json\/wp\/v2\/pages\/1098\/revisions\/1109"}],"wp:attachment":[{"href":"https:\/\/giellavahkku.org\/sv\/wp-json\/wp\/v2\/media?parent=1098"}],"curies":[{"name":"wp","href":"https:\/\/api.w.org\/{rel}","templated":true}]}}