{"id":264,"date":"2021-08-24T14:23:10","date_gmt":"2021-08-24T12:23:10","guid":{"rendered":"https:\/\/giellavahkku.org\/forside\/"},"modified":"2025-11-25T09:01:22","modified_gmt":"2025-11-25T08:01:22","slug":"forside","status":"publish","type":"page","link":"https:\/\/giellavahkku.org\/sv\/","title":{"rendered":"Forside"},"content":{"rendered":"\n<div class=\"wp-block-group is-layout-constrained wp-container-core-group-is-layout-530ec779 wp-block-group-is-layout-constrained\">\n<div class=\"wp-block-group is-layout-constrained wp-container-core-group-is-layout-530ec779 wp-block-group-is-layout-constrained\">\n<div style=\"aspect-ratio:16\/9;min-height:unset;\" class=\"wp-block-cover alignwide is-light languages has-aspect-ratio\"><video class=\"wp-block-cover__video-background intrinsic-ignore\" autoplay muted loop playsinline src=\"https:\/\/giellavahkku.org\/wp-content\/uploads\/2025\/11\/giellavahkku-2026-9.mp4\" data-object-fit=\"cover\"><\/video><span aria-hidden=\"true\" class=\"wp-block-cover__background has-background-dim-0 has-background-dim\" style=\"background-color:#FFF\"><\/span><div class=\"wp-block-cover__inner-container is-layout-flow wp-block-cover-is-layout-flow\">\n<p class=\"has-text-align-center has-large-font-size\"><\/p>\n<\/div><\/div>\n<\/div>\n<\/div>\n\n\n\n<div class=\"wp-block-group is-layout-flow wp-block-group-is-layout-flow\">\n<figure class=\"wp-block-image size-large rotate\"><img decoding=\"async\" src=\"https:\/\/giellavahkku.org\/wp-content\/uploads\/2025\/11\/2026.svg\" alt=\"\" class=\"wp-image-11888\"\/><\/figure>\n<\/div>\n\n\n\n<figure class=\"wp-block-image size-large\"><img decoding=\"async\" src=\"https:\/\/giellavahkku.org\/wp-content\/uploads\/2025\/10\/bannerbilde-2025-giellvahkku-1024x452.jpg\" alt=\"\" class=\"wp-image-10829\"\/><\/figure>\n\n\n\n<div class=\"wp-block-group alignfull is-layout-constrained wp-container-core-group-is-layout-8dd13e6d wp-block-group-is-layout-constrained\" style=\"padding-right:var(--wp--preset--spacing--60);padding-left:var(--wp--preset--spacing--60)\">\n<div class=\"wp-block-group alignwide has-honey-background-color has-background is-layout-flow wp-block-group-is-layout-flow\" style=\"padding-top:var(--wp--preset--spacing--72);padding-right:var(--wp--preset--spacing--72);padding-bottom:var(--wp--preset--spacing--72);padding-left:var(--wp--preset--spacing--72);font-style:normal;font-weight:500\">\n<p class=\"has-text-align-center has-sizing-medium has-custom-10-font-size\" style=\"font-style:normal;font-weight:600;line-height:1.3\">Just den h\u00e4r veckan kommer de samiska spr\u00e5ken att h\u00f6ras och dyka upp \u00f6verallt.<\/p>\n<\/div>\n\n\n\n<div class=\"wp-block-buttons is-content-justification-center is-layout-flex wp-container-core-buttons-is-layout-a89b3969 wp-block-buttons-is-layout-flex\">\n<div class=\"wp-block-button\"><a class=\"wp-block-button__link wp-element-button\" href=\"https:\/\/giellavahkku.org\/sv\/om-uken\/\">Historien bakom<\/a><\/div>\n<\/div>\n\n\n\n<div class=\"wp-block-group is-layout-constrained wp-container-core-group-is-layout-9e49823d wp-block-group-is-layout-constrained\" style=\"margin-top:var(--wp--preset--spacing--150);margin-bottom:var(--wp--preset--spacing--64)\">\n<h2 class=\"wp-block-heading has-text-align-center has-custom-1-font-size\" style=\"text-transform:uppercase\">Hur deltar man?<\/h2>\n<\/div>\n\n\n\n<div class=\"wp-block-group alignwide is-layout-grid wp-container-core-group-is-layout-211d2e0c wp-block-group-is-layout-grid\"><a\nhref=\"https:\/\/giellavahkku.org\/sv\/om-uken\/10-tips-til-barnehager\/\"\ndata-block-name=\"gnist\/link-anything\" style=\"padding-top:var(--wp--preset--spacing--72);padding-bottom:var(--wp--preset--spacing--72);padding-left:var(--wp--preset--spacing--48);padding-right:var(--wp--preset--spacing--48);\" class=\"gc-link-anything alignwide wp-block-gnist-link-anything has-background has-blush-background-color is-layout-flow wp-block-gnist-link-anything-is-layout-flow\" aria-label=\"Go to https:\/\/giellavahkku.org\/sv\/om-uken\/10-tips-til-barnehager\/\">\n\t\n\n<h3 class=\"wp-block-heading has-text-align-center has-condensed-bold-font-family has-custom-1-font-size\" style=\"margin-top:var(--wp--preset--spacing--16);margin-bottom:var(--wp--preset--spacing--16);letter-spacing:0px;line-height:1\">F\u00f6rskolan<\/h3>\n\n<\/a>\n\n\n<a\nhref=\"https:\/\/giellavahkku.org\/sv\/om-uken\/10-tips-til-skoler\/\"\ndata-block-name=\"gnist\/link-anything\" style=\"padding-top:var(--wp--preset--spacing--72);padding-bottom:var(--wp--preset--spacing--72);padding-left:var(--wp--preset--spacing--48);padding-right:var(--wp--preset--spacing--48);\" class=\"gc-link-anything alignwide wp-block-gnist-link-anything has-background has-blush-background-color is-layout-flow wp-block-gnist-link-anything-is-layout-flow\" aria-label=\"Go to https:\/\/giellavahkku.org\/sv\/om-uken\/10-tips-til-skoler\/\">\n\t\n\n<h3 class=\"wp-block-heading has-text-align-center has-condensed-bold-font-family has-custom-1-font-size\" style=\"margin-top:var(--wp--preset--spacing--16);margin-bottom:var(--wp--preset--spacing--16);letter-spacing:0px;line-height:1\">Skolor<\/h3>\n\n<\/a>\n\n\n<a\nhref=\"https:\/\/giellavahkku.org\/sv\/om-uken\/10-tips-til-bedrifter-og-institusjoner\/\"\ndata-block-name=\"gnist\/link-anything\" style=\"padding-top:var(--wp--preset--spacing--72);padding-bottom:var(--wp--preset--spacing--72);padding-left:var(--wp--preset--spacing--48);padding-right:var(--wp--preset--spacing--48);\" class=\"gc-link-anything alignwide wp-block-gnist-link-anything has-background has-blush-background-color is-layout-flow wp-block-gnist-link-anything-is-layout-flow\" aria-label=\"Go to https:\/\/giellavahkku.org\/sv\/om-uken\/10-tips-til-bedrifter-og-institusjoner\/\">\n\t\n\n<h3 class=\"wp-block-heading has-text-align-center has-condensed-bold-font-family has-custom-1-font-size\" style=\"margin-top:var(--wp--preset--spacing--16);margin-bottom:var(--wp--preset--spacing--16);letter-spacing:0px;line-height:1\">F\u00f6retag och organisationer<\/h3>\n\n<\/a>\n<\/div>\n\n\n\n<div class=\"wp-block-buttons is-content-justification-center is-layout-flex wp-container-core-buttons-is-layout-a89b3969 wp-block-buttons-is-layout-flex\">\n<div class=\"wp-block-button\"><a class=\"wp-block-button__link wp-element-button\" href=\"https:\/\/giellavahkku.org\/sv\/hur-du-kan-delta\/\">fler tips<\/a><\/div>\n<\/div>\n\n\n\n<div class=\"wp-block-cover is-light\"><img decoding=\"async\" class=\"wp-block-cover__image-background wp-image-9711 size-large\" alt=\"\" src=\"https:\/\/giellavahkku.org\/wp-content\/uploads\/2025\/09\/alle-arrangementer-farge-1024x574.png\" data-object-fit=\"cover\"\/><span aria-hidden=\"true\" class=\"wp-block-cover__background has-beige-background-color has-background-dim-80 has-background-dim\"><\/span><div class=\"wp-block-cover__inner-container is-layout-constrained wp-block-cover-is-layout-constrained\">\n<p class=\"has-text-align-center has-blue-color has-text-color has-link-color wp-elements-d756968b0e28702a792b7665646e74d3\" style=\"font-size:clamp(27.894px, 1.743rem + ((1vw - 3.2px) * 2.094), 48px);\"><strong><a href=\"https:\/\/giellavahkku.org\/sv\/program\/\">Alla evenemang<\/a><\/strong><\/p>\n<\/div><\/div>\n\n\n\n<div class=\"wp-block-group is-layout-constrained wp-container-core-group-is-layout-9e49823d wp-block-group-is-layout-constrained\" style=\"margin-top:var(--wp--preset--spacing--150);margin-bottom:var(--wp--preset--spacing--64)\">\n<h2 class=\"wp-block-heading has-text-align-center has-custom-1-font-size\" style=\"text-transform:uppercase\">Spr\u00e5kverktyg<\/h2>\n<\/div>\n\n\n\n<div class=\"wp-block-group alignwide has-honey-background-color has-background is-layout-flow wp-block-group-is-layout-flow\" style=\"padding-top:var(--wp--preset--spacing--72);padding-right:var(--wp--preset--spacing--72);padding-bottom:var(--wp--preset--spacing--72);padding-left:var(--wp--preset--spacing--72);font-style:normal;font-weight:500\">\n<p class=\"has-text-align-center has-sizing-medium has-custom-3-font-size\">Det finns flera digitala spr\u00e5kverktyg som stavningskontroll f\u00f6r b\u00e5de Windows och Mac, stavningskontroll mobilt tangentbord f\u00f6r b\u00e5de Android och iOS (iPhone och iPad), ordlistor, och mycket mer.<\/p>\n<\/div>\n\n\n\n<div class=\"wp-block-buttons is-horizontal is-content-justification-center is-layout-flex wp-container-core-buttons-is-layout-03627597 wp-block-buttons-is-layout-flex\">\n<div class=\"wp-block-button\"><a class=\"wp-block-button__link wp-element-button\" href=\"https:\/\/giellavahkku.org\/sv\/om-uken\/sprakverktoy\/\">se h\u00e4r<\/a><\/div>\n<\/div>\n\n\n\n<div class=\"wp-block-group is-layout-constrained wp-container-core-group-is-layout-9e49823d wp-block-group-is-layout-constrained\" style=\"margin-top:var(--wp--preset--spacing--150);margin-bottom:var(--wp--preset--spacing--64)\">\n<h2 class=\"wp-block-heading has-text-align-center has-custom-1-font-size\" style=\"text-transform:uppercase\">Har du l\u00e4st?<\/h2>\n<\/div>\n\n\n\n<div class=\"wp-block-query alignwide is-layout-flow wp-block-query-is-layout-flow\"><ul style=\"border-style:none;border-width:0px;\" class=\"wp-block-post-template is-layout-grid wp-container-core-post-template-is-layout-ccdeb136 wp-block-post-template-is-layout-grid\"><li class=\"wp-block-post post-7158 post type-post status-publish format-standard has-post-thumbnail hentry category-okategoriserad\">\n<a\nhref=\"https:\/\/giellavahkku.org\/sv\/en-lysere-fremtid-for-det-lulesamiske-spraket\/\"\ndata-block-name=\"gnist\/link-anything\" style=\"min-height:100%;\" class=\"gc-link-anything wp-block-gnist-link-anything has-background has-main-background-color is-layout-flow wp-block-gnist-link-anything-is-layout-flow\" aria-label=\"Go to https:\/\/giellavahkku.org\/sv\/en-lysere-fremtid-for-det-lulesamiske-spraket\/\">\n\t\n<figure style=\"aspect-ratio:3\/2;margin-top:0;margin-bottom:0\" class=\"wp-block-post-featured-image\"><img loading=\"lazy\" decoding=\"async\" width=\"2048\" height=\"1152\" src=\"https:\/\/giellavahkku.org\/wp-content\/uploads\/2024\/10\/01-dragan-cubrilo-scaled.jpeg\" class=\"attachment-full size-full wp-post-image\" alt=\"\" style=\"width:100%;height:100%;object-fit:cover\" srcset=\"https:\/\/giellavahkku.org\/wp-content\/uploads\/2024\/10\/01-dragan-cubrilo-scaled.jpeg 2048w, https:\/\/giellavahkku.org\/wp-content\/uploads\/2024\/10\/01-dragan-cubrilo-300x169.jpeg 300w, https:\/\/giellavahkku.org\/wp-content\/uploads\/2024\/10\/01-dragan-cubrilo-1024x576.jpeg 1024w, https:\/\/giellavahkku.org\/wp-content\/uploads\/2024\/10\/01-dragan-cubrilo-768x432.jpeg 768w, https:\/\/giellavahkku.org\/wp-content\/uploads\/2024\/10\/01-dragan-cubrilo-1536x864.jpeg 1536w\" sizes=\"auto, (max-width: 2048px) 100vw, 2048px\" \/><\/figure>\n\n<h2 style=\"padding-top:var(--wp--preset--spacing--16);padding-bottom:var(--wp--preset--spacing--16);padding-left:var(--wp--preset--spacing--16);padding-right:var(--wp--preset--spacing--16);margin-top:0;margin-bottom:0\" class=\"wp-block-post-title has-background has-main-background-color has-custom-3-font-size\">-En ljusare framtid f\u00f6r det lulesamiska spr\u00e5ket<\/h2>\n<\/a>\n\n<\/li><li class=\"wp-block-post post-7155 post type-post status-publish format-standard has-post-thumbnail hentry category-okategoriserad\">\n<a\nhref=\"https:\/\/giellavahkku.org\/sv\/sprak-er-helse\/\"\ndata-block-name=\"gnist\/link-anything\" style=\"min-height:100%;\" class=\"gc-link-anything wp-block-gnist-link-anything has-background has-main-background-color is-layout-flow wp-block-gnist-link-anything-is-layout-flow\" aria-label=\"Go to https:\/\/giellavahkku.org\/sv\/sprak-er-helse\/\">\n\t\n<figure style=\"aspect-ratio:3\/2;margin-top:0;margin-bottom:0\" class=\"wp-block-post-featured-image\"><img loading=\"lazy\" decoding=\"async\" width=\"1730\" height=\"1038\" src=\"https:\/\/giellavahkku.org\/wp-content\/uploads\/2024\/09\/anne-lajla-kalstad-1000x600-1.jpg\" class=\"attachment-full size-full wp-post-image\" alt=\"\" style=\"width:100%;height:100%;object-fit:cover\" srcset=\"https:\/\/giellavahkku.org\/wp-content\/uploads\/2024\/09\/anne-lajla-kalstad-1000x600-1.jpg 1730w, https:\/\/giellavahkku.org\/wp-content\/uploads\/2024\/09\/anne-lajla-kalstad-1000x600-1-300x180.jpg 300w, https:\/\/giellavahkku.org\/wp-content\/uploads\/2024\/09\/anne-lajla-kalstad-1000x600-1-1024x614.jpg 1024w, https:\/\/giellavahkku.org\/wp-content\/uploads\/2024\/09\/anne-lajla-kalstad-1000x600-1-768x461.jpg 768w, https:\/\/giellavahkku.org\/wp-content\/uploads\/2024\/09\/anne-lajla-kalstad-1000x600-1-1536x922.jpg 1536w, https:\/\/giellavahkku.org\/wp-content\/uploads\/2024\/09\/anne-lajla-kalstad-1000x600-1-1000x600.jpg 1000w\" sizes=\"auto, (max-width: 1730px) 100vw, 1730px\" \/><\/figure>\n\n<h2 style=\"padding-top:var(--wp--preset--spacing--16);padding-bottom:var(--wp--preset--spacing--16);padding-left:var(--wp--preset--spacing--16);padding-right:var(--wp--preset--spacing--16);margin-top:0;margin-bottom:0\" class=\"wp-block-post-title has-background has-main-background-color has-custom-3-font-size\">&#8211; Spr\u00e5k \u00e4r h\u00e4lsa<\/h2>\n<\/a>\n\n<\/li><li class=\"wp-block-post post-7151 post type-post status-publish format-standard has-post-thumbnail hentry category-okategoriserad\">\n<a\nhref=\"https:\/\/giellavahkku.org\/sv\/laerer-samisk-gjennom-musikk\/\"\ndata-block-name=\"gnist\/link-anything\" style=\"min-height:100%;\" class=\"gc-link-anything wp-block-gnist-link-anything has-background has-main-background-color is-layout-flow wp-block-gnist-link-anything-is-layout-flow\" aria-label=\"Go to https:\/\/giellavahkku.org\/sv\/laerer-samisk-gjennom-musikk\/\">\n\t\n<figure style=\"aspect-ratio:3\/2;margin-top:0;margin-bottom:0\" class=\"wp-block-post-featured-image\"><img loading=\"lazy\" decoding=\"async\" width=\"1366\" height=\"2048\" src=\"https:\/\/giellavahkku.org\/wp-content\/uploads\/2024\/09\/cecilia-dyroy-1-scaled-e1725886422980.jpg\" class=\"attachment-full size-full wp-post-image\" alt=\"\" style=\"width:100%;height:100%;object-fit:cover\" \/><\/figure>\n\n<h2 style=\"padding-top:var(--wp--preset--spacing--16);padding-bottom:var(--wp--preset--spacing--16);padding-left:var(--wp--preset--spacing--16);padding-right:var(--wp--preset--spacing--16);margin-top:0;margin-bottom:0\" class=\"wp-block-post-title has-background has-main-background-color has-custom-3-font-size\">Att l\u00e4ra sig samiska genom musik<\/h2>\n<\/a>\n\n<\/li><li class=\"wp-block-post post-7180 post type-post status-publish format-standard has-post-thumbnail hentry category-okategoriserad\">\n<a\nhref=\"https:\/\/giellavahkku.org\/sv\/vis-at-du-snakker-samisk\/\"\ndata-block-name=\"gnist\/link-anything\" style=\"min-height:100%;\" class=\"gc-link-anything wp-block-gnist-link-anything has-background has-main-background-color is-layout-flow wp-block-gnist-link-anything-is-layout-flow\" aria-label=\"Go to https:\/\/giellavahkku.org\/sv\/vis-at-du-snakker-samisk\/\">\n\t\n<figure style=\"aspect-ratio:3\/2;margin-top:0;margin-bottom:0\" class=\"wp-block-post-featured-image\"><img loading=\"lazy\" decoding=\"async\" width=\"2048\" height=\"1556\" src=\"https:\/\/giellavahkku.org\/wp-content\/uploads\/2024\/08\/bilde-med-buttons-scaled.jpg\" class=\"attachment-full size-full wp-post-image\" alt=\"\" style=\"width:100%;height:100%;object-fit:cover\" srcset=\"https:\/\/giellavahkku.org\/wp-content\/uploads\/2024\/08\/bilde-med-buttons-scaled.jpg 2048w, https:\/\/giellavahkku.org\/wp-content\/uploads\/2024\/08\/bilde-med-buttons-300x228.jpg 300w, https:\/\/giellavahkku.org\/wp-content\/uploads\/2024\/08\/bilde-med-buttons-1024x778.jpg 1024w, https:\/\/giellavahkku.org\/wp-content\/uploads\/2024\/08\/bilde-med-buttons-768x584.jpg 768w, https:\/\/giellavahkku.org\/wp-content\/uploads\/2024\/08\/bilde-med-buttons-1536x1167.jpg 1536w\" sizes=\"auto, (max-width: 2048px) 100vw, 2048px\" \/><\/figure>\n\n<h2 style=\"padding-top:var(--wp--preset--spacing--16);padding-bottom:var(--wp--preset--spacing--16);padding-left:var(--wp--preset--spacing--16);padding-right:var(--wp--preset--spacing--16);margin-top:0;margin-bottom:0\" class=\"wp-block-post-title has-background has-main-background-color has-custom-3-font-size\">Visa att du talar samiska<\/h2>\n<\/a>\n\n<\/li><\/ul><\/div>\n\n\n\n<div class=\"wp-block-buttons is-horizontal is-content-justification-center is-layout-flex wp-container-core-buttons-is-layout-03627597 wp-block-buttons-is-layout-flex\">\n<div class=\"wp-block-button\"><a class=\"wp-block-button__link wp-element-button\" href=\"https:\/\/giellavahkku.org\/sv\/nyhetsarkiv\/\">l\u00e4s mer<\/a><\/div>\n<\/div>\n<\/div>\n\n\n\n<p><\/p>\n","protected":false},"excerpt":{"rendered":"<p>Just den h\u00e4r veckan kommer de samiska spr\u00e5ken att h\u00f6ras och dyka upp \u00f6verallt. Det finns flera digitala spr\u00e5kverktyg som stavningskontroll f\u00f6r b\u00e5de Windows och Mac, stavningskontroll mobilt tangentbord f\u00f6r b\u00e5de Android och iOS (iPhone och iPad), ordlistor, och mycket mer.<\/p>\n","protected":false},"author":1,"featured_media":0,"parent":0,"menu_order":0,"comment_status":"closed","ping_status":"closed","template":"no-title","meta":{"_acf_changed":false,"footnotes":""},"class_list":["post-264","page","type-page","status-publish","hentry"],"acf":[],"_links":{"self":[{"href":"https:\/\/giellavahkku.org\/sv\/wp-json\/wp\/v2\/pages\/264","targetHints":{"allow":["GET"]}}],"collection":[{"href":"https:\/\/giellavahkku.org\/sv\/wp-json\/wp\/v2\/pages"}],"about":[{"href":"https:\/\/giellavahkku.org\/sv\/wp-json\/wp\/v2\/types\/page"}],"author":[{"embeddable":true,"href":"https:\/\/giellavahkku.org\/sv\/wp-json\/wp\/v2\/users\/1"}],"replies":[{"embeddable":true,"href":"https:\/\/giellavahkku.org\/sv\/wp-json\/wp\/v2\/comments?post=264"}],"version-history":[{"count":4,"href":"https:\/\/giellavahkku.org\/sv\/wp-json\/wp\/v2\/pages\/264\/revisions"}],"predecessor-version":[{"id":11951,"href":"https:\/\/giellavahkku.org\/sv\/wp-json\/wp\/v2\/pages\/264\/revisions\/11951"}],"wp:attachment":[{"href":"https:\/\/giellavahkku.org\/sv\/wp-json\/wp\/v2\/media?parent=264"}],"curies":[{"name":"wp","href":"https:\/\/api.w.org\/{rel}","templated":true}]}}