{"id":5707,"date":"2023-10-11T18:11:25","date_gmt":"2023-10-11T16:11:25","guid":{"rendered":"https:\/\/giellavahkku.org\/?page_id=5707"},"modified":"2023-10-11T18:11:27","modified_gmt":"2023-10-11T16:11:27","slug":"tio-tips-till-forskolan","status":"publish","type":"page","link":"https:\/\/giellavahkku.org\/sv\/tio-tips-till-forskolan\/","title":{"rendered":"Tio tips till f\u00f6rskolan"},"content":{"rendered":"\n<figure class=\"wp-block-image size-large\"><img loading=\"lazy\" decoding=\"async\" width=\"1024\" height=\"680\" src=\"https:\/\/giellavahkku.org\/wp-content\/uploads\/2023\/10\/barnehagesak-giellavahkku-1-1024x680.jpg\" alt=\"\" class=\"wp-image-5209\" srcset=\"https:\/\/giellavahkku.org\/wp-content\/uploads\/2023\/10\/barnehagesak-giellavahkku-1-1024x680.jpg 1024w, https:\/\/giellavahkku.org\/wp-content\/uploads\/2023\/10\/barnehagesak-giellavahkku-1-300x199.jpg 300w, https:\/\/giellavahkku.org\/wp-content\/uploads\/2023\/10\/barnehagesak-giellavahkku-1-768x510.jpg 768w, https:\/\/giellavahkku.org\/wp-content\/uploads\/2023\/10\/barnehagesak-giellavahkku-1-1536x1020.jpg 1536w, https:\/\/giellavahkku.org\/wp-content\/uploads\/2023\/10\/barnehagesak-giellavahkku-1.jpg 2048w\" sizes=\"auto, (max-width: 1024px) 100vw, 1024px\" \/><\/figure>\n\n\n\n<ol class=\"wp-block-list\" type=\"1\">\n<li><strong>Samiska spr\u00e5k som tema hela veckann. <\/strong>S\u00e4tt samiska spr\u00e5k som tema hela veckan och l\u00e4gg in det i m\u00e5nadsplanen (den \u00e4r vecka 43 varje \u00e5r). Planera aktiviteter kring samiska spr\u00e5k och kultur. G\u00f6r en veckoplanering utifr\u00e5n tipsen nedan som passar er.<\/li>\n<\/ol>\n\n\n\n<ol class=\"wp-block-list\" start=\"2\">\n<li><strong>Samiska ber\u00e4ttelser. <\/strong>L\u00e4s samiska ber\u00e4ttelser f\u00f6r barnen. Det finns samiska barnb\u00f6cker b\u00e5de p\u00e5 samiska och andra spr\u00e5k.<\/li>\n<\/ol>\n\n\n\n<ol class=\"wp-block-list\" start=\"3\">\n<li><strong>Samiskt disco<\/strong>. Lyssna p\u00e5 jojk och annan samisk musik tillsammans med barnen. G\u00f6r en spellista p\u00e5 Spotify med samisk musik och anordna ett samiskt disco.<\/li>\n<\/ol>\n\n\n\n<ol class=\"wp-block-list\" start=\"4\">\n<li><strong>Dansa BlimE! <\/strong>Dansa till de samiska BlimE varianterna, du hittar dem h\u00e4r: <a href=\"https:\/\/nrksuper.no\/serie\/blime\/MSUM06001023\/sesong-12\/episode-4\">https:\/\/nrksuper.no\/serie\/blime\/MSUM06001023\/sesong-12\/episode-4<\/a><\/li>\n<\/ol>\n\n\n\n<ol class=\"wp-block-list\" start=\"5\">\n<li><strong>Spela spr\u00e5kspel. <\/strong>Introducera barnen f\u00f6r samiska ord genom lek och spel. Enkla h\u00e4lsningar och f\u00e4rger kan vara en bra start. Om barnen talar samiska, introducera dem till de andra samiska spr\u00e5ken.<\/li>\n<\/ol>\n\n\n\n<ol class=\"wp-block-list\" start=\"6\">\n<li><strong>Sjung barns\u00e5nger. <\/strong>L\u00e4r barnen enkla samiska barns\u00e5nger. S\u00e5ng \u00e4r ett kraftfullt s\u00e4tt att f\u00f6rmedla kultur p\u00e5. Ni kan ocks\u00e5 prata om jojk, lyssna p\u00e5 olika djurjojkar.<\/li>\n<\/ol>\n\n\n\n<ol class=\"wp-block-list\" start=\"7\">\n<li><strong>Bokstavliga roligheter. <\/strong>Skolgruppen kan g\u00f6ra ett samiskt alfabets-t\u00e5g eller andra bokstavsspel f\u00f6r att introducera barnen till samisk skrift.<\/li>\n<\/ol>\n\n\n\n<ol class=\"wp-block-list\" start=\"8\">\n<li><strong>Film- och ber\u00e4ttelsetid. <\/strong>Visa filmer eller illustrerade b\u00f6cker som representerar samisk kultur och liv.<\/li>\n<\/ol>\n\n\n\n<ol class=\"wp-block-list\" start=\"9\">\n<li><strong>Rita sameflaggan. <\/strong>Rita sameflaggan och l\u00e4r barnen om samernas geografi, spr\u00e5k och spr\u00e5kets offeciella status. Det finns m\u00e5nga olika samiska spr\u00e5k, prata med barnen om vilket spr\u00e5k som pratas d\u00e4r f\u00f6rskolan \u00e4r.<\/li>\n<\/ol>\n\n\n\n<ol class=\"wp-block-list\" start=\"10\">\n<li><strong>L\u00e4r om samisk kultur. <\/strong>Hitta tv-serier eller filmer om barn som lever i samiska kulturen och se p\u00e5 dessa eller bjud in en g\u00e4st som kan ber\u00e4tta n\u00e5got om samisk kultur. Den samiska kulturen \u00e4r m\u00e5ngfaldig, v\u00e4lj n\u00e5got som \u00e4r relevant f\u00f6r er.<\/li>\n<\/ol>\n","protected":false},"excerpt":{"rendered":"","protected":false},"author":85,"featured_media":0,"parent":0,"menu_order":0,"comment_status":"closed","ping_status":"closed","template":"","meta":{"_acf_changed":false,"footnotes":""},"class_list":["post-5707","page","type-page","status-publish","hentry"],"acf":[],"_links":{"self":[{"href":"https:\/\/giellavahkku.org\/sv\/wp-json\/wp\/v2\/pages\/5707","targetHints":{"allow":["GET"]}}],"collection":[{"href":"https:\/\/giellavahkku.org\/sv\/wp-json\/wp\/v2\/pages"}],"about":[{"href":"https:\/\/giellavahkku.org\/sv\/wp-json\/wp\/v2\/types\/page"}],"author":[{"embeddable":true,"href":"https:\/\/giellavahkku.org\/sv\/wp-json\/wp\/v2\/users\/85"}],"replies":[{"embeddable":true,"href":"https:\/\/giellavahkku.org\/sv\/wp-json\/wp\/v2\/comments?post=5707"}],"version-history":[{"count":1,"href":"https:\/\/giellavahkku.org\/sv\/wp-json\/wp\/v2\/pages\/5707\/revisions"}],"predecessor-version":[{"id":5715,"href":"https:\/\/giellavahkku.org\/sv\/wp-json\/wp\/v2\/pages\/5707\/revisions\/5715"}],"wp:attachment":[{"href":"https:\/\/giellavahkku.org\/sv\/wp-json\/wp\/v2\/media?parent=5707"}],"curies":[{"name":"wp","href":"https:\/\/api.w.org\/{rel}","templated":true}]}}