{"id":5945,"date":"2023-10-03T14:39:43","date_gmt":"2023-10-03T12:39:43","guid":{"rendered":"https:\/\/giellavahkku.org\/10-tips-til-bedrifter-og-institusjoner\/"},"modified":"2025-08-28T16:38:41","modified_gmt":"2025-08-28T14:38:41","slug":"10-tips-til-bedrifter-og-institusjoner","status":"publish","type":"page","link":"https:\/\/giellavahkku.org\/sv\/om-uken\/10-tips-til-bedrifter-og-institusjoner\/","title":{"rendered":"10 Tips till f\u00f6retag och organisationer"},"content":{"rendered":"\n<div class=\"wp-block-group alignwide has-honey-background-color has-background is-layout-flow wp-block-group-is-layout-flow\" style=\"padding-top:var(--wp--preset--spacing--72);padding-right:var(--wp--preset--spacing--72);padding-bottom:var(--wp--preset--spacing--72);padding-left:var(--wp--preset--spacing--72);font-style:normal;font-weight:500\">\n<p class=\"has-text-align-center has-sizing-medium has-custom-2-font-size\">Att delta i samiska spr\u00e5kveckan ett fint s\u00e4tt att ta ett viktigt samh\u00e4llsansvar. G\u00f6r det p\u00e5 roligt s\u00e4tt, h\u00e4r \u00e4r tio tips som kan ge inspiration.<\/p>\n<\/div>\n\n\n\n<ol start=\"1\" class=\"wp-block-list\">\n<li><strong>\u00c5rlig tradition. <\/strong>M\u00e4rk vecka 43 i kalendern. G\u00f6r samisk spr\u00e5kvecka till en \u00e5rlig h\u00e4ndelse hos er. \u00c4r du anst\u00e4lld? Se till att p\u00e5minna ledningen och kommunikationsavdelningen.&nbsp;<\/li>\n<\/ol>\n\n\n\n<ol start=\"2\" class=\"wp-block-list\">\n<li><strong>E-post signatur. <\/strong>Detta \u00e4r en vecka f\u00f6r att g\u00f6ra e-post signaturen p\u00e5 samiska! Du hittar digitala ordb\u00f6cker under resurser p\u00e5 v\u00e5ran hemsida.<\/li>\n<\/ol>\n\n\n\n<ol start=\"3\" class=\"wp-block-list\">\n<li><strong>Samisk kundkontakt. <\/strong>Kolla om det finns samisktalande anst\u00e4llda som \u00f6nskar att bidra med att kunder och samarbetspartners kan kontakta er p\u00e5 samiska. Om ja, dela det p\u00e5 sociala medier.<\/li>\n<\/ol>\n\n\n\n<ol start=\"4\" class=\"wp-block-list\">\n<li><strong>Samisk meny. <\/strong>Har ni ett kaf\u00e9 eller matplats? Nu \u00e4r det perfekt att \u00f6vers\u00e4tta menyn till samiska.<\/li>\n<\/ol>\n\n\n\n<ol start=\"5\" class=\"wp-block-list\">\n<li><strong>Akademisk samisk twist. <\/strong>Koppla samiska spr\u00e5ket till det omr\u00e5de du arbetar med. V\u00e4der? Ge v\u00e4derprognos p\u00e5 samiska. Webbutik? F\u00f6ljebrev p\u00e5 samiska. P\u00e5 s\u00e5 s\u00e4tt blir det relevant f\u00f6r eran m\u00e5lgrupp.<\/li>\n<\/ol>\n\n\n\n<ol start=\"6\" class=\"wp-block-list\">\n<li><strong>Samiska p\u00e5 sk\u00e4rmen. <\/strong>Ladda ned material fr\u00e5n v\u00e5ra webbsidor och l\u00e4gg ut samiskt inneh\u00e5ll.<\/li>\n<\/ol>\n\n\n\n<ol start=\"7\" class=\"wp-block-list\">\n<li><strong>Bures-dagen.<\/strong> Uppmana till att h\u00e4lsa p\u00e5 samiska eller p\u00e5 ett samiskt spr\u00e5k som inte \u00e4r ditt modersm\u00e5l.<\/li>\n<\/ol>\n\n\n\n<ol start=\"8\" class=\"wp-block-list\">\n<li><strong>Synlighet. <\/strong>Var goda f\u00f6rebilder och dela inneh\u00e5ll p\u00e5 samiska, g\u00e4rna som t\u00e4vlingar eller i samarbete med influencer.<\/li>\n<\/ol>\n\n\n\n<ol start=\"9\" class=\"wp-block-list\">\n<li><strong>L\u00e5t samiska h\u00f6ras. <\/strong>G\u00f6r samisk telefonsvarare p\u00e5 telefonen, callingsystemet eller andra st\u00e4llen d\u00e4r samiska kan h\u00f6ras.<\/li>\n<\/ol>\n\n\n\n<ol start=\"10\" class=\"wp-block-list\">\n<li><strong>Information. <\/strong>Utv\u00e4rdera vilken information ni har f\u00f6r kunder\/befolkning p\u00e5 samiska idag, vad borde ni ha och s\u00e4tt ig\u00e5ng att realisera det.<br>&nbsp;<br>Lycka till!<\/li>\n<\/ol>\n","protected":false},"excerpt":{"rendered":"<p>Att delta i samiska spr\u00e5kveckan ett fint s\u00e4tt att ta ett viktigt samh\u00e4llsansvar. G\u00f6r det p\u00e5 roligt s\u00e4tt, h\u00e4r \u00e4r tio tips som kan ge inspiration.<\/p>\n","protected":false},"author":85,"featured_media":5308,"parent":448,"menu_order":0,"comment_status":"closed","ping_status":"closed","template":"","meta":{"_acf_changed":false,"footnotes":""},"class_list":["post-5945","page","type-page","status-publish","has-post-thumbnail","hentry"],"acf":[],"_links":{"self":[{"href":"https:\/\/giellavahkku.org\/sv\/wp-json\/wp\/v2\/pages\/5945","targetHints":{"allow":["GET"]}}],"collection":[{"href":"https:\/\/giellavahkku.org\/sv\/wp-json\/wp\/v2\/pages"}],"about":[{"href":"https:\/\/giellavahkku.org\/sv\/wp-json\/wp\/v2\/types\/page"}],"author":[{"embeddable":true,"href":"https:\/\/giellavahkku.org\/sv\/wp-json\/wp\/v2\/users\/85"}],"replies":[{"embeddable":true,"href":"https:\/\/giellavahkku.org\/sv\/wp-json\/wp\/v2\/comments?post=5945"}],"version-history":[{"count":2,"href":"https:\/\/giellavahkku.org\/sv\/wp-json\/wp\/v2\/pages\/5945\/revisions"}],"predecessor-version":[{"id":8997,"href":"https:\/\/giellavahkku.org\/sv\/wp-json\/wp\/v2\/pages\/5945\/revisions\/8997"}],"up":[{"embeddable":true,"href":"https:\/\/giellavahkku.org\/sv\/wp-json\/wp\/v2\/pages\/448"}],"wp:featuredmedia":[{"embeddable":true,"href":"https:\/\/giellavahkku.org\/sv\/wp-json\/wp\/v2\/media\/5308"}],"wp:attachment":[{"href":"https:\/\/giellavahkku.org\/sv\/wp-json\/wp\/v2\/media?parent=5945"}],"curies":[{"name":"wp","href":"https:\/\/api.w.org\/{rel}","templated":true}]}}