{"id":6117,"date":"2023-10-03T09:08:51","date_gmt":"2023-10-03T07:08:51","guid":{"rendered":"https:\/\/giellavahkku.org\/10-tips-til-barnehager\/"},"modified":"2025-10-08T14:32:42","modified_gmt":"2025-10-08T12:32:42","slug":"10-tips-til-barnehager","status":"publish","type":"page","link":"https:\/\/giellavahkku.org\/sv\/om-uken\/10-tips-til-barnehager\/","title":{"rendered":"Tio tips till f\u00f6rskolan"},"content":{"rendered":"\n<ol style=\"list-style-type:1\" class=\"wp-block-list\">\n<li><strong>Samiska spr\u00e5k som tema hela veckann.&nbsp;<\/strong>S\u00e4tt samiska spr\u00e5k som tema hela veckan och l\u00e4gg in det i m\u00e5nadsplanen (den \u00e4r vecka 43 varje \u00e5r). Planera aktiviteter kring samiska spr\u00e5k och kultur. G\u00f6r en veckoplanering utifr\u00e5n tipsen nedan som passar er.<\/li>\n<\/ol>\n\n\n\n<ol start=\"2\" class=\"wp-block-list\">\n<li><strong>Samiska ber\u00e4ttelser.&nbsp;<\/strong>L\u00e4s samiska ber\u00e4ttelser f\u00f6r barnen. Det finns samiska barnb\u00f6cker b\u00e5de p\u00e5 samiska och andra spr\u00e5k.<\/li>\n<\/ol>\n\n\n\n<ol start=\"3\" class=\"wp-block-list\">\n<li><strong>Samiskt disco<\/strong>. Lyssna p\u00e5 jojk och annan samisk musik tillsammans med barnen. G\u00f6r en spellista p\u00e5 Spotify med samisk musik och anordna ett samiskt disco.<\/li>\n<\/ol>\n\n\n\n<ol start=\"4\" class=\"wp-block-list\">\n<li><strong>Dansa BlimE!&nbsp;<\/strong>Dansa till de samiska BlimE varianterna, du hittar dem h\u00e4r: <a href=\"https:\/\/nrksuper.no\/serie\/blime\/MSUM06001023\/sesong-12\/episode-4\">https:\/\/nrksuper.no\/serie\/blime\/MSUM06001023\/sesong-12\/episode-4<\/a><\/li>\n<\/ol>\n\n\n\n<ol start=\"5\" class=\"wp-block-list\">\n<li><strong>Spela spr\u00e5kspel.&nbsp;<\/strong>Introducera barnen f\u00f6r samiska ord genom lek och spel. Enkla h\u00e4lsningar och f\u00e4rger kan vara en bra start. Om barnen talar samiska, introducera dem till de andra samiska spr\u00e5ken.<\/li>\n<\/ol>\n\n\n\n<ol start=\"6\" class=\"wp-block-list\">\n<li><strong>Sjung barns\u00e5nger.&nbsp;<\/strong>L\u00e4r barnen enkla samiska barns\u00e5nger. S\u00e5ng \u00e4r ett kraftfullt s\u00e4tt att f\u00f6rmedla kultur p\u00e5. Ni kan ocks\u00e5 prata om jojk, lyssna p\u00e5 olika djurjojkar.<\/li>\n<\/ol>\n\n\n\n<ol start=\"7\" class=\"wp-block-list\">\n<li><strong>Bokstavliga roligheter.&nbsp;<\/strong>Skolgruppen kan g\u00f6ra ett samiskt alfabets-t\u00e5g eller andra bokstavsspel f\u00f6r att introducera barnen till samisk skrift.<\/li>\n<\/ol>\n\n\n\n<ol start=\"8\" class=\"wp-block-list\">\n<li><strong>Film- och ber\u00e4ttelsetid.&nbsp;<\/strong>Visa filmer eller illustrerade b\u00f6cker som representerar samisk kultur och liv.<\/li>\n<\/ol>\n\n\n\n<ol start=\"9\" class=\"wp-block-list\">\n<li><strong>Rita sameflaggan.&nbsp;<\/strong>Rita sameflaggan och l\u00e4r barnen om samernas geografi, spr\u00e5k och spr\u00e5kets offeciella status. Det finns m\u00e5nga olika samiska spr\u00e5k, prata med barnen om vilket spr\u00e5k som pratas d\u00e4r f\u00f6rskolan \u00e4r.<\/li>\n<\/ol>\n\n\n\n<ol start=\"10\" class=\"wp-block-list\">\n<li><strong>L\u00e4r om samisk kultur.&nbsp;<\/strong>Hitta tv-serier eller filmer om barn som lever i samiska kulturen och se p\u00e5 dessa eller bjud in en g\u00e4st som kan ber\u00e4tta n\u00e5got om samisk kultur. Den samiska kulturen \u00e4r m\u00e5ngfaldig, v\u00e4lj n\u00e5got som \u00e4r relevant f\u00f6r er.<\/li>\n<\/ol>\n","protected":false},"excerpt":{"rendered":"","protected":false},"author":85,"featured_media":9762,"parent":448,"menu_order":0,"comment_status":"closed","ping_status":"closed","template":"","meta":{"_acf_changed":false,"footnotes":""},"class_list":["post-6117","page","type-page","status-publish","has-post-thumbnail","hentry"],"acf":[],"_links":{"self":[{"href":"https:\/\/giellavahkku.org\/sv\/wp-json\/wp\/v2\/pages\/6117","targetHints":{"allow":["GET"]}}],"collection":[{"href":"https:\/\/giellavahkku.org\/sv\/wp-json\/wp\/v2\/pages"}],"about":[{"href":"https:\/\/giellavahkku.org\/sv\/wp-json\/wp\/v2\/types\/page"}],"author":[{"embeddable":true,"href":"https:\/\/giellavahkku.org\/sv\/wp-json\/wp\/v2\/users\/85"}],"replies":[{"embeddable":true,"href":"https:\/\/giellavahkku.org\/sv\/wp-json\/wp\/v2\/comments?post=6117"}],"version-history":[{"count":2,"href":"https:\/\/giellavahkku.org\/sv\/wp-json\/wp\/v2\/pages\/6117\/revisions"}],"predecessor-version":[{"id":8674,"href":"https:\/\/giellavahkku.org\/sv\/wp-json\/wp\/v2\/pages\/6117\/revisions\/8674"}],"up":[{"embeddable":true,"href":"https:\/\/giellavahkku.org\/sv\/wp-json\/wp\/v2\/pages\/448"}],"wp:featuredmedia":[{"embeddable":true,"href":"https:\/\/giellavahkku.org\/sv\/wp-json\/wp\/v2\/media\/9762"}],"wp:attachment":[{"href":"https:\/\/giellavahkku.org\/sv\/wp-json\/wp\/v2\/media?parent=6117"}],"curies":[{"name":"wp","href":"https:\/\/api.w.org\/{rel}","templated":true}]}}