{"id":8831,"date":"2025-08-01T11:28:11","date_gmt":"2025-08-01T09:28:11","guid":{"rendered":"https:\/\/giellavahkku.org\/om-uken\/sprakverktoy\/"},"modified":"2025-10-10T12:10:13","modified_gmt":"2025-10-10T10:10:13","slug":"sprakverktoy","status":"publish","type":"page","link":"https:\/\/giellavahkku.org\/sv\/hur-du-kan-delta\/sprakverktoy\/","title":{"rendered":"Spr\u00e5kverktyg"},"content":{"rendered":"\n<p class=\"has-sizing-medium\">Det finns flera digitala spr\u00e5kverktyg som stavningskontroll f\u00f6r b\u00e5de Windows och Mac, stavningskontroll mobilt tangentbord f\u00f6r b\u00e5de Android och iOS (iPhone och iPad), ordlistor, och mycket mer. Kolla in\u00a0<a href=\"https:\/\/divvun.no\/no\/\">Divvuns<\/a>\u00a0sida f\u00f6r mer samisk spr\u00e5kteknik.<\/p>\n\n\n\n<div class=\"wp-block-group is-layout-constrained wp-container-core-group-is-layout-9e49823d wp-block-group-is-layout-constrained\" style=\"margin-top:var(--wp--preset--spacing--150);margin-bottom:var(--wp--preset--spacing--64)\">\n<h2 class=\"wp-block-heading has-text-align-center has-custom-1-font-size\" style=\"text-transform:uppercase\">App<\/h2>\n<\/div>\n\n\n\n<div class=\"wp-block-columns alignwide is-layout-flex wp-container-core-columns-is-layout-0a32c70f wp-block-columns-is-layout-flex\">\n<div class=\"wp-block-column has-honey-background-color has-background is-layout-flow wp-block-column-is-layout-flow\" style=\"padding-top:var(--wp--preset--spacing--32);padding-right:var(--wp--preset--spacing--32);padding-bottom:var(--wp--preset--spacing--32);padding-left:var(--wp--preset--spacing--32)\">\n<figure class=\"wp-block-image size-full is-resized\"><img loading=\"lazy\" decoding=\"async\" width=\"503\" height=\"281\" src=\"https:\/\/giellavahkku.org\/wp-content\/uploads\/2021\/10\/bago.png\" alt=\"10\/20 Bago skjermbilde\" class=\"wp-image-988\" style=\"width:auto;height:190px\" srcset=\"https:\/\/giellavahkku.org\/wp-content\/uploads\/2021\/10\/bago.png 503w, https:\/\/giellavahkku.org\/wp-content\/uploads\/2021\/10\/bago-300x168.png 300w\" sizes=\"auto, (max-width: 503px) 100vw, 503px\" \/><\/figure>\n\n\n\n<h2 class=\"wp-block-heading\">10\/20 b\u00e1go <\/h2>\n\n\n\n<p class=\"has-sizing-medium\"><br>299&nbsp;\/&nbsp;5&nbsp;000<\/p>\n\n\n\n<p class=\"has-sizing-medium\">I samband med samiska spr\u00e5kveckan har Sametinget i Norge skapat appen 10\/20 b\u00e1go, som kan laddas ner till b\u00e5de Android- och iOS-telefoner. <\/p>\n\n\n\n<p class=\"has-sizing-medium\">I appen kan du se, h\u00f6ra och l\u00e4sa 10\/20-ord p\u00e5 b\u00e5de nord-, lule- och sydsamiska. Appen kan anv\u00e4ndas i skolan och p\u00e5 f\u00f6rskolan, men naturligtvis \u00e4ven i privatlivet.<\/p>\n\n\n\n<h3 class=\"wp-block-heading\">Tv\u00e5 affischer<\/h3>\n\n\n\n<p>Sametinget i Norge har ocks\u00e5 skapat tv\u00e5 affischer f\u00f6r appen, <a href=\"https:\/\/giellavahkku.org\/wp-content\/uploads\/2021\/08\/10-sani_Plakat-70x100_bhg_korr3.pdf\">en med 10 ord<\/a> p\u00e5 nord-, lule- och sydsamiska och <a href=\"https:\/\/giellavahkku.org\/wp-content\/uploads\/2021\/08\/20-sani-plakahta.pdf\">en med 20 ord<\/a>.<\/p>\n<\/div>\n\n\n\n<div class=\"wp-block-column has-honey-background-color has-background is-layout-flow wp-block-column-is-layout-flow\" style=\"padding-top:var(--wp--preset--spacing--32);padding-right:var(--wp--preset--spacing--32);padding-bottom:var(--wp--preset--spacing--32);padding-left:var(--wp--preset--spacing--32)\">\n<figure class=\"wp-block-image size-large is-resized\"><img loading=\"lazy\" decoding=\"async\" width=\"1024\" height=\"670\" src=\"https:\/\/giellavahkku.org\/wp-content\/uploads\/2023\/10\/lommeparlor-nedlasting-1-1024x670.jpg\" alt=\"\" class=\"wp-image-5139\" style=\"object-fit:cover;width:288px;height:190px\" srcset=\"https:\/\/giellavahkku.org\/wp-content\/uploads\/2023\/10\/lommeparlor-nedlasting-1-1024x670.jpg 1024w, https:\/\/giellavahkku.org\/wp-content\/uploads\/2023\/10\/lommeparlor-nedlasting-1-300x196.jpg 300w, https:\/\/giellavahkku.org\/wp-content\/uploads\/2023\/10\/lommeparlor-nedlasting-1-768x503.jpg 768w, https:\/\/giellavahkku.org\/wp-content\/uploads\/2023\/10\/lommeparlor-nedlasting-1.jpg 1276w\" sizes=\"auto, (max-width: 1024px) 100vw, 1024px\" \/><\/figure>\n\n\n\n<h2 class=\"wp-block-heading\">Saemesth! <\/h2>\n\n\n\n<p class=\"has-sizing-medium\">I forbindelse med spr\u00e5kkampangen \u00absnakk samisk te`m\u00e6\u00bb lagde Sametinget i Norge i 2013 en lommeparl\u00f8r. Parl\u00f8ren var i hovedsak rettet mot ungdom, og tenkt som en hyggelig invitasjon til \u00e5 snakke samisk ved f\u00f8rste m\u00f8te, i hverdagen og p\u00e5 fest. Parl\u00f8ren ble sv\u00e6rt popul\u00e6r blant folk i alle aldre. Den inneholder ingen tung grammatikk bare mer eller mindre nyttige ord og fraser.<\/p>\n\n\n\n<p class=\"has-sizing-medium\">Parl\u00f8ren ble s\u00e5 popul\u00e6r at Sametinget i Norge i 2019 ogs\u00e5 fikk lagd den som en egen app. Det er lyd til utvalgte ord og fraser, og den kan brukes av de som \u00f8nsker \u00e5 l\u00e6re litt samisk, eller for den som \u00f8nsker \u00e5 l\u00e6re noen ord og setninger p\u00e5 et annet samisk spr\u00e5k. <\/p>\n\n\n\n<p><strong>Lommeparl\u00f8ren er gratis og du finner du p\u00e5 App Store og Google Play.<\/strong><\/p>\n<\/div>\n<\/div>\n\n\n\n<div class=\"wp-block-group is-layout-constrained wp-container-core-group-is-layout-9e49823d wp-block-group-is-layout-constrained\" style=\"margin-top:var(--wp--preset--spacing--150);margin-bottom:var(--wp--preset--spacing--64)\">\n<h2 class=\"wp-block-heading has-text-align-center has-custom-1-font-size\" style=\"text-transform:uppercase\">PC\/mac<\/h2>\n<\/div>\n\n\n\n<div class=\"wp-block-columns alignwide is-layout-flex wp-container-core-columns-is-layout-508e71b7 wp-block-columns-is-layout-flex\">\n<div class=\"wp-block-column has-honey-background-color has-background is-layout-flow wp-block-column-is-layout-flow\" style=\"padding-top:var(--wp--preset--spacing--32);padding-right:var(--wp--preset--spacing--32);padding-bottom:var(--wp--preset--spacing--32);padding-left:var(--wp--preset--spacing--32)\">\n<h2 class=\"wp-block-heading\">Ordb\u00f6cker<\/h2>\n\n\n\n<p><a href=\"http:\/\/dicts.uit.no\/\">Du hittar ordb\u00f6cker f\u00f6r fler spr\u00e5k h\u00e4r: <a href=\"http:\/\/dicts.uit.no\/\">http:\/\/dicts.uit.no\/<\/a><\/a><\/p>\n\n\n\n<div class=\"wp-block-buttons has-sizing-medium is-horizontal is-content-justification-left is-layout-flex wp-container-core-buttons-is-layout-20be11b6 wp-block-buttons-is-layout-flex\">\n<div class=\"wp-block-button\"><a class=\"wp-block-button__link wp-element-button\" href=\"http:\/\/www.satni.org\/\" target=\"_blank\" rel=\"noreferrer noopener\">Nord- och sydsamiska  \u2194 norska<\/a><\/div>\n\n\n\n<div class=\"wp-block-button is-style-fill\"><a class=\"wp-block-button__link wp-element-button\" href=\"https:\/\/baakoeh.oahpa.no\/\" target=\"_blank\" rel=\"noreferrer noopener\">Sydsamiska \u2194 norska<\/a><\/div>\n\n\n\n<div class=\"wp-block-button is-style-fill\"><a class=\"wp-block-button__link wp-element-button\" href=\"https:\/\/sanit.oahpa.no\/sme\/nob\/\">Nordsamiska \u2194 Norska<\/a><\/div>\n\n\n\n<div class=\"wp-block-button is-style-fill\"><a class=\"wp-block-button__link wp-element-button\" href=\"https:\/\/julev.no\/\">Lulesamiska \u2194 Norska<\/a><\/div>\n<\/div>\n<\/div>\n\n\n\n<div class=\"wp-block-column has-honey-background-color has-background is-layout-flow wp-block-column-is-layout-flow\" style=\"padding-top:var(--wp--preset--spacing--32);padding-right:var(--wp--preset--spacing--32);padding-bottom:var(--wp--preset--spacing--32);padding-left:var(--wp--preset--spacing--32)\">\n<h2 class=\"wp-block-heading\"><strong>R\u00e4ttstavningsprogram<\/strong><\/h2>\n\n\n\n<p>Du kan h\u00e4mta\u00a0<a href=\"https:\/\/divvun.no\/no\/korrektur\/korrektur.html\">stavningsverktyget<\/a>\u00a0till MS Office till b\u00e5de Windows och Mac. Den \u00e4r tillg\u00e4nglig f\u00f6r nord-, lule- och sydsamiska.<\/p>\n\n\n\n<h2 class=\"wp-block-heading has-sizing-medium\"><strong>Tangentbord<\/strong><\/h2>\n\n\n\n<p class=\"has-sizing-medium\">Du kan ladda ner samiska tangentbord till b\u00e5de mobil och dator. <\/p>\n\n\n\n<ul class=\"wp-block-list\">\n<li>L\u00e4s mer h\u00e4r om hur du laddar ner och\u00a0<a href=\"https:\/\/divvun.no\/no\/keyboards\/mobileindex.html\">anv\u00e4nder ett mobilt tangentbord<\/a>. <\/li>\n\n\n\n<li>L\u00e4s mer h\u00e4r om hur du laddar ner och\u00a0<a href=\"https:\/\/divvun.no\/no\/keyboards\/desktopindex.html\">anv\u00e4nder ett datortangentbord.<\/a><\/li>\n<\/ul>\n<\/div>\n<\/div>\n\n\n\n<p><\/p>\n","protected":false},"excerpt":{"rendered":"<p>Det finns flera digitala spr\u00e5kverktyg som stavningskontroll f\u00f6r b\u00e5de Windows och Mac, stavningskontroll mobilt tangentbord f\u00f6r b\u00e5de Android och iOS (iPhone och iPad), ordlistor, och mycket mer. Kolla in\u00a0Divvuns\u00a0sida f\u00f6r mer samisk spr\u00e5kteknik. 10\/20 b\u00e1go 299&nbsp;\/&nbsp;5&nbsp;000 I samband med samiska spr\u00e5kveckan har Sametinget i Norge skapat appen 10\/20 b\u00e1go, som kan laddas ner till b\u00e5de [&hellip;]<\/p>\n","protected":false},"author":97,"featured_media":10864,"parent":9825,"menu_order":1,"comment_status":"closed","ping_status":"closed","template":"","meta":{"_acf_changed":false,"footnotes":""},"class_list":["post-8831","page","type-page","status-publish","has-post-thumbnail","hentry"],"acf":[],"_links":{"self":[{"href":"https:\/\/giellavahkku.org\/sv\/wp-json\/wp\/v2\/pages\/8831","targetHints":{"allow":["GET"]}}],"collection":[{"href":"https:\/\/giellavahkku.org\/sv\/wp-json\/wp\/v2\/pages"}],"about":[{"href":"https:\/\/giellavahkku.org\/sv\/wp-json\/wp\/v2\/types\/page"}],"author":[{"embeddable":true,"href":"https:\/\/giellavahkku.org\/sv\/wp-json\/wp\/v2\/users\/97"}],"replies":[{"embeddable":true,"href":"https:\/\/giellavahkku.org\/sv\/wp-json\/wp\/v2\/comments?post=8831"}],"version-history":[{"count":2,"href":"https:\/\/giellavahkku.org\/sv\/wp-json\/wp\/v2\/pages\/8831\/revisions"}],"predecessor-version":[{"id":10925,"href":"https:\/\/giellavahkku.org\/sv\/wp-json\/wp\/v2\/pages\/8831\/revisions\/10925"}],"up":[{"embeddable":true,"href":"https:\/\/giellavahkku.org\/sv\/wp-json\/wp\/v2\/pages\/9825"}],"wp:featuredmedia":[{"embeddable":true,"href":"https:\/\/giellavahkku.org\/sv\/wp-json\/wp\/v2\/media\/10864"}],"wp:attachment":[{"href":"https:\/\/giellavahkku.org\/sv\/wp-json\/wp\/v2\/media?parent=8831"}],"curies":[{"name":"wp","href":"https:\/\/api.w.org\/{rel}","templated":true}]}}