{"id":9825,"date":"2025-09-27T11:29:02","date_gmt":"2025-09-27T09:29:02","guid":{"rendered":"https:\/\/giellavahkku.org\/?page_id=9825"},"modified":"2025-09-27T11:59:23","modified_gmt":"2025-09-27T09:59:23","slug":"hur-du-kan-delta","status":"publish","type":"page","link":"https:\/\/giellavahkku.org\/sv\/hur-du-kan-delta\/","title":{"rendered":"Hur du kan delta"},"content":{"rendered":"\n<div class=\"wp-block-group is-layout-constrained wp-container-core-group-is-layout-ec27dcee wp-block-group-is-layout-constrained\" style=\"margin-bottom:var(--wp--preset--spacing--72)\">\n<h1 class=\"wp-block-heading has-text-align-center has-custom-7-font-size\" style=\"text-transform:uppercase\">Hur kan du vara med?<\/h1>\n\n\n\n<p class=\"has-text-align-center has-custom-10-font-size\" style=\"font-style:normal;font-weight:500\">H\u00e4r hittar du f\u00f6rslag p\u00e5 vad du kan g\u00f6ra p\u00e5 f\u00f6rskolan, i skolan, p\u00e5 arbetsplatsen och p\u00e5 andra st\u00e4llen.<\/p>\n<\/div>\n\n\n\n<figure class=\"wp-block-image size-large\"><img loading=\"lazy\" decoding=\"async\" width=\"1024\" height=\"680\" src=\"https:\/\/giellavahkku.org\/wp-content\/uploads\/2023\/10\/manaidgarddithvit-uten-tekst-lysere-1024x680.jpg\" alt=\"\" class=\"wp-image-5763\" srcset=\"https:\/\/giellavahkku.org\/wp-content\/uploads\/2023\/10\/manaidgarddithvit-uten-tekst-lysere-1024x680.jpg 1024w, https:\/\/giellavahkku.org\/wp-content\/uploads\/2023\/10\/manaidgarddithvit-uten-tekst-lysere-300x199.jpg 300w, https:\/\/giellavahkku.org\/wp-content\/uploads\/2023\/10\/manaidgarddithvit-uten-tekst-lysere-768x510.jpg 768w, https:\/\/giellavahkku.org\/wp-content\/uploads\/2023\/10\/manaidgarddithvit-uten-tekst-lysere-1536x1020.jpg 1536w, https:\/\/giellavahkku.org\/wp-content\/uploads\/2023\/10\/manaidgarddithvit-uten-tekst-lysere.jpg 2048w\" sizes=\"auto, (max-width: 1024px) 100vw, 1024px\" \/><\/figure>\n\n\n\n<div class=\"wp-block-group alignwide is-layout-grid wp-container-core-group-is-layout-211d2e0c wp-block-group-is-layout-grid\"><a\nhref=\"https:\/\/giellavahkku.org\/sv\/om-uken\/10-tips-til-barnehager\/\"\ndata-block-name=\"gnist\/link-anything\" style=\"padding-top:var(--wp--preset--spacing--72);padding-bottom:var(--wp--preset--spacing--72);padding-left:var(--wp--preset--spacing--48);padding-right:var(--wp--preset--spacing--48);\" class=\"gc-link-anything alignwide wp-block-gnist-link-anything has-background has-blush-background-color is-layout-flow wp-block-gnist-link-anything-is-layout-flow\" aria-label=\"Go to https:\/\/giellavahkku.org\/sv\/om-uken\/10-tips-til-barnehager\/\">\n\t\n\n<h3 class=\"wp-block-heading has-text-align-center has-condensed-bold-font-family has-custom-1-font-size\" style=\"margin-top:var(--wp--preset--spacing--16);margin-bottom:var(--wp--preset--spacing--16);letter-spacing:0px;line-height:1\">F\u00f6rskolan<\/h3>\n\n<\/a>\n\n\n<a\nhref=\"https:\/\/giellavahkku.org\/sv\/om-uken\/10-tips-til-skoler\/\"\ndata-block-name=\"gnist\/link-anything\" style=\"padding-top:var(--wp--preset--spacing--72);padding-bottom:var(--wp--preset--spacing--72);padding-left:var(--wp--preset--spacing--48);padding-right:var(--wp--preset--spacing--48);\" class=\"gc-link-anything alignwide wp-block-gnist-link-anything has-background has-blush-background-color is-layout-flow wp-block-gnist-link-anything-is-layout-flow\" aria-label=\"Go to https:\/\/giellavahkku.org\/sv\/om-uken\/10-tips-til-skoler\/\">\n\t\n\n<h3 class=\"wp-block-heading has-text-align-center has-condensed-bold-font-family has-custom-1-font-size\" style=\"margin-top:var(--wp--preset--spacing--16);margin-bottom:var(--wp--preset--spacing--16);letter-spacing:0px;line-height:1\">skolor<\/h3>\n\n<\/a>\n\n\n<a\nhref=\"https:\/\/giellavahkku.org\/sv\/om-uken\/10-tips-til-bedrifter-og-institusjoner\/\"\ndata-block-name=\"gnist\/link-anything\" style=\"padding-top:var(--wp--preset--spacing--72);padding-bottom:var(--wp--preset--spacing--72);padding-left:var(--wp--preset--spacing--48);padding-right:var(--wp--preset--spacing--48);\" class=\"gc-link-anything alignwide wp-block-gnist-link-anything has-background has-blush-background-color is-layout-flow wp-block-gnist-link-anything-is-layout-flow\" aria-label=\"Go to https:\/\/giellavahkku.org\/sv\/om-uken\/10-tips-til-bedrifter-og-institusjoner\/\">\n\t\n\n<h3 class=\"wp-block-heading has-text-align-center has-condensed-bold-font-family has-custom-1-font-size\" style=\"margin-top:var(--wp--preset--spacing--16);margin-bottom:var(--wp--preset--spacing--16);letter-spacing:0px;line-height:1\">F\u00f6retag och organisationer<\/h3>\n\n<\/a>\n<\/div>\n\n\n\n<div class=\"wp-block-group alignwide has-honey-background-color has-background is-layout-flow wp-block-group-is-layout-flow\" style=\"padding-top:var(--wp--preset--spacing--72);padding-right:var(--wp--preset--spacing--72);padding-bottom:var(--wp--preset--spacing--72);padding-left:var(--wp--preset--spacing--72);font-style:normal;font-weight:500\">\n<p>Vi hoppas att du g\u00e5r med p\u00e5 alla sp\u00e4nnande saker som h\u00e4nder, oavsett om det \u00e4r genom deltagande i fysiska evenemang eller digitalt. <\/p>\n\n\n\n<p>Anv\u00e4nd samiska p\u00e5 sociala medier hela veckan, hj\u00e4lp att g\u00f6ra v\u00e5ra vackra samiska spr\u00e5k synliga. Vi uppmuntrar dig att titta p\u00e5 programmet och hitta evenemang n\u00e4ra dig. <\/p>\n\n\n\n<p>Kontakta g\u00e4rna ditt n\u00e4rmaste samiska spr\u00e5kcenter f\u00f6r att hitta aktiviteter och evenemang under veckan. Giellavahkku har en egen Facebook sida \u201c<em>Giellavahkku\/G\u00efelev\u00e5hkoe\/Giellavahkko \/Samisk spr\u00e5kuke<\/em>\u201d som vi uppmuntrar dig att f\u00f6lja f\u00f6r att se nyheter och uppdateringar runt S\u00e1pmi. Vi har ocks\u00e5 ett instagramkonto \u00ab<em>giellavahkku<\/em>\u00bb, h\u00e4r hittar du filmer, foton och uppdateringar under hela veckan.<\/p>\n<\/div>\n\n\n\n<p class=\"has-sizing-medium\"><\/p>\n\n\n\n<div class=\"wp-block-cover aligncenter is-light\"><img decoding=\"async\" class=\"wp-block-cover__image-background wp-image-995 size-full\" alt=\"10\/20 Bago skjermbilde\" src=\"https:\/\/giellavahkku.org\/wp-content\/uploads\/2021\/10\/bago.png\" data-object-fit=\"cover\"\/><span aria-hidden=\"true\" class=\"wp-block-cover__background has-background-dim\" style=\"background-color:#c3b4cc\"><\/span><div class=\"wp-block-cover__inner-container is-layout-constrained wp-block-cover-is-layout-constrained\">\n<div class=\"wp-block-buttons is-content-justification-center is-layout-flex wp-container-core-buttons-is-layout-a89b3969 wp-block-buttons-is-layout-flex\">\n<div class=\"wp-block-button\"><a class=\"wp-block-button__link wp-element-button\" href=\"https:\/\/giellavahkku.org\/sv\/sprakverktoy\/\">Spr\u00e5kverktyg<\/a><\/div>\n<\/div>\n<\/div><\/div>\n\n\n\n<p><\/p>\n","protected":false},"excerpt":{"rendered":"<p>Vi hoppas att du g\u00e5r med p\u00e5 alla sp\u00e4nnande saker som h\u00e4nder, oavsett om det \u00e4r genom deltagande i fysiska evenemang eller digitalt. Anv\u00e4nd samiska p\u00e5 sociala medier hela veckan, hj\u00e4lp att g\u00f6ra v\u00e5ra vackra samiska spr\u00e5k synliga. Vi uppmuntrar dig att titta p\u00e5 programmet och hitta evenemang n\u00e4ra dig. Kontakta g\u00e4rna ditt n\u00e4rmaste samiska [&hellip;]<\/p>\n","protected":false},"author":85,"featured_media":0,"parent":0,"menu_order":0,"comment_status":"closed","ping_status":"closed","template":"wp-custom-template-side-banner","meta":{"_acf_changed":false,"footnotes":""},"class_list":["post-9825","page","type-page","status-publish","hentry"],"acf":[],"_links":{"self":[{"href":"https:\/\/giellavahkku.org\/sv\/wp-json\/wp\/v2\/pages\/9825","targetHints":{"allow":["GET"]}}],"collection":[{"href":"https:\/\/giellavahkku.org\/sv\/wp-json\/wp\/v2\/pages"}],"about":[{"href":"https:\/\/giellavahkku.org\/sv\/wp-json\/wp\/v2\/types\/page"}],"author":[{"embeddable":true,"href":"https:\/\/giellavahkku.org\/sv\/wp-json\/wp\/v2\/users\/85"}],"replies":[{"embeddable":true,"href":"https:\/\/giellavahkku.org\/sv\/wp-json\/wp\/v2\/comments?post=9825"}],"version-history":[{"count":2,"href":"https:\/\/giellavahkku.org\/sv\/wp-json\/wp\/v2\/pages\/9825\/revisions"}],"predecessor-version":[{"id":9892,"href":"https:\/\/giellavahkku.org\/sv\/wp-json\/wp\/v2\/pages\/9825\/revisions\/9892"}],"wp:attachment":[{"href":"https:\/\/giellavahkku.org\/sv\/wp-json\/wp\/v2\/media?parent=9825"}],"curies":[{"name":"wp","href":"https:\/\/api.w.org\/{rel}","templated":true}]}}